{"id":1099,"date":"2020-03-04T09:15:02","date_gmt":"2020-03-04T08:15:02","guid":{"rendered":"http:\/\/jahs.eu\/?page_id=1099"},"modified":"2020-03-04T12:56:57","modified_gmt":"2020-03-04T11:56:57","slug":"nadomjesna-i-potpomognuta-komunikacija-u-bolnici-znanja-iskustva-i-stavovi-medicinskih-sestara","status":"publish","type":"page","link":"https:\/\/jahs.eu\/hr\/hrvatski-volume-6-number-1-march-2020\/nadomjesna-i-potpomognuta-komunikacija-u-bolnici-znanja-iskustva-i-stavovi-medicinskih-sestara\/","title":{"rendered":"Nadomjesna i potpomognuta komunikacija u bolnici \u2013 znanja, iskustva i stavovi medicinskih sestara"},"content":{"rendered":"<p><\/p>\n<p style=\"text-align: center;\"><strong>Nadomjesna i potpomognuta komunikacija u bolnici \u2013 znanja, iskustva i stavovi medicinskih sestara<\/strong><\/p>\n<p style=\"text-align: justify;\"><a href=\"http:\/\/jahs.eu\/wp-content\/uploads\/2020\/03\/013-JAHS-006.pdf\" target=\"_blank\"><img loading=\"lazy\" decoding=\"async\" class=\"alignnone wp-image-832\" src=\"http:\/\/jahs.eu\/wp-content\/uploads\/2015\/04\/jahs100pdf.png\" alt=\"\" width=\"50\" height=\"50\" \/><\/a><br \/>\n1 Lada Perkovi\u0107<br \/>\n2 Klari\u0107 Anita<br \/>\n3 Mirna Kostovi\u0107 Srzenti\u0107<\/p>\n<p style=\"text-align: justify;\">1,3 Zdravstveno veleu\u010dili\u0161te u Zagrebu<br \/>\n2 Klini\u010dka bolnica Dubrava, Zagreb<\/p>\n<p style=\"text-align: justify;\">\n<p style=\"text-align: justify;\"><strong>Sa\u017eetak<\/strong><\/p>\n<p style=\"text-align: justify;\">Nadomjesna i potpomognuta komunikacija (NPK) unaprje\u0111uje kvalitetu zdravstvene skrbi i zadovoljstvo pa-cijenata. U Hrvatskoj nedostaju istra\u017eivanja o primjeni NPK u bolnicama. Cilj ovog istra\u017eivanja je ispitati komu-nikaciju medicinskih sestara s pacijentima sa slo\u017eenim komunikacijskim potrebama te njihovu upoznatost i stavove o NPK.<\/p>\n<p style=\"text-align: justify;\">U istra\u017eivanju su sudjelovale medicinske sestre (N=121) iz jedne od najve\u0107ih hrvatskih bolnica. Anketni upitnik sastojao se od pitanja o iskustvu sudionika s pacijenti-ma sa slo\u017eenim komunikacijskim potrebama, znanju, iskustvima i edukaciji o NPK. Stavovi prema implementaciji metode komunikacijskih plo\u010da u bolnici ispitani su sa skalama tipa semanti\u010dkog diferencijala.<\/p>\n<p style=\"text-align: justify;\">Vi\u0161e od 50% sudionika u redovitim je kontaktima s pacijentima \u010dija je komunikacija naru\u0161ena zbog mo\u017edanog udara, kognitivnih i senzornih o\u0161te\u0107enja, degenerativnih bolesti, utjecaja lijekova, jake boli ili jer ne govore hrvatski. Me\u0111utim, ve\u0107ina sudionika su slabo ili nikako upoznati sa zna\u010denjem pojma NPK te ve\u0107ina nema edukaciju iz tog podru\u010dja. Ve\u0107ina medicinskih sestara koristi jednostavne metode NPK, ponajvi\u0161e za komunikaciju o pacijentovim osnovnim potrebama, dok samo mali broj koristi NPK za komunikaciju u terapijske svrhe. Najve\u0107e prepreke kori\u0161tenju NPK su nedostatak edukacije i resursa\/pomagala. Sudionici imaju pozitivne stavove prema mogu\u0107em uvo\u0111enju komunikacijskih plo\u010da u sestrinsku praksu, osobito stariji sudionici i oni s du\u017eim sta\u017eem. Rezultati ukazuju na nedostatnu upoznatost i iskustvo medicinskih sestara s NPK te veliku potrebu za edukacijom. Preporu\u010duje se uklju\u010divanje edukacije o NPK u obrazovne kurikulume na svim razinama sestrinskog obrazovanja.<\/p>\n<p>&nbsp;<\/p>\n<p style=\"text-align: justify;\">\n<strong>Klju\u010dne rije\u010di:<\/strong> nadomjesna i potpomognuta komunikacija, slo\u017eene komunikacijske potrebe, medicinske sestre, edukacija<\/p>\n<p style=\"text-align: justify;\">\n<a href=\"https:\/\/doi.org\/10.24141\/1\/6\/1\/6\">\u00a0https:\/\/doi.org\/10.24141\/1\/6\/1\/6<\/a><\/p>\n<p><\/p>","protected":false},"excerpt":{"rendered":"<p>Nadomjesna i potpomognuta komunikacija u bolnici \u2013 znanja, iskustva i stavovi medicinskih sestara 1 Lada Perkovi\u0107 2 Klari\u0107 Anita 3 Mirna Kostovi\u0107 Srzenti\u0107 1,3 Zdravstveno veleu\u010dili\u0161te u Zagrebu 2 Klini\u010dka bolnica Dubrava, Zagreb Sa\u017eetak Nadomjesna i potpomognuta komunikacija (NPK) unaprje\u0111uje kvalitetu zdravstvene skrbi i zadovoljstvo pa-cijenata. U Hrvatskoj nedostaju istra\u017eivanja o primjeni NPK u bolnicama. [&hellip;]<\/p>\n","protected":false},"author":1,"featured_media":0,"parent":1066,"menu_order":0,"comment_status":"closed","ping_status":"closed","template":"","meta":{"footnotes":""},"class_list":["post-1099","page","type-page","status-publish","hentry"],"_links":{"self":[{"href":"https:\/\/jahs.eu\/hr\/wp-json\/wp\/v2\/pages\/1099","targetHints":{"allow":["GET"]}}],"collection":[{"href":"https:\/\/jahs.eu\/hr\/wp-json\/wp\/v2\/pages"}],"about":[{"href":"https:\/\/jahs.eu\/hr\/wp-json\/wp\/v2\/types\/page"}],"author":[{"embeddable":true,"href":"https:\/\/jahs.eu\/hr\/wp-json\/wp\/v2\/users\/1"}],"replies":[{"embeddable":true,"href":"https:\/\/jahs.eu\/hr\/wp-json\/wp\/v2\/comments?post=1099"}],"version-history":[{"count":2,"href":"https:\/\/jahs.eu\/hr\/wp-json\/wp\/v2\/pages\/1099\/revisions"}],"predecessor-version":[{"id":1141,"href":"https:\/\/jahs.eu\/hr\/wp-json\/wp\/v2\/pages\/1099\/revisions\/1141"}],"up":[{"embeddable":true,"href":"https:\/\/jahs.eu\/hr\/wp-json\/wp\/v2\/pages\/1066"}],"wp:attachment":[{"href":"https:\/\/jahs.eu\/hr\/wp-json\/wp\/v2\/media?parent=1099"}],"curies":[{"name":"wp","href":"https:\/\/api.w.org\/{rel}","templated":true}]}}