{"id":1115,"date":"2020-03-04T10:02:42","date_gmt":"2020-03-04T09:02:42","guid":{"rendered":"http:\/\/jahs.eu\/?page_id=1115"},"modified":"2020-03-04T14:01:22","modified_gmt":"2020-03-04T13:01:22","slug":"sestrinska-skrb-za-bolesnika-lijecenog-vac-terapijom","status":"publish","type":"page","link":"https:\/\/jahs.eu\/hr\/hrvatski-volume-6-number-1-march-2020\/sestrinska-skrb-za-bolesnika-lijecenog-vac-terapijom\/","title":{"rendered":"Sestrinska skrb za bolesnika lije\u010denog VAC terapijom"},"content":{"rendered":"<p><\/p>\n<p style=\"text-align: center;\">\n<strong>Sestrinska skrb za bolesnika lije\u010denog VAC terapijom<\/strong><\/p>\n<p style=\"text-align: justify;\"><a href=\"http:\/\/jahs.eu\/wp-content\/uploads\/2020\/03\/013-JAHS-014.pdf\" target=\"_blank\"><img loading=\"lazy\" decoding=\"async\" class=\"alignnone wp-image-832\" src=\"http:\/\/jahs.eu\/wp-content\/uploads\/2015\/04\/jahs100pdf.png\" alt=\"\" width=\"50\" height=\"50\" \/><\/a><br \/>\n1 Klaudia Knezi\u0107<br \/>\n2 Jasmina Kru\u0161ko<br \/>\n3 Sanela Takus<br \/>\n4 Mateja Krznar<\/p>\n<p style=\"text-align: justify;\">1 Klini\u010dki bolni\u010dki centar Zagreb, Klinika za kirurgiju, Zavod za plasti\u010dnu, rekonstruktivnu i kirurgiju dojke, Zagreb, Hrvatska<br \/>\n2 Klinika za dje\u010dje bolesti Zagreb, Referentni centar za pedijatrijsku gastroenterologiju, hepatologiju i poreme\u0107aje hrane, Zagreb, Hrvatska<br \/>\n3 Lungenklinik K\u00f6ln-Merheim, Odjel za pneumologiju\/ onkologiju i torakalnu kirurgiju, Njema\u010dka<br \/>\n4 DEBRA, dru\u0161tvo oboljelih od bulozne epidermolize, Zagreb, Hrvatska<\/p>\n<p style=\"text-align: justify;\"><strong>Sa\u017eetak<\/strong><\/p>\n<p style=\"text-align: justify;\">Terapija negativnim tlakom (Vacuum Assisted Closure) je metoda lije\u010denja rana koja se prakti\u010dno primjenjuje klinikama diljem svijeta, a po\u010deci joj se naziru jo\u0161 u 1995. godini. VAC sustav osobito je u\u010dinkovit u lije\u010denju traumatskih i kroni\u010dnih rana. Uspjeh lije\u010denja VAC terapijom ovisi o nekoliko \u010dimbenika, od kojih su najzna\u010dajniji dobra kirur\u0161ka tehnika, pravilna procjena stanja bolesnika, te planiranje i pro-vo\u0111enje postupka s pozitivnom evaluacijom na kraju lije\u010denja. Postupci medicinske sestre kod postavljanja VAC aparata usmjereni su na psihofizi\u010dko stanje pacijenta, procjenu ko\u017ee prije i nakon primjene VAC terapije, procjenu okolnog tkiva, procjenu polo\u017eaja bolesnika u krevetu, procjenu i prilagodbu mikroklimatskih uvjeta te procjenu prisutnosti rizika od krvarenja. Veoma je va\u017ena edukacija bolesnika.<\/p>\n<p style=\"text-align: justify;\">Cilj \u010dlanka je opisati postupak lije\u010denja kroni\u010dne rane VAC terapijom te pobli\u017ee objasniti zada\u0107e medicinske se-stre tijekom VAC terapije. Medicinska sestra mora posjedovati specifi\u010dna znanja radi provo\u0111enja postupka, mora biti educirana u pru\u017eanju zdravstvene njege bolesniku s kroni\u010dnom ranom te podr\u0161ka i oslonac bolesniku.<\/p>\n<p style=\"text-align: justify;\">VAC metoda je siguran i uspje\u0161an na\u010din lije\u010denja, a s obzirom na to da je ekonomski povoljna za zdravstveni su-stav i bolesnike, sve je \u010de\u0161\u0107e metoda izbora u lije\u010denju bolesnika s kroni\u010dnim ranama.<\/p>\n<p style=\"text-align: justify;\">\n<strong>Klju\u010dne rije\u010di:<\/strong> VAC terapija, kroni\u010dne rane, zdravstvena njega<\/p>\n<p style=\"text-align: justify;\">\n<a href=\"https:\/\/doi.org\/10.24141\/1\/6\/1\/14\">https:\/\/doi.org\/10.24141\/1\/6\/1\/14\u00a0<\/a><\/p>\n<p><\/p>","protected":false},"excerpt":{"rendered":"<p>Sestrinska skrb za bolesnika lije\u010denog VAC terapijom 1 Klaudia Knezi\u0107 2 Jasmina Kru\u0161ko 3 Sanela Takus 4 Mateja Krznar 1 Klini\u010dki bolni\u010dki centar Zagreb, Klinika za kirurgiju, Zavod za plasti\u010dnu, rekonstruktivnu i kirurgiju dojke, Zagreb, Hrvatska 2 Klinika za dje\u010dje bolesti Zagreb, Referentni centar za pedijatrijsku gastroenterologiju, hepatologiju i poreme\u0107aje hrane, Zagreb, Hrvatska 3 Lungenklinik [&hellip;]<\/p>\n","protected":false},"author":1,"featured_media":0,"parent":1066,"menu_order":0,"comment_status":"closed","ping_status":"closed","template":"","meta":{"footnotes":""},"class_list":["post-1115","page","type-page","status-publish","hentry"],"_links":{"self":[{"href":"https:\/\/jahs.eu\/hr\/wp-json\/wp\/v2\/pages\/1115","targetHints":{"allow":["GET"]}}],"collection":[{"href":"https:\/\/jahs.eu\/hr\/wp-json\/wp\/v2\/pages"}],"about":[{"href":"https:\/\/jahs.eu\/hr\/wp-json\/wp\/v2\/types\/page"}],"author":[{"embeddable":true,"href":"https:\/\/jahs.eu\/hr\/wp-json\/wp\/v2\/users\/1"}],"replies":[{"embeddable":true,"href":"https:\/\/jahs.eu\/hr\/wp-json\/wp\/v2\/comments?post=1115"}],"version-history":[{"count":2,"href":"https:\/\/jahs.eu\/hr\/wp-json\/wp\/v2\/pages\/1115\/revisions"}],"predecessor-version":[{"id":1150,"href":"https:\/\/jahs.eu\/hr\/wp-json\/wp\/v2\/pages\/1115\/revisions\/1150"}],"up":[{"embeddable":true,"href":"https:\/\/jahs.eu\/hr\/wp-json\/wp\/v2\/pages\/1066"}],"wp:attachment":[{"href":"https:\/\/jahs.eu\/hr\/wp-json\/wp\/v2\/media?parent=1115"}],"curies":[{"name":"wp","href":"https:\/\/api.w.org\/{rel}","templated":true}]}}