{"id":1117,"date":"2020-03-04T10:16:02","date_gmt":"2020-03-04T09:16:02","guid":{"rendered":"http:\/\/jahs.eu\/?page_id=1117"},"modified":"2020-03-04T14:06:22","modified_gmt":"2020-03-04T13:06:22","slug":"zastita-osobnih-podataka","status":"publish","type":"page","link":"https:\/\/jahs.eu\/hr\/hrvatski-volume-6-number-1-march-2020\/zastita-osobnih-podataka\/","title":{"rendered":"Za\u0161tita osobnih podataka"},"content":{"rendered":"<p style=\"text-align: center;\"><strong>Za\u0161tita osobnih podataka<\/strong><\/p>\n<p style=\"text-align: justify;\"><a href=\"http:\/\/jahs.eu\/wp-content\/uploads\/2020\/03\/013-JAHS-015.pdf\" target=\"_blank\"><img loading=\"lazy\" decoding=\"async\" class=\"alignnone wp-image-832\" src=\"http:\/\/jahs.eu\/wp-content\/uploads\/2015\/04\/jahs100pdf.png\" alt=\"\" width=\"50\" height=\"50\" \/><\/a><br \/>\n1 Jasenka Surla<br \/>\n2 Ivan Markoti\u0107<br \/>\n2 Olja Vori<\/p>\n<p style=\"text-align: justify;\">1 Klini\u010dki bolni\u010dki centar Sestre milosrdnice<br \/>\n2 Zdravstveno veleu\u010dili\u0161te Zagreb<\/p>\n<p style=\"text-align: justify;\"><strong>Sa\u017eetak<\/strong><\/p>\n<p style=\"text-align: justify;\">Op\u0107a uredba o za\u0161titi podataka 2016\/679 postavila je imperativ na za\u0161titu osobnih podataka u pravnim sustavima dr\u017eava \u010dlanica Europske unije, propisuju\u0107i na\u010dela kojih su se voditelji i izvr\u0161itelji obrade du\u017eni pridr\u017eavati u obavljanju socijalnih i gospodarskih djelatnosti. Gospodarska i dru\u0161tvena integracija utjecala je na pove\u0107anje opsega razmjene osobnih podataka izme\u0111u dr\u017eava \u010dlanica i tre\u0107ih zemalja, u javnom i privatnom sektoru. U takvim okolnostima potreban je novi i ja\u010di pravni okvir koji propisuje jasna prava i obveze su-dionika dru\u0161tvenih odnosa. Pritom je va\u017eno omogu\u0107i-ti daljnje ostvarivanje potreba modernog dru\u0161tva pod uvjetom o\u010duvanja temeljnih ljudskih vrednota i za\u0161tite prava osobnosti svakog pojedinca, bez obzira na nacionalnost i boravi\u0161te. Neovisno o pravnoj osnovi obrade osobnih podataka, ispitanici uvijek zadr\u017eavaju pravo na informiranost, pristup svojim podacima, brisanje, mijenjanje i prijenos osobnih podataka te ograni\u010denje svrhe obrade. Me\u0111utim, pravo na brisanje osobnih podataka nije apsolutno pravo, ve\u0107 ga je potrebno staviti u ravnote\u017eu sa zakonskim obvezama voditelja obrade na \u010duvanje odre\u0111enih vrsta podataka.<\/p>\n<p style=\"text-align: justify;\"><strong>Klju\u010dne rije\u010di:<\/strong> osobni podatak, osjetljivi podaci, obrada, ispitanik, voditelj i izvr\u0161itelj obrade, privola, legitimni interes, javni interes, zdravstvo<\/p>\n<p style=\"text-align: justify;\"><a href=\"https:\/\/doi.org\/10.24141\/1\/6\/1\/15\">https:\/\/doi.org\/10.24141\/1\/6\/1\/15<\/a><\/p>\n","protected":false},"excerpt":{"rendered":"<p>Za\u0161tita osobnih podataka 1 Jasenka Surla 2 Ivan Markoti\u0107 2 Olja Vori 1 Klini\u010dki bolni\u010dki centar Sestre milosrdnice 2 Zdravstveno veleu\u010dili\u0161te Zagreb Sa\u017eetak Op\u0107a uredba o za\u0161titi podataka 2016\/679 postavila je imperativ na za\u0161titu osobnih podataka u pravnim sustavima dr\u017eava \u010dlanica Europske unije, propisuju\u0107i na\u010dela kojih su se voditelji i izvr\u0161itelji obrade du\u017eni pridr\u017eavati u [&hellip;]<\/p>\n","protected":false},"author":1,"featured_media":0,"parent":1066,"menu_order":0,"comment_status":"closed","ping_status":"closed","template":"","meta":{"footnotes":""},"class_list":["post-1117","page","type-page","status-publish","hentry"],"_links":{"self":[{"href":"https:\/\/jahs.eu\/hr\/wp-json\/wp\/v2\/pages\/1117","targetHints":{"allow":["GET"]}}],"collection":[{"href":"https:\/\/jahs.eu\/hr\/wp-json\/wp\/v2\/pages"}],"about":[{"href":"https:\/\/jahs.eu\/hr\/wp-json\/wp\/v2\/types\/page"}],"author":[{"embeddable":true,"href":"https:\/\/jahs.eu\/hr\/wp-json\/wp\/v2\/users\/1"}],"replies":[{"embeddable":true,"href":"https:\/\/jahs.eu\/hr\/wp-json\/wp\/v2\/comments?post=1117"}],"version-history":[{"count":3,"href":"https:\/\/jahs.eu\/hr\/wp-json\/wp\/v2\/pages\/1117\/revisions"}],"predecessor-version":[{"id":1152,"href":"https:\/\/jahs.eu\/hr\/wp-json\/wp\/v2\/pages\/1117\/revisions\/1152"}],"up":[{"embeddable":true,"href":"https:\/\/jahs.eu\/hr\/wp-json\/wp\/v2\/pages\/1066"}],"wp:attachment":[{"href":"https:\/\/jahs.eu\/hr\/wp-json\/wp\/v2\/media?parent=1117"}],"curies":[{"name":"wp","href":"https:\/\/api.w.org\/{rel}","templated":true}]}}