{"id":1232,"date":"2020-10-06T11:06:42","date_gmt":"2020-10-06T09:06:42","guid":{"rendered":"http:\/\/jahs.eu\/?page_id=1232"},"modified":"2020-10-06T11:35:43","modified_gmt":"2020-10-06T09:35:43","slug":"hrvatski-karakteristike-jakosti-kuka-gleznja-i-trupa-kod-osoba-s-patelofemoralnom-boli-razlike-medu-spolovima","status":"publish","type":"page","link":"https:\/\/jahs.eu\/hr\/hrvatski-volume-6-number-2-october-2020\/hrvatski-karakteristike-jakosti-kuka-gleznja-i-trupa-kod-osoba-s-patelofemoralnom-boli-razlike-medu-spolovima\/","title":{"rendered":"Karakteristike jakosti kuka, gle\u017enja i trupa kod osoba s patelofemoralnom boli \u2013 razlike me\u0111u spolovima"},"content":{"rendered":"<p style=\"text-align: center;\"><strong>Karakteristike jakosti kuka, gle\u017enja i trupa kod osoba s patelofemoralnom boli \u2013 razlike me\u0111u spolovima<\/strong><\/p>\n<p style=\"text-align: justify;\"><a href=\"http:\/\/jahs.eu\/wp-content\/uploads\/2020\/10\/09.pdf\" target=\"_blank\"><img loading=\"lazy\" decoding=\"async\" class=\"alignnone wp-image-832\" src=\"http:\/\/jahs.eu\/wp-content\/uploads\/2015\/04\/jahs100pdf.png\" alt=\"\" width=\"50\" height=\"50\" \/><\/a><\/p>\n<p>1 Denisa Manojlovi\u0107<br \/>\n1,2 Nejc \u0160arabon<\/p>\n<p>1 Univerza na Primorskem, Fakulteta za vede o zdravju, Izola, Slovenija 2 S2P, Znanost v prakso, d. o. o., Ljubljana, Slovenija<\/p>\n<p style=\"text-align: justify;\">\n<p style=\"text-align: justify;\"><strong>Sa\u017eetak<\/strong><\/p>\n<p><strong>Uvod<\/strong>: Patelofemoralna bol (PFB) jedna je od naju\u010desta\u00adlijih boli u podru\u010dju koljena. Smanjena jakost okolnih mi\u0161i\u0107nih skupina mo\u017ee prouzrokovati lokalne biome\u00adhani\u010dke promjene, koje posljedi\u010dno pridonose razvoju PFB-a. Cilj je na\u0161eg rada identificirati, usporediti i pro\u00adcijeniti zna\u010dajke maksimalne izometri\u010dke kontrakcije (MVIC) mi\u0161i\u0107a kuka, trupa i gle\u017enja kod \u017eena i mu\u0161kara\u00adca s PFB-om. Metode: Izveden je sustavni pregled litera\u00adture te je za daljnju analizu izabrano devet istra\u017eivanja koja su odgovarala unaprijed postavljenim kriterijima. Rezultati: Znatno ve\u0107i broj istra\u017eivanja prou\u010dava MVIC mi\u0161i\u0107a kuka u \u017eena s PFB-om nego u mu\u0161karaca s istom patologijom. Kod \u017eena su istra\u017eivanja slo\u017ena te izvje\u0161ta\u00advaju o smanjenoj jakosti abduktora, aduktora i eksten\u00adzora kuka, dok su u slu\u010daju dvaju istra\u017eivanja koja su prou\u010davala MVIC laterofleksora trupa rezultati opre\u010dni. Na\u0161im pretra\u017eivanjem nisu na\u0111ena istra\u017eivanja koje prou\u010davaju utjecaj MVIC-a gle\u017enja kod PFB-a. Zaklju\u00ad\u010dak: U oba se spola podru\u010dje kuka pokazalo potkrije\u00adpljeno znanstvenim istra\u017eivanjima te su rezultati MVIC-a gledom trenuta\u010dno dostupne literature utvr\u0111ena je dje\u00adlomi\u010dna zastupljenost MVIC-a podru\u010dja trupa kod oso\u00adba s PFB-om. Tako\u0111er, vidljiv je nedostatak znanstvenih istra\u017eivanja MVIC-a podru\u010dja gle\u017enja i stopala kako kod \u017eena tako i kod mu\u0161karaca s PFB-om.<\/p>\n<p style=\"text-align: justify;\"><strong>Klju\u010dne rije\u010di:<\/strong> patelofemoralna bol, jakost, maksimalna izo\u00admetri\u010dka kontrakcija, kuk, gle\u017eanj, trup<\/p>\n<p><a href=\"https:\/\/doi.org\/10.24141\/1\/6\/2\/9\">https:\/\/doi.org\/10.24141\/1\/6\/2\/9 <\/a><\/p>\n","protected":false},"excerpt":{"rendered":"<p>Karakteristike jakosti kuka, gle\u017enja i trupa kod osoba s patelofemoralnom boli \u2013 razlike me\u0111u spolovima 1 Denisa Manojlovi\u0107 1,2 Nejc \u0160arabon 1 Univerza na Primorskem, Fakulteta za vede o zdravju, Izola, Slovenija 2 S2P, Znanost v prakso, d. o. o., Ljubljana, Slovenija Sa\u017eetak Uvod: Patelofemoralna bol (PFB) jedna je od naju\u010desta\u00adlijih boli u podru\u010dju koljena. [&hellip;]<\/p>\n","protected":false},"author":1,"featured_media":0,"parent":1197,"menu_order":0,"comment_status":"closed","ping_status":"closed","template":"","meta":{"footnotes":""},"class_list":["post-1232","page","type-page","status-publish","hentry"],"_links":{"self":[{"href":"https:\/\/jahs.eu\/hr\/wp-json\/wp\/v2\/pages\/1232","targetHints":{"allow":["GET"]}}],"collection":[{"href":"https:\/\/jahs.eu\/hr\/wp-json\/wp\/v2\/pages"}],"about":[{"href":"https:\/\/jahs.eu\/hr\/wp-json\/wp\/v2\/types\/page"}],"author":[{"embeddable":true,"href":"https:\/\/jahs.eu\/hr\/wp-json\/wp\/v2\/users\/1"}],"replies":[{"embeddable":true,"href":"https:\/\/jahs.eu\/hr\/wp-json\/wp\/v2\/comments?post=1232"}],"version-history":[{"count":2,"href":"https:\/\/jahs.eu\/hr\/wp-json\/wp\/v2\/pages\/1232\/revisions"}],"predecessor-version":[{"id":1249,"href":"https:\/\/jahs.eu\/hr\/wp-json\/wp\/v2\/pages\/1232\/revisions\/1249"}],"up":[{"embeddable":true,"href":"https:\/\/jahs.eu\/hr\/wp-json\/wp\/v2\/pages\/1197"}],"wp:attachment":[{"href":"https:\/\/jahs.eu\/hr\/wp-json\/wp\/v2\/media?parent=1232"}],"curies":[{"name":"wp","href":"https:\/\/api.w.org\/{rel}","templated":true}]}}