{"id":1235,"date":"2020-10-06T11:09:06","date_gmt":"2020-10-06T09:09:06","guid":{"rendered":"http:\/\/jahs.eu\/?page_id=1235"},"modified":"2020-10-06T11:35:20","modified_gmt":"2020-10-06T09:35:20","slug":"hrvatski-bioloske-osnove-placebo-ucinka","status":"publish","type":"page","link":"https:\/\/jahs.eu\/hr\/hrvatski-volume-6-number-2-october-2020\/hrvatski-bioloske-osnove-placebo-ucinka\/","title":{"rendered":"Biolo\u0161ke osnove placebo-u\u010dinka"},"content":{"rendered":"<p style=\"text-align: center;\"><strong>Biolo\u0161ke osnove placebo-u\u010dinka<\/strong><\/p>\n<p style=\"text-align: justify;\"><a href=\"http:\/\/jahs.eu\/wp-content\/uploads\/2020\/10\/10.pdf\" target=\"_blank\"><img loading=\"lazy\" decoding=\"async\" class=\"alignnone wp-image-832\" src=\"http:\/\/jahs.eu\/wp-content\/uploads\/2015\/04\/jahs100pdf.png\" alt=\"\" width=\"50\" height=\"50\" \/><\/a><\/p>\n<p>1 Nikolina \u0160aravanja<br \/>\n2 Dragutin Ivanec<\/p>\n<p>1 Studij psihologije, Filozofski fakultet Sveu\u010dili\u0161ta u Mostaru<br \/>\n2 Odsjek za psihologiju, Filozofski fakultet Sveu\u010dili\u0161ta u Zagrebu<\/p>\n<p><strong>Sa\u017eetak<\/strong><\/p>\n<p>Teorijski neutralan tretman koji dovodi do pozitivnih is\u00adhoda naziva se placebo-u\u010dinak. Takav je u\u010dinak opa\u017een i dokumentiran kako u laboratorijskim tako i u klini\u010dkim istra\u017eivanjima, kod razli\u010ditih zdravstvenih simptoma i patolo\u0161kih stanja. U tradicionalnom poimanju place\u00adbo-u\u010dinka podrazumijevali su se u\u010dinci koje primarno treba metodolo\u0161ki kontrolirati kako bi se \u0161to to\u010dnije procijenio u\u010dinak teorijski utemeljenih terapijskih pri\u00adstupa. U modernijim shva\u0107anjima rije\u010d je o realnom u\u010dinku koji ima svoje opa\u017eljive psiholo\u0161ke procese i fi\u00adziolo\u0161ke mehanizme. Mo\u017ee biti samostalan ili pak dio svih drugih terapijskih postupaka. Na temelju toga, u zdravstvenom kontekstu cilj ne bi trebao biti tek kon\u00adtrolirati takav u\u010dinak, ve\u0107 ga \u0161to bolje razumjeti kako bi se eventualno mogao primjenjivati uz poznate i teorij\u00adski utemeljene zdravstvene tretmane. U ovom tekstu naglasak je na opisu biolo\u0161kih mehanizama i procesa koji pridonose placebo-u\u010dinku. Dominantno je opisano podru\u010dje placebo-u\u010dinka kod boli, ali su opisani i slu\u010da\u00adjevi placebo-u\u010dinka i kod nekih drugih patolo\u0161kih stanja gdje su istra\u017eivani biolo\u0161ki mehanizmi placeba, poput psihi\u010dkih bolesti i poreme\u0107aja te Parkinsonove bolesti. Kod svih placebo-u\u010dinaka postoji dosta indikatora da je rije\u010d o slo\u017eenom odnosu psiholo\u0161kih \u010dimbenika koji u interakciji s fiziolo\u0161kim procesima pridonose realnom pobolj\u0161anju zdravstvenih ishoda.<\/p>\n<p style=\"text-align: justify;\"><strong>Klju\u010dne rije\u010di:<\/strong> placebo-u\u010dinak, biolo\u0161ke osnove, endogeni opijati<\/p>\n<p><a href=\"https:\/\/doi.org\/10.24141\/1\/6\/2\/10\">https:\/\/doi.org\/10.24141\/1\/6\/2\/10 <\/a><\/p>\n","protected":false},"excerpt":{"rendered":"<p>Biolo\u0161ke osnove placebo-u\u010dinka 1 Nikolina \u0160aravanja 2 Dragutin Ivanec 1 Studij psihologije, Filozofski fakultet Sveu\u010dili\u0161ta u Mostaru 2 Odsjek za psihologiju, Filozofski fakultet Sveu\u010dili\u0161ta u Zagrebu Sa\u017eetak Teorijski neutralan tretman koji dovodi do pozitivnih is\u00adhoda naziva se placebo-u\u010dinak. Takav je u\u010dinak opa\u017een i dokumentiran kako u laboratorijskim tako i u klini\u010dkim istra\u017eivanjima, kod razli\u010ditih zdravstvenih [&hellip;]<\/p>\n","protected":false},"author":1,"featured_media":0,"parent":1197,"menu_order":0,"comment_status":"closed","ping_status":"closed","template":"","meta":{"footnotes":""},"class_list":["post-1235","page","type-page","status-publish","hentry"],"_links":{"self":[{"href":"https:\/\/jahs.eu\/hr\/wp-json\/wp\/v2\/pages\/1235","targetHints":{"allow":["GET"]}}],"collection":[{"href":"https:\/\/jahs.eu\/hr\/wp-json\/wp\/v2\/pages"}],"about":[{"href":"https:\/\/jahs.eu\/hr\/wp-json\/wp\/v2\/types\/page"}],"author":[{"embeddable":true,"href":"https:\/\/jahs.eu\/hr\/wp-json\/wp\/v2\/users\/1"}],"replies":[{"embeddable":true,"href":"https:\/\/jahs.eu\/hr\/wp-json\/wp\/v2\/comments?post=1235"}],"version-history":[{"count":2,"href":"https:\/\/jahs.eu\/hr\/wp-json\/wp\/v2\/pages\/1235\/revisions"}],"predecessor-version":[{"id":1248,"href":"https:\/\/jahs.eu\/hr\/wp-json\/wp\/v2\/pages\/1235\/revisions\/1248"}],"up":[{"embeddable":true,"href":"https:\/\/jahs.eu\/hr\/wp-json\/wp\/v2\/pages\/1197"}],"wp:attachment":[{"href":"https:\/\/jahs.eu\/hr\/wp-json\/wp\/v2\/media?parent=1235"}],"curies":[{"name":"wp","href":"https:\/\/api.w.org\/{rel}","templated":true}]}}