{"id":13,"date":"2015-04-02T09:32:43","date_gmt":"2015-04-02T07:32:43","guid":{"rendered":"http:\/\/jahs.eu\/?page_id=13"},"modified":"2025-12-12T13:35:54","modified_gmt":"2025-12-12T12:35:54","slug":"article-submission","status":"publish","type":"page","link":"https:\/\/jahs.eu\/hr\/article-submission\/","title":{"rendered":"Slanje radova"},"content":{"rendered":"<p><\/p>\n<p style=\"text-align: justify;\">Zainteresirani autori radove mogu poslati na e-mail adresu:<strong> <a href=\"mailto:jahs@jahs.eu\">jahs@jahs.eu<\/a><\/strong><\/p>\n<p style=\"text-align: justify;\"><strong>Upute za autore<\/strong><\/p>\n<p style=\"text-align: justify;\">Upute za autore mo\u017eete u pdf formatu preuzeti <a href=\"https:\/\/jahs.eu\/wp-content\/uploads\/2025\/12\/AUTHOR-GUIDELINES-JAHS-2025-ENG.pdf.\">ovdje<\/a>.<\/p>\n<p style=\"text-align: justify;\"><strong>\u00a0<\/strong><\/p>\n<p style=\"text-align: justify;\">Journal of Applied Health Sciences u potpunosti slijedi \u201cRecommendations for the Conduct, Reporting, Editing and Publication of Scholarly Work in Medical Journals\u201d koje je objavio International Committee of Medical Journal Editors (ICMJE) (vidi: <a href=\"http:\/\/www.icmje.org\/recommendations\">http:\/\/www.icmje.org\/recommendations<\/a>) te smjernice Committee on Publication Ethics (COPE) (<a href=\"https:\/\/publicationethics.org\/resources\/guidelines).%5B1\">https:\/\/publicationethics.org\/resources\/guidelines).[1<\/a>]<\/p>\n<p style=\"text-align: justify;\"><strong><b>OP\u0106E INFORMACIJE<\/b><\/strong><\/p>\n<p style=\"text-align: justify;\">Opseg \u010dasopisa i kriteriji objave<\/p>\n<p style=\"text-align: justify;\">Journal of Applied Health Sciences (JAHS) me\u0111unarodni je recenzirani \u010dasopis otvoren znanstvenicima iz svih podru\u010dja biomedicine i srodnih zdravstvenih profesija te objavljuje sljede\u0107e vrste radova: uvodnike, izvorne znanstvene \u010dlanke, kratka priop\u0107enja, stru\u010dne radove, pregledne radove, mini-preglede, prikaze slu\u010daja i pisma uredniku.\u200b<\/p>\n<p style=\"text-align: justify;\">Autorstvo, znanstveno pona\u0161anje i po\u0161tenje<\/p>\n<p style=\"text-align: justify;\">JAHS u potpunosti slijedi smjernice Committee on Publication Ethics (COPE).\u200b<br \/>\nPrema preporukama ICMJE-a, autorstvo se temelji na sljede\u0107a 4 kriterija:\u200b<\/p>\n<ul style=\"text-align: justify;\">\n<li>Zna\u010dajan doprinos osmi\u0161ljavanju ili dizajnu rada; ili prikupljanju, analizi ili interpretaciji podataka za rad; I\u200b<\/li>\n<li>Izrada rukopisa ili kriti\u010dka revizija rukopisa u pogledu va\u017enog intelektualnog sadr\u017eaja; I\u200b<\/li>\n<li>Kona\u010dno odobrenje verzije koja \u0107e biti objavljena; I\u200b<\/li>\n<li>Prihva\u0107anje odgovornosti za sve aspekte rada, uz osiguranje da se pitanja povezana s to\u010dno\u0161\u0107u ili integritetom bilo kojeg dijela rada prikladno istra\u017ee i razrije\u0161e.\u200b<\/li>\n<\/ul>\n<p style=\"text-align: justify;\">Svi navedeni autori trebaju zadovoljiti sva \u010detiri kriterija autorstva, a svi koji zadovoljavaju \u010detiri kriterija trebaju biti navedeni kao autori.\u200b<br \/>\nKolektivna je odgovornost autora utvrditi da sve osobe navedene kao autori ispunjavaju sva \u010detiri kriterija.\u200b<br \/>\nSvi autori moraju potpisati Obrazac potvrde autorstva (Affirmation of Authorship Form) dostupan na mre\u017enoj stranici JAHS-a te dostaviti ispunjeni obrazac zajedno s rukopisom.\u200b<\/p>\n<p style=\"text-align: justify;\">Sve se prijave prihva\u0107aju uz razumijevanje da rukopis nije bio i ne\u0107e biti objavljen drugdje, u bitnom opsegu, ni u kojem formatu. Tako\u0111er, ne smije biti eti\u010dkih dvojbi u vezi sa sadr\u017eajem ili prikupljanjem podataka. JAHS zadr\u017eava pravo zatra\u017eiti bilo koji istra\u017eiva\u010dki materijal na kojem se rad temelji.\u200b<\/p>\n<p style=\"text-align: justify;\">Ako autori zatra\u017ee uklanjanje ili dodavanje autora nakon predaje rukopisa ili nakon objave, glavni urednik \u0107e zatra\u017eiti obrazlo\u017eenje i potpisanu izjavu suglasnosti za tra\u017eenu promjenu od svih navedenih autora te od autora koji se uklanja ili dodaje.\u200b<\/p>\n<p style=\"text-align: justify;\">\u010casopis \u0107e komunicirati samo s jednim autorom za svaku predaju. Autor za korespondenciju primarno je odgovoran za komunikaciju s \u010dasopisom tijekom predaje rukopisa, recenzentskog postupka i procesa objave te u pravilu osigurava da su svi administrativni zahtjevi \u010dasopisa ispravno ispunjeni. Odgovornost je imenovanog autora za korespondenciju komunicirati sa suautorima te u svoje ime i u ime suautora preuzeti punu odgovornost za rad. Predajom rukopisa autor za korespondenciju, u svoje ime i u ime svih suautora, daje JAHS-u suglasnost za objavu imena i prezimena svih suautora, naziva i adresa institucija (afilijacija) te adrese, e-maila i broja faksa autora za korespondenciju u tiskanom i elektroni\u010dkom izdanju.\u200b<\/p>\n<p style=\"text-align: justify;\">Ako se navodi znanstvena neeti\u010dnost (scientific misconduct) ili se na drugi na\u010din pokrenu zabrinutosti o postupanju ili integritetu rada opisanog u predanim ili objavljenim \u010dlancima, glavni urednik pokrenut \u0107e odgovaraju\u0107e postupke opisane od strane COPE-a.\u200b<\/p>\n<p style=\"text-align: justify;\"><strong>Sukob interesa<\/strong><\/p>\n<p style=\"text-align: justify;\">U pogledu sukoba interesa svi autori moraju potpisati Uniform ICMJE obrazac za objavu mogu\u0107ih sukoba interesa (Uniform ICMJE Form for Disclosure of Potential Conflicts of Interest) i dostaviti ispunjeni obrazac JAHS-u zajedno s rukopisom.\u200b<br \/>\nSporazumi izme\u0111u autora i sponzora istra\u017eivanja koji ograni\u010davaju autorov pristup svim podacima istra\u017eivanja ili ograni\u010davaju mogu\u0107nost analize i interpretacije podataka te neovisne pripreme i objave rukopisa predstavljaju sukob interesa.\u200b<br \/>\nSvi recenzenti, urednici i \u010dlanovi Uredni\u010dkog odbora uklju\u010deni u proces objave moraju objaviti svaki potencijalni sukob interesa vezan uz rukopis koji trebaju recenzirati.\u200b<\/p>\n<p style=\"text-align: justify;\"><strong>Otvoreni pristup i politika autorskih prava<\/strong><\/p>\n<p style=\"text-align: justify;\">Iako je JAHS \u010dasopis tipa Diamond Open Access, autorska prava nad svim objavljenim materijalom pripadaju JAHS-u. \u010clanci s otvorenim pristupom dostupni su za \u010ditanje, preuzimanje i dijeljenje od trenutka objave prema uvjetima licence Creative Commons Attribution-NonCommercial-No Derivative (CC BY-NC-ND). Ova licenca ne dopu\u0161ta komercijalnu ponovnu uporabu niti obuhva\u0107a ponovnu uporabu ili izmjenu pojedina\u010dnih elemenata rada (poput slika, tablica itd.) u izradi izvedenih djela bez posebne dozvole JAHS-a i odgovaraju\u0107eg navo\u0111enja izvora.\u200b<\/p>\n<p style=\"text-align: justify;\">Objavljeni radovi u JAHS-u smiju se pohranjivati u institucionalne i tematske repozitorije uz navo\u0111enje poveznica na mre\u017enu stranicu \u010dasopisa i Hr\u010dak.\u200b<\/p>\n<p style=\"text-align: justify;\">Ako su slike, tablice ili drugi materijali u vlasni\u0161tvu tre\u0107e strane, autori su odgovorni za pribavljanje dopu\u0161tenja. Moraju navesti pun citat prethodne objave i prilo\u017eiti dopis nositelja autorskih prava kojim se dopu\u0161ta JAHS-u reproduciranje za\u0161ti\u0107enog materijala, ili ispunjeni obrazac dopu\u0161tenja s datumom kada je dopu\u0161tenje zatra\u017eeno i procijenjenim datumom kada se o\u010dekuje primitak dopu\u0161tenja. Sve naknade za dopu\u0161tenja koje mo\u017ee zahtijevati nositelj autorskih prava snose autori koji tra\u017ee uporabu posu\u0111enog materijala, a ne JAHS.\u200b<\/p>\n<p style=\"text-align: justify;\">JAHS autorima ne napla\u0107uje nikakvu naknadu niti recenzentima ispla\u0107uje nov\u010dane nagrade. Autor(i) ne ostvaruju tantijeme ni drugu naknadu za objavljeni rukopis.\u200b<br \/>\nSvi autori moraju potpisati obrazac Author(s) Agreement &amp; Copyright Transfer Form dostupan na mre\u017enoj stranici JAHS-a te dostaviti ispunjeni obrazac zajedno s rukopisom.\u200b<\/p>\n<p style=\"text-align: justify;\"><strong>Recenzentski postupak i otkrivanje plagijata<\/strong><\/p>\n<p style=\"text-align: justify;\">Identitet autora i recenzenata poznat je samo glavnom uredniku i vi\u0161em uredni\u010dkom timu. Svaki rukopis prolazi stru\u010dnu recenziju (dva neovisna stru\u010dnjaka iz podru\u010dja) te statisti\u010dku recenziju (po potrebi). Postupak recenzije (prije kona\u010dne odluke) obi\u010dno traje do 8 tjedana.\u200b<\/p>\n<p style=\"text-align: justify;\">Rukopisi se provjeravaju na tekstualnu sli\u010dnost te ih ru\u010dno provjerava urednik za istra\u017eiva\u010dki integritet. JAHS koristi CrossRef Similarity Check (<a href=\"https:\/\/www.crossref.org\/services\/similarity-check\/\">https:\/\/www.crossref.org\/services\/similarity-check\/<\/a>). Sa svakim rukopisom za koji se sumnja na plagijat postupa se prema COPE dijagramima postupanja (flowcharts) i ICMJE smjernicama.\u200b<\/p>\n<p style=\"text-align: justify;\"><strong>Eti\u010dki zahtjevi i eti\u010dki standardi<\/strong><\/p>\n<p style=\"text-align: justify;\">Pri izvje\u0161tavanju o pokusima na ljudima autori trebaju navesti jesu li postupci bili u skladu s eti\u010dkim standardima nadle\u017enog tijela za pokuse na ljudima (institucionalnog i nacionalnog) te s posljednjom revizijom Helsin\u0161ke deklaracije. Po potrebi JAHS mo\u017ee zatra\u017eiti presliku odobrenja institucionalnog tijela za eti\u010dko odobrenje. Tako\u0111er, posebnu pa\u017enju treba posvetiti za\u0161titi privatnosti i povjerljivosti podataka, u skladu s EU preporukom br. R (97) 5 o za\u0161titi medicinskih podataka (1997) te Uredbom (EU) 2016\/679 (Op\u0107a uredba o za\u0161titi podataka \u2013 GDPR).\u200b<\/p>\n<p style=\"text-align: justify;\">Istra\u017eivanja na \u017eivotinjskim modelima razmatrat \u0107e se samo ako se mo\u017ee pokazati jasna relevantnost za klini\u010dke znanosti. Autori trebaju navesti jesu li po\u0161tovani institucionalni i nacionalni standardi za skrb i uporabu laboratorijskih \u017eivotinja (International Association of Veterinary Editors\u2019 Consensus Author Guidelines on Animal Ethics and Welfare).\u200b<\/p>\n<p style=\"text-align: justify;\"><strong>Uredni\u010dka sloboda<\/strong><\/p>\n<p style=\"text-align: justify;\">Prema ICMJE-u i World Association of Medical Editors, uredni\u010dka sloboda zna\u010di da glavni urednik ima punu ovlast nad cjelokupnim sadr\u017eajem \u010dasopisa i nad vremenom objave tog sadr\u017eaja. Glavni urednik odluke \u0107e temeljiti na valjanosti rada i njegovoj va\u017enosti za \u010ditatelje JAHS-a.\u200b<\/p>\n<p style=\"text-align: justify;\"><strong>Odricanje od odgovornosti (Disclaimer)<\/strong><\/p>\n<p style=\"text-align: justify;\">Izdava\u010d, glavni urednik i ostali \u010dlanovi uredni\u0161tva ne mogu se smatrati odgovornima za pogre\u0161ke ili posljedice koje proizlaze iz uporabe informacija sadr\u017eanih u JAHS-u. Stavovi i mi\u0161ljenja izneseni u \u010dlancima u JAHS-u isklju\u010divo su stavovi autora, a ne University of Applied Health Sciences. Izdava\u010d, glavni urednik i ostali \u010dlanovi uredni\u0161tva odri\u010du se svake odgovornosti za ozljede osoba ili \u0161tetu na imovini koje bi proiza\u0161le iz ideja ili proizvoda navedenih u \u010dlancima u JAHS-u. Ako i kada autor otkrije zna\u010dajnu pogre\u0161ku ili neto\u010dnost u vlastitom objavljenom radu, autor je du\u017ean odmah obavijestiti urednika ili izdava\u010da \u010dasopisa i sura\u0111ivati s urednikom radi povla\u010denja ili ispravka rada.\u200b<\/p>\n<p style=\"text-align: justify;\"><strong><b>SMJERNICE ZA PRIPREMU RUKOPISA<\/b><\/strong><\/p>\n<p style=\"text-align: justify;\">Struktura rada<\/p>\n<p style=\"text-align: justify;\">Izvorni istra\u017eiva\u010dki radovi trebaju koristiti op\u0107i format znanstvenog rada, tj. trebaju biti podijeljeni u vi\u0161e cjelina: Uvod (navodi temu rada), Metode (navode kori\u0161tene metode, materijale i skupine bolesnika te omogu\u0107uju ponovljivost istra\u017eivanja), jasno prikazani Rezultati te Rasprava o istra\u017eivanju i rezultatima, uz Zaklju\u010dke. Autori informacije o formatu izvornih istra\u017eiva\u010dkih radova mogu prona\u0107i putem navedenih poveznica, kao i u knjigama i \u010dlancima objavljenim o kvalitetnom pisanju znanstvenih i istra\u017eiva\u010dkih radova. Druge vrste radova (teorijski, metodolo\u0161ki, pregledni) trebaju imati odgovaraju\u0107i format koji jasno prikazuje osnovnu ideju i slijed zaklju\u010daka, no Uredni\u010dki odbor zadr\u017eava pravo predlo\u017eiti izmjene i strukturne korekcije. Duljina rada treba biti od pet do 20 standardnih stranica (jedna standardna stranica ima 1.800 znakova s razmacima). Svi radovi trebaju imati sa\u017eetak do 250 rije\u010di, koji slijedi strukturu teksta te ukratko opisuje relevantne dijelove rada, s najva\u017enijim rezultatima i zaklju\u010dcima.\u200b<\/p>\n<p style=\"text-align: justify;\">Naslovna stranica<\/p>\n<p style=\"text-align: justify;\">Naslovna stranica treba sadr\u017eavati:\u200b<\/p>\n<ul style=\"text-align: justify;\">\n<li>Naslov rada.\u200b<\/li>\n<li>Imena autora uz eksponent (superscript) koji ozna\u010dava institucionalnu pripadnost, npr. \u00b9Ime Prezime.\u200b<\/li>\n<li>Naziv ustanove uz eksponent koji ozna\u010dava autora, npr. \u00b9Naziv ustanove.\u200b<\/li>\n<li>Sa\u017eetak do 250 rije\u010di, prema gore navedenim uputama; rije\u010d \u201cAbstract\u201d treba biti podebljana.\u200b<\/li>\n<li>Klju\u010dne rije\u010di odvojene zarezima, kao u primjeru: \u201cKeywords: keyword1, keyword2\u201d; rije\u010d \u201cKeywords\u201d treba biti podebljana.\u200b<\/li>\n<li>Ispod navesti kontakt podatke autora za korespondenciju: ime i prezime autora, e-mail, broj telefona i adresu.\u200b<\/li>\n<\/ul>\n<p style=\"text-align: justify;\">Veli\u010dina papira, margine i prored<\/p>\n<p style=\"text-align: justify;\">Veli\u010dina papira treba biti A4 (21 cm \u00d7 29,7 cm), s marginama 2,5 cm sa svih strana. Tekst \u010dlanka slijedi nakon naslovne stranice. Prvi odlomak nakon svakog naslova nema uvlaku, a svaki sljede\u0107i odlomak treba imati uvlaku 0,63 cm. Tekst treba biti s jednostrukim proredom, s jednim praznim retkom izme\u0111u odlomaka i s dva prazna retka prije svakog podnaslova.\u200b<\/p>\n<p style=\"text-align: justify;\">Stilovi fonta, poravnanje, naslovi i podnaslovi<\/p>\n<p style=\"text-align: justify;\">Preporu\u010duje se font Times New Roman veli\u010dine 12 pt. Za poravnanje sa\u017eetka i glavnog teksta treba koristiti obostrano poravnanje (\u201cjustification\u201d). Naslov, imena autora i institucija, podnaslovi i sadr\u017eaj tablica trebaju biti poravnati ulijevo. Naslovi i podnaslovi trebaju biti numerirani na sljede\u0107i na\u010din, npr. 4., 4.1., 4.1.1\u2026\u200b<\/p>\n<p style=\"text-align: justify;\">Tablice<\/p>\n<p style=\"text-align: justify;\">Tablice trebaju biti poravnate uz lijevu marginu. Svaka tablica mora imati natpis ili naslov koji po\u010dinje s \u201cTable\u201d i brojem (npr. Table 1. Number of patients with coronary disease).\u200b<br \/>\nTablice treba poslati kao zasebnu datoteku u formatu Microsoft Excel (.xls ili .xlsx) ili Microsoft Word (.doc ili .docx).\u200b<\/p>\n<p style=\"text-align: justify;\">Slike i ilustracije<\/p>\n<p style=\"text-align: justify;\">Slike, grafovi, dijagrami ili sheme moraju imati natpis ili naslov koji po\u010dinje s \u201cFigure\u201d i brojem (npr. Figure 1. The relationships of patients in the course of a ten-year period\u2026).\u200b<br \/>\nSve slike i ilustracije treba poslati kao zasebnu datoteku u .jpg ili .png formatu.\u200b<\/p>\n<p style=\"text-align: justify;\">Simboli i jednad\u017ebe<\/p>\n<p style=\"text-align: justify;\">Za simbole se preporu\u010duje standardni font \u201cSymbol\u201d, a za jednad\u017ebe Microsoft Equation Editor.\u200b<\/p>\n<p style=\"text-align: justify;\">Navo\u0111enje literature<\/p>\n<p style=\"text-align: justify;\">Reference se u \u010dlanku navode prema Vancouver stilu citiranja. Potrebno je u tekstu ozna\u010diti citirani rad eksponentnim brojem (npr. Information on referencing\u00b9).\u200b<\/p>\n<p style=\"text-align: justify;\">Hrvatski i engleski jezik<\/p>\n<p style=\"text-align: justify;\">Radovi se mogu objaviti na hrvatskom ili engleskom jeziku. Ako je \u010dlanak napisan na hrvatskom, sa\u017eetak mora biti napisan i na engleskom. Ako je \u010dlanak predan na engleskom, sa\u017eetak \u0107e se prevesti na hrvatski.\u200b<br \/>\nSa\u017eetke napisane na engleskom, zajedno s odgovaraju\u0107im naslovom na engleskom, imenima autora, nazivima institucija, klju\u010dnim rije\u010dima i kontakt podacima autora na engleskom, treba navesti nakon sa\u017eetka i naslova na hrvatskom jeziku.\u200b<br \/>\nU iznimnim slu\u010dajevima radovi se mogu objaviti na nekom od slu\u017ebenih jezika EU, uz obveznu izradu sa\u017eetka i klju\u010dnih rije\u010di i na hrvatskom i na engleskom jeziku.\u200b<\/p>\n<p style=\"text-align: justify;\">Predaja rukopisa<\/p>\n<p style=\"text-align: justify;\">Radove treba poslati na e-mail adresu <a href=\"mailto:jahs@jahs.eu\">jahs@jahs.eu<\/a> u MS Word (.doc ili .docx) formatu, a tekst mora biti popra\u0107en tablicama i\/ili slikama, kako je navedeno. Predani radovi ne smiju istodobno biti poslani na objavu ili objavljeni u nekom drugom \u010dasopisu.\u200b<br \/>\nPo\u010detni pregled svih radova uklju\u010duje tehni\u010dki pregled glavnog urednika i\/ili \u010dlanova Uredni\u010dkog odbora te procjenu aktualnosti i va\u017enosti teme, jasno\u0107e izlaganja i relevantnosti za \u010ditateljstvo.\u200b<\/p>\n<p style=\"text-align: justify;\">Literatura (detaljnija pravila)<\/p>\n<p style=\"text-align: justify;\">U tekstu rukopisa, tablicama te naslovima tablica i slika reference se pi\u0161u kao eksponentni arapski brojevi, bez zagrada, te se numeriraju uzastopno redom kojim se prvi put spominju u tekstu. U tekstu se reference navode prije to\u010dke, bez razmaka od posljednjeg slova u re\u010denici. Ako se navodi vi\u0161e od dvije uzastopne reference, treba ih odvojiti crticom.\u200b<br \/>\nNa kraju teksta rukopisa sve reference moraju biti navedene kao potpuni citati, numeri\u010dkim redom koji odgovara redoslijedu citiranja u tekstu, u posebnom odjeljku pod naslovom \u201cReferences\u201d. Naslovi \u010dasopisa trebaju biti skra\u0107eni prema stilu koji koristi MEDLINE. Autori su odgovorni za to\u010dnost referenci. Rukopisi koji ne zadovoljavaju ove specifikacije bit \u0107e vra\u0107eni na doradu.\u200b<\/p>\n<p style=\"text-align: justify;\">Patrias K. <em><i>Citing medicine: the NLM style guide for authors, editors, and publishers<\/i><\/em> [Internet]. 2nd ed. Bethesda (MD): National Library of Medicine (US); 2007 [citirano 3. o\u017eujka 2015.]. Dostupno na: <a href=\"http:\/\/www.nlm.nih.gov\/citingmedicine.\">http:\/\/www.nlm.nih.gov\/citingmedicine.<\/a>\u200b<\/p>\n<p style=\"text-align: justify;\">Zavr\u0161na napomena (upute autorima)<\/p>\n<p style=\"text-align: justify;\">Upute autorima JAHS-a u skladu su s \u201cRecommendations for the Conduct, Reporting, Editing and Publication of Scholarly Work in Medical Journals\u201d koje je objavio ICMJE. Autori trebaju slijediti upute za pripremu i predaju rukopisa, uklju\u010duju\u0107i obvezne obrasce dostupne na mre\u017enoj stranici (<a href=\"http:\/\/www.jahs.eu\">www.jahs.eu<\/a>), \u0161to \u0107e ubrzati recenzentske i postupke objave.\u200b<\/p>\n<p style=\"text-align: justify;\">\n<p><\/p>","protected":false},"excerpt":{"rendered":"<p>Zainteresirani autori radove mogu poslati na e-mail adresu: jahs@jahs.eu Upute za autore Upute za autore mo\u017eete u pdf formatu preuzeti ovdje. \u00a0 Journal of Applied Health Sciences u potpunosti slijedi \u201cRecommendations for the Conduct, Reporting, Editing and Publication of Scholarly Work in Medical Journals\u201d koje je objavio International Committee of Medical Journal Editors (ICMJE) (vidi: [&hellip;]<\/p>\n","protected":false},"author":1,"featured_media":0,"parent":0,"menu_order":0,"comment_status":"closed","ping_status":"open","template":"","meta":{"footnotes":""},"class_list":["post-13","page","type-page","status-publish","hentry"],"_links":{"self":[{"href":"https:\/\/jahs.eu\/hr\/wp-json\/wp\/v2\/pages\/13","targetHints":{"allow":["GET"]}}],"collection":[{"href":"https:\/\/jahs.eu\/hr\/wp-json\/wp\/v2\/pages"}],"about":[{"href":"https:\/\/jahs.eu\/hr\/wp-json\/wp\/v2\/types\/page"}],"author":[{"embeddable":true,"href":"https:\/\/jahs.eu\/hr\/wp-json\/wp\/v2\/users\/1"}],"replies":[{"embeddable":true,"href":"https:\/\/jahs.eu\/hr\/wp-json\/wp\/v2\/comments?post=13"}],"version-history":[{"count":62,"href":"https:\/\/jahs.eu\/hr\/wp-json\/wp\/v2\/pages\/13\/revisions"}],"predecessor-version":[{"id":1943,"href":"https:\/\/jahs.eu\/hr\/wp-json\/wp\/v2\/pages\/13\/revisions\/1943"}],"wp:attachment":[{"href":"https:\/\/jahs.eu\/hr\/wp-json\/wp\/v2\/media?parent=13"}],"curies":[{"name":"wp","href":"https:\/\/api.w.org\/{rel}","templated":true}]}}