{"id":1404,"date":"2021-04-23T08:49:36","date_gmt":"2021-04-23T06:49:36","guid":{"rendered":"https:\/\/jahs.eu\/?page_id=1404"},"modified":"2021-04-23T12:03:01","modified_gmt":"2021-04-23T10:03:01","slug":"hrvatski-iskustvo-svakodnevnog-zivljenja-ljevorukih-osoba","status":"publish","type":"page","link":"https:\/\/jahs.eu\/hr\/hrvatski-iskustvo-svakodnevnog-zivljenja-ljevorukih-osoba\/","title":{"rendered":"Iskustvo svakodnevnog \u017eivljenja ljevorukih osoba"},"content":{"rendered":"<p><\/p>\n<p style=\"text-align: center;\"><strong>Iskustvo svakodnevnog \u017eivljenja ljevorukih osoba<\/strong><\/p>\n<p style=\"text-align: justify;\"><a href=\"http:\/\/jahs.eu\/wp-content\/uploads\/2021\/04\/04.pdf\" target=\"_blank\" rel=\"noopener\"><img loading=\"lazy\" decoding=\"async\" class=\"alignnone wp-image-832\" src=\"http:\/\/jahs.eu\/wp-content\/uploads\/2015\/04\/jahs100pdf.png\" alt=\"\" width=\"50\" height=\"50\" \/><\/a><\/p>\n<p>1 Leda Ra\u010di\u0107<br \/>\n1 Andreja Bartolac<\/p>\n<p>1 Zdravstveno veleu\u010dili\u0161te, Zagreb<\/p>\n<p>&nbsp;<\/p>\n<p style=\"text-align: justify;\">Sa\u017eetak<\/p>\n<p style=\"text-align: justify;\">Lateralnost ili dominantnost jedne strane tijela posljedica je evolucijskog razvoja ljudskog govora i kompleksnih vje\u0161tina. Preferencija lijeve strane tijela javlja se u oko 10 % populacije. Osim genske predispozicije, i kulturolo\u0161ki \u010dimbenici mogu utjecati na prevalenciju ljevorukosti. Cilj je ovog rada istra\u017eiti svakodnevna iskustva ljevorukih osoba u Hrvatskoj kroz odrastanje te u odrasloj dobi, identificirati aktivnosti koje ljevoruki pojedinci ote\u017eano izvode te kako procjenjuju svoju kvalitetu \u017eivota u odnosu na ljevorukost. U istra\u017eivanju je primijenjen mje\u0161oviti istra\u017eiva\u010dki nacrt. U svrhu prikupljanja podataka 686 sudionika ispunilo je elektroni\u010dki upitnik kojim se ispituje iskustvo ljevorukih osoba pri sudjelovanju u svakodnevnim okupacijama, kori\u0161tenju razli\u010ditim priborom, alatom i na\u010dinu izvo\u0111enja okupacija te do\u017eivljena kvaliteta \u017eivota. Rezultati ukazuju na znatan socijalni pritisak kojem su sudionici bili izlo\u017eeni tijekom odrastanja (osobito o\u010dekivanje pisanja desnom rukom), kao i izazove s kojima se susre\u0107u u svakodnevnim okupacijama. Unato\u010d navedenim iskustvima, ve\u0107ina sudionika kvalitetu \u017eivota ocjenjuje visokom, \u0161to tuma\u010de osobnom prilagodbom svijetu de\u0161njaka u kojem \u017eive, no pritom nagla\u0161avaju potrebu za univerzalnim oblikovanjem uporabnih predmeta i okoline u smislu jednake pristupa\u010dnosti bez obzira na lateralizaciju.<\/p>\n<p>&nbsp;<\/p>\n<p>Klju\u010dne rije\u010di: ljevorukost, okupacijska povijest, ergonomija, kvaliteta \u017eivota<\/p>\n<p><a href=\"https:\/\/doi.org\/10.24141\/1\/7\/2\/4\">https:\/\/doi.org\/10.24141\/1\/7\/2\/4<\/a><\/p>","protected":false},"excerpt":{"rendered":"<p>Iskustvo svakodnevnog \u017eivljenja ljevorukih osoba 1 Leda Ra\u010di\u0107 1 Andreja Bartolac 1 Zdravstveno veleu\u010dili\u0161te, Zagreb &nbsp; Sa\u017eetak Lateralnost ili dominantnost jedne strane tijela posljedica je evolucijskog razvoja ljudskog govora i kompleksnih vje\u0161tina. Preferencija lijeve strane tijela javlja se u oko 10 % populacije. Osim genske predispozicije, i kulturolo\u0161ki \u010dimbenici mogu utjecati na prevalenciju ljevorukosti. Cilj [&hellip;]<\/p>\n","protected":false},"author":1,"featured_media":0,"parent":0,"menu_order":0,"comment_status":"closed","ping_status":"closed","template":"","meta":{"footnotes":""},"class_list":["post-1404","page","type-page","status-publish","hentry"],"_links":{"self":[{"href":"https:\/\/jahs.eu\/hr\/wp-json\/wp\/v2\/pages\/1404","targetHints":{"allow":["GET"]}}],"collection":[{"href":"https:\/\/jahs.eu\/hr\/wp-json\/wp\/v2\/pages"}],"about":[{"href":"https:\/\/jahs.eu\/hr\/wp-json\/wp\/v2\/types\/page"}],"author":[{"embeddable":true,"href":"https:\/\/jahs.eu\/hr\/wp-json\/wp\/v2\/users\/1"}],"replies":[{"embeddable":true,"href":"https:\/\/jahs.eu\/hr\/wp-json\/wp\/v2\/comments?post=1404"}],"version-history":[{"count":4,"href":"https:\/\/jahs.eu\/hr\/wp-json\/wp\/v2\/pages\/1404\/revisions"}],"predecessor-version":[{"id":1440,"href":"https:\/\/jahs.eu\/hr\/wp-json\/wp\/v2\/pages\/1404\/revisions\/1440"}],"wp:attachment":[{"href":"https:\/\/jahs.eu\/hr\/wp-json\/wp\/v2\/media?parent=1404"}],"curies":[{"name":"wp","href":"https:\/\/api.w.org\/{rel}","templated":true}]}}