{"id":1408,"date":"2021-04-23T08:55:30","date_gmt":"2021-04-23T06:55:30","guid":{"rendered":"https:\/\/jahs.eu\/?page_id=1408"},"modified":"2021-04-23T12:03:56","modified_gmt":"2021-04-23T10:03:56","slug":"razlike-u-stavovima-o-klimatskim-promjenama-kod-menadzera-u-turistickim-smjestajnim-objektima-razlicitih-kategorija","status":"publish","type":"page","link":"https:\/\/jahs.eu\/hr\/razlike-u-stavovima-o-klimatskim-promjenama-kod-menadzera-u-turistickim-smjestajnim-objektima-razlicitih-kategorija\/","title":{"rendered":"Razlike u stavovima o klimatskim promjenama kod menad\u017eera u turisti\u010dkim smje\u0161tajnim objektima razli\u010ditih kategorija"},"content":{"rendered":"<p><\/p>\n<p style=\"text-align: center;\"><strong>Razlike u stavovima o klimatskim promjenama kod menad\u017eera u turisti\u010dkim smje\u0161tajnim objektima razli\u010ditih kategorija<\/strong><\/p>\n<p style=\"text-align: justify;\"><a href=\"http:\/\/jahs.eu\/wp-content\/uploads\/2021\/04\/05.pdf\" target=\"_blank\" rel=\"noopener\"><img loading=\"lazy\" decoding=\"async\" class=\"alignnone wp-image-832\" src=\"http:\/\/jahs.eu\/wp-content\/uploads\/2015\/04\/jahs100pdf.png\" alt=\"\" width=\"50\" height=\"50\" \/><\/a><\/p>\n<p style=\"text-align: justify;\">1 Aleksandar Racz*<br \/>\n2 Dora Smol\u010di\u0107 Jurdana<br \/>\n1,3 Kre\u0161imir Rotim*<\/p>\n<p style=\"text-align: justify;\">1 Zdravstveno veleu\u010dili\u0161te Zagreb, Hrvatska<br \/>\n2 Fakultet za menad\u017ement u turizmu i ugostiteljstvo, Sveu\u010dili\u0161te u Rijeci, Opatija, Hrvatska<br \/>\n3 Klinika za neurokirurgiju, KBC Sestre milosrdnice, Zagreb, Hrvatska<\/p>\n<p style=\"text-align: justify;\">Sa\u017eetak<\/p>\n<p style=\"text-align: justify;\">U novije doba, vi\u0161e nego ikad ranije, klimatske su promjene globalnog karaktera i ozbiljno determiniraju razvoj i budu\u0107nost turizma u \u0161irem obuhvatu turisti\u010dkih regija i svijetu u cjelini. Klimatske promjene ne predstavljaju samo hipotetski akademski izazov za \u010dovje\u010danstvo, ve\u0107 direktno utje\u010du na sve aspekte ljudskog \u017eivota, uklju\u010duju\u0107i turizam, koji i sam postaje globalni ekolo\u0161ki problem. U ovom radu fokus interesa bio je usmjeren na istra\u017eivanje postojanja povezanosti izme\u0111u kategorije smje\u0161tajnog objekta izra\u017eene zvjezdicama s iskazanim  uvjerenjima i stavovima menad\u017eera o klimatskim promjenama i me\u0111uutjecaju klimatskih promjena i turizma. U istra\u017eivanju je postavljena hipoteza prema kojoj postoje znatne razlike u uvjerenjima i stavovima o klimatskim promjenama i me\u0111uutjecaju klimatskih promjena i turisti\u010dkog smje\u0161taja, kao i o klimatskim promjenama kao determinantama oblikovanja turisti\u010dke ponude izme\u0111u menad\u017eera u razli\u010ditim kategorijama (dvije do pet zvjezdica) turisti\u010dkih smje\u0161tajnih kapaciteta (hoteli, aparthoteli, turisti\u010dka naselja, kampovi ili marine). Stoga je<br \/>\nspecifi\u010dni cilj istra\u017eivanja bio utvrditi utje\u010du li kategorija razli\u010ditih turisti\u010dkih smje\u0161tajnih kapaciteta (hoteli, aparthoteli, turisti\u010dka naselja, kampovi ili marine) na uvjerenja i stavove menad\u017eera o pitanjima klimatskih promjena i me\u0111uutjecaju klimatskih promjena i turisti\u010dkog smje\u0161taja, kao i o klimatskim promjenama kao determinantama oblikovanja turisti\u010dke ponude. Podru\u010dje provo\u0111enja istra\u017eivanja bilo je prostorno odre\u0111eno na cijelom podru\u010dju Republike Hrvatske i na ukupnoj populaciji svih kategoriziranih turisti\u010dkih smje\u0161tajnih objekata, odnosno na 1084 kategorizirana objekta na dan 7. o\u017eujka 2019. prema kategorizaciji koju je provelo Ministarstvo turizma RH. Prikupljanje podataka bilo je provedeno metodom e-anketiranja, pri \u010demu je od ukupnog broja poslanih anketnih upitnika uredno bilo ispunjeno 283 upitnika, \u0161to je predstavljalo odaziv od 26,1 %. U skladu s postavljenom hipotezom i ciljem istra\u017eivanja dokazano je postojanje znatnih razlika u stavovima menad\u017eera koji upravljaju turisti\u010dkim smje\u0161tajnim objektima koji imaju razli\u010ditu kategorizaciju, odnosno razli\u010dit broj<br \/>\ndodijeljenih zvjezdica, i to po svim tvrdnjama o kojima su izrazili svoj stav, u sve tri komponente stava. Uvjerenja i stavovi menad\u017eera u smje\u0161tajnoj turisti\u010dkoj industriji funkcija su raznih karakteristika smje\u0161tajnog objekta, pri \u010demu sna\u017enije proekolo\u0161ke stavove i ve\u0107u razinu ekolo\u0161ke svijesti o klimatskim promjenama i me\u0111uutjecaju klimatskih promjena i turisti\u010dkog smje\u0161taja, kao i o klimatskim promjenama kao determinantama oblikovanja turisti\u010dke ponude pokazuju menad\u017eeri zaposleni u smje\u0161tajnim turisti\u010dkim kategoriziranim objektima s<br \/>\nvi\u0161om kategorijom, odnosno ve\u0107im brojem zvjezdica.<\/p>\n<p>&nbsp;<\/p>\n<p>Klju\u010dne rije\u010di: klimatske promjene, uvjerenja, stavovi, turizam, stavovi menad\u017ementa<\/p>\n<p><a href=\"https:\/\/doi.org\/10.24141\/1\/7\/2\/5\">https:\/\/doi.org\/10.24141\/1\/7\/2\/5<\/a><\/p>","protected":false},"excerpt":{"rendered":"<p>Razlike u stavovima o klimatskim promjenama kod menad\u017eera u turisti\u010dkim smje\u0161tajnim objektima razli\u010ditih kategorija 1 Aleksandar Racz* 2 Dora Smol\u010di\u0107 Jurdana 1,3 Kre\u0161imir Rotim* 1 Zdravstveno veleu\u010dili\u0161te Zagreb, Hrvatska 2 Fakultet za menad\u017ement u turizmu i ugostiteljstvo, Sveu\u010dili\u0161te u Rijeci, Opatija, Hrvatska 3 Klinika za neurokirurgiju, KBC Sestre milosrdnice, Zagreb, Hrvatska Sa\u017eetak U novije doba, [&hellip;]<\/p>\n","protected":false},"author":1,"featured_media":0,"parent":0,"menu_order":0,"comment_status":"closed","ping_status":"closed","template":"","meta":{"footnotes":""},"class_list":["post-1408","page","type-page","status-publish","hentry"],"_links":{"self":[{"href":"https:\/\/jahs.eu\/hr\/wp-json\/wp\/v2\/pages\/1408","targetHints":{"allow":["GET"]}}],"collection":[{"href":"https:\/\/jahs.eu\/hr\/wp-json\/wp\/v2\/pages"}],"about":[{"href":"https:\/\/jahs.eu\/hr\/wp-json\/wp\/v2\/types\/page"}],"author":[{"embeddable":true,"href":"https:\/\/jahs.eu\/hr\/wp-json\/wp\/v2\/users\/1"}],"replies":[{"embeddable":true,"href":"https:\/\/jahs.eu\/hr\/wp-json\/wp\/v2\/comments?post=1408"}],"version-history":[{"count":4,"href":"https:\/\/jahs.eu\/hr\/wp-json\/wp\/v2\/pages\/1408\/revisions"}],"predecessor-version":[{"id":1441,"href":"https:\/\/jahs.eu\/hr\/wp-json\/wp\/v2\/pages\/1408\/revisions\/1441"}],"wp:attachment":[{"href":"https:\/\/jahs.eu\/hr\/wp-json\/wp\/v2\/media?parent=1408"}],"curies":[{"name":"wp","href":"https:\/\/api.w.org\/{rel}","templated":true}]}}