{"id":1412,"date":"2021-04-23T09:00:14","date_gmt":"2021-04-23T07:00:14","guid":{"rendered":"https:\/\/jahs.eu\/?page_id=1412"},"modified":"2021-04-23T12:04:44","modified_gmt":"2021-04-23T10:04:44","slug":"povezanost-igracke-pozicije-na-incidenciju-ozljeda-kod-profesionalnih-kosarkasica-u-sezoni-2016-2017","status":"publish","type":"page","link":"https:\/\/jahs.eu\/hr\/povezanost-igracke-pozicije-na-incidenciju-ozljeda-kod-profesionalnih-kosarkasica-u-sezoni-2016-2017\/","title":{"rendered":"Povezanost igra\u010dke pozicije na incidenciju ozljeda kod profesionalnih ko\u0161arka\u0161ica u sezoni 2016.\/2017."},"content":{"rendered":"<p style=\"text-align: center;\"><strong>Povezanost igra\u010dke pozicije na incidenciju ozljeda kod profesionalnih ko\u0161arka\u0161ica u sezoni 2016.\/2017<\/strong><\/p>\n<p style=\"text-align: justify;\"><a href=\"http:\/\/jahs.eu\/wp-content\/uploads\/2021\/04\/06.pdf\" target=\"_blank\" rel=\"noopener\"><img loading=\"lazy\" decoding=\"async\" class=\"alignnone wp-image-832\" src=\"http:\/\/jahs.eu\/wp-content\/uploads\/2015\/04\/jahs100pdf.png\" alt=\"\" width=\"50\" height=\"50\" \/><\/a><\/p>\n<p>1 Marija Pocrnji\u0107<br \/>\n2 Ozren Ra\u0111enovi\u0107<br \/>\n2 Ivan Jurak<\/p>\n<p>1 Op\u0107a bolnica Dubrovnik<br \/>\n2 Zdravstveno veleu\u010dili\u0161te Zagreb<\/p>\n<p>&nbsp;<\/p>\n<p>Sa\u017eetak<br \/>\nBudu\u0107i da je ko\u0161arka sport s puno brzih promjena, doskoka i okreta, ozljede su njezin sastavni dio te treba staviti poseban naglasak na njihovu prevenciju. Uzroci ozljeda su razli\u010diti, mogu biti unutra\u0161nji (genski, anatomski, biomehani\u010dki, hormonalni) i vanjski (podloga, obu\u0107a), a njihov mehanizam nastanka mo\u017ee biti bez kontakta ili uz kontakt s igra\u010dicom ili podlogom. Kako bi se ozljede smanjile, va\u017enu ulogu ima fizioterapeut koji bi, kao sastavni dio svake ekipe, trebao provoditi edukaciju, prevenciju i rehabilitaciju ako se ozljeda ve\u0107 dogodila. Prema dostupnoj literaturi, prevencija bi se trebala uklopiti u program treninga i odvijati kroz minimalno tri treninga tjedno. Cilj ovog rada bio je utvrditi povezanost u\u010destalosti ozljeda s obzirom na igra\u010dku poziciju u sezoni 2016.\/2017. Za potrebe istra\u017eivanja napravljen je upitnik s devet pitanja na koja je odgovorilo 90 ko\u0161arka\u0161ica iz 12 prvoliga\u0161kih\u00a0 lubova. Nije prona\u0111ena statisti\u010dki zna\u010dajna razlika izme\u0111u ozljeda gle\u017enja, koljena i Ahilove tetive s obzirom na igra\u010dku poziciju.<\/p>\n<p>Klju\u010dne rije\u010di: \u017eenska ko\u0161arka, naj\u010de\u0161\u0107e ozljede, uzroci ozljeda, fizioterapija, prevencija<\/p>\n<p><a href=\"https:\/\/doi.org\/10.24141\/1\/7\/2\/6\">https:\/\/doi.org\/10.24141\/1\/7\/2\/6<\/a><\/p>\n","protected":false},"excerpt":{"rendered":"<p>Povezanost igra\u010dke pozicije na incidenciju ozljeda kod profesionalnih ko\u0161arka\u0161ica u sezoni 2016.\/2017 1 Marija Pocrnji\u0107 2 Ozren Ra\u0111enovi\u0107 2 Ivan Jurak 1 Op\u0107a bolnica Dubrovnik 2 Zdravstveno veleu\u010dili\u0161te Zagreb &nbsp; Sa\u017eetak Budu\u0107i da je ko\u0161arka sport s puno brzih promjena, doskoka i okreta, ozljede su njezin sastavni dio te treba staviti poseban naglasak na njihovu [&hellip;]<\/p>\n","protected":false},"author":1,"featured_media":0,"parent":0,"menu_order":0,"comment_status":"closed","ping_status":"closed","template":"","meta":{"footnotes":""},"class_list":["post-1412","page","type-page","status-publish","hentry"],"_links":{"self":[{"href":"https:\/\/jahs.eu\/hr\/wp-json\/wp\/v2\/pages\/1412","targetHints":{"allow":["GET"]}}],"collection":[{"href":"https:\/\/jahs.eu\/hr\/wp-json\/wp\/v2\/pages"}],"about":[{"href":"https:\/\/jahs.eu\/hr\/wp-json\/wp\/v2\/types\/page"}],"author":[{"embeddable":true,"href":"https:\/\/jahs.eu\/hr\/wp-json\/wp\/v2\/users\/1"}],"replies":[{"embeddable":true,"href":"https:\/\/jahs.eu\/hr\/wp-json\/wp\/v2\/comments?post=1412"}],"version-history":[{"count":3,"href":"https:\/\/jahs.eu\/hr\/wp-json\/wp\/v2\/pages\/1412\/revisions"}],"predecessor-version":[{"id":1442,"href":"https:\/\/jahs.eu\/hr\/wp-json\/wp\/v2\/pages\/1412\/revisions\/1442"}],"wp:attachment":[{"href":"https:\/\/jahs.eu\/hr\/wp-json\/wp\/v2\/media?parent=1412"}],"curies":[{"name":"wp","href":"https:\/\/api.w.org\/{rel}","templated":true}]}}