{"id":1418,"date":"2021-04-23T09:18:49","date_gmt":"2021-04-23T07:18:49","guid":{"rendered":"https:\/\/jahs.eu\/?page_id=1418"},"modified":"2021-04-23T12:06:12","modified_gmt":"2021-04-23T10:06:12","slug":"raspodjela-ostataka-pesticida-izmedu-kore-i-pulpe-narance","status":"publish","type":"page","link":"https:\/\/jahs.eu\/hr\/raspodjela-ostataka-pesticida-izmedu-kore-i-pulpe-narance\/","title":{"rendered":"Raspodjela ostataka pesticida izme\u0111u kore i pulpe naran\u010de"},"content":{"rendered":"<p><\/p>\n<p style=\"text-align: center;\"><strong>Raspodjela ostataka pesticida izme\u0111u kore i pulpe naran\u010de<\/strong><\/p>\n<p style=\"text-align: justify;\"><a href=\"http:\/\/jahs.eu\/wp-content\/uploads\/2021\/04\/08.pdf\" target=\"_blank\" rel=\"noopener\"><img loading=\"lazy\" decoding=\"async\" class=\"alignnone wp-image-832\" src=\"http:\/\/jahs.eu\/wp-content\/uploads\/2015\/04\/jahs100pdf.png\" alt=\"\" width=\"50\" height=\"50\" \/><\/a><\/p>\n<p>1 Ljubica Hrnjka\u0161<br \/>\n2 Aleksandar Racz<\/p>\n<p>1 Hrvatski zavod za javno zdravstvo, Rockefellerova 7, Zagreb, Hrvatska<br \/>\n2 Zdravstveno veleu\u010dili\u0161te Zagreb, Mlinarska 38, Zagreb, Hrvatska<\/p>\n<p>&nbsp;<\/p>\n<p>Sa\u017eetak<br \/>\nCilj rada bio je dokazati transfer ostataka pesticida s kore na pulpu ako se doka\u017ee njihova prisutnost na kori naran\u010de. U tu svrhu u radu je analizirano 48 uzoraka naran\u010di iz uvoza i doma\u0107eg porijekla u kojima su analize bile usmjerene na detekciju 88 aktivnih tvari. Rezultati su pokazali da su bile potvr\u0111ene \u010detiri aktivne tvari: imazalil, klorpirifos, tiabendazol i bifentrin, pri \u010demu je transfer aktivnih tvari dokazan na 11 uzoraka te se kretao u rasponu od 20 % do 30 %.<\/p>\n<p>Klju\u010dne rije\u010di: naran\u010da, transfer, pesticidi, imazalil, klorpirifos, tiabendazol i bifentrin<\/p>\n<p><a href=\"https:\/\/doi.org\/10.24141\/1\/7\/2\/8\">https:\/\/doi.org\/10.24141\/1\/7\/2\/8<\/a><\/p>","protected":false},"excerpt":{"rendered":"<p>Raspodjela ostataka pesticida izme\u0111u kore i pulpe naran\u010de 1 Ljubica Hrnjka\u0161 2 Aleksandar Racz 1 Hrvatski zavod za javno zdravstvo, Rockefellerova 7, Zagreb, Hrvatska 2 Zdravstveno veleu\u010dili\u0161te Zagreb, Mlinarska 38, Zagreb, Hrvatska &nbsp; Sa\u017eetak Cilj rada bio je dokazati transfer ostataka pesticida s kore na pulpu ako se doka\u017ee njihova prisutnost na kori naran\u010de. U [&hellip;]<\/p>\n","protected":false},"author":1,"featured_media":0,"parent":0,"menu_order":0,"comment_status":"closed","ping_status":"closed","template":"","meta":{"footnotes":""},"class_list":["post-1418","page","type-page","status-publish","hentry"],"_links":{"self":[{"href":"https:\/\/jahs.eu\/hr\/wp-json\/wp\/v2\/pages\/1418","targetHints":{"allow":["GET"]}}],"collection":[{"href":"https:\/\/jahs.eu\/hr\/wp-json\/wp\/v2\/pages"}],"about":[{"href":"https:\/\/jahs.eu\/hr\/wp-json\/wp\/v2\/types\/page"}],"author":[{"embeddable":true,"href":"https:\/\/jahs.eu\/hr\/wp-json\/wp\/v2\/users\/1"}],"replies":[{"embeddable":true,"href":"https:\/\/jahs.eu\/hr\/wp-json\/wp\/v2\/comments?post=1418"}],"version-history":[{"count":2,"href":"https:\/\/jahs.eu\/hr\/wp-json\/wp\/v2\/pages\/1418\/revisions"}],"predecessor-version":[{"id":1444,"href":"https:\/\/jahs.eu\/hr\/wp-json\/wp\/v2\/pages\/1418\/revisions\/1444"}],"wp:attachment":[{"href":"https:\/\/jahs.eu\/hr\/wp-json\/wp\/v2\/media?parent=1418"}],"curies":[{"name":"wp","href":"https:\/\/api.w.org\/{rel}","templated":true}]}}