{"id":1420,"date":"2021-04-23T09:23:07","date_gmt":"2021-04-23T07:23:07","guid":{"rendered":"https:\/\/jahs.eu\/?page_id=1420"},"modified":"2021-04-23T12:06:49","modified_gmt":"2021-04-23T10:06:49","slug":"promjene-u-nekim-aspektima-mentalnog-zdravlja-adolescenata-tijekom-srednje-skole","status":"publish","type":"page","link":"https:\/\/jahs.eu\/hr\/promjene-u-nekim-aspektima-mentalnog-zdravlja-adolescenata-tijekom-srednje-skole\/","title":{"rendered":"Promjene u nekim aspektima mentalnog zdravlja adolescenata tijekom srednje \u0161kole"},"content":{"rendered":"<p><\/p>\n<p style=\"text-align: center;\"><strong>Promjene u nekim aspektima mentalnog zdravlja adolescenata tijekom srednje \u0161kole<\/strong><\/p>\n<p style=\"text-align: justify;\"><a href=\"http:\/\/jahs.eu\/wp-content\/uploads\/2021\/04\/09.pdf\" target=\"_blank\" rel=\"noopener\"><img loading=\"lazy\" decoding=\"async\" class=\"alignnone wp-image-832\" src=\"http:\/\/jahs.eu\/wp-content\/uploads\/2015\/04\/jahs100pdf.png\" alt=\"\" width=\"50\" height=\"50\" \/><\/a><\/p>\n<p style=\"text-align: justify;\">1 Zlatka Kozjak Miki\u0107<\/p>\n<p style=\"text-align: justify;\">2 Zdravstveno u\u010dili\u0161te, Medvedgradska 55, Zagreb<\/p>\n<p style=\"text-align: justify;\">Sa\u017eetak<\/p>\n<p style=\"text-align: justify;\">S obzirom na rizike mentalnoga zdravlja, adolescencija pripada u kriti\u010dna \u017eivotna razdoblja, a osim \u010dimbenika iz obiteljskog konteksta, za mentalno zdravlje od velike su va\u017enosti i oni povezani sa \u0161kolskim zahtjevima. U ovome radu analizirani su podaci prikupljani od 141 polaznika zdravstvenih programa tijekom \u010detiri godine njihova srednjo\u0161kolskog obrazovanja. Prikupljani su podaci o u\u010destalosti negativnih automatskih misli povezanih sa strahom od neuspjeha i ohrabruju\u0107ih automatskih misli za vrijeme u\u010denja u ispitnim razdobljima pri kraju nastavne godine. Svrha istra\u017eivanja bila je provjeriti smjer i doprinos pozitivnih i negativnih automatskih misli u predvi\u0111anju dugoro\u010dnih emocionalnih ishoda, odnosno razine  emocionalne uznemirenosti na kraju srednje \u0161kole. Osim deskriptivne analize, u obradi rezultata primijenjena je multipla regresijska analiza. Ovisno o godini obrazovanja, oko 16 % sudionika za vrijeme u\u010denja ima iznadprosje\u010dno u\u010destale negativne automatskih misli, 13 do 18 % pozitivne automatske misli, dok 16 do 18 % sudionika ima iznadprosje\u010dnu razinu op\u0107e emocionalne uznemirenosti. Rezultati su pokazali kako u ispitnim razdobljima pri kraju nastavne godine 15 % sudionika ima iznadprosje\u010dno povi\u0161enu razinu emocionalne uznemirenosti kroz vi\u0161e godina, pa i na zavr\u0161etku srednje \u0161kole. Negativne automatske misli povezane sa strahom od neuspjeha za vrijeme u\u010denja na kraju drugog i tre\u0107eg razreda dobro predvi\u0111aju  razinu emocionalne uznemirenosti na kraju srednje \u0161kole, \u0161to upu\u0107uje na va\u017enost negativnih kognitivnih procjena za dugoro\u010dne nepovoljne emocionalne ishode. Prediktivnost pozitivnih misli u predvi\u0111anju dugoro\u010dnih emocionalnih ishoda nije potvr\u0111ena. Rezultati se komentiraju u kontekstu Lazarusove teorije stresa i suo\u010davanja te Beckova kognitivnog modela  disfunkcionalnog i neadaptivnog pona\u0161anja.<\/p>\n<p style=\"text-align: justify;\">Klju\u010dne rije\u010di: adolescenti, mentalno zdravlje, automatske misli, emocionalna uznemirenost<\/p>\n<p style=\"text-align: justify;\"><a href=\"https:\/\/doi.org\/10.24141\/1\/7\/2\/9\">https:\/\/doi.org\/10.24141\/1\/7\/2\/9<\/a><\/p>\n<p><\/p>","protected":false},"excerpt":{"rendered":"<p>Promjene u nekim aspektima mentalnog zdravlja adolescenata tijekom srednje \u0161kole 1 Zlatka Kozjak Miki\u0107 2 Zdravstveno u\u010dili\u0161te, Medvedgradska 55, Zagreb Sa\u017eetak S obzirom na rizike mentalnoga zdravlja, adolescencija pripada u kriti\u010dna \u017eivotna razdoblja, a osim \u010dimbenika iz obiteljskog konteksta, za mentalno zdravlje od velike su va\u017enosti i oni povezani sa \u0161kolskim zahtjevima. U ovome radu [&hellip;]<\/p>\n","protected":false},"author":1,"featured_media":0,"parent":0,"menu_order":0,"comment_status":"closed","ping_status":"closed","template":"","meta":{"footnotes":""},"class_list":["post-1420","page","type-page","status-publish","hentry"],"_links":{"self":[{"href":"https:\/\/jahs.eu\/hr\/wp-json\/wp\/v2\/pages\/1420","targetHints":{"allow":["GET"]}}],"collection":[{"href":"https:\/\/jahs.eu\/hr\/wp-json\/wp\/v2\/pages"}],"about":[{"href":"https:\/\/jahs.eu\/hr\/wp-json\/wp\/v2\/types\/page"}],"author":[{"embeddable":true,"href":"https:\/\/jahs.eu\/hr\/wp-json\/wp\/v2\/users\/1"}],"replies":[{"embeddable":true,"href":"https:\/\/jahs.eu\/hr\/wp-json\/wp\/v2\/comments?post=1420"}],"version-history":[{"count":3,"href":"https:\/\/jahs.eu\/hr\/wp-json\/wp\/v2\/pages\/1420\/revisions"}],"predecessor-version":[{"id":1445,"href":"https:\/\/jahs.eu\/hr\/wp-json\/wp\/v2\/pages\/1420\/revisions\/1445"}],"wp:attachment":[{"href":"https:\/\/jahs.eu\/hr\/wp-json\/wp\/v2\/media?parent=1420"}],"curies":[{"name":"wp","href":"https:\/\/api.w.org\/{rel}","templated":true}]}}