{"id":1429,"date":"2021-04-23T10:04:10","date_gmt":"2021-04-23T08:04:10","guid":{"rendered":"https:\/\/jahs.eu\/?page_id=1429"},"modified":"2021-04-23T10:12:17","modified_gmt":"2021-04-23T08:12:17","slug":"volume-7-number-2-april-2021","status":"publish","type":"page","link":"https:\/\/jahs.eu\/hr\/volume-7-number-2-april-2021\/","title":{"rendered":"Volume: 7; Number: 2; April 2021"},"content":{"rendered":"<p><\/p>\n<h3><strong>Volume: 7; Number: 2; April 2021<\/strong><\/h3>\n<p><a href=\"http:\/\/jahs.eu\/wp-content\/uploads\/2021\/04\/JAHS14.pdf\" target=\"_blank\" rel=\"noopener\"><img loading=\"lazy\" decoding=\"async\" class=\"alignnone wp-image-832\" src=\"http:\/\/jahs.eu\/wp-content\/uploads\/2015\/04\/jahs100pdf.png\" alt=\"\" width=\"50\" height=\"50\" \/><\/a><\/p>\n<ul>\n<li><strong> KRE\u0160IMIR ROTIM, BRUNO SPLAVSKI, FILIP VRBAN, ANTE ROTIM<br \/>\n<\/strong><\/li>\n<\/ul>\n<p><a href=\"https:\/\/jahs.eu\/strategies-for-the-prevention-of-complications-in-brain-glioma-surgery-a-case-series-analysis\/\" target=\"_blank\" rel=\"noopener\">Strategies for the Prevention of Complications in Brain Glioma Surgery: A Case Series Analysis<\/a><br \/>\n<a href=\"https:\/\/jahs.eu\/strategies-for-the-prevention-of-complications-in-brain-glioma-surgery-a-case-series-analysis\/\" target=\"_blank\" rel=\"noopener\">Strategije u prevenciji komplikacija kirur\u0161kog lije\u010denja gliomskih tumora mozga:Analiza skupine slu\u010dajeva<\/a><\/p>\n<ul>\n<li><strong>PARACINO R., MANCINI F., LATTANZI S., DOBRAN M.<\/strong><\/li>\n<\/ul>\n<p><a href=\"https:\/\/jahs.eu\/risk-factors-and-post-operative-predictors-for-recurrent-lumbar-disc-herniation-a-long-term-follow-up-study\/\" target=\"_blank\" rel=\"noopener\">Risk Factors and Post-Operative Predictors for Recurrent Lumbar Disc Herniation: A Long-term Follow-up Study<\/a><br \/>\n<a href=\"https:\/\/jahs.eu\/risk-factors-and-post-operative-predictors-for-recurrent-lumbar-disc-herniation-a-long-term-follow-up-study\/\" target=\"_blank\" rel=\"noopener\">\u010cimbenici rizika i poslijeoperacijski prediktori za ponavljaju\u0107u herniju lumbalnog diska: Dugoro\u010dno pra\u0107enje<\/a><\/p>\n<ul>\n<li><strong>CARNOT N NTAFAM, NWOBI IVOR, DAVID OTOHINOYI, OKIKIADE ADEDEJI, JOSEPH DIMAS<\/strong><\/li>\n<\/ul>\n<p><a href=\"https:\/\/jahs.eu\/hrvatski-sonographic-assessment-of-the-fetal-heart-circumference-as-a-predictor-of-the-gestational-age\/\" target=\"_blank\" rel=\"noopener\">Sonographic Assessment of the Fetal Heart Circumference as a Predictor of the Gestational Age<\/a><br \/>\n<a href=\"https:\/\/jahs.eu\/hrvatski-sonographic-assessment-of-the-fetal-heart-circumference-as-a-predictor-of-the-gestational-age\/\" target=\"_blank\" rel=\"noopener\">Ultrazvu\u010dna procjena cirkumferencije fetalnog srca kao prediktor gestacijske dobi<\/a><\/p>\n<ul>\n<li><strong>LEDA RA\u010cI\u0106, ANDREJA BARTOLAC<\/strong><\/li>\n<\/ul>\n<p><a href=\"https:\/\/jahs.eu\/hrvatski-iskustvo-svakodnevnog-zivljenja-ljevorukih-osoba\/\" target=\"_blank\" rel=\"noopener\">Iskustvo svakodnevnog \u017eivljenja ljevorukih osoba<\/a><br \/>\n<a href=\"https:\/\/jahs.eu\/hrvatski-iskustvo-svakodnevnog-zivljenja-ljevorukih-osoba\/\" target=\"_blank\" rel=\"noopener\">Daily Life Experience of Left-handed Persons<\/a><\/p>\n<ul>\n<li><strong>ALEKSANDAR RACZ, DORA SMOL\u010cI\u0106 JURDANA, KRE\u0160IMIR ROTIM<\/strong><\/li>\n<\/ul>\n<p><a href=\"https:\/\/jahs.eu\/razlike-u-stavovima-o-klimatskim-promjenama-kod-menadzera-u-turistickim-smjestajnim-objektima-razlicitih-kategorija\/\" target=\"_blank\" rel=\"noopener\">Razlike u stavovima o klimatskim promjenama kod menad\u017eera u turisti\u010dkim smje\u0161tajnim objektima razli\u010ditih kategorija<\/a><br \/>\n<a href=\"https:\/\/jahs.eu\/razlike-u-stavovima-o-klimatskim-promjenama-kod-menadzera-u-turistickim-smjestajnim-objektima-razlicitih-kategorija\/\" target=\"_blank\" rel=\"noopener\">Differences in Attitudes about Climate Change among Managers in Tourist Accommodation Facilities of Different Categories<\/a><\/p>\n<ul>\n<li><strong>MARIJA POCRNJI\u0106, OZREN RA\u0110ENOVI\u0106, IVAN JURAK<\/strong><\/li>\n<\/ul>\n<p><a href=\"https:\/\/jahs.eu\/povezanost-igracke-pozicije-na-incidenciju-ozljeda-kod-profesionalnih-kosarkasica-u-sezoni-2016-2017\/\" target=\"_blank\" rel=\"noopener\">Povezanost igra\u010dke pozicije na incidenciju ozljeda kod profesionalnih ko\u0161arka\u0161ica u sezoni 2016.\/2017<\/a><br \/>\n<a href=\"https:\/\/jahs.eu\/povezanost-igracke-pozicije-na-incidenciju-ozljeda-kod-profesionalnih-kosarkasica-u-sezoni-2016-2017\/\" target=\"_blank\" rel=\"noopener\">Correlation between the Player Position and the Incidence of Injuries in Female Professional Basketball Players in the 2016\/2017 Season<\/a><\/p>\n<ul>\n<li><strong>DORA JURI\u010cKI, OLIVERA PETRAK, SNJE\u017dANA SCHUSTER<\/strong><\/li>\n<\/ul>\n<p><a href=\"https:\/\/jahs.eu\/misljenje-studenata-i-prvostupnika-fizioterapije-o-teorijskoj-i-prakticnoj-nastavi\/\" target=\"_blank\" rel=\"noopener\">Mi\u0161ljenje studenata i prvostupnika fizioterapije o teorijskoj i prakti\u010dnoj nastavi <\/a><br \/>\n<a href=\"https:\/\/jahs.eu\/misljenje-studenata-i-prvostupnika-fizioterapije-o-teorijskoj-i-prakticnoj-nastavi\/\" target=\"_blank\" rel=\"noopener\">Opinions of Students and Bachelors of Physiotherapy on Theoretical and Practical Teaching<\/a><\/p>\n<ul>\n<li><strong>LJUBICA HRNJKA\u0160, ALEKSANDAR RACZ<\/strong><\/li>\n<\/ul>\n<p><a href=\"https:\/\/jahs.eu\/raspodjela-ostataka-pesticida-izmedu-kore-i-pulpe-narance\/\" target=\"_blank\" rel=\"noopener\">Raspodjela ostataka pesticida izme\u0111u kore i pulpe naran\u010de<\/a><br \/>\n<a href=\"https:\/\/jahs.eu\/raspodjela-ostataka-pesticida-izmedu-kore-i-pulpe-narance\/\" target=\"_blank\" rel=\"noopener\">Distribution of Pesticide Residues between Orange Peel and Pulp<\/a><\/p>\n<ul>\n<li><strong>ZLATKA KOZJAK MIKI\u0106<\/strong><\/li>\n<\/ul>\n<p><a href=\"https:\/\/jahs.eu\/promjene-u-nekim-aspektima-mentalnog-zdravlja-adolescenata-tijekom-srednje-skole\/\" target=\"_blank\" rel=\"noopener\">Promjene u nekim aspektima mentalnog zdravlja adolescenata tijekom srednje \u0161kole<\/a><br \/>\n<a href=\"https:\/\/jahs.eu\/promjene-u-nekim-aspektima-mentalnog-zdravlja-adolescenata-tijekom-srednje-skole\/\" target=\"_blank\" rel=\"noopener\">Changes in Certain Aspects of Adolescent Mental Health during High School<\/a><\/p>\n<ul>\n<li><strong>LIDIJA \u0160OHER, INES BANJARI<\/strong><\/li>\n<\/ul>\n<p><a href=\"https:\/\/jahs.eu\/public-health-perspective-on-magnesium\/\" target=\"_blank\" rel=\"noopener\">Public Health Perspective on Magnesium<\/a><br \/>\n<a href=\"https:\/\/jahs.eu\/public-health-perspective-on-magnesium\/\" target=\"_blank\" rel=\"noopener\">Magnezij iz perspektive javnog zdravstva<\/a><\/p>","protected":false},"excerpt":{"rendered":"<p>Volume: 7; Number: 2; April 2021 KRE\u0160IMIR ROTIM, BRUNO SPLAVSKI, FILIP VRBAN, ANTE ROTIM Strategies for the Prevention of Complications in Brain Glioma Surgery: A Case Series Analysis Strategije u prevenciji komplikacija kirur\u0161kog lije\u010denja gliomskih tumora mozga:Analiza skupine slu\u010dajeva PARACINO R., MANCINI F., LATTANZI S., DOBRAN M. Risk Factors and Post-Operative Predictors for Recurrent Lumbar [&hellip;]<\/p>\n","protected":false},"author":1,"featured_media":0,"parent":0,"menu_order":0,"comment_status":"closed","ping_status":"closed","template":"","meta":{"footnotes":""},"class_list":["post-1429","page","type-page","status-publish","hentry"],"_links":{"self":[{"href":"https:\/\/jahs.eu\/hr\/wp-json\/wp\/v2\/pages\/1429","targetHints":{"allow":["GET"]}}],"collection":[{"href":"https:\/\/jahs.eu\/hr\/wp-json\/wp\/v2\/pages"}],"about":[{"href":"https:\/\/jahs.eu\/hr\/wp-json\/wp\/v2\/types\/page"}],"author":[{"embeddable":true,"href":"https:\/\/jahs.eu\/hr\/wp-json\/wp\/v2\/users\/1"}],"replies":[{"embeddable":true,"href":"https:\/\/jahs.eu\/hr\/wp-json\/wp\/v2\/comments?post=1429"}],"version-history":[{"count":4,"href":"https:\/\/jahs.eu\/hr\/wp-json\/wp\/v2\/pages\/1429\/revisions"}],"predecessor-version":[{"id":1433,"href":"https:\/\/jahs.eu\/hr\/wp-json\/wp\/v2\/pages\/1429\/revisions\/1433"}],"wp:attachment":[{"href":"https:\/\/jahs.eu\/hr\/wp-json\/wp\/v2\/media?parent=1429"}],"curies":[{"name":"wp","href":"https:\/\/api.w.org\/{rel}","templated":true}]}}