{"id":1481,"date":"2022-02-03T14:35:46","date_gmt":"2022-02-03T13:35:46","guid":{"rendered":"https:\/\/jahs.eu\/?page_id=1481"},"modified":"2022-02-03T15:18:44","modified_gmt":"2022-02-03T14:18:44","slug":"the-effect-of-lifestyle-on-primary-dysmenorrhea","status":"publish","type":"page","link":"https:\/\/jahs.eu\/hr\/the-effect-of-lifestyle-on-primary-dysmenorrhea\/","title":{"rendered":"The Effect of Lifestyle on Primary Dysmenorrhea"},"content":{"rendered":"<p style=\"text-align: center;\"><strong>The Effect of Lifestyle on Primary Dysmenorrhea<\/strong><\/p>\n<p style=\"text-align: justify;\"><a href=\"https:\/\/jahs.eu\/wp-content\/uploads\/2022\/02\/05.pdf\" target=\"_blank\" rel=\"noopener\"><img loading=\"lazy\" decoding=\"async\" class=\"alignnone wp-image-832\" src=\"http:\/\/jahs.eu\/wp-content\/uploads\/2015\/04\/jahs100pdf.png\" alt=\"\" width=\"50\" height=\"50\" \/><\/a><\/p>\n<p style=\"text-align: justify;\">1 Monika Fin\u017egar<br \/>\n2 Raja Dahmane Go\u0161nak<br \/>\n3 Borut Polj\u0161ak<br \/>\n4 Andrej Starc<\/p>\n<p style=\"text-align: justify;\">1 Faculty of Health Sciences, University of Ljubljana<br \/>\n2 Faculty of Health Sciences, University of Ljubljana, Department of Biomedicine in Health Care<br \/>\n3 Faculty of Health Sciences, University of Ljubljana, Laboratory for Oxidative Stress Research<br \/>\n4 Faculty of Health Sciences, Department of Public Health, Slovenia, University of Ljubljana<\/p>\n<p>&nbsp;<\/p>\n<p style=\"text-align: justify;\">Abstract<\/p>\n<p style=\"text-align: justify;\">Introduction: Dysmenorrhea, also known as painful periods, is a common gynaecological diagnosis faced by most women of fertile age. Dysmenorrhea is still a misunderstood condition\u00a0 and most women accept it as a normal part of their menstrual cycle. The pain has a strong impact on well-being and can severely affect quality of life.<\/p>\n<p style=\"text-align: justify;\">Methods: An online questionnaire was administered to female subjects between May and July 2020. Shapiro-Wilk, Mann-Whitney and Kruskal-Wallis tests were used, non-paramedical\u00a0 statistical analyses using Spearman correlation coefficient. Statistical significance was set at p 0.05.<\/p>\n<p style=\"text-align: justify;\">Results: The sample consisted of 774 women. It can be seen that the respondents who have already given birth have statistically significantly less menstrual pain (MR = 270.36; VR = 67859.50) than the respondents who have not given birth (MR = 402.06; VR = 184545.50). On average, respondents who experience orgasm less than 1x\/week (MR = 346.93) have the\u00a0 least menstrual pain, and respondents who experience orgasm daily or 4-6x\/ week have the most menstrual pain (MR = 427.18). Respondents who go to bed at 1am or later have the\u00a0 highest mean pain response score (MR = 433.65) and the lowest among those who go to bed before 10pm (MR = 346.30). The highest mean menstrual pain response score is among\u00a0 respondents who have negative attitude towards menstruation (MR = 557.54) and the lowest is among respondents who have neutral attitude (MR = 268.82).<\/p>\n<p style=\"text-align: justify;\">Conclusions: The results confirm statistically significant relationships between sleep, sexuality, stress, menstrual perception and menstrual pain.<\/p>\n<p style=\"text-align: justify;\">Keywords: menstrual pain, lifestyle, dysmenorrhea, lifestyle factors.<\/p>\n<p><a href=\"https:\/\/doi.org\/10.24141\/1\/8\/1\/5\">https:\/\/doi.org\/10.24141\/1\/8\/1\/5<\/a><\/p>\n","protected":false},"excerpt":{"rendered":"<p>The Effect of Lifestyle on Primary Dysmenorrhea 1 Monika Fin\u017egar 2 Raja Dahmane Go\u0161nak 3 Borut Polj\u0161ak 4 Andrej Starc 1 Faculty of Health Sciences, University of Ljubljana 2 Faculty of Health Sciences, University of Ljubljana, Department of Biomedicine in Health Care 3 Faculty of Health Sciences, University of Ljubljana, Laboratory for Oxidative Stress Research [&hellip;]<\/p>\n","protected":false},"author":1,"featured_media":0,"parent":0,"menu_order":0,"comment_status":"closed","ping_status":"closed","template":"","meta":{"footnotes":""},"class_list":["post-1481","page","type-page","status-publish","hentry"],"_links":{"self":[{"href":"https:\/\/jahs.eu\/hr\/wp-json\/wp\/v2\/pages\/1481","targetHints":{"allow":["GET"]}}],"collection":[{"href":"https:\/\/jahs.eu\/hr\/wp-json\/wp\/v2\/pages"}],"about":[{"href":"https:\/\/jahs.eu\/hr\/wp-json\/wp\/v2\/types\/page"}],"author":[{"embeddable":true,"href":"https:\/\/jahs.eu\/hr\/wp-json\/wp\/v2\/users\/1"}],"replies":[{"embeddable":true,"href":"https:\/\/jahs.eu\/hr\/wp-json\/wp\/v2\/comments?post=1481"}],"version-history":[{"count":4,"href":"https:\/\/jahs.eu\/hr\/wp-json\/wp\/v2\/pages\/1481\/revisions"}],"predecessor-version":[{"id":1514,"href":"https:\/\/jahs.eu\/hr\/wp-json\/wp\/v2\/pages\/1481\/revisions\/1514"}],"wp:attachment":[{"href":"https:\/\/jahs.eu\/hr\/wp-json\/wp\/v2\/media?parent=1481"}],"curies":[{"name":"wp","href":"https:\/\/api.w.org\/{rel}","templated":true}]}}