{"id":1497,"date":"2022-02-03T14:54:16","date_gmt":"2022-02-03T13:54:16","guid":{"rendered":"https:\/\/jahs.eu\/?page_id=1497"},"modified":"2022-02-03T14:54:16","modified_gmt":"2022-02-03T13:54:16","slug":"navike-znanje-i-stavovi-o-spolnosti-adolescenata-brodsko-posavske-zupanije","status":"publish","type":"page","link":"https:\/\/jahs.eu\/hr\/navike-znanje-i-stavovi-o-spolnosti-adolescenata-brodsko-posavske-zupanije\/","title":{"rendered":"Navike, znanje i stavovi o spolnosti adolescenata Brodsko-posavske \u017eupanije"},"content":{"rendered":"<p style=\"text-align: center;\"><strong>Navike, znanje i stavovi o spolnosti adolescenata Brodsko-posavske \u017eupanije<\/strong><\/p>\n<p style=\"text-align: justify;\"><a href=\"https:\/\/jahs.eu\/wp-content\/uploads\/2022\/02\/09.pdf\" target=\"_blank\" rel=\"noopener\"><img loading=\"lazy\" decoding=\"async\" class=\"alignnone wp-image-832\" src=\"http:\/\/jahs.eu\/wp-content\/uploads\/2015\/04\/jahs100pdf.png\" alt=\"\" width=\"50\" height=\"50\" \/><\/a><\/p>\n<p style=\"text-align: justify;\">1,2 Valentina Kopor\u010di\u0107<br \/>\n2,3 \u017deljko Jovanovi\u0107<\/p>\n<p style=\"text-align: justify;\">\n1 Op\u0107a bolnica Pula<br \/>\n2 Sveu\u010dili\u0161te Jurja Dobrile u Puli, Medicinski fakultet, studij sestrinstva<br \/>\n3 Sveu\u010dili\u0161te u Rijeci, Fakultet zdravstvenih studija<\/p>\n<p style=\"text-align: justify;\">\n<p style=\"text-align: justify;\">Sa\u017eetak<\/p>\n<p style=\"text-align: justify;\">Cilj rada: Adolescencija je razvojna faza tijekom koje pojedinci po\u010dinju u\u010dvr\u0161\u0107ivati osje\u0107aj identiteta, obilje\u017een autonomnim funkcioniranjem koje \u0107e dovesti do neovisnog \u017eivota uz odr\u017eavanje sigurnih veza s obitelji, vr\u0161njacima i \u0161irom zajednicom te spolnog sazrijevanja. Cilj je ovog rada ispitati i usporediti znanje, stavove i navike o spolnosti adolescenata te utvrditi postoje li razlike izme\u0111u u\u010denika medicinske \u0161kole i gimnazije.<\/p>\n<p style=\"text-align: justify;\">Metode rada: Analiza je provedena anonimnim anketnim upitnikom od 27 pitanja op\u0107eg karaktera te pitanjima navika, pona\u0161anja, znanja i stavova povezanih sa spolno\u0161\u0107u. U istra\u017eivanje su uklju\u010deni u\u010denici Srednje medicinske \u0161kole i Gimnazije \u201eMatija Mesi\u0107\u201d u Slavonskom Brodu u dobi od 17 do 20 godina. Sudjelovalo je 100 u\u010denika; od toga ukupno 72 djevojke i 28 mladi\u0107a.<\/p>\n<p style=\"text-align: justify;\">Rezultati: Dobiveni podaci pokazuju da je 59 % anketiranih stupilo u spolni odnos. Tek 17 % ispitanika pokazalo je visoku razinu znanja koje se odnosi na spolnost i prevenciju rizi\u010dnih pona\u0161anja. Ve\u0107ina ispitanika (65 %) smatra da bi besplatni kontraceptivi smanjili broj ne\u017eeljenih trudno\u0107a i spolno prenosivih bolesti, dok gotovo svi (91 %) smatraju da je zdravstveni odgoj potreban u \u0161kolama.<\/p>\n<p style=\"text-align: justify;\">Zaklju\u010dak: Ve\u0107ina ispitanika stupila je u spolne odnose, \u010de\u0161\u0107e oni iz medicinske \u0161kole, a naj\u010de\u0161\u0107i je razlog prvog stupanja u spolni odnos ljubav. Gotovo svi ispitanici upotrebljavaju kontracepciju. Znanje ispitanika o spolnosti, posebno gimnazijalaca, na nezadovoljavaju\u0107oj je razini. Ispitanice imaju znatno jasnije stavove protiv abortusa od mu\u0161kih ispitanika. Ve\u0107ina ispitanika \u017eeli zdravstveni odgoj u \u0161kolama.<\/p>\n<p style=\"text-align: justify;\">Klju\u010dne rije\u010di: adolescenti, navike, znanja, stavovi, spolnost<\/p>\n<p><a href=\"https:\/\/doi.org\/10.24141\/1\/8\/1\/9\">https:\/\/doi.org\/10.24141\/1\/8\/1\/9<\/a><\/p>\n","protected":false},"excerpt":{"rendered":"<p>Navike, znanje i stavovi o spolnosti adolescenata Brodsko-posavske \u017eupanije 1,2 Valentina Kopor\u010di\u0107 2,3 \u017deljko Jovanovi\u0107 1 Op\u0107a bolnica Pula 2 Sveu\u010dili\u0161te Jurja Dobrile u Puli, Medicinski fakultet, studij sestrinstva 3 Sveu\u010dili\u0161te u Rijeci, Fakultet zdravstvenih studija Sa\u017eetak Cilj rada: Adolescencija je razvojna faza tijekom koje pojedinci po\u010dinju u\u010dvr\u0161\u0107ivati osje\u0107aj identiteta, obilje\u017een autonomnim funkcioniranjem koje \u0107e [&hellip;]<\/p>\n","protected":false},"author":1,"featured_media":0,"parent":0,"menu_order":0,"comment_status":"closed","ping_status":"closed","template":"","meta":{"footnotes":""},"class_list":["post-1497","page","type-page","status-publish","hentry"],"_links":{"self":[{"href":"https:\/\/jahs.eu\/hr\/wp-json\/wp\/v2\/pages\/1497","targetHints":{"allow":["GET"]}}],"collection":[{"href":"https:\/\/jahs.eu\/hr\/wp-json\/wp\/v2\/pages"}],"about":[{"href":"https:\/\/jahs.eu\/hr\/wp-json\/wp\/v2\/types\/page"}],"author":[{"embeddable":true,"href":"https:\/\/jahs.eu\/hr\/wp-json\/wp\/v2\/users\/1"}],"replies":[{"embeddable":true,"href":"https:\/\/jahs.eu\/hr\/wp-json\/wp\/v2\/comments?post=1497"}],"version-history":[{"count":1,"href":"https:\/\/jahs.eu\/hr\/wp-json\/wp\/v2\/pages\/1497\/revisions"}],"predecessor-version":[{"id":1498,"href":"https:\/\/jahs.eu\/hr\/wp-json\/wp\/v2\/pages\/1497\/revisions\/1498"}],"wp:attachment":[{"href":"https:\/\/jahs.eu\/hr\/wp-json\/wp\/v2\/media?parent=1497"}],"curies":[{"name":"wp","href":"https:\/\/api.w.org\/{rel}","templated":true}]}}