{"id":1499,"date":"2022-02-03T14:57:27","date_gmt":"2022-02-03T13:57:27","guid":{"rendered":"https:\/\/jahs.eu\/?page_id=1499"},"modified":"2022-02-03T14:57:27","modified_gmt":"2022-02-03T13:57:27","slug":"fizioterapeutske-kompetencije-u-procesu-rehabilitacije-kardiovaskularnih-bolesnika","status":"publish","type":"page","link":"https:\/\/jahs.eu\/hr\/fizioterapeutske-kompetencije-u-procesu-rehabilitacije-kardiovaskularnih-bolesnika\/","title":{"rendered":"Fizioterapeutske kompetencije u procesu rehabilitacije kardiovaskularnih bolesnika"},"content":{"rendered":"<p style=\"text-align: center;\"><strong>Fizioterapeutske kompetencije u procesu rehabilitacije kardiovaskularnih bolesnika<\/strong><\/p>\n<p style=\"text-align: justify;\"><a href=\"https:\/\/jahs.eu\/wp-content\/uploads\/2022\/02\/10.pdf\" target=\"_blank\" rel=\"noopener\"><img loading=\"lazy\" decoding=\"async\" class=\"alignnone wp-image-832\" src=\"http:\/\/jahs.eu\/wp-content\/uploads\/2015\/04\/jahs100pdf.png\" alt=\"\" width=\"50\" height=\"50\" \/><\/a><\/p>\n<p style=\"text-align: justify;\">1 Jadranka Paun Juda\u0161<br \/>\n1,2,3 Nenad Laku\u0161i\u0107<\/p>\n<p style=\"text-align: justify;\">\n1 Odjel za rehabilitaciju kardiolo\u0161kih bolesnika, Specijalna bolnica za medicinsku rehabilitaciju Krapinske Toplice<br \/>\n2 Medicinski fakultet Sveu\u010dili\u0161ta J. J. Strossmayera u Osijeku<br \/>\n3 Fakultet za dentalnu medicinu i zdravstvo Sveu\u010dili\u0161ta J. J. Strossmayera u Osijeku<\/p>\n<p style=\"text-align: justify;\">\n<p style=\"text-align: justify;\">Sa\u017eetak<\/p>\n<p style=\"text-align: justify;\">\nU procesu kardiolo\u0161ke rehabilitacije, fizikalna terapija primjenjuje se za postizanje \u0161to boljeg fizi\u010dkog, psihi\u010dkog i socijalnog stanja bolesnika te njegova povratka aktivnostima svakodnevnoga \u017eivota u obitelji i zajednici. U tom procesu, koji provodi interdisciplinarni tim, fizioterapeuti i njihove kompetencije imaju bitnu ulogu. Proces fizikalne terapije i rehabilitacije obuhva\u0107a procjenu, intervenciju i evaluaciju u svim fazama, od koronarne jedinice pa do zavr\u0161ne faze rehabilitacije. Fizioterapeutska procjena bolesnika sastoji se od subjektivnog i objektivnog pregleda, analize medicinske dokumentacije, fizioterapeutske anamneze, plana intervencija, postupaka mjerenja i testova. U procesu kardiolo\u0161ke rehabilitacije, posebne kompetencije fizioterapeuta potrebne su u dijagnosti\u010dkim pretragama (ergometrijsko testiranje, spirometrija, kontinuirano snimanje 24-satnog elektrokardiograma, kontinuirano snimanje 24-satnog krvnog tlaka, EKG, TCD i ehokardiografija), kojima se evaluiraju rezultati intervencija i opseg koronarnih bolesti. Kardiolo\u0161ka rehabilitacija dijeli se u tri me\u0111usobno povezane faze. Prva faza obuhva\u0107a akutno i rano postakutno lije\u010denje nakon akutnog koronarnog sindroma ili kardiokirur\u0161ke operacije u koronarnim jedinicama i kardiolo\u0161kim odjelima. Druga faza obuhva\u0107a kasno postakutno lije\u010denje, a obavlja se stacionarno, u specijaliziranim ustanovama za rehabilitaciju. Tre\u0107a je faza do\u017eivotna, a obuhva\u0107a trajno pra\u0107enje i skrb za bolesnike, \u0161to se provodi periodi\u010dki, ambulantno te u bolni\u010dkoj ili izvanbolni\u010dkoj slu\u017ebi. Bitnu ulogu ima i prevencija kardiovaskularnih bolesti, kroz kontrolu \u010dimbenika rizika, tjelesnu aktivnost, odnosno provo\u0111enje strategija djelovanja na razini pojedinca i cijele populacije. U radu su detaljno opisane fizioterapeutske kompetencije u procesu rehabilitacije kardiolo\u0161kih bolesnika.<\/p>\n<p style=\"text-align: justify;\">Klju\u010dne rije\u010di: kardiovaskularne bolesti, kardiolo\u0161ka rehabilitacija,fizioterapeutske kompetencije<\/p>\n<p><a href=\"https:\/\/doi.org\/10.24141\/1\/8\/1\/10\">https:\/\/doi.org\/10.24141\/1\/8\/1\/10<\/a><\/p>\n","protected":false},"excerpt":{"rendered":"<p>Fizioterapeutske kompetencije u procesu rehabilitacije kardiovaskularnih bolesnika 1 Jadranka Paun Juda\u0161 1,2,3 Nenad Laku\u0161i\u0107 1 Odjel za rehabilitaciju kardiolo\u0161kih bolesnika, Specijalna bolnica za medicinsku rehabilitaciju Krapinske Toplice 2 Medicinski fakultet Sveu\u010dili\u0161ta J. J. Strossmayera u Osijeku 3 Fakultet za dentalnu medicinu i zdravstvo Sveu\u010dili\u0161ta J. J. Strossmayera u Osijeku Sa\u017eetak U procesu kardiolo\u0161ke rehabilitacije, fizikalna [&hellip;]<\/p>\n","protected":false},"author":1,"featured_media":0,"parent":0,"menu_order":0,"comment_status":"closed","ping_status":"closed","template":"","meta":{"footnotes":""},"class_list":["post-1499","page","type-page","status-publish","hentry"],"_links":{"self":[{"href":"https:\/\/jahs.eu\/hr\/wp-json\/wp\/v2\/pages\/1499","targetHints":{"allow":["GET"]}}],"collection":[{"href":"https:\/\/jahs.eu\/hr\/wp-json\/wp\/v2\/pages"}],"about":[{"href":"https:\/\/jahs.eu\/hr\/wp-json\/wp\/v2\/types\/page"}],"author":[{"embeddable":true,"href":"https:\/\/jahs.eu\/hr\/wp-json\/wp\/v2\/users\/1"}],"replies":[{"embeddable":true,"href":"https:\/\/jahs.eu\/hr\/wp-json\/wp\/v2\/comments?post=1499"}],"version-history":[{"count":1,"href":"https:\/\/jahs.eu\/hr\/wp-json\/wp\/v2\/pages\/1499\/revisions"}],"predecessor-version":[{"id":1500,"href":"https:\/\/jahs.eu\/hr\/wp-json\/wp\/v2\/pages\/1499\/revisions\/1500"}],"wp:attachment":[{"href":"https:\/\/jahs.eu\/hr\/wp-json\/wp\/v2\/media?parent=1499"}],"curies":[{"name":"wp","href":"https:\/\/api.w.org\/{rel}","templated":true}]}}