{"id":1522,"date":"2022-07-21T10:36:43","date_gmt":"2022-07-21T08:36:43","guid":{"rendered":"https:\/\/jahs.eu\/?page_id=1522"},"modified":"2022-07-21T14:49:13","modified_gmt":"2022-07-21T12:49:13","slug":"volume-8-number-2-july-2022","status":"publish","type":"page","link":"https:\/\/jahs.eu\/hr\/volume-8-number-2-july-2022\/","title":{"rendered":"Volume: 8; Number: 2; July 2022"},"content":{"rendered":"<p><\/p>\n<h3><\/h3>\n<h3 style=\"text-align: center;\"><strong>Volume: 8; Number: 2; July 2022<\/strong><\/h3>\n<p><a href=\"https:\/\/jahs.eu\/wp-content\/uploads\/2022\/07\/JAHS16.pdf\" target=\"_blank\" rel=\"noopener\"><img loading=\"lazy\" decoding=\"async\" class=\"alignnone wp-image-832\" src=\"http:\/\/jahs.eu\/wp-content\/uploads\/2015\/04\/jahs100pdf.png\" alt=\"\" width=\"50\" height=\"50\" \/><\/a><\/p>\n<p>&nbsp;<\/p>\n<ul>\n<li><strong>JANKO<\/strong> <strong>BABI\u0106,<\/strong> <strong>RENATA BARI\u0106<\/strong><\/li>\n<\/ul>\n<p><a href=\"https:\/\/jahs.eu\/hr\/spolne-razlike-u-motivima-za-vjezbanje-varijablama-teorije-planiranog-ponasanja-i-tjelesnoj-aktivnosti-u-slobodno-vrijeme-studenata-sveucilista-u-zagrebu\/\" target=\"_blank\" rel=\"noopener\">Spolne razlike u motivima za vje\u017ebanje, varijablama teorije planiranog pona\u0161anja i tjelesnoj aktivnosti u slobodno vrijeme studenata Sveu\u010dili\u0161ta u Zagrebu<\/a><\/p>\n<p><a href=\"https:\/\/jahs.eu\/hr\/spolne-razlike-u-motivima-za-vjezbanje-varijablama-teorije-planiranog-ponasanja-i-tjelesnoj-aktivnosti-u-slobodno-vrijeme-studenata-sveucilista-u-zagrebu\/\" target=\"_blank\" rel=\"noopener\">Gender differences in exercise motives, theory of planned behavior variables and leisure time physical activity level of University of Zagreb students<\/a><\/p>\n<p>&nbsp;<\/p>\n<ul>\n<li><strong>ANITA BARI\u0106 KLJAI\u0106, JOSIPA RO\u017dMAN, SANJA BEDI\u0106<\/strong><\/li>\n<\/ul>\n<p><a href=\"https:\/\/jahs.eu\/atopijski-dermatitis-i-faktori-rizika-za-nastanak-bolesti\/\" target=\"_blank\" rel=\"noopener\">Atopijski dermatitis i faktori rizika za nastanak bolesti<\/a><\/p>\n<p><a href=\"https:\/\/jahs.eu\/atopijski-dermatitis-i-faktori-rizika-za-nastanak-bolesti\/\" target=\"_blank\" rel=\"noopener\">Atopic dermatitis and risk factors for disease<\/a><\/p>\n<p>&nbsp;<\/p>\n<ul>\n<li><strong>TOMISLAV BENJAK, ANA VULJANI\u0106, MARTINA IVANI\u0106, SONJA RISTIN<\/strong><\/li>\n<\/ul>\n<p><a href=\"https:\/\/jahs.eu\/causes-and-differences-in-disability-prevalence-between-croatian-counties-krapina-zagorje-and-istria\/\" target=\"_blank\" rel=\"noopener\">Causes and differences in disability prevalence between Croatian counties Krapina-Zagorje and Istria<\/a><\/p>\n<p><a href=\"https:\/\/jahs.eu\/causes-and-differences-in-disability-prevalence-between-croatian-counties-krapina-zagorje-and-istria\/\" target=\"_blank\" rel=\"noopener\">Uzroci i razlike u prevalenciji invaliditeta izme\u0111u Krapinsko-zagorske i Istarske \u017eupanije<\/a><\/p>\n<p>&nbsp;<\/p>\n<ul>\n<li><strong>MARCELA DOMNIK, SONJA DRUGOVI\u0106, JULIE-ANNE LITTLE<\/strong><\/li>\n<\/ul>\n<p><a href=\"https:\/\/jahs.eu\/relationship-between-anterior-chamber-angle-iop-corneal-curvature-and-refractive-status-in-young-caucasian-adults\/\" target=\"_blank\" rel=\"noopener\">Relationship between anterior chamber angle, IOP, corneal curvature and refractive status in young Caucasian adults<\/a><\/p>\n<p><a href=\"https:\/\/jahs.eu\/relationship-between-anterior-chamber-angle-iop-corneal-curvature-and-refractive-status-in-young-caucasian-adults\/\" target=\"_blank\" rel=\"noopener\">Odnos izme\u0111u kuta prednje o\u010dne komore<\/a><\/p>\n<p>&nbsp;<\/p>\n<ul>\n<li><strong>IRENA KEREKOVI\u0106, IVANA GR\u010cI\u0106, ANDREJA GAJOVI\u0106<\/strong><\/li>\n<\/ul>\n<p><a href=\"https:\/\/jahs.eu\/tio2-au-nanomaterial-for-photocatalytic-degradation-of-hormones\/\" target=\"_blank\" rel=\"noopener\">TiO<sub>2<\/sub>\/Au Nanomaterial for Photocatalytic Degradation of hormones<\/a><\/p>\n<p><a href=\"https:\/\/jahs.eu\/tio2-au-nanomaterial-for-photocatalytic-degradation-of-hormones\/\" target=\"_blank\" rel=\"noopener\">Nanomaterijal TiO<sub>2<\/sub>\/Au za fotokataliti\u010dku razgradnju hormona<\/a><\/p>\n<p>&nbsp;<\/p>\n<ul>\n<li><strong>MARKO LOVRI\u0106, IVANA ILI\u0106, JERKO ARAMBA\u0160I\u0106, BOJAN TROGRLI\u0106, DARIO MU\u017dEVI\u0106, BRUNO SPLAVSKI<\/strong><\/li>\n<\/ul>\n<p><a href=\"https:\/\/jahs.eu\/the-validity-of-minimally-invasive-surgery-in-treatment-of-lumbar-spine-degenerative-disease\/\" target=\"_blank\" rel=\"noopener\">The validity of minimally invasive surgery in treatment of lumbar spine degenerative disease <\/a><\/p>\n<p><a href=\"https:\/\/jahs.eu\/the-validity-of-minimally-invasive-surgery-in-treatment-of-lumbar-spine-degenerative-disease\/\" target=\"_blank\" rel=\"noopener\">Vrijednost minimalno invazivne kirur\u0161ke metode u lije\u010denju degeneracijske bolesti slabinske kralje\u017enice<\/a><\/p>\n<p>&nbsp;<\/p>\n<ul>\n<li><strong>NINA MIHI\u0106, SANDRA LAKI\u010cEVI\u0106, ZDRINKO BREKALO, SA\u0160A ANTUNOVI\u0106, BRUNO SPLAVSKI<\/strong><\/li>\n<\/ul>\n<p><a href=\"https:\/\/jahs.eu\/prognosticka-vrijednost-radioloskih-deskriptivnih-pokazatelja-u-prosudbi-oporavka-bolesnika-s-primarnim-intracerebralnim-krvarenjem\/\" target=\"_blank\" rel=\"noopener\">Prognosti\u010dka vrijednost radiolo\u0161kih deskriptivnih pokazatelja u prosudbi oporavka bolesnika s primarnim intracerebralnim krvarenjem<\/a><\/p>\n<p><a href=\"https:\/\/jahs.eu\/prognosticka-vrijednost-radioloskih-deskriptivnih-pokazatelja-u-prosudbi-oporavka-bolesnika-s-primarnim-intracerebralnim-krvarenjem\/\" target=\"_blank\" rel=\"noopener\">Prognostic Value of Descriptive Radiological Indicators in Recovery Assessment of Patients with Primary Intracerebral Hemorrhage<\/a><\/p>\n<p>&nbsp;<\/p>\n<ul>\n<li><strong>AMRA ALI\u0160I\u0106, AMER OV\u010cINA, ENISA \u0160LJIVO, ERNELA EMINOVI\u0106, D\u017dENANA HRUSTEMOVI\u0106, ZINETA MULAOSMANOVI\u0106<\/strong><\/li>\n<\/ul>\n<p><a href=\"https:\/\/jahs.eu\/analysis-of-current-situation-and-attitudes-on-reorganization-and-optimization-of-staffing-for-efficient-work-processes-management-in-health-centers-of-sarajevo-canton\/\" target=\"_blank\" rel=\"noopener\">Analysis of current situation and attitudes on reorganization and optimization of staffing for efficient work processes management in health centers of Sarajevo Canton<\/a><\/p>\n<p><a href=\"https:\/\/jahs.eu\/analysis-of-current-situation-and-attitudes-on-reorganization-and-optimization-of-staffing-for-efficient-work-processes-management-in-health-centers-of-sarajevo-canton\/\" target=\"_blank\" rel=\"noopener\">Analiza trenuta\u010dnog stanja i stavova o reorganizaciji i optimizaciji kadrova u funkciji efikasnog upravljanja radnim procesima u domovima zdravlja kantona Sarajevo<\/a><\/p>\n<p>&nbsp;<\/p>\n<ul>\n<li><strong>GORKA VULETI\u0106<\/strong><\/li>\n<\/ul>\n<p><a href=\"https:\/\/jahs.eu\/odnos-subjektivne-kvalitete-zivota-i-samoprocijenjenog-zdravlja\/\" target=\"_blank\" rel=\"noopener\">Odnos subjektivne kvalitete \u017eivota i samoprocijenjenog zdravlja<\/a><\/p>\n<p><a href=\"https:\/\/jahs.eu\/odnos-subjektivne-kvalitete-zivota-i-samoprocijenjenog-zdravlja\/\" target=\"_blank\" rel=\"noopener\">Relationship between subjective quality of life and self-assessed health<\/a><\/p>\n<p>&nbsp;<\/p>\n<ul>\n<li><strong>DUBRAVKA JAK\u0160ETI\u0106<\/strong><\/li>\n<\/ul>\n<p><a href=\"https:\/\/jahs.eu\/deliberativna-komunikacija-u-zdravstvenoj-skrbi\/\" target=\"_blank\" rel=\"noopener\">Deliberativna komunikacija u zdravstvenoj skrbi<\/a><\/p>\n<p><a href=\"https:\/\/jahs.eu\/deliberativna-komunikacija-u-zdravstvenoj-skrbi\/\" target=\"_blank\" rel=\"noopener\">Deliberative communication in health care<\/a><\/p>\n<p>&nbsp;<\/p>\n<ul>\n<li><strong>ANTONIA KAPETANOVI\u0106, ANA MOJSOVI\u0106 \u0106UI\u0106<\/strong><\/li>\n<\/ul>\n<p><a href=\"https:\/\/jahs.eu\/evolucija-na-djelu-u-ljudi-dokazi-danasnjice\/\" target=\"_blank\" rel=\"noopener\">Evolucija na djelu u ljudi \u2013 dokazi dana\u0161njice<\/a><\/p>\n<p><a href=\"https:\/\/jahs.eu\/evolucija-na-djelu-u-ljudi-dokazi-danasnjice\/\" target=\"_blank\" rel=\"noopener\">Evolution in action \u2013 evidence of today<\/a><\/p>\n<p>&nbsp;<\/p>\n<ul>\n<li><strong>ODUNSI, O. M., ONANUGA, M. Y., ADELEKE, O. R., SOWOLE, P. A., OWOLABI, O. A.<\/strong><\/li>\n<\/ul>\n<p><a href=\"https:\/\/jahs.eu\/regional-analysis-of-acceptance-of-covid-19-vaccines-in-nigeria\/\" target=\"_blank\" rel=\"noopener\">Regional Analysis of Acceptance of COVID-19 Vaccines in Nigeria<\/a><\/p>\n<p>&nbsp;<\/p>\n<ul>\n<li><strong>BERNARD B.N. NADO<\/strong><\/li>\n<\/ul>\n<p><a href=\"https:\/\/jahs.eu\/ucinkovitost-neoperacijske-dekompresijske-strojne-trakcije-na-radikularne-sindrome\/\" target=\"_blank\" rel=\"noopener\">U\u010dinkovitost neoperacijske dekompresijske strojne trakcije na radikularne sindrome<\/a><\/p>\n<p>&nbsp;<\/p>\n<ul>\n<li><strong>BOJAN PAVLOVI\u0106, JADRANKA PAVI\u0106<\/strong><\/li>\n<\/ul>\n<p><a href=\"https:\/\/jahs.eu\/samoprocjena-kvalitete-zivota-i-rada-medicinskih-sestara-tehnicara-u-domu-zdravlja-zagreb-centar\/\" target=\"_blank\" rel=\"noopener\">Samoprocjena kvalitete \u017eivota i rada medicinskih sestara\/tehni\u010dara u Domu zdravlja Zagreb \u2013 Centar<\/a><\/p>\n<p><a href=\"https:\/\/jahs.eu\/samoprocjena-kvalitete-zivota-i-rada-medicinskih-sestara-tehnicara-u-domu-zdravlja-zagreb-centar\/\" target=\"_blank\" rel=\"noopener\">Self assessment of the quality of life and work of nurses in the Health centre Zagreb \u2013 Centre<\/a><\/p>\n<p>&nbsp;<\/p>\n<ul>\n<li><strong>ALEKSANDAR RACZ<\/strong><\/li>\n<\/ul>\n<p><a href=\"https:\/\/jahs.eu\/romi-u-hrvatskoj-kroz-povijest-od-nepoznavanja-i-stereotipizacije-do-prihvacanja-i-integracije\/\" target=\"_blank\" rel=\"noopener\">Romi u Hrvatskoj kroz povijest \u2013 od nepoznavanja i stereotipizacije i prihva\u0107anja do integracije <\/a><\/p>\n<p><a href=\"https:\/\/jahs.eu\/romi-u-hrvatskoj-kroz-povijest-od-nepoznavanja-i-stereotipizacije-do-prihvacanja-i-integracije\/\" target=\"_blank\" rel=\"noopener\">The Roma in Croatia through history &#8211; between ignorance and stereotyping to acceptance and integration<\/a><\/p>\n<p>&nbsp;<\/p>\n<ul>\n<li><strong>KRE\u0160IMIR ROTIM, BILJANA KURTOVI\u0106<\/strong><\/li>\n<\/ul>\n<p><a href=\"https:\/\/jahs.eu\/brzo-antigensko-testiranje-studenata-i-djelatnika-zdravstvenog-veleucilista-na-sars-cov-2-prikaz-iskustva-ustanove\/\" target=\"_blank\" rel=\"noopener\">Brzo antigensko testiranje studenata i djelatnika Zdravstvenog veleu\u010dili\u0161ta na SARS-CoV-2: prikaz iskustva ustanove<\/a><\/p>\n<p><a href=\"https:\/\/jahs.eu\/brzo-antigensko-testiranje-studenata-i-djelatnika-zdravstvenog-veleucilista-na-sars-cov-2-prikaz-iskustva-ustanove\/\" target=\"_blank\" rel=\"noopener\">SARS-CoV-2 rapid antigen testing of students and employees of the University of applied health sciences: Presentation of the institution\u2019s experience<\/a><\/p>\n<p>&nbsp;<\/p>\n<ul>\n<li><strong>BERNARD B.N. NADO<\/strong><\/li>\n<\/ul>\n<p><a href=\"https:\/\/jahs.eu\/prikaz-knjige-rehabilitacija-ozljeda-lokomotornog-sustava\/\" target=\"_blank\" rel=\"noopener\">Prikaz knjige Rehabilitacija ozljeda lokomotornog sustava<\/a><\/p>\n<p>&nbsp;<\/p>","protected":false},"excerpt":{"rendered":"<p>Volume: 8; Number: 2; July 2022 &nbsp; JANKO BABI\u0106, RENATA BARI\u0106 Spolne razlike u motivima za vje\u017ebanje, varijablama teorije planiranog pona\u0161anja i tjelesnoj aktivnosti u slobodno vrijeme studenata Sveu\u010dili\u0161ta u Zagrebu Gender differences in exercise motives, theory of planned behavior variables and leisure time physical activity level of University of Zagreb students &nbsp; ANITA BARI\u0106 [&hellip;]<\/p>\n","protected":false},"author":1,"featured_media":0,"parent":0,"menu_order":0,"comment_status":"closed","ping_status":"closed","template":"","meta":{"footnotes":""},"class_list":["post-1522","page","type-page","status-publish","hentry"],"_links":{"self":[{"href":"https:\/\/jahs.eu\/hr\/wp-json\/wp\/v2\/pages\/1522","targetHints":{"allow":["GET"]}}],"collection":[{"href":"https:\/\/jahs.eu\/hr\/wp-json\/wp\/v2\/pages"}],"about":[{"href":"https:\/\/jahs.eu\/hr\/wp-json\/wp\/v2\/types\/page"}],"author":[{"embeddable":true,"href":"https:\/\/jahs.eu\/hr\/wp-json\/wp\/v2\/users\/1"}],"replies":[{"embeddable":true,"href":"https:\/\/jahs.eu\/hr\/wp-json\/wp\/v2\/comments?post=1522"}],"version-history":[{"count":10,"href":"https:\/\/jahs.eu\/hr\/wp-json\/wp\/v2\/pages\/1522\/revisions"}],"predecessor-version":[{"id":1604,"href":"https:\/\/jahs.eu\/hr\/wp-json\/wp\/v2\/pages\/1522\/revisions\/1604"}],"wp:attachment":[{"href":"https:\/\/jahs.eu\/hr\/wp-json\/wp\/v2\/media?parent=1522"}],"curies":[{"name":"wp","href":"https:\/\/api.w.org\/{rel}","templated":true}]}}