{"id":1570,"date":"2022-07-21T13:03:05","date_gmt":"2022-07-21T11:03:05","guid":{"rendered":"https:\/\/jahs.eu\/?page_id=1570"},"modified":"2022-07-21T13:36:06","modified_gmt":"2022-07-21T11:36:06","slug":"odnos-subjektivne-kvalitete-zivota-i-samoprocijenjenog-zdravlja","status":"publish","type":"page","link":"https:\/\/jahs.eu\/hr\/odnos-subjektivne-kvalitete-zivota-i-samoprocijenjenog-zdravlja\/","title":{"rendered":"Odnos subjektivne kvalitete \u017eivota i samoprocijenjenog zdravlja"},"content":{"rendered":"<p><\/p>\n<p style=\"text-align: center;\"><strong>Odnos subjektivne kvalitete \u017eivota i samoprocijenjenog zdravlja<\/strong><\/p>\n<p><a href=\"https:\/\/jahs.eu\/wp-content\/uploads\/2022\/07\/09.pdf\" target=\"_blank\" rel=\"noopener\"><img loading=\"lazy\" decoding=\"async\" class=\"alignnone wp-image-832\" src=\"http:\/\/jahs.eu\/wp-content\/uploads\/2015\/04\/jahs100pdf.png\" alt=\"\" width=\"50\" height=\"50\" \/><\/a><\/p>\n<p style=\"text-align: justify;\">1,2 Gorka Vuleti\u0107<\/p>\n<p style=\"text-align: justify;\">1 Filozofski fakultet Sveu\u010dili\u0161ta Josipa Jurja Strossmayera u Osijeku, Lorenza Jaegera 9, 31000 Osijek<br \/>\n2 \u0160kola narodnog zdravlja \u201eDr. Andrija \u0160tampar\u201d, Medicinski fakultet Sveu\u010dili\u0161ta u Zagrebu<\/p>\n<p>Sa\u017eetak<\/p>\n<p style=\"text-align: justify;\">Uvod: Danas je prepoznata va\u017enost zdravlja za ukupnu kvalitetu \u017eivota, kako pojedinca tako i skupine. Mo\u017ee se re\u0107i da je utjecaj o\u0161te\u0107enog zdravlja i bolesti na kvalitetu \u017eivota multidimenzionalan. Bolest ne samo da utje\u010de u smislu fizi\u010dkih simptoma i time limitira funkcioniranje nego su tu prisutni i indirektni efekti kao \u0161to su promjene u radnoj sposobnosti, potencijalna izolacija, pove\u0107anje ovisnosti o drugima te negativna emocionalna stanja kao reakcije na bolest. Cilj ovog istra\u017eivanja bio je ispitati povezanost subjektivne kvalitete \u017eivota i samoprocijenjenog zdravlja te istra\u017eiti sociodemografske i zdravstvene prediktore subjektivne kvalitete \u017eivota.<\/p>\n<p style=\"text-align: justify;\">Metode: U istra\u017eivanju je sudjelovalo 357 odraslih sudionika, od toga 26,1 % mu\u0161karca i 73,9 % \u017eena. Raspon dobi kretao se od 18 do 77 godina (M = 33,5, SD = 13,94). Indeks osobne kvalitete \u017eivota (engl. Personal Wellbeing Index \u2013 PWI) primijenjen je za mjerenje subjektivne kvalitete \u017eivota, a za multidimenzionalnu samoprocjenu zdravlja primijenjen je Upitnik zdravstvenog statusa SF-36.<\/p>\n<p style=\"text-align: justify;\">Rezultati: Srednja vrijednost ukupne subjektivne kvalitete \u017eivota iznosi 71,17 %SM i nalazi se u okviru teorijski o\u010dekivanoga normativnog raspona. Vi\u0161a dob povezana je s ni\u017eom kvalitetom \u017eivota. Me\u0111utim, treba naglasiti da je rije\u010d o vrlo niskoj korelaciji. Samoprocijenjeni materijalni status u pozitivnoj je korelaciji s kvalitetom \u017eivota i sve su dimenzije SF-36 upitnika osim dimenzije fizi\u010dko funkcioniranje zna\u010dajno povezane sa subjektivnom kvalitetom \u017eivota. Po pitanju prediktora kvalitete \u017eivota najzna\u010dajnijom se pokazala dimenzija mentalno zdravlje, potom percepcija op\u0107eg zdravlja i bolovi.<\/p>\n<p style=\"text-align: justify;\">Zaklju\u010dak: Ovo istra\u017eivanje pridonosi razumijevanju \u010dimbenika koji pridonose kvaliteti \u017eivota u op\u0107oj populaciji. Rezultati ukazuju na va\u017enost psiholo\u0161kih i zdravstvenih \u010dimbenika (posebice mentalnog zdravlja) na ukupnu kvalitetu \u017eivota pojedinca te posljedi\u010dno i na va\u017enost odr\u017eavanja i unaprje\u0111enja mentalnog zdravlja i psiholo\u0161kih \u010dimbenika u svrhu pobolj\u0161avanja op\u0107e kvalitete \u017eivota pojedinaca te u kona\u010dnici stvaranja sretnijeg i funkcionalnijeg dru\u0161tva u cjelini.<\/p>\n<p>&nbsp;<\/p>\n<p style=\"text-align: justify;\">Klju\u010dne rije\u010di: kvaliteta \u017eivota, zdravlje<\/p>\n<p><a href=\"https:\/\/10.24141\/1\/8\/2\/9\">https:\/\/10.24141\/1\/8\/2\/9<\/a><\/p>\n<p>&nbsp;<\/p>","protected":false},"excerpt":{"rendered":"<p>Odnos subjektivne kvalitete \u017eivota i samoprocijenjenog zdravlja 1,2 Gorka Vuleti\u0107 1 Filozofski fakultet Sveu\u010dili\u0161ta Josipa Jurja Strossmayera u Osijeku, Lorenza Jaegera 9, 31000 Osijek 2 \u0160kola narodnog zdravlja \u201eDr. Andrija \u0160tampar\u201d, Medicinski fakultet Sveu\u010dili\u0161ta u Zagrebu Sa\u017eetak Uvod: Danas je prepoznata va\u017enost zdravlja za ukupnu kvalitetu \u017eivota, kako pojedinca tako i skupine. Mo\u017ee se re\u0107i [&hellip;]<\/p>\n","protected":false},"author":1,"featured_media":0,"parent":0,"menu_order":0,"comment_status":"closed","ping_status":"closed","template":"","meta":{"footnotes":""},"class_list":["post-1570","page","type-page","status-publish","hentry"],"_links":{"self":[{"href":"https:\/\/jahs.eu\/hr\/wp-json\/wp\/v2\/pages\/1570","targetHints":{"allow":["GET"]}}],"collection":[{"href":"https:\/\/jahs.eu\/hr\/wp-json\/wp\/v2\/pages"}],"about":[{"href":"https:\/\/jahs.eu\/hr\/wp-json\/wp\/v2\/types\/page"}],"author":[{"embeddable":true,"href":"https:\/\/jahs.eu\/hr\/wp-json\/wp\/v2\/users\/1"}],"replies":[{"embeddable":true,"href":"https:\/\/jahs.eu\/hr\/wp-json\/wp\/v2\/comments?post=1570"}],"version-history":[{"count":5,"href":"https:\/\/jahs.eu\/hr\/wp-json\/wp\/v2\/pages\/1570\/revisions"}],"predecessor-version":[{"id":1577,"href":"https:\/\/jahs.eu\/hr\/wp-json\/wp\/v2\/pages\/1570\/revisions\/1577"}],"wp:attachment":[{"href":"https:\/\/jahs.eu\/hr\/wp-json\/wp\/v2\/media?parent=1570"}],"curies":[{"name":"wp","href":"https:\/\/api.w.org\/{rel}","templated":true}]}}