{"id":1583,"date":"2022-07-21T14:02:30","date_gmt":"2022-07-21T12:02:30","guid":{"rendered":"https:\/\/jahs.eu\/?page_id=1583"},"modified":"2022-07-21T14:02:30","modified_gmt":"2022-07-21T12:02:30","slug":"ucinkovitost-neoperacijske-dekompresijske-strojne-trakcije-na-radikularne-sindrome","status":"publish","type":"page","link":"https:\/\/jahs.eu\/hr\/ucinkovitost-neoperacijske-dekompresijske-strojne-trakcije-na-radikularne-sindrome\/","title":{"rendered":"U\u010dinkovitost neoperacijske dekompresijske strojne trakcije na radikularne sindrome"},"content":{"rendered":"<p><\/p>\n<p style=\"text-align: center;\"><strong>U\u010dinkovitost neoperacijske dekompresijske strojne trakcije na radikularne sindrome <\/strong><\/p>\n<p><a href=\"https:\/\/jahs.eu\/wp-content\/uploads\/2022\/07\/13.pdf\" target=\"_blank\" rel=\"noopener\"><img loading=\"lazy\" decoding=\"async\" class=\"alignnone wp-image-832\" src=\"http:\/\/jahs.eu\/wp-content\/uploads\/2015\/04\/jahs100pdf.png\" alt=\"\" width=\"50\" height=\"50\" \/><\/a><\/p>\n<p>1 Bernard B.N. Nado<br \/>\n1 Poliklinika NADO Fizio Medico Centar, S.S. Kranj\u010devi\u0107a 36\/ I, Zagreb, Hrvatska<\/p>\n<p>&nbsp;<\/p>\n<p style=\"text-align: justify;\">Sa\u017eetak<br \/>\nUvod: Radikulopatije ili poreme\u0107aji korjenova spinalnih \u017eivaca nastaju naju\u010destalije zbog kroni\u010dnog pritiska na korijen spinalnog \u017eivca. Prema dostupnim istra\u017eivanjima, prevalencija je\u00a0 cervikalnih radikulopatija 1,14 % za mu\u0161karce te 1,31 % za \u017eene. Prevalencija lumbalnih radikulopatija u populaciji je izme\u0111u 3 i 5 %. Dekompresijska strojna terapija rehabilitacijski je\u00a0 modalitet koji bi prema pretpostavljenom mehanizmu djelovanja trebao biti u\u010dinkovit i funkcionalan kod radikulopatskih sindroma.<\/p>\n<p style=\"text-align: justify;\">Cilj Istra\u017eivanja: Cilj ovog preglednog rada jest prona\u0107i te prikazati rezultate najnovijih istra\u017eivanja na polju u\u010dinkovitosti strojne dekompresijske terapije (SDT) kod radikularnih sindroma.<\/p>\n<p style=\"text-align: justify;\">Metodologija: Napravljena je pretraga baza podataka PubMed (Medline) i PEDro zaklju\u010dno s 27. velja\u010de 2021. Obrada podataka napravljena je kvalitativnom analizom te je sveukupno na kraju selektirano 13 istra\u017eivanja.<\/p>\n<p style=\"text-align: justify;\">Rezultati istra\u017eivanja i Diskusija: Sveukupno je selektirano 13 istra\u017eivanja, od kojih je osam metaanaliza te pet RCT-a. Kvaliteta dokaza prisutna u tim istra\u017eivanjima izrazito je razli\u010dita te su\u00a0 neki rezultati kontradiktorni. Naju\u010destalija pogre\u0161ka u analiziranim RCT-ima jest nedostatak kontrolne grupe i mali uzorak ispitanika. SDT u kombinaciji s drugim modalitetima mo\u017ee\u00a0 smanjiti bolne simptome radikulopatije te smanjiti disfunkciju i pove\u0107ati mobilnost. SDT je samostalno u\u010dinkovit kod regresije lumbalne hernijacije. U\u010dinkovitost SDT-a statisti\u010dki je\u00a0 zna\u010dajna, ali nije klini\u010dki relevantna na smanjenje bolnosti.<\/p>\n<p style=\"text-align: justify;\">Zaklju\u010dak: Prisutna je izrazito velika varijabilnost kod vrsta trakcijske sile, ritma, trajanja tretmana te u\u010destalosti tretmana. Potrebno je odrediti na koje je ispitanike potrebno primijeniti\u00a0 SDT. Kao budu\u0107u nadogradnju smjera istra\u017eivanja trebalo bi obratiti pozornost standardizaciji, kvalifikaciji i kvantifikaciji protokola (SDT).<\/p>\n<p>&nbsp;<\/p>\n<p style=\"text-align: justify;\">Klju\u010dne rije\u010di: trakcija, radikulopatija, i\u0161ijas, bolnost u donjim ekstremitetima, u\u010dinkovitost, kri\u017eobolja, funkcija<\/p>\n<p><a href=\"https:\/\/10.24141\/1\/8\/2\/13\">https:\/\/10.24141\/1\/8\/2\/13<\/a><\/p>\n<p style=\"text-align: justify;\">\n<p><\/p>","protected":false},"excerpt":{"rendered":"<p>U\u010dinkovitost neoperacijske dekompresijske strojne trakcije na radikularne sindrome 1 Bernard B.N. Nado 1 Poliklinika NADO Fizio Medico Centar, S.S. Kranj\u010devi\u0107a 36\/ I, Zagreb, Hrvatska &nbsp; Sa\u017eetak Uvod: Radikulopatije ili poreme\u0107aji korjenova spinalnih \u017eivaca nastaju naju\u010destalije zbog kroni\u010dnog pritiska na korijen spinalnog \u017eivca. Prema dostupnim istra\u017eivanjima, prevalencija je\u00a0 cervikalnih radikulopatija 1,14 % za mu\u0161karce te 1,31 [&hellip;]<\/p>\n","protected":false},"author":1,"featured_media":0,"parent":0,"menu_order":0,"comment_status":"closed","ping_status":"closed","template":"","meta":{"footnotes":""},"class_list":["post-1583","page","type-page","status-publish","hentry"],"_links":{"self":[{"href":"https:\/\/jahs.eu\/hr\/wp-json\/wp\/v2\/pages\/1583","targetHints":{"allow":["GET"]}}],"collection":[{"href":"https:\/\/jahs.eu\/hr\/wp-json\/wp\/v2\/pages"}],"about":[{"href":"https:\/\/jahs.eu\/hr\/wp-json\/wp\/v2\/types\/page"}],"author":[{"embeddable":true,"href":"https:\/\/jahs.eu\/hr\/wp-json\/wp\/v2\/users\/1"}],"replies":[{"embeddable":true,"href":"https:\/\/jahs.eu\/hr\/wp-json\/wp\/v2\/comments?post=1583"}],"version-history":[{"count":1,"href":"https:\/\/jahs.eu\/hr\/wp-json\/wp\/v2\/pages\/1583\/revisions"}],"predecessor-version":[{"id":1584,"href":"https:\/\/jahs.eu\/hr\/wp-json\/wp\/v2\/pages\/1583\/revisions\/1584"}],"wp:attachment":[{"href":"https:\/\/jahs.eu\/hr\/wp-json\/wp\/v2\/media?parent=1583"}],"curies":[{"name":"wp","href":"https:\/\/api.w.org\/{rel}","templated":true}]}}