{"id":1587,"date":"2022-07-21T14:11:03","date_gmt":"2022-07-21T12:11:03","guid":{"rendered":"https:\/\/jahs.eu\/?page_id=1587"},"modified":"2022-07-21T14:11:38","modified_gmt":"2022-07-21T12:11:38","slug":"romi-u-hrvatskoj-kroz-povijest-od-nepoznavanja-i-stereotipizacije-do-prihvacanja-i-integracije","status":"publish","type":"page","link":"https:\/\/jahs.eu\/hr\/romi-u-hrvatskoj-kroz-povijest-od-nepoznavanja-i-stereotipizacije-do-prihvacanja-i-integracije\/","title":{"rendered":"Romi u Hrvatskoj kroz povijest \u2013 od nepoznavanja i stereotipizacije do prihva\u0107anja i integracije"},"content":{"rendered":"<p style=\"text-align: center;\"><strong>Romi u Hrvatskoj kroz povijest \u2013 od nepoznavanja i stereotipizacije do prihva\u0107anja i integracije<\/strong><\/p>\n<p><a href=\"https:\/\/jahs.eu\/wp-content\/uploads\/2022\/07\/15.pdf\" target=\"_blank\" rel=\"noopener\"><img loading=\"lazy\" decoding=\"async\" class=\"alignnone wp-image-832\" src=\"http:\/\/jahs.eu\/wp-content\/uploads\/2015\/04\/jahs100pdf.png\" alt=\"\" width=\"50\" height=\"50\" \/><\/a><\/p>\n<p style=\"text-align: justify;\">1 Aleksandar Racz<\/p>\n<p style=\"text-align: justify;\">1 Zdravstveno veleu\u010dili\u0161te, Mlinarska 38, 10000 Zagreb<\/p>\n<p style=\"text-align: justify;\">Sa\u017eetak<br \/>\nUvod: Zdravstveno veleu\u010dili\u0161te je jedina visoko\u0161kolska ustanova u Hrvatskoj koja od 2015., po\u0161tuju\u0107i pravilo pozitivne diskriminacije, svake akademske godine omogu\u0107ava upis po jednog\u00a0 najbolje rangiranog pripadnika romske zajednice na svaki od studijskih smjerova iz podru\u010dja zdravstvenih nelije\u010dni\u010dkih profesija, zahvaljuju\u0107i \u010demu se broj pripadnika romske manjine sa\u00a0 zavr\u0161enom najvi\u0161om razinom edukacije znatno pove\u0107ava na dobrobit same zajednice, ali i dru\u0161tva u cjelini.<\/p>\n<p style=\"text-align: justify;\">Cilj i svrha rada: Svrha je rada pribli\u017eiti romsku problematiku prvenstveno drugim studentima pojedinih smjerova zdravstvenih profesija kako bi se dodatno pove\u0107alo razumijevanje\u00a0 va\u017enosti uvedene prakse pozitivne diskriminacije i dodatno potaknulo ve\u0107insko stanovni\u0161tvo na integraciju Roma u sve aspekte dru\u0161tva, uz uva\u017eavanje i poticanje o\u010duvanja posebnosti i\u00a0 bogatstva romske zajednice.<\/p>\n<p style=\"text-align: justify;\">Metode rada: U radu se na temelju kori\u0161tenja sekundarnim, javno dostupnim podacima, kao i rezultatima ranije provedenih istra\u017eivanja, postupcima analize i sinteze te indukcije i\u00a0 dedukcije daje pregled prisutnosti Roma u Europi i u Hrvatskoj te opisuju osnovna obilje\u017eja njihova porijekla, na\u010dina \u017eivota, vjeroispovijesti, jezika i kulture kroz kriti\u010dki osvrt na odnos\u00a0 izme\u0111u romskih skupina, kao i odnos ve\u0107inskog stanovni\u0161tva prema Romima te poziciju romske nacionalne manjine izme\u0111u asimilacije i potpune integracije u dru\u0161tvo.<\/p>\n<p style=\"text-align: justify;\">Rezultat i diskusija: Romi su najve\u0107a etni\u010dka manjina koju \u010dini najmanje 10 do 12 milijuna ljudi, od kojih vi\u0161e od \u0161est milijuna \u017eivi na podru\u010dju EU-a, prete\u017eno u zemljama geografski\u00a0 smje\u0161tenima na teritorijima sredi\u0161njih i isto\u010dnih dr\u017eava \u010dlanica te dominantno na podru\u010dju Balkana. Prikaz povijesti migracije Roma prema europskom teritoriju poslu\u017eio je kao podloga\u00a0 za kriti\u010dki osvrt na postoje\u0107e spoznaje o teritorijalnim, kulturolo\u0161kim i dijalektolo\u0161kim razlikama izme\u0111u razli\u010ditih grupa Roma kako u svijetu tako i izme\u0111u grupa koje \u017eive na podru\u010dju\u00a0 Hrvatske \u2013 sve od njihova dolaska do dana\u0161njih dana, s naglaskom na povijest i proces naseljavanja Rome Baja\u0161e kao najbrojnije skupine Roma koji dominantno \u017eive na podru\u010dju\u00a0 Me\u0111imurske \u017eupanije.<\/p>\n<p style=\"text-align: justify;\">Zaklju\u010dak: Rromanipe ili romstvo pokazuje se kao integriraju\u0107i \u010dimbenik identiteta i o\u010duvanja opstojnosti Roma te najva\u017eniji \u010dimbenik kojim se Romi opiru asimilaciji i gubitku identiteta u\u00a0 odnosu na ve\u0107insko stanovni\u0161tvo. O\u010duvanjem njihova identiteta, kulture i tradicije ve\u0107insko se stanovni\u0161tvo oboga\u0107uje kroz susret i dijalog s drugim, uz po\u0161tivanje razli\u010ditosti i napredak i\u00a0 rast svih uklju\u010denih u taj susret.<\/p>\n<p style=\"text-align: justify;\">Klju\u010dne rije\u010di: Romi, Rromanipe, asimilacija, integracija<\/p>\n<p><a href=\"https:\/\/10.24141\/1\/8\/2\/15\">https:\/\/10.24141\/1\/8\/2\/15<\/a><\/p>\n","protected":false},"excerpt":{"rendered":"<p>Romi u Hrvatskoj kroz povijest \u2013 od nepoznavanja i stereotipizacije do prihva\u0107anja i integracije 1 Aleksandar Racz 1 Zdravstveno veleu\u010dili\u0161te, Mlinarska 38, 10000 Zagreb Sa\u017eetak Uvod: Zdravstveno veleu\u010dili\u0161te je jedina visoko\u0161kolska ustanova u Hrvatskoj koja od 2015., po\u0161tuju\u0107i pravilo pozitivne diskriminacije, svake akademske godine omogu\u0107ava upis po jednog\u00a0 najbolje rangiranog pripadnika romske zajednice na svaki [&hellip;]<\/p>\n","protected":false},"author":1,"featured_media":0,"parent":0,"menu_order":0,"comment_status":"closed","ping_status":"closed","template":"","meta":{"footnotes":""},"class_list":["post-1587","page","type-page","status-publish","hentry"],"_links":{"self":[{"href":"https:\/\/jahs.eu\/hr\/wp-json\/wp\/v2\/pages\/1587","targetHints":{"allow":["GET"]}}],"collection":[{"href":"https:\/\/jahs.eu\/hr\/wp-json\/wp\/v2\/pages"}],"about":[{"href":"https:\/\/jahs.eu\/hr\/wp-json\/wp\/v2\/types\/page"}],"author":[{"embeddable":true,"href":"https:\/\/jahs.eu\/hr\/wp-json\/wp\/v2\/users\/1"}],"replies":[{"embeddable":true,"href":"https:\/\/jahs.eu\/hr\/wp-json\/wp\/v2\/comments?post=1587"}],"version-history":[{"count":3,"href":"https:\/\/jahs.eu\/hr\/wp-json\/wp\/v2\/pages\/1587\/revisions"}],"predecessor-version":[{"id":1590,"href":"https:\/\/jahs.eu\/hr\/wp-json\/wp\/v2\/pages\/1587\/revisions\/1590"}],"wp:attachment":[{"href":"https:\/\/jahs.eu\/hr\/wp-json\/wp\/v2\/media?parent=1587"}],"curies":[{"name":"wp","href":"https:\/\/api.w.org\/{rel}","templated":true}]}}