{"id":1624,"date":"2023-03-22T09:38:51","date_gmt":"2023-03-22T08:38:51","guid":{"rendered":"https:\/\/jahs.eu\/?page_id=1624"},"modified":"2023-03-22T09:38:51","modified_gmt":"2023-03-22T08:38:51","slug":"fizioterapijske-metode-procjene-kod-pacijenata-s-mozdanim-udarom-u-republici-hrvatskoj","status":"publish","type":"page","link":"https:\/\/jahs.eu\/hr\/fizioterapijske-metode-procjene-kod-pacijenata-s-mozdanim-udarom-u-republici-hrvatskoj\/","title":{"rendered":"Fizioterapijske metode procjene kod pacijenata s mo\u017edanim udarom u Republici Hrvatskoj"},"content":{"rendered":"<p style=\"text-align: center;\"><strong>Fizioterapijske metode procjene kod <\/strong><strong>pacijenata s mo\u017edanim udarom u <\/strong><strong>Republici Hrvatskoj<\/strong><\/p>\n<p><a href=\"https:\/\/jahs.eu\/wp-content\/uploads\/2023\/03\/01.pdf\" target=\"_blank\" rel=\"noopener\"><img loading=\"lazy\" decoding=\"async\" class=\"alignnone wp-image-832\" src=\"http:\/\/jahs.eu\/wp-content\/uploads\/2015\/04\/jahs100pdf.png\" alt=\"\" width=\"50\" height=\"50\" \/><\/a><\/p>\n<p>1,2 Zdravko Ma\u010dek<br \/>\n1 Gordana Grozdek \u010cov\u010di\u0107<br \/>\n1,2 Mario Mandi\u0107<br \/>\n2 Darko Puh<br \/>\n2 Marin Tu\u010di\u0107<\/p>\n<p>1 Zdravstveno veleu\u010dili\u0161te Zagreb<br \/>\n2 Specijalna bolnica za medicinsku rehabilitaciju,<br \/>\nKrapinske Toplice<\/p>\n<p>&nbsp;<\/p>\n<p style=\"text-align: justify;\">Sa\u017eetak<br \/>\nFizioterapijska procjena preduvjet je u\u010dinkovitog tretmana pacijenata nakon mo\u017edanog udara. Cilj je istra\u017eivanja utvrditi u\u010destalost primjene, vrstu i koli\u010dinu testova koji se provode u neurofizioterapiji u Republici Hrvatskoj. Za potrebe istra\u017eivanja autori su kreirali upitnik o metodama fizioterapijske procjene pacijenata s mo\u017edanim udarom u Republici Hrvatskoj.\u00a0 Upitnik sadr\u017ei sociodemografske podatke ispitanika te podatke o primjeni testova i mjerenja u klini\u010dkoj praksi. Istra\u017eivanje je provedeno online anketom na uzorku od 110 fizioterapeuta koji se bave rehabilitacijom mo\u017edanog udara u Republici Hrvatskoj. U obradi rezultata testova primijenjenaje metoda frekvencije odgovora ispitanika za pojedine testove i izra\u010dunan je postotak primjene testa i vrijeme kada se test primjenjuje. Rezultati pokazuju da 95,5% ispitanika provodi dokumentiranu fizioterapeutsku procjenu, a testovi i mjerenja primjenjuju se u<br \/>\nrasponu od 7,3% do 67,3%. Statisti\u010dki zna\u010dajna razlika u primjeni testova nije prona\u0111ena izme\u0111u fizioterapije u privatnim i javnom ustanovama (p = 0,341), ali je zna\u010dajna razlika prona\u0111ena izme\u0111u prvostupnika i magistara fizioterapije (p = 0,000). Fizioterapeuti provode pisano dokumentiranje procjene, ali ne primjenjuju u dovoljnoj mjeri testove i mjerenja u klini\u010dkoj praksi u Republici Hrvatskoj.<\/p>\n<p>&nbsp;<\/p>\n<p>Klju\u010dne rije\u010di: neurorehabilitacija, fizioterapijska dokumentacija, testovi i mjerenja<\/p>\n<p><a href=\"https:\/\/doi.org\/10.24141\/1\/9\/1\/1\">https:\/\/doi.org\/10.24141\/1\/9\/1\/1<\/a><\/p>\n","protected":false},"excerpt":{"rendered":"<p>Fizioterapijske metode procjene kod pacijenata s mo\u017edanim udarom u Republici Hrvatskoj 1,2 Zdravko Ma\u010dek 1 Gordana Grozdek \u010cov\u010di\u0107 1,2 Mario Mandi\u0107 2 Darko Puh 2 Marin Tu\u010di\u0107 1 Zdravstveno veleu\u010dili\u0161te Zagreb 2 Specijalna bolnica za medicinsku rehabilitaciju, Krapinske Toplice &nbsp; Sa\u017eetak Fizioterapijska procjena preduvjet je u\u010dinkovitog tretmana pacijenata nakon mo\u017edanog udara. Cilj je istra\u017eivanja utvrditi [&hellip;]<\/p>\n","protected":false},"author":1,"featured_media":0,"parent":0,"menu_order":0,"comment_status":"closed","ping_status":"closed","template":"","meta":{"footnotes":""},"class_list":["post-1624","page","type-page","status-publish","hentry"],"_links":{"self":[{"href":"https:\/\/jahs.eu\/hr\/wp-json\/wp\/v2\/pages\/1624","targetHints":{"allow":["GET"]}}],"collection":[{"href":"https:\/\/jahs.eu\/hr\/wp-json\/wp\/v2\/pages"}],"about":[{"href":"https:\/\/jahs.eu\/hr\/wp-json\/wp\/v2\/types\/page"}],"author":[{"embeddable":true,"href":"https:\/\/jahs.eu\/hr\/wp-json\/wp\/v2\/users\/1"}],"replies":[{"embeddable":true,"href":"https:\/\/jahs.eu\/hr\/wp-json\/wp\/v2\/comments?post=1624"}],"version-history":[{"count":1,"href":"https:\/\/jahs.eu\/hr\/wp-json\/wp\/v2\/pages\/1624\/revisions"}],"predecessor-version":[{"id":1625,"href":"https:\/\/jahs.eu\/hr\/wp-json\/wp\/v2\/pages\/1624\/revisions\/1625"}],"wp:attachment":[{"href":"https:\/\/jahs.eu\/hr\/wp-json\/wp\/v2\/media?parent=1624"}],"curies":[{"name":"wp","href":"https:\/\/api.w.org\/{rel}","templated":true}]}}