{"id":1630,"date":"2023-03-22T10:05:39","date_gmt":"2023-03-22T09:05:39","guid":{"rendered":"https:\/\/jahs.eu\/?page_id=1630"},"modified":"2023-03-22T10:37:20","modified_gmt":"2023-03-22T09:37:20","slug":"conflict-situation-management-in-nursing-clinical-practice","status":"publish","type":"page","link":"https:\/\/jahs.eu\/hr\/conflict-situation-management-in-nursing-clinical-practice\/","title":{"rendered":"Conflict situation management in nursing clinical practice"},"content":{"rendered":"<p><\/p>\n<p style=\"text-align: center;\"><strong>Conflict situation management in nursing <\/strong><strong>clinical practice<\/strong><\/p>\n<p><a href=\"https:\/\/jahs.eu\/wp-content\/uploads\/2023\/03\/03.pdf\" target=\"_blank\" rel=\"noopener\"><img loading=\"lazy\" decoding=\"async\" class=\"alignnone wp-image-832\" src=\"http:\/\/jahs.eu\/wp-content\/uploads\/2015\/04\/jahs100pdf.png\" alt=\"\" width=\"50\" height=\"50\" \/><\/a><\/p>\n<p>1,2 Amer Ov\u010dina<br \/>\n1 Sadeta Begi\u0107<br \/>\n1 Ernela Eminovi\u0107<br \/>\n3 Emilija Hrapovi\u0107<br \/>\n3 Marijan Marjanovi\u0107<br \/>\n2 Vedran \u0110ido<br \/>\n2 Had\u017ean Konjo<br \/>\n2 Enisa \u0160ljivo<\/p>\n<p>1 Klini\u010dki centar Univerziteta u Sarajevu<br \/>\n2 Univerzitet u Sarajevu \u2013 -Fakultet zdravstvenih studija<br \/>\n3 Sveu\u010dili\u0161te\/Univerzitet \u201c\u201eVITEZ\u201d Vitezu, Fakultet zdravstvenih studija<\/p>\n<p style=\"text-align: justify;\">\n<p style=\"text-align: justify;\"><strong>Abstract<\/strong><br \/>\n<strong>Introduction<\/strong>:<\/p>\n<p style=\"text-align: justify;\">Conflicts are a social phenomenon and occur in all organizations where people work. So, they are inevitable even among nurses, because the work they do is very responsible and\u00a0 stressful. Conflicts of a personal nature are not uncommon, and they are produced by intimacy in the workplace.<\/p>\n<p style=\"text-align: justify;\"><strong>Methodology<\/strong>:<\/p>\n<p style=\"text-align: justify;\">The study was conducted among 146 nurses employed at the Clinical Center of the University of Sarajevo. The study is descriptive, analytical and comparative. The original author\u2019s\u00a0 questionnaire created on the basis of professional and scientific literature was used as a study instrument. The goal of thestudyis to determine if the conflict situations in nursing clinical\u00a0 practice are related to the dissatisfaction of nurses with working conditions, lack of motivational techniques, poor communication in the team and superior-subordinate relations.<\/p>\n<p style=\"text-align: justify;\"><strong>Results<\/strong>:<\/p>\n<p style=\"text-align: justify;\">Most respondents state that conflict situations are short-lived and do not affect work. Respondents pointed out that the most commoncauses of conflict are poorcommunication and\u00a0 personal contempt of colleagues (71 or 48.6%), violations of labor regulations and non-performance of work obligations (68 or 46.6%), differences in education (39 or 26.7%), etc. The\u00a0 most common manner that nurses use to resolve conflicts is to exchange information in order to reach a joint decision, to negotiate and seek compromises.<\/p>\n<p style=\"text-align: justify;\"><strong>Conclusions<\/strong>:<\/p>\n<p style=\"text-align: justify;\">Conflicts are manifested in the form of negative emotions, so in this regard, they can have significant negative consequences, and contribute less to improvement or have a positive\u00a0 effect on the work environment. Communication conflicts between nurses are detrimental to teamwork &#8211; negative confrontation between two sides, often revealing anger, not talking for\u00a0 a longer period, or personally standing out at the expense of the other side.<\/p>\n<p style=\"text-align: justify;\">\n<p style=\"text-align: justify;\"><strong>Keywords<\/strong>: management, conflict situations, nurses, clinical practice<\/p>\n<p style=\"text-align: justify;\"><a href=\"https:\/\/doi.org\/10.24141\/1\/9\/1\/3\">https:\/\/doi.org\/10.24141\/1\/9\/1\/3<\/a><\/p>\n<p><\/p>","protected":false},"excerpt":{"rendered":"<p>Conflict situation management in nursing clinical practice 1,2 Amer Ov\u010dina 1 Sadeta Begi\u0107 1 Ernela Eminovi\u0107 3 Emilija Hrapovi\u0107 3 Marijan Marjanovi\u0107 2 Vedran \u0110ido 2 Had\u017ean Konjo 2 Enisa \u0160ljivo 1 Klini\u010dki centar Univerziteta u Sarajevu 2 Univerzitet u Sarajevu \u2013 -Fakultet zdravstvenih studija 3 Sveu\u010dili\u0161te\/Univerzitet \u201c\u201eVITEZ\u201d Vitezu, Fakultet zdravstvenih studija Abstract Introduction: Conflicts [&hellip;]<\/p>\n","protected":false},"author":1,"featured_media":0,"parent":0,"menu_order":0,"comment_status":"closed","ping_status":"closed","template":"","meta":{"footnotes":""},"class_list":["post-1630","page","type-page","status-publish","hentry"],"_links":{"self":[{"href":"https:\/\/jahs.eu\/hr\/wp-json\/wp\/v2\/pages\/1630","targetHints":{"allow":["GET"]}}],"collection":[{"href":"https:\/\/jahs.eu\/hr\/wp-json\/wp\/v2\/pages"}],"about":[{"href":"https:\/\/jahs.eu\/hr\/wp-json\/wp\/v2\/types\/page"}],"author":[{"embeddable":true,"href":"https:\/\/jahs.eu\/hr\/wp-json\/wp\/v2\/users\/1"}],"replies":[{"embeddable":true,"href":"https:\/\/jahs.eu\/hr\/wp-json\/wp\/v2\/comments?post=1630"}],"version-history":[{"count":3,"href":"https:\/\/jahs.eu\/hr\/wp-json\/wp\/v2\/pages\/1630\/revisions"}],"predecessor-version":[{"id":1652,"href":"https:\/\/jahs.eu\/hr\/wp-json\/wp\/v2\/pages\/1630\/revisions\/1652"}],"wp:attachment":[{"href":"https:\/\/jahs.eu\/hr\/wp-json\/wp\/v2\/media?parent=1630"}],"curies":[{"name":"wp","href":"https:\/\/api.w.org\/{rel}","templated":true}]}}