{"id":1636,"date":"2023-03-22T10:14:16","date_gmt":"2023-03-22T09:14:16","guid":{"rendered":"https:\/\/jahs.eu\/?page_id=1636"},"modified":"2023-03-22T10:38:09","modified_gmt":"2023-03-22T09:38:09","slug":"ispitivanje-stavova-o-cijepljenju-u-zajednici","status":"publish","type":"page","link":"https:\/\/jahs.eu\/hr\/ispitivanje-stavova-o-cijepljenju-u-zajednici\/","title":{"rendered":"Ispitivanje stavova o cijepljenju u zajednici"},"content":{"rendered":"<p><\/p>\n<p style=\"text-align: center;\"><strong>Ispitivanje stavova o cijepljenju u zajednici<\/strong><\/p>\n<p><a href=\"https:\/\/jahs.eu\/wp-content\/uploads\/2023\/03\/05.pdf\" target=\"_blank\" rel=\"noopener\"><img loading=\"lazy\" decoding=\"async\" class=\"alignnone wp-image-832\" src=\"http:\/\/jahs.eu\/wp-content\/uploads\/2015\/04\/jahs100pdf.png\" alt=\"\" width=\"50\" height=\"50\" \/><\/a><\/p>\n<p>&nbsp;<\/p>\n<p>1 Ivana \u017divoder<br \/>\n1 Mihaela Kranj\u010devi\u0107-\u0160\u010duri\u0107<br \/>\n1 Leonarda Habijan<br \/>\n2 Mara \u017dupani\u0107<\/p>\n<p>1 Sveu\u010dili\u0161te Sjever, Sveu\u010dili\u0161ni centar Vara\u017edin, Odjel za sestrinstvo<br \/>\n2 Zdravstveno veleu\u010dili\u0161te Zagreb<\/p>\n<p style=\"text-align: justify;\">\n<p style=\"text-align: justify;\"><strong>Sa\u017eetak<\/strong><br \/>\nRazvoj cjepiva jedna je od najva\u017enijih prekretnica u povijesti medicine. Iako cijepljenje ubrajamo me\u0111u najsigurnije medicinske intervencije, prisutan je rizik nuspojava. Uglavnom su blage, no rijetko dolazi do razvoja ozbiljnih i te\u0161kih nuspojava koje mogu ostaviti trajne posljedice. Mi\u0161ljenja o cijepljenju podijeljena su od samih njegovih po\u010detaka, no posljednjih\u00a0 desetlje\u0107a sve se vi\u0161e raspravlja o ovoj temi. Odbijanje cijepljenja zbog zabrinutosti o njegovoj sigurnosti, opravdanosti, u\u010dinkovitosti i eti\u010dnosti dovodi do manjih cijepnih obuhvata, \u0161to\u00a0 otvara vrata epidemijama potisnutih bolesti. Cilj istra\u017eivanja bio je procijeniti percepciju i stavove o cijepljenju u zajednici. Istra\u017eivanje je provedeno putem interneta u periodu od srpnja\u00a0 do rujna 2017. te je prikupljeno 3929 odgovora. Rezultati su pokazali da 64,09% sudionika podr\u017eava cijepljenje i ima pozitivne stavove. MO-PA-RU i \u201e5u1\u201d cjepiva su koja izazivaju najvi\u0161e\u00a0 zabrinutosti kod sudionika. Negativnim stavovima prema cijepljenju su sklonije \u017eene, roditelji\/skrbnici, osobe u ruralnim sredinama te osobe s ni\u017eom razinom obrazovanja.<\/p>\n<p style=\"text-align: justify;\">\n<p style=\"text-align: justify;\"><strong>Klju\u010dne rije\u010di<\/strong>: cijepljenje, stavovi, istra\u017eivanje, zajednica, ispitanici<\/p>\n<p style=\"text-align: justify;\"><a href=\"https:\/\/doi.org\/10.24141\/1\/9\/1\/5\">https:\/\/doi.org\/10.24141\/1\/9\/1\/5<\/a><\/p>\n<p><\/p>","protected":false},"excerpt":{"rendered":"<p>Ispitivanje stavova o cijepljenju u zajednici &nbsp; 1 Ivana \u017divoder 1 Mihaela Kranj\u010devi\u0107-\u0160\u010duri\u0107 1 Leonarda Habijan 2 Mara \u017dupani\u0107 1 Sveu\u010dili\u0161te Sjever, Sveu\u010dili\u0161ni centar Vara\u017edin, Odjel za sestrinstvo 2 Zdravstveno veleu\u010dili\u0161te Zagreb Sa\u017eetak Razvoj cjepiva jedna je od najva\u017enijih prekretnica u povijesti medicine. Iako cijepljenje ubrajamo me\u0111u najsigurnije medicinske intervencije, prisutan je rizik nuspojava. Uglavnom [&hellip;]<\/p>\n","protected":false},"author":1,"featured_media":0,"parent":0,"menu_order":0,"comment_status":"closed","ping_status":"closed","template":"","meta":{"footnotes":""},"class_list":["post-1636","page","type-page","status-publish","hentry"],"_links":{"self":[{"href":"https:\/\/jahs.eu\/hr\/wp-json\/wp\/v2\/pages\/1636","targetHints":{"allow":["GET"]}}],"collection":[{"href":"https:\/\/jahs.eu\/hr\/wp-json\/wp\/v2\/pages"}],"about":[{"href":"https:\/\/jahs.eu\/hr\/wp-json\/wp\/v2\/types\/page"}],"author":[{"embeddable":true,"href":"https:\/\/jahs.eu\/hr\/wp-json\/wp\/v2\/users\/1"}],"replies":[{"embeddable":true,"href":"https:\/\/jahs.eu\/hr\/wp-json\/wp\/v2\/comments?post=1636"}],"version-history":[{"count":3,"href":"https:\/\/jahs.eu\/hr\/wp-json\/wp\/v2\/pages\/1636\/revisions"}],"predecessor-version":[{"id":1656,"href":"https:\/\/jahs.eu\/hr\/wp-json\/wp\/v2\/pages\/1636\/revisions\/1656"}],"wp:attachment":[{"href":"https:\/\/jahs.eu\/hr\/wp-json\/wp\/v2\/media?parent=1636"}],"curies":[{"name":"wp","href":"https:\/\/api.w.org\/{rel}","templated":true}]}}