{"id":1644,"date":"2023-03-22T10:30:47","date_gmt":"2023-03-22T09:30:47","guid":{"rendered":"https:\/\/jahs.eu\/?page_id=1644"},"modified":"2023-03-22T10:30:47","modified_gmt":"2023-03-22T09:30:47","slug":"infekcije-lokomotornog-sustava-pregledni-rad","status":"publish","type":"page","link":"https:\/\/jahs.eu\/hr\/infekcije-lokomotornog-sustava-pregledni-rad\/","title":{"rendered":"Infekcije lokomotornog sustava \u2013 pregledni rad"},"content":{"rendered":"<p><\/p>\n<p style=\"text-align: center;\"><strong>Infekcije lokomotornog sustava \u2013 <\/strong><strong>pregledni rad<\/strong><\/p>\n<p><a href=\"https:\/\/jahs.eu\/wp-content\/uploads\/2023\/03\/09.pdf\" target=\"_blank\" rel=\"noopener\"><img loading=\"lazy\" decoding=\"async\" class=\"alignnone wp-image-832\" src=\"http:\/\/jahs.eu\/wp-content\/uploads\/2015\/04\/jahs100pdf.png\" alt=\"\" width=\"50\" height=\"50\" \/><\/a><\/p>\n<p>1 Luka Matanovi\u0107<br \/>\n1 Ivan Mari\u0107<br \/>\n2 Josip Lojen<br \/>\n1,3,4,5 Miljenko Frani\u0107<br \/>\n6 Tomislav Ma\u0111arevi\u0107<\/p>\n<p>\u00b9 Zavod za ortopediju i traumatologiju, Klinika za kirurgiju, Klini\u010dka bolnica Dubrava, Zagreb, Hrvatska<br \/>\n\u00b2 Dom zdravlja Petrinja, Hrvatska<br \/>\n\u00b3 Zdravstveno veleu\u010dili\u0161te Zagreb, Hrvatska<br \/>\n\u2074 Medicinski fakultet Sveu\u010dili\u0161ta u Zagrebu, Hrvatska<br \/>\n\u2075 Medicinski fakultet Sveu\u010dili\u0161ta J.J. Strossmayer u Osijeku, Hrvatska<br \/>\n\u2076 Medicinski fakultet Sveu\u010dili\u0161ta u Rijeci, Hrvatska<\/p>\n<p>&nbsp;<\/p>\n<p style=\"text-align: justify;\"><strong>Sa\u017eetak<\/strong><br \/>\n<strong>Uvod<\/strong><\/p>\n<p style=\"text-align: justify;\">Infekcije lokomotornog sustava mogu se podijeliti u nekoliko osnovnih skupina ovisno o lokalizaciji, vremenu trajanja i prisutnosti stranog materijala. Kirur\u0161ke infekcije pove\u0107avaju\u00a0 morbiditet i mortalitet bolesnika, financijski tro\u0161ak lije\u010denja te predstavljaju golemi globalni javnozdravstveni problem. Lije\u010denje infekcija lokomotornog sustava mo\u017ee biti antibiotsko ili\u00a0 kirur\u0161ko, a naj\u010de\u0161\u0107e je potrebno kombinirati ove dvije metode.<\/p>\n<p style=\"text-align: justify;\"><strong>Cilj rada<\/strong><\/p>\n<p style=\"text-align: justify;\">Cilj je ovog rada dati pregled infekcija lokomotornog sustava s kojima se susre\u0107u ortopedi i traumatolozi u svojem radu, uz pregled suvremene literature dostupne na ovu temu.<\/p>\n<p style=\"text-align: justify;\"><strong>Rasprava<\/strong><\/p>\n<p style=\"text-align: justify;\">U raspravi su prikazane sve infekcije lokomotornog sustava i za svaku su opisane klini\u010dka slika, dijagnostika i suvremene opcije lije\u010denja.<\/p>\n<p style=\"text-align: justify;\"><strong>Zaklju\u010dak<\/strong><\/p>\n<p style=\"text-align: justify;\">Mo\u017eemo zaklju\u010diti da su sve infekcije mi\u0161i\u0107no-ko\u0161tanog sustava potencijalno vrlo te\u0161ka stanja koja, ako se na vrijeme ne prepoznaju i ne lije\u010de, mogu zavr\u0161iti trajnom invalidno\u0161\u0107u,\u00a0 daljnjim hematogenim \u0161irenjem bakterija i razvojem sepse, pa \u010dak i smr\u0107u bolesnika.<\/p>\n<p style=\"text-align: justify;\"><strong>Klju\u010dne rije\u010di:<\/strong> infekcije, komplikacije, lije\u010denje, lokomotorni sustav, ortopedske operacije<\/p>\n<p style=\"text-align: justify;\"><a href=\"https:\/\/doi.org\/10.24141\/1\/9\/1\/9\">https:\/\/doi.org\/10.24141\/1\/9\/1\/9<\/a><\/p>\n<p><\/p>","protected":false},"excerpt":{"rendered":"<p>Infekcije lokomotornog sustava \u2013 pregledni rad 1 Luka Matanovi\u0107 1 Ivan Mari\u0107 2 Josip Lojen 1,3,4,5 Miljenko Frani\u0107 6 Tomislav Ma\u0111arevi\u0107 \u00b9 Zavod za ortopediju i traumatologiju, Klinika za kirurgiju, Klini\u010dka bolnica Dubrava, Zagreb, Hrvatska \u00b2 Dom zdravlja Petrinja, Hrvatska \u00b3 Zdravstveno veleu\u010dili\u0161te Zagreb, Hrvatska \u2074 Medicinski fakultet Sveu\u010dili\u0161ta u Zagrebu, Hrvatska \u2075 Medicinski fakultet [&hellip;]<\/p>\n","protected":false},"author":1,"featured_media":0,"parent":0,"menu_order":0,"comment_status":"closed","ping_status":"closed","template":"","meta":{"footnotes":""},"class_list":["post-1644","page","type-page","status-publish","hentry"],"_links":{"self":[{"href":"https:\/\/jahs.eu\/hr\/wp-json\/wp\/v2\/pages\/1644","targetHints":{"allow":["GET"]}}],"collection":[{"href":"https:\/\/jahs.eu\/hr\/wp-json\/wp\/v2\/pages"}],"about":[{"href":"https:\/\/jahs.eu\/hr\/wp-json\/wp\/v2\/types\/page"}],"author":[{"embeddable":true,"href":"https:\/\/jahs.eu\/hr\/wp-json\/wp\/v2\/users\/1"}],"replies":[{"embeddable":true,"href":"https:\/\/jahs.eu\/hr\/wp-json\/wp\/v2\/comments?post=1644"}],"version-history":[{"count":1,"href":"https:\/\/jahs.eu\/hr\/wp-json\/wp\/v2\/pages\/1644\/revisions"}],"predecessor-version":[{"id":1645,"href":"https:\/\/jahs.eu\/hr\/wp-json\/wp\/v2\/pages\/1644\/revisions\/1645"}],"wp:attachment":[{"href":"https:\/\/jahs.eu\/hr\/wp-json\/wp\/v2\/media?parent=1644"}],"curies":[{"name":"wp","href":"https:\/\/api.w.org\/{rel}","templated":true}]}}