{"id":1667,"date":"2024-01-04T08:26:21","date_gmt":"2024-01-04T07:26:21","guid":{"rendered":"https:\/\/jahs.eu\/?page_id=1667"},"modified":"2024-01-04T09:45:48","modified_gmt":"2024-01-04T08:45:48","slug":"volume-9-number-2-december-2023","status":"publish","type":"page","link":"https:\/\/jahs.eu\/hr\/volume-9-number-2-december-2023\/","title":{"rendered":"Volume: 9; Number: 2; December 2023"},"content":{"rendered":"<h3 style=\"text-align: center;\"><strong>Volume: 9; Number: 2; December 2023<\/strong><\/h3>\n<p><a href=\"https:\/\/jahs.eu\/wp-content\/uploads\/2024\/01\/JAHS18.pdf\" target=\"_blank\" rel=\"noopener\"><img loading=\"lazy\" decoding=\"async\" class=\"alignnone wp-image-832\" src=\"http:\/\/jahs.eu\/wp-content\/uploads\/2015\/04\/jahs100pdf.png\" alt=\"\" width=\"50\" height=\"50\" \/><\/a><\/p>\n<p>&nbsp;<\/p>\n<ul>\n<li><strong>DIMAS SKAM JOSEPH, CHRISTOPHER CHUKWUEMEKA OHAGWU, ANTHONY CHUKWUKA UGWU, DLAMA ZIRA JOSEPH, ELISHA JOSEPH,<\/strong><br \/>\n<strong>JOHN MSHELIA HASSAN, PETER I. OBIAKO, NUHU USMAN<\/strong><\/li>\n<\/ul>\n<p><a href=\"https:\/\/jahs.eu\/volume-9-number-2-december-2023\/veza-izmedu-sociodemografskih-pokazatelja-i-ct-dijagnosticiranih-uzroka-napadaja-u-drzavi-katsina-nigerija\/\">Veza izme\u0111u sociodemografskih pokazatelja i CT-dijagnosticiranih uzroka napadaja u dr\u017eavi Katsina, Nigerija<\/a><\/p>\n<p><a href=\"https:\/\/jahs.eu\/volume-9-number-2-december-2023\/veza-izmedu-sociodemografskih-pokazatelja-i-ct-dijagnosticiranih-uzroka-napadaja-u-drzavi-katsina-nigerija\/\">Relationship between Sociodemographic Indices and CT-Diagnosed Aetiologies of Seizure in Katsina State, Nigeria<\/a><\/p>\n<p>&nbsp;<\/p>\n<ul>\n<li><strong>DARKO TOMI\u0106, IVANA STOJAK, VESNA MAJHER TOMI\u0106, TEA MARI\u0106, MARIJA TOPALOVI\u0106<\/strong><\/li>\n<\/ul>\n<p><a href=\"https:\/\/jahs.eu\/volume-9-number-2-december-2023\/usporedba-dijagnosticke-vrijednosti-kompjuterizirane-tomografije-i-magnetske-rezonancije-schmorlove-hernije-kod-mladih-osoba\/\">Usporedba dijagnosti\u010dke vrijednosti kompjuterizirane tomografije i magnetske rezonancije Schmorlove hernije kod mladih osoba<\/a><\/p>\n<p><a href=\"https:\/\/jahs.eu\/volume-9-number-2-december-2023\/usporedba-dijagnosticke-vrijednosti-kompjuterizirane-tomografije-i-magnetske-rezonancije-schmorlove-hernije-kod-mladih-osoba\/\">Comparison of the Diagnostic Value of Computed Tomography and Magnetic Resonance Imaging of Schmorl\u2019s Hernia in Young People<\/a><\/p>\n<p>&nbsp;<\/p>\n<ul>\n<li><strong>JASMINKA GAGULA, ANA KATU\u0160I\u0106<\/strong><\/li>\n<\/ul>\n<p><a href=\"https:\/\/jahs.eu\/volume-9-number-2-december-2023\/kvaliteta-pokreta-vrpoljenja-i-motoricki-ishod-u-drugoj-godini-zivota-kod-prijevremeno-rodene-djece-s-perinatalnom-ozljedom-mozga\/\">Kvaliteta pokreta vrpoljenja i motori\u010dki ishod u drugoj godini \u017eivota kod prijevremeno ro\u0111ene djece s perinatalnom ozljedom mozga<\/a><\/p>\n<p><a href=\"https:\/\/jahs.eu\/volume-9-number-2-december-2023\/kvaliteta-pokreta-vrpoljenja-i-motoricki-ishod-u-drugoj-godini-zivota-kod-prijevremeno-rodene-djece-s-perinatalnom-ozljedom-mozga\/\">The Quality of Fidgety Movements and Motor Outcome at 2 Years of Age in Preterm Born Children with Perinatal Brain Injury<\/a><\/p>\n<p>&nbsp;<\/p>\n<ul>\n<li><strong>DORA GRGI\u0106, DALIBOR KISELJAK, IVAN UGARKOVI\u0106, NIKOLINO \u017dURA<\/strong><\/li>\n<\/ul>\n<p><a href=\"https:\/\/jahs.eu\/hr\/volume-9-number-2-december-2023\/atletske-discipline-sprinta-nakon-amputacije-donjeg-ekstremiteta\/\">Atletske discipline sprinta nakon amputacije donjeg ekstremiteta<\/a><\/p>\n<p><a href=\"https:\/\/jahs.eu\/hr\/volume-9-number-2-december-2023\/atletske-discipline-sprinta-nakon-amputacije-donjeg-ekstremiteta\/\">Athletic Disciplines of Sprinting after Lower Extremity Amputation<\/a><\/p>\n<p>&nbsp;<\/p>\n<ul>\n<li><strong>SABRINA TANTULA, AMER OV\u010cINA, ARZIJA PA\u0160ALI\u0106, SUADA BRANKOVI\u0106, JASMINA MAHMUTOVI\u0106, HAMID PALALI\u0106<\/strong><\/li>\n<\/ul>\n<p><a href=\"https:\/\/jahs.eu\/hr\/volume-9-number-2-december-2023\/utjecaj-dobrih-komunikacijskih-vjestina-nadredenih-na-radne-procese\/\">Utjecaj dobrih komunikacijskih vje\u0161tina nadre\u0111enih na radne procese<\/a><\/p>\n<p><a href=\"https:\/\/jahs.eu\/hr\/volume-9-number-2-december-2023\/utjecaj-dobrih-komunikacijskih-vjestina-nadredenih-na-radne-procese\/\">Influence of Managers\u2019 Good Communication Skills on Work Processes<\/a><\/p>\n<p>&nbsp;<\/p>\n<ul>\n<li><strong>ANITA \u0160ANTOR, OLIVERA PETRAK<\/strong><\/li>\n<\/ul>\n<p><a href=\"https:\/\/jahs.eu\/hr\/volume-9-number-2-december-2023\/emocionalno-stanje-pacijenata-prije-i-nakon-operacije-kuka\/\">Emocionalno stanje pacijenata prije i nakon operacije kuka<\/a><\/p>\n<p><a href=\"https:\/\/jahs.eu\/hr\/volume-9-number-2-december-2023\/emocionalno-stanje-pacijenata-prije-i-nakon-operacije-kuka\/\">Emotional State of Patients before and after Hip Surgery<\/a><\/p>\n<p>&nbsp;<\/p>\n<ul>\n<li><strong>ADMIR DILBEROVI\u0106, ANA STANI\u0106<\/strong><\/li>\n<\/ul>\n<p><a href=\"https:\/\/jahs.eu\/hr\/volume-9-number-2-december-2023\/dijagnosticka-vaznost-troponina-u-akutnom-infarktu-miokarda\/\">Dijagnosti\u010dka va\u017enost troponina u akutnom infarktu miokarda<\/a><\/p>\n<p><a href=\"https:\/\/jahs.eu\/hr\/volume-9-number-2-december-2023\/dijagnosticka-vaznost-troponina-u-akutnom-infarktu-miokarda\/\">Diagnostic Significance of Troponin in Acute Myocardial Infarction<\/a><\/p>\n<p>&nbsp;<\/p>\n<ul>\n<li><strong>IVA TAK\u0160I\u0106, MELITA RUKAVINA, MORANA RADMAN<\/strong><\/li>\n<\/ul>\n<p><a href=\"https:\/\/jahs.eu\/hr\/volume-9-number-2-december-2023\/odrednice-stavova-prema-homoseksualnim-osobama-kod-studenata-zdravstvenih-studija\/\">Odrednice stavova prema homoseksualnim osobama kod studenata zdravstvenih studija<\/a><\/p>\n<p><a href=\"https:\/\/jahs.eu\/hr\/volume-9-number-2-december-2023\/odrednice-stavova-prema-homoseksualnim-osobama-kod-studenata-zdravstvenih-studija\/\">Attitude Determinants towards Homosexuals in Healthcare Students<\/a><\/p>\n<p>&nbsp;<\/p>\n<ul>\n<li><strong>DAVOR DUI\u0106, ANDREJA BARTOLAC, KSENIJA BA\u017dDARI\u0106<\/strong><\/li>\n<\/ul>\n<p><a href=\"https:\/\/jahs.eu\/hr\/volume-9-number-2-december-2023\/ispitivanje-povezanosti-terapije-ayres-senzoricke-integracije-asi-uz-terapijskog-psa-aat-i-stupnja-potrebne-podrske-djetetu-prema-medunarodnoj-klasifikaciji-funkcioniranja-onesposobljenosti\/\">Ispitivanje povezanosti terapije Ayres senzori\u010dke integracije (ASI\u00ae) uz terapijskog psa (AAT) i stupnja potrebne podr\u0161ke djetetu prema Me\u0111unarodnoj klasifikaciji funkcioniranja, onesposobljenosti i zdravlja (MKF)<\/a><\/p>\n<p><a href=\"https:\/\/jahs.eu\/hr\/volume-9-number-2-december-2023\/ispitivanje-povezanosti-terapije-ayres-senzoricke-integracije-asi-uz-terapijskog-psa-aat-i-stupnja-potrebne-podrske-djetetu-prema-medunarodnoj-klasifikaciji-funkcioniranja-onesposobljenosti\/\">Examining the Association of Ayres Sensory Integration Therapy (ASI) with Therapy Dogs (AAT) and the Level of Support a Child Needs According to the International Classification of Functioning, Disability and Health (ICF)<\/a><\/p>\n<p>&nbsp;<\/p>\n<ul>\n<li><strong>ANDREJA BARTOLAC<\/strong><\/li>\n<\/ul>\n<p><a href=\"https:\/\/jahs.eu\/volume-9-number-2-december-2023\/mogu-li-intervencije-temeljene-na-mindfulnessu-mbi-osnaziti-mentalno-zdravlje-i-dobrobit-zdravstvenih-radnika-pregled-novijih-istrazivanja\/\">Mogu li intervencije temeljene na mindfulnessu (MBI) osna\u017eiti mentalno zdravlje i dobrobit zdravstvenih radnika? Pregled novijih istra\u017eivanja<\/a><\/p>\n<p><a href=\"https:\/\/jahs.eu\/volume-9-number-2-december-2023\/mogu-li-intervencije-temeljene-na-mindfulnessu-mbi-osnaziti-mentalno-zdravlje-i-dobrobit-zdravstvenih-radnika-pregled-novijih-istrazivanja\/\">Can Mindfulness-Based Interventions (MBI) Support the Mental Health and Well-Being of Healthcare Workers? Overview of Recent Research<\/a><\/p>\n<p>&nbsp;<\/p>\n<ul>\n<li><strong>IVA LON\u010cARI\u0106 KELE\u010cI\u0106<\/strong><\/li>\n<\/ul>\n<p><a href=\"https:\/\/jahs.eu\/volume-9-number-2-december-2023\/the-effectiveness-of-extracorporeal-shockwave-therapy-in-the-treatment-of-chronic-low-back-pain-a-systematic-review\/\">The Effectiveness of Extracorporeal Shockwave Therapy in the Treatment of Chronic Low Back Pain: A Systematic Review<\/a><\/p>\n<p><a href=\"https:\/\/jahs.eu\/volume-9-number-2-december-2023\/the-effectiveness-of-extracorporeal-shockwave-therapy-in-the-treatment-of-chronic-low-back-pain-a-systematic-review\/\">U\u010dinkovitost izvantjelesne terapije udarnim valom u lije\u010denju kroni\u010dne kri\u017eobolje: Sustavni pregled literature<\/a><\/p>\n<p>&nbsp;<\/p>\n<ul>\n<li><strong>ANDREJA TURSI\u0106, ALEKSANDAR RACZ<\/strong><\/li>\n<\/ul>\n<p><a href=\"https:\/\/jahs.eu\/volume-9-number-2-december-2023\/podobrazovanost-pripadnika-romske-nacionalne-manjine-i-razlozi-odustajanja-od-skolovanja\/\">Podobrazovanost pripadnika romske nacionalne manjine i razlozi odustajanja od \u0161kolovanja<\/a><\/p>\n<p><a href=\"https:\/\/jahs.eu\/volume-9-number-2-december-2023\/podobrazovanost-pripadnika-romske-nacionalne-manjine-i-razlozi-odustajanja-od-skolovanja\/\">Undereducation of Members of the Roma National Minority and Reasons School Dropout<\/a><\/p>\n<p>&nbsp;<\/p>\n<ul>\n<li><strong>AN\u0110ELA STRUJI\u0106, IVNA KOCIJAN<\/strong><\/li>\n<\/ul>\n<p><a href=\"https:\/\/jahs.eu\/volume-9-number-2-december-2023\/chromosomal-deletion-syndromes-common-types-causes-and-detection-methods\/\">Chromosomal Deletion Syndromes: Common Types, Causes and Detection Methods<\/a><\/p>\n<p><a href=\"https:\/\/jahs.eu\/volume-9-number-2-december-2023\/chromosomal-deletion-syndromes-common-types-causes-and-detection-methods\/\">Sindromi kromosomskih delecija: u\u010destali tipovi, uzroci i metode detekcije<\/a><\/p>\n<p>&nbsp;<\/p>\n<ul>\n<li><strong>TENA VENUS<\/strong><\/li>\n<\/ul>\n<p><a href=\"https:\/\/jahs.eu\/hr\/volume-9-number-2-december-2023\/model-povecanja-dostupnosti-zdravstvene-skrbi-cijepljenjem-osjetljivih-skupina-stanovnistva-viroviticko-podravske-zupanije-tijekom-pandemije-bolesti-covid-19\/\">Model pove\u0107anja dostupnosti zdravstvene skrbi cijepljenjem osjetljivih skupina stanovni\u0161tva Viroviti\u010dko-podravske \u017eupanije tijekom pandemije bolesti COVID-19<\/a><\/p>\n<p><a href=\"https:\/\/jahs.eu\/hr\/volume-9-number-2-december-2023\/model-povecanja-dostupnosti-zdravstvene-skrbi-cijepljenjem-osjetljivih-skupina-stanovnistva-viroviticko-podravske-zupanije-tijekom-pandemije-bolesti-covid-19\/\">Innovative Models of Vaccination for Increasing Availability of Health Care Needs of Vulnerable Populations of Virovitica-Podravina County during COVID-19 Pandemic<\/a><\/p>\n","protected":false},"excerpt":{"rendered":"<p>Volume: 9; Number: 2; December 2023 &nbsp; DIMAS SKAM JOSEPH, CHRISTOPHER CHUKWUEMEKA OHAGWU, ANTHONY CHUKWUKA UGWU, DLAMA ZIRA JOSEPH, ELISHA JOSEPH, JOHN MSHELIA HASSAN, PETER I. OBIAKO, NUHU USMAN Veza izme\u0111u sociodemografskih pokazatelja i CT-dijagnosticiranih uzroka napadaja u dr\u017eavi Katsina, Nigerija Relationship between Sociodemographic Indices and CT-Diagnosed Aetiologies of Seizure in Katsina State, Nigeria &nbsp; [&hellip;]<\/p>\n","protected":false},"author":1,"featured_media":0,"parent":0,"menu_order":0,"comment_status":"closed","ping_status":"closed","template":"","meta":{"footnotes":""},"class_list":["post-1667","page","type-page","status-publish","hentry"],"_links":{"self":[{"href":"https:\/\/jahs.eu\/hr\/wp-json\/wp\/v2\/pages\/1667","targetHints":{"allow":["GET"]}}],"collection":[{"href":"https:\/\/jahs.eu\/hr\/wp-json\/wp\/v2\/pages"}],"about":[{"href":"https:\/\/jahs.eu\/hr\/wp-json\/wp\/v2\/types\/page"}],"author":[{"embeddable":true,"href":"https:\/\/jahs.eu\/hr\/wp-json\/wp\/v2\/users\/1"}],"replies":[{"embeddable":true,"href":"https:\/\/jahs.eu\/hr\/wp-json\/wp\/v2\/comments?post=1667"}],"version-history":[{"count":3,"href":"https:\/\/jahs.eu\/hr\/wp-json\/wp\/v2\/pages\/1667\/revisions"}],"predecessor-version":[{"id":1733,"href":"https:\/\/jahs.eu\/hr\/wp-json\/wp\/v2\/pages\/1667\/revisions\/1733"}],"wp:attachment":[{"href":"https:\/\/jahs.eu\/hr\/wp-json\/wp\/v2\/media?parent=1667"}],"curies":[{"name":"wp","href":"https:\/\/api.w.org\/{rel}","templated":true}]}}