{"id":1692,"date":"2024-01-04T08:50:43","date_gmt":"2024-01-04T07:50:43","guid":{"rendered":"https:\/\/jahs.eu\/?page_id=1692"},"modified":"2024-01-04T09:47:22","modified_gmt":"2024-01-04T08:47:22","slug":"usporedba-dijagnosticke-vrijednosti-kompjuterizirane-tomografije-i-magnetske-rezonancije-schmorlove-hernije-kod-mladih-osoba","status":"publish","type":"page","link":"https:\/\/jahs.eu\/hr\/volume-9-number-2-december-2023\/usporedba-dijagnosticke-vrijednosti-kompjuterizirane-tomografije-i-magnetske-rezonancije-schmorlove-hernije-kod-mladih-osoba\/","title":{"rendered":"Usporedba dijagnosti\u010dke vrijednosti kompjuterizirane tomografije i magnetske rezonancije Schmorlove hernije kod mladih osoba"},"content":{"rendered":"<p style=\"text-align: center;\"><strong>Usporedba dijagnosti\u010dke vrijednosti kompjuterizirane tomografije i magnetske rezonancije Schmorlove hernije kod mladih osoba<\/strong><\/p>\n<p><a href=\"https:\/\/jahs.eu\/wp-content\/uploads\/2024\/01\/02.pdf\" target=\"_blank\" rel=\"noopener\"><img loading=\"lazy\" decoding=\"async\" class=\"alignnone wp-image-832\" src=\"http:\/\/jahs.eu\/wp-content\/uploads\/2015\/04\/jahs100pdf.png\" alt=\"\" width=\"50\" height=\"50\" \/><\/a><\/p>\n<p style=\"text-align: justify;\">1, 2 Darko Tomi\u0107<br \/>\n1 Ivana Stojak<br \/>\n2 Vesna Majher Tomi\u0107<br \/>\n1 Tea Mari\u0107<br \/>\n1 Marija Topalovi\u0107<br \/>\n1 Fakultet zdravstvenih studija Sveu\u010dili\u0161ta u Mostaru, Bosna i Hercegovina<br \/>\n2 Hrvatska bolnica \u201eDr. fra Mato Nikoli\u0107\u201d, Nova Bila, Bosna i Hercegovina<\/p>\n<p style=\"text-align: justify;\">Sa\u017eetak<br \/>\nUvod: Schmorlove hernije su \u010desto dijagnosticirane degenerativne promjene kralje\u017eaka koje se javljaju kod mladih osoba. U dijagnostici Schmorlove hernije naj\u010de\u0161\u0107e se primjenjuju\u00a0 metode kompjuterizirana tomografija (CT) i magnetska rezonancija (MR). Oba modaliteta pru\u017eaju detaljne informacije o strukturi i stanju kralje\u017eaka, ali se razlikuju po principu rada i\u00a0 karakteristikama slike koje generiraju uz svoje prednosti i ograni\u010denja.<\/p>\n<p style=\"text-align: justify;\">Materijal i metode: Istra\u017eivanje Schmorlovih hernija kod mladih osoba, s fokusom na usporedbu dijagnosti\u010dke vrijednosti kompjuterizirane tomografije i magnetske rezonancije,\u00a0 provedeno je u Zavodu za radiologiju Sveu\u010dili\u0161ne klini\u010dke bolnice Mostar.<\/p>\n<p style=\"text-align: justify;\">Rezultati: Rezultati istra\u017eivanja pokazali su da je najmla\u0111i ispitanik imao 14 godina, a najstariji 89 godina. Ispitanika mla\u0111ih od 45 godina bilo je 27 % u ukupnom broju ispitanika. U na\u0161em\u00a0 istra\u017eivanju bilo je vi\u0161e ispitanika mu\u0161kog spola, njih 57 %. Znatno je vi\u0161e ispitanika imalo nalaz MR-a, njih 64 %, dok je ispitanika s nalazom MSCT-a bilo 36 %. Kod pretrage MSCT\u00a0 naj\u010de\u0161\u0107e je nalaz Schmorlove hernije bio u torakalnoj regiji, 42 %. Za razliku od MSCT-a, kod MR-a su se pojavile diskretne promjene na pokrovnim plohama (10 %).<\/p>\n<p style=\"text-align: justify;\">Zaklju\u010dak: Odabir izme\u0111u CT-a i MR-a ovisit \u0107e o klini\u010dkim okolnostima, dostupnosti i ciljevima dijagnosti\u010dkog postupka. Va\u017eno je individualno prilagoditi dijagnosti\u010dki pristup svakom\u00a0 pacijentu kako bi se postigla optimalna dijagnosti\u010dka to\u010dnost i donijele informirane odluke o lije\u010denju.<\/p>\n<p style=\"text-align: justify;\">Klju\u010dne rije\u010di: kompjuterizirana tomografija, magnetska rezonancija, Schmorlova hernija<\/p>\n<p style=\"text-align: justify;\"><a href=\"https:\/\/doi.org\/10.24141\/1\/9\/2\/2\">https:\/\/doi.org\/10.24141\/1\/9\/2\/2<\/a><\/p>\n","protected":false},"excerpt":{"rendered":"<p>Usporedba dijagnosti\u010dke vrijednosti kompjuterizirane tomografije i magnetske rezonancije Schmorlove hernije kod mladih osoba 1, 2 Darko Tomi\u0107 1 Ivana Stojak 2 Vesna Majher Tomi\u0107 1 Tea Mari\u0107 1 Marija Topalovi\u0107 1 Fakultet zdravstvenih studija Sveu\u010dili\u0161ta u Mostaru, Bosna i Hercegovina 2 Hrvatska bolnica \u201eDr. fra Mato Nikoli\u0107\u201d, Nova Bila, Bosna i Hercegovina Sa\u017eetak Uvod: Schmorlove [&hellip;]<\/p>\n","protected":false},"author":1,"featured_media":0,"parent":1667,"menu_order":0,"comment_status":"closed","ping_status":"closed","template":"","meta":{"footnotes":""},"class_list":["post-1692","page","type-page","status-publish","hentry"],"_links":{"self":[{"href":"https:\/\/jahs.eu\/hr\/wp-json\/wp\/v2\/pages\/1692","targetHints":{"allow":["GET"]}}],"collection":[{"href":"https:\/\/jahs.eu\/hr\/wp-json\/wp\/v2\/pages"}],"about":[{"href":"https:\/\/jahs.eu\/hr\/wp-json\/wp\/v2\/types\/page"}],"author":[{"embeddable":true,"href":"https:\/\/jahs.eu\/hr\/wp-json\/wp\/v2\/users\/1"}],"replies":[{"embeddable":true,"href":"https:\/\/jahs.eu\/hr\/wp-json\/wp\/v2\/comments?post=1692"}],"version-history":[{"count":3,"href":"https:\/\/jahs.eu\/hr\/wp-json\/wp\/v2\/pages\/1692\/revisions"}],"predecessor-version":[{"id":1735,"href":"https:\/\/jahs.eu\/hr\/wp-json\/wp\/v2\/pages\/1692\/revisions\/1735"}],"up":[{"embeddable":true,"href":"https:\/\/jahs.eu\/hr\/wp-json\/wp\/v2\/pages\/1667"}],"wp:attachment":[{"href":"https:\/\/jahs.eu\/hr\/wp-json\/wp\/v2\/media?parent=1692"}],"curies":[{"name":"wp","href":"https:\/\/api.w.org\/{rel}","templated":true}]}}