{"id":17,"date":"2015-04-02T09:33:19","date_gmt":"2015-04-02T07:33:19","guid":{"rendered":"http:\/\/jahs.eu\/?page_id=17"},"modified":"2017-11-30T17:26:43","modified_gmt":"2017-11-30T16:26:43","slug":"contact","status":"publish","type":"page","link":"https:\/\/jahs.eu\/hr\/contact\/","title":{"rendered":"Kontakt"},"content":{"rendered":"<p><strong>Kontakt<\/strong><br \/>\nZdravstveno veleu\u010dili\u0161te,<br \/>\nMlinarska cesta 38, 10 000 Zagreb,<br \/>\nHrvatska<br \/>\n<a title=\"http:\/\/www.zvu.hr\" href=\"http:\/\/www.zvu.hr\" target=\"_blank\">http:\/\/www.zvu.hr<\/a><\/p>\n<p><strong>Uredni\u0161tvo \u010casopisa za primijenjene zdravstvene znanosti<\/strong><br \/>\nE-mail: <a href=\"mailto:jahs@jahs.eu\">jahs@jahs.eu<\/a>,<br \/>\nTelefon: 385 1 5495 950<\/p>\n<p><strong>Glavni urednik: Aleksandar Racz<\/strong><br \/>\ne-mail: <a href=\"mailto:Aleksandar.Racz@jahs.eu\">Aleksandar.Racz@jahs.eu <\/a><\/p>\n<p><strong>Zamjenik glavnog urednika: Damir Lu\u010danin<\/strong><br \/>\ne-mail: <a href=\"mailto:Damir.Lucanin@jahs.eu\">Damir.Lucanin@jahs.eu<\/a><\/p>\n<p><strong>Za web stranicu \u010dasopisa upite i prijedloge mo\u017eete poslati na:<\/strong><br \/>\ne-mail: <a title=\"web@jahs.eu\" href=\"mailto:web@jahs.eu\">web@jahs.eu<\/a><\/p>","protected":false},"excerpt":{"rendered":"<p>Kontakt Zdravstveno veleu\u010dili\u0161te, Mlinarska cesta 38, 10 000 Zagreb, Hrvatska http:\/\/www.zvu.hr Uredni\u0161tvo \u010casopisa za primijenjene zdravstvene znanosti E-mail: jahs@jahs.eu, Telefon: 385 1 5495 950 Glavni urednik: Aleksandar Racz e-mail: Aleksandar.Racz@jahs.eu Zamjenik glavnog urednika: Damir Lu\u010danin e-mail: Damir.Lucanin@jahs.eu Za web stranicu \u010dasopisa upite i prijedloge mo\u017eete poslati na: e-mail: web@jahs.eu<\/p>\n","protected":false},"author":1,"featured_media":0,"parent":0,"menu_order":0,"comment_status":"closed","ping_status":"open","template":"","meta":{"footnotes":""},"class_list":["post-17","page","type-page","status-publish","hentry"],"_links":{"self":[{"href":"https:\/\/jahs.eu\/hr\/wp-json\/wp\/v2\/pages\/17","targetHints":{"allow":["GET"]}}],"collection":[{"href":"https:\/\/jahs.eu\/hr\/wp-json\/wp\/v2\/pages"}],"about":[{"href":"https:\/\/jahs.eu\/hr\/wp-json\/wp\/v2\/types\/page"}],"author":[{"embeddable":true,"href":"https:\/\/jahs.eu\/hr\/wp-json\/wp\/v2\/users\/1"}],"replies":[{"embeddable":true,"href":"https:\/\/jahs.eu\/hr\/wp-json\/wp\/v2\/comments?post=17"}],"version-history":[{"count":10,"href":"https:\/\/jahs.eu\/hr\/wp-json\/wp\/v2\/pages\/17\/revisions"}],"predecessor-version":[{"id":322,"href":"https:\/\/jahs.eu\/hr\/wp-json\/wp\/v2\/pages\/17\/revisions\/322"}],"wp:attachment":[{"href":"https:\/\/jahs.eu\/hr\/wp-json\/wp\/v2\/media?parent=17"}],"curies":[{"name":"wp","href":"https:\/\/api.w.org\/{rel}","templated":true}]}}