{"id":1700,"date":"2024-01-04T09:20:23","date_gmt":"2024-01-04T08:20:23","guid":{"rendered":"https:\/\/jahs.eu\/?page_id=1700"},"modified":"2024-01-04T09:20:23","modified_gmt":"2024-01-04T08:20:23","slug":"emocionalno-stanje-pacijenata-prije-i-nakon-operacije-kuka","status":"publish","type":"page","link":"https:\/\/jahs.eu\/hr\/volume-9-number-2-december-2023\/emocionalno-stanje-pacijenata-prije-i-nakon-operacije-kuka\/","title":{"rendered":"Emocionalno stanje pacijenata prije i nakon operacije kuka"},"content":{"rendered":"<p style=\"text-align: center;\"><strong>Emocionalno stanje pacijenata prije i nakon operacije kuka<\/strong><\/p>\n<p><a href=\"https:\/\/jahs.eu\/wp-content\/uploads\/2024\/01\/06.pdf\" target=\"_blank\" rel=\"noopener\"><img loading=\"lazy\" decoding=\"async\" class=\"alignnone wp-image-832\" src=\"http:\/\/jahs.eu\/wp-content\/uploads\/2015\/04\/jahs100pdf.png\" alt=\"\" width=\"50\" height=\"50\" \/><\/a><\/p>\n<p style=\"text-align: justify;\">1 Anita \u0160antor<br \/>\n1 Olivera Petrak<\/p>\n<p style=\"text-align: justify;\">\n1 Zdravstveno veleu\u010dili\u0161te u Zagrebu<\/p>\n<p style=\"text-align: justify;\">\nSa\u017eetak<br \/>\nUgradnja totalne endoproteze kuka (TEP) jedna je od naj\u010de\u0161\u0107ih operacija u ortopedskoj kirurgiji. Rije\u010d je o slo\u017eenom operacijskom zahvatu koji zahtijeva dugotrajan oporavak. Neugodne\u00a0 emocije mogu usporiti oporavak i ote\u017eati prilagodbu pacijenata te je va\u017eno znati u kojoj su mjeri neugodna emocionalna stanja poput depresije, anksioznosti i stresa prisutna kod\u00a0 pacijenata. Stoga je cilj ovoga istra\u017eivanja bio utvrditi u\u010destalost pojave anksioznosti, depresije i stresa kod pacijenata prije i nakon ugradnje totalne endoproteze kuka. Zanimalo nas je i\u00a0 kakav je odnos promatranih emocionalnih stanja s nekim sociodemografskim obilje\u017ejima. Primijenjen je upitnik koji uklju\u010duje osnovne sociodemografske podatke ispitanika te Skala\u00a0 epresije, anksioznosti i stresa (DASS-S). Uzorak od 50 ispitanika obaju spolova bio je prigodnog tipa, prosje\u010dne dobi 69 godina. Istra\u017eivanje je provedeno dvokratno za vrijeme boravka\u00a0 acijenata u bolnici, dan prije operacije i drugi dan nakon operacije kuka. Prije operacije emocionalno stanje pacijenata bilo je vrlo neugodno, osobito stres. Nakon operacije do\u0161lo je do\u00a0 izrazitog, statisti\u010dki zna\u010dajnog smanjenja svih triju neugodnih emocija, \u0161to ukazuje na pobolj\u0161anje emocionalnog stanja pacijenata nakon operacije u odnosu na stanje prije. Osobe koje\u00a0 imaju samo osnovno\u0161kolsko obrazovanje zna\u010dajno su starije od ostalih te imaju zna\u010dajno izrazitiju depresivnost nakon operacije. Korelacije su pokazale da s pove\u0107anjem dobi pacijenata,\u00a0 raste i anksioznost, i to u obje to\u010dke mjerenja, te je i razina depresivnog raspolo\u017eenja izrazitija. Po spolu, bra\u010dnom statusu, kao ni po tome imaju li ispitanici djece nije\u00a0 dobivena statisti\u010dki zna\u010dajna razlika.<\/p>\n<p style=\"text-align: justify;\">Klju\u010dne rije\u010di: kuk, depresija, anksioznost, stres, TEP<\/p>\n<p style=\"text-align: justify;\"><a href=\"https:\/\/doi.org\/10.24141\/1\/9\/2\/6\">https:\/\/doi.org\/10.24141\/1\/9\/2\/6<\/a><\/p>\n","protected":false},"excerpt":{"rendered":"<p>Emocionalno stanje pacijenata prije i nakon operacije kuka 1 Anita \u0160antor 1 Olivera Petrak 1 Zdravstveno veleu\u010dili\u0161te u Zagrebu Sa\u017eetak Ugradnja totalne endoproteze kuka (TEP) jedna je od naj\u010de\u0161\u0107ih operacija u ortopedskoj kirurgiji. Rije\u010d je o slo\u017eenom operacijskom zahvatu koji zahtijeva dugotrajan oporavak. Neugodne\u00a0 emocije mogu usporiti oporavak i ote\u017eati prilagodbu pacijenata te je va\u017eno [&hellip;]<\/p>\n","protected":false},"author":1,"featured_media":0,"parent":1667,"menu_order":0,"comment_status":"closed","ping_status":"closed","template":"","meta":{"footnotes":""},"class_list":["post-1700","page","type-page","status-publish","hentry"],"_links":{"self":[{"href":"https:\/\/jahs.eu\/hr\/wp-json\/wp\/v2\/pages\/1700","targetHints":{"allow":["GET"]}}],"collection":[{"href":"https:\/\/jahs.eu\/hr\/wp-json\/wp\/v2\/pages"}],"about":[{"href":"https:\/\/jahs.eu\/hr\/wp-json\/wp\/v2\/types\/page"}],"author":[{"embeddable":true,"href":"https:\/\/jahs.eu\/hr\/wp-json\/wp\/v2\/users\/1"}],"replies":[{"embeddable":true,"href":"https:\/\/jahs.eu\/hr\/wp-json\/wp\/v2\/comments?post=1700"}],"version-history":[{"count":2,"href":"https:\/\/jahs.eu\/hr\/wp-json\/wp\/v2\/pages\/1700\/revisions"}],"predecessor-version":[{"id":1724,"href":"https:\/\/jahs.eu\/hr\/wp-json\/wp\/v2\/pages\/1700\/revisions\/1724"}],"up":[{"embeddable":true,"href":"https:\/\/jahs.eu\/hr\/wp-json\/wp\/v2\/pages\/1667"}],"wp:attachment":[{"href":"https:\/\/jahs.eu\/hr\/wp-json\/wp\/v2\/media?parent=1700"}],"curies":[{"name":"wp","href":"https:\/\/api.w.org\/{rel}","templated":true}]}}