{"id":1702,"date":"2024-01-04T09:23:12","date_gmt":"2024-01-04T08:23:12","guid":{"rendered":"https:\/\/jahs.eu\/?page_id=1702"},"modified":"2024-01-04T09:23:12","modified_gmt":"2024-01-04T08:23:12","slug":"dijagnosticka-vaznost-troponina-u-akutnom-infarktu-miokarda","status":"publish","type":"page","link":"https:\/\/jahs.eu\/hr\/volume-9-number-2-december-2023\/dijagnosticka-vaznost-troponina-u-akutnom-infarktu-miokarda\/","title":{"rendered":"Dijagnosti\u010dka va\u017enost troponina u akutnom infarktu miokarda"},"content":{"rendered":"<p style=\"text-align: center;\"><strong>Dijagnosti\u010dka va\u017enost troponina u akutnom infarktu miokarda<\/strong><\/p>\n<p><a href=\"https:\/\/jahs.eu\/wp-content\/uploads\/2024\/01\/07.pdf\" target=\"_blank\" rel=\"noopener\"><img loading=\"lazy\" decoding=\"async\" class=\"alignnone wp-image-832\" src=\"http:\/\/jahs.eu\/wp-content\/uploads\/2015\/04\/jahs100pdf.png\" alt=\"\" width=\"50\" height=\"50\" \/><\/a><\/p>\n<p style=\"text-align: justify;\">1 Admir Dilberovi\u0107<br \/>\n2 Ana Stani\u0107<\/p>\n<p style=\"text-align: justify;\">\n1 Department of Transfusion Medicine, Dubrovnik General Hospital, Republic of Croatia<br \/>\n2 Department of Laboratory Diagnostics, Dubrovnik General Hospital, Republic of Croatia<\/p>\n<p style=\"text-align: justify;\">\nSummary<br \/>\nIntroduction: Laboratory tests of cardiac markers are a standard component in the diagnosis and treatment of myocardial infarction. Cardiac troponin is widely regarded as the marker\u00a0 with the highest diagnostic specificity for confirming a diagnosis of myocardial infarction.<\/p>\n<p style=\"text-align: justify;\">Aim: The aim of this study is to establish the diagnostic significance of troponin and to illustrate the kinetics of troponin concentration increase within 24 hours of hospitalization. Additionally, we aim to investigate the reliability of troponin determination within the first 3 hours after the onset of chest pain.<\/p>\n<p style=\"text-align: justify;\">Materials and methods: This retrospective study was conducted using medical archive data from 50 patients hospitalized in the Department of Cardiology at Dubrovnik General Hospital.\u00a0 The patients\u2019 ages ranged from 44 to 85 years. The inclusion criterion was medical documentation confirming myocardial infarction based on clinical symptoms and other\u00a0 diagnostic procedures. Sample analysis was conducted at the Department of Laboratory Diagnostics using the immunochemical analyzer Architect i2000SR from Abbott (Illinois, USA).<\/p>\n<p style=\"text-align: justify;\">Results: A statistically significant difference was observed between patients analyzed within 3 hours from the onset of chest pain and those analyzed more than 3 hours after the onset of\u00a0 chest pain. All patients analyzed more than 3 hours after exhibited elevated troponin levels. Additionally, we monitored the dynamics of troponin elevation within the first 24 hours of\u00a0 hospitalization.<\/p>\n<p style=\"text-align: justify;\">Conclusion: This study underscores the necessity of using troponin analysis in a correct way to justify its status as a gold standard for diagnosing myocardial infarction, suggesting\u00a0 patients should be analyzed after at least 4 hours from the onset of chest pain.<\/p>\n<p style=\"text-align: justify;\">Keywords: laboratory tests, myocardial infarction, troponin<\/p>\n<p style=\"text-align: justify;\"><a href=\"https:\/\/doi.org\/10.24141\/1\/9\/2\/7\">https:\/\/doi.org\/10.24141\/1\/9\/2\/7<\/a><\/p>\n","protected":false},"excerpt":{"rendered":"<p>Dijagnosti\u010dka va\u017enost troponina u akutnom infarktu miokarda 1 Admir Dilberovi\u0107 2 Ana Stani\u0107 1 Department of Transfusion Medicine, Dubrovnik General Hospital, Republic of Croatia 2 Department of Laboratory Diagnostics, Dubrovnik General Hospital, Republic of Croatia Summary Introduction: Laboratory tests of cardiac markers are a standard component in the diagnosis and treatment of myocardial infarction. Cardiac [&hellip;]<\/p>\n","protected":false},"author":1,"featured_media":0,"parent":1667,"menu_order":0,"comment_status":"closed","ping_status":"closed","template":"","meta":{"footnotes":""},"class_list":["post-1702","page","type-page","status-publish","hentry"],"_links":{"self":[{"href":"https:\/\/jahs.eu\/hr\/wp-json\/wp\/v2\/pages\/1702","targetHints":{"allow":["GET"]}}],"collection":[{"href":"https:\/\/jahs.eu\/hr\/wp-json\/wp\/v2\/pages"}],"about":[{"href":"https:\/\/jahs.eu\/hr\/wp-json\/wp\/v2\/types\/page"}],"author":[{"embeddable":true,"href":"https:\/\/jahs.eu\/hr\/wp-json\/wp\/v2\/users\/1"}],"replies":[{"embeddable":true,"href":"https:\/\/jahs.eu\/hr\/wp-json\/wp\/v2\/comments?post=1702"}],"version-history":[{"count":2,"href":"https:\/\/jahs.eu\/hr\/wp-json\/wp\/v2\/pages\/1702\/revisions"}],"predecessor-version":[{"id":1725,"href":"https:\/\/jahs.eu\/hr\/wp-json\/wp\/v2\/pages\/1702\/revisions\/1725"}],"up":[{"embeddable":true,"href":"https:\/\/jahs.eu\/hr\/wp-json\/wp\/v2\/pages\/1667"}],"wp:attachment":[{"href":"https:\/\/jahs.eu\/hr\/wp-json\/wp\/v2\/media?parent=1702"}],"curies":[{"name":"wp","href":"https:\/\/api.w.org\/{rel}","templated":true}]}}