{"id":1706,"date":"2024-01-04T09:31:12","date_gmt":"2024-01-04T08:31:12","guid":{"rendered":"https:\/\/jahs.eu\/?page_id=1706"},"modified":"2024-01-04T09:31:12","modified_gmt":"2024-01-04T08:31:12","slug":"ispitivanje-povezanosti-terapije-ayres-senzoricke-integracije-asi-uz-terapijskog-psa-aat-i-stupnja-potrebne-podrske-djetetu-prema-medunarodnoj-klasifikaciji-funkcioniranja-onesposobljenosti","status":"publish","type":"page","link":"https:\/\/jahs.eu\/hr\/volume-9-number-2-december-2023\/ispitivanje-povezanosti-terapije-ayres-senzoricke-integracije-asi-uz-terapijskog-psa-aat-i-stupnja-potrebne-podrske-djetetu-prema-medunarodnoj-klasifikaciji-funkcioniranja-onesposobljenosti\/","title":{"rendered":"Ispitivanje povezanosti terapije Ayres senzori\u010dke integracije (ASI\u00ae) uz terapijskog psa (AAT) i stupnja potrebne podr\u0161ke djetetu prema Me\u0111unarodnoj klasifikaciji funkcioniranja, onesposobljenosti i zdravlja (MKF)"},"content":{"rendered":"<p style=\"text-align: center;\"><strong>Ispitivanje povezanosti terapije Ayres senzori\u010dke integracije (ASI\u00ae) uz terapijskog psa (AAT) i stupnja potrebne podr\u0161ke djetetu prema Me\u0111unarodnoj klasifikaciji funkcioniranja, onesposobljenosti i zdravlja (MKF)<\/strong><\/p>\n<p><a href=\"https:\/\/jahs.eu\/wp-content\/uploads\/2024\/01\/09.pdf\" target=\"_blank\" rel=\"noopener\"><img loading=\"lazy\" decoding=\"async\" class=\"alignnone wp-image-832\" src=\"http:\/\/jahs.eu\/wp-content\/uploads\/2015\/04\/jahs100pdf.png\" alt=\"\" width=\"50\" height=\"50\" \/><\/a><\/p>\n<p style=\"text-align: justify;\">1 Davor Dui\u0107<br \/>\n2 Andreja Bartolac<br \/>\n3 Ksenija Ba\u017edari\u0107<\/p>\n<p style=\"text-align: justify;\">\n1 Centar za rehabilitaciju Silver, Zagreb<br \/>\n2 Zdravstveno veleu\u010dili\u0161te, Zagreb<br \/>\n3 Sveu\u010dili\u0161te u Rijeci, Fakultet zdravstvenih studija<\/p>\n<p style=\"text-align: justify;\">\nSa\u017eetak<br \/>\nCilj je ovog istra\u017eivanja utvrditi povezanost uklju\u010divanja djeteta u terapiju Ayres senzori\u010dke integracije (engl. Ayres sensory integration\u00ae, ASI) uz terapijskog psa (engl. animal assisted\u00a0 therapy, AAT) i stupnja podr\u0161ke koju dijete treba kroz zadatke, aktivnosti i regulaciju pona\u0161anja prema odre\u0111enim kategorijama Me\u0111unarodne klasifikacije funkcioniranja,\u00a0 onesposobljenosti i zdravlja (engl. International Classification of Functioning, Disability and Health (ICF), MKF). U istra\u017eivanje je uklju\u010deno 30 djece s te\u0161ko\u0107ama u razvoju, od toga 25\u00a0 dje\u010daka u dobi od 4 do 10 godina. Podaci su dobiveni promatranjem djece u terapiji kroz Upitnik za procjenu ASI-ja\u00ae uz AAT terapijskog psa (upitnik MKF ASI\/AAT) prema pet kategorija\u00a0 MKF-a: funkcioniranja osjetila, u\u010denja i primjenjivanja znanja, op\u0107ih zadataka i zahtjeva, pokretljivosti, komunikacije, me\u0111uljudske interakcije i odnosa. Usporedbom rezultata vidljiva je\u00a0 zna\u010dajna razlika prije i nakon ASI\u00ae terapije uz AAT psa prema MKF-u u smjeru zna\u010dajno slabije izra\u017eenosti pote\u0161ko\u0107a nakon terapije u svim kategorijama kod 29 djece. Smanjene su\u00a0 te\u0161ko\u0107e te je pove\u0107ana samostalnost u svih pet kategorija MKFa osjetila, aktivnosti i sudjelovanja, u\u010denja i primjenjivanja znanja, pokretljivosti (motorike), komunikacije, me\u0111uljudske\u00a0 interakcije i odnosa (socijalizacije). U radu je dodatno obja\u0161njena terminologija, standardi, kompetencije terapeuta i stru\u010dnog voditelja, odabir i \u0161kolovanje terapijskog psa koji su potrebni\u00a0 za provo\u0111enje ASI-ja\u00ae i AAT-a te je pokazano da se terapija uz terapijskog psa za djecu u ASI-ju\u00ae izvodi prema mjerama vjerodostojnosti ASI-ja\u00ae (engl. ASI fidelity measure,\u00a0 ASIFM) te me\u0111unarodnim standardima pasa pomaga\u010da i AAT-a.<\/p>\n<p style=\"text-align: justify;\">Klju\u010dne rije\u010di: Ayres senzori\u010dka integracija\u00ae (ASI\u00ae), terapija potpomognuta \u017eivotinjama (AAT), pas pomaga\u010d, terapijski pas, MKF<\/p>\n<p style=\"text-align: justify;\"><a href=\"https:\/\/doi.org\/10.24141\/1\/9\/2\/9\">https:\/\/doi.org\/10.24141\/1\/9\/2\/9<\/a><\/p>\n","protected":false},"excerpt":{"rendered":"<p>Ispitivanje povezanosti terapije Ayres senzori\u010dke integracije (ASI\u00ae) uz terapijskog psa (AAT) i stupnja potrebne podr\u0161ke djetetu prema Me\u0111unarodnoj klasifikaciji funkcioniranja, onesposobljenosti i zdravlja (MKF) 1 Davor Dui\u0107 2 Andreja Bartolac 3 Ksenija Ba\u017edari\u0107 1 Centar za rehabilitaciju Silver, Zagreb 2 Zdravstveno veleu\u010dili\u0161te, Zagreb 3 Sveu\u010dili\u0161te u Rijeci, Fakultet zdravstvenih studija Sa\u017eetak Cilj je ovog istra\u017eivanja [&hellip;]<\/p>\n","protected":false},"author":1,"featured_media":0,"parent":1667,"menu_order":0,"comment_status":"closed","ping_status":"closed","template":"","meta":{"footnotes":""},"class_list":["post-1706","page","type-page","status-publish","hentry"],"_links":{"self":[{"href":"https:\/\/jahs.eu\/hr\/wp-json\/wp\/v2\/pages\/1706","targetHints":{"allow":["GET"]}}],"collection":[{"href":"https:\/\/jahs.eu\/hr\/wp-json\/wp\/v2\/pages"}],"about":[{"href":"https:\/\/jahs.eu\/hr\/wp-json\/wp\/v2\/types\/page"}],"author":[{"embeddable":true,"href":"https:\/\/jahs.eu\/hr\/wp-json\/wp\/v2\/users\/1"}],"replies":[{"embeddable":true,"href":"https:\/\/jahs.eu\/hr\/wp-json\/wp\/v2\/comments?post=1706"}],"version-history":[{"count":2,"href":"https:\/\/jahs.eu\/hr\/wp-json\/wp\/v2\/pages\/1706\/revisions"}],"predecessor-version":[{"id":1727,"href":"https:\/\/jahs.eu\/hr\/wp-json\/wp\/v2\/pages\/1706\/revisions\/1727"}],"up":[{"embeddable":true,"href":"https:\/\/jahs.eu\/hr\/wp-json\/wp\/v2\/pages\/1667"}],"wp:attachment":[{"href":"https:\/\/jahs.eu\/hr\/wp-json\/wp\/v2\/media?parent=1706"}],"curies":[{"name":"wp","href":"https:\/\/api.w.org\/{rel}","templated":true}]}}