{"id":1716,"date":"2024-01-04T09:45:02","date_gmt":"2024-01-04T08:45:02","guid":{"rendered":"https:\/\/jahs.eu\/?page_id=1716"},"modified":"2024-01-04T09:45:02","modified_gmt":"2024-01-04T08:45:02","slug":"model-povecanja-dostupnosti-zdravstvene-skrbi-cijepljenjem-osjetljivih-skupina-stanovnistva-viroviticko-podravske-zupanije-tijekom-pandemije-bolesti-covid-19","status":"publish","type":"page","link":"https:\/\/jahs.eu\/hr\/volume-9-number-2-december-2023\/model-povecanja-dostupnosti-zdravstvene-skrbi-cijepljenjem-osjetljivih-skupina-stanovnistva-viroviticko-podravske-zupanije-tijekom-pandemije-bolesti-covid-19\/","title":{"rendered":"Model pove\u0107anja dostupnosti zdravstvene skrbi cijepljenjem osjetljivih skupina stanovni\u0161tva Viroviti\u010dko-podravske \u017eupanije tijekom pandemije bolesti COVID-19"},"content":{"rendered":"<p style=\"text-align: center;\"><strong>Model pove\u0107anja dostupnosti zdravstvene skrbi cijepljenjem osjetljivih skupina stanovni\u0161tva Viroviti\u010dko-podravske \u017eupanije tijekom pandemije bolesti COVID-19<\/strong><\/p>\n<p style=\"text-align: justify;\"><a href=\"https:\/\/jahs.eu\/wp-content\/uploads\/2024\/01\/14.pdf\" target=\"_blank\" rel=\"noopener\"><img loading=\"lazy\" decoding=\"async\" class=\"alignnone wp-image-832\" src=\"http:\/\/jahs.eu\/wp-content\/uploads\/2015\/04\/jahs100pdf.png\" alt=\"\" width=\"50\" height=\"50\" \/><\/a><\/p>\n<p style=\"text-align: justify;\">1 Tena Venus<\/p>\n<p style=\"text-align: justify;\">\n1 Zdravstveno veleu\u010dili\u0161te Zagreb<\/p>\n<p style=\"text-align: justify;\">\nSa\u017eetak<br \/>\nU Republici Hrvatskoj, tijekom pandemije bolesti COVID-19, Viroviti\u010dko-podravska \u017eupanija uvela je dva inovativna modela cijepljenja, drive in cijepljenje i cijepljenje putem COVID busa.\u00a0 Drive in cijepljenje zami\u0161ljeno je kao model kojim bi se gra\u0111ani mogli procijepiti na br\u017ei i u\u010dinkovitiji na\u010din a da pritom mogu ostati u svojim automobilima i socijalno se distancirati.\u00a0 Cijepljenje putem COVID busa zami\u0161ljeno je prvenstveno za stariju populaciju i za stanovnike ruralnih dijelova \u017eupanije u obliku adaptiranih i opremljenih autobusa kojima se cjepivo i\u00a0 cijepljenje dovede \u201epred ku\u0107ni prag\u201d. Na drive in cijepljenju gra\u0111ane su cijepili timovi Zavoda za javno zdravstvo Sveti Rok Viroviti\u010dko-podravske \u017eupanije, timovi Doma zdravlja Viroviti\u010dko- podravske \u017eupanije te timovi privatnih lije\u010dnika. Uz svaki tim cjepitelja bio je i tim hitne medicinske pomo\u0107i u pripravnosti za slu\u010daj ne\u017eeljenih reakcija nakon cijepljenja. Cijepljenje u\u00a0 COVID busu provodila su dva tima Zavoda za javno zdravstvo Sveti Rok Viroviti\u010dko-podravske \u017eupanije, u dva autobusa, uz pratnju timova hitne medicinske pomo\u0107i. Drive in cijepljenjem\u00a0 ukupno je procijepljeno 3,8 % ukupnog stanovni\u0161tva \u017eupanije te 22,3 % ukupno procijepljenog stanovni\u0161tva u \u017eupaniji. Cijepljenjem u COVID busu ukupno je procijepljeno 2,5 % ukupnog\u00a0 stanovni\u0161tva \u017eupanije te 7,5 % ukupno procijepljenog stanovni\u0161tva u \u017eupaniji. Navedeni inovativni modeli cijepljenja pokazali su se u\u010dinkovitima, brzima i sigurnima u cijepljenju gra\u0111ana.\u00a0 Iz dobivenih rezultata mo\u017ee se zaklju\u010diti da bi se ovakvi inovativni modeli cijepljenja mogli primjenjivati na druga kampanjska cijepljenja, poput cijepljenja protiv gripe, pneumokokne\u00a0 bolesti ili krpeljnog meningoencefalitisa.<\/p>\n<p style=\"text-align: justify;\">Klju\u010dne rije\u010di: cijepljenje, COVID bus, dostupnost, drive in, Viroviti\u010dko-podravska \u017eupanija<\/p>\n<p style=\"text-align: justify;\">\n<a href=\"https:\/\/doi.org\/10.24141\/1\/9\/2\/14\">https:\/\/doi.org\/10.24141\/1\/9\/2\/14<\/a><\/p>\n","protected":false},"excerpt":{"rendered":"<p>Model pove\u0107anja dostupnosti zdravstvene skrbi cijepljenjem osjetljivih skupina stanovni\u0161tva Viroviti\u010dko-podravske \u017eupanije tijekom pandemije bolesti COVID-19 1 Tena Venus 1 Zdravstveno veleu\u010dili\u0161te Zagreb Sa\u017eetak U Republici Hrvatskoj, tijekom pandemije bolesti COVID-19, Viroviti\u010dko-podravska \u017eupanija uvela je dva inovativna modela cijepljenja, drive in cijepljenje i cijepljenje putem COVID busa.\u00a0 Drive in cijepljenje zami\u0161ljeno je kao model kojim bi [&hellip;]<\/p>\n","protected":false},"author":1,"featured_media":0,"parent":1667,"menu_order":0,"comment_status":"closed","ping_status":"closed","template":"","meta":{"footnotes":""},"class_list":["post-1716","page","type-page","status-publish","hentry"],"_links":{"self":[{"href":"https:\/\/jahs.eu\/hr\/wp-json\/wp\/v2\/pages\/1716","targetHints":{"allow":["GET"]}}],"collection":[{"href":"https:\/\/jahs.eu\/hr\/wp-json\/wp\/v2\/pages"}],"about":[{"href":"https:\/\/jahs.eu\/hr\/wp-json\/wp\/v2\/types\/page"}],"author":[{"embeddable":true,"href":"https:\/\/jahs.eu\/hr\/wp-json\/wp\/v2\/users\/1"}],"replies":[{"embeddable":true,"href":"https:\/\/jahs.eu\/hr\/wp-json\/wp\/v2\/comments?post=1716"}],"version-history":[{"count":2,"href":"https:\/\/jahs.eu\/hr\/wp-json\/wp\/v2\/pages\/1716\/revisions"}],"predecessor-version":[{"id":1732,"href":"https:\/\/jahs.eu\/hr\/wp-json\/wp\/v2\/pages\/1716\/revisions\/1732"}],"up":[{"embeddable":true,"href":"https:\/\/jahs.eu\/hr\/wp-json\/wp\/v2\/pages\/1667"}],"wp:attachment":[{"href":"https:\/\/jahs.eu\/hr\/wp-json\/wp\/v2\/media?parent=1716"}],"curies":[{"name":"wp","href":"https:\/\/api.w.org\/{rel}","templated":true}]}}