{"id":1738,"date":"2024-06-21T10:33:00","date_gmt":"2024-06-21T08:33:00","guid":{"rendered":"https:\/\/jahs.eu\/?page_id=1738"},"modified":"2024-06-21T12:52:25","modified_gmt":"2024-06-21T10:52:25","slug":"volume-10-number-1-june-2024","status":"publish","type":"page","link":"https:\/\/jahs.eu\/hr\/volume-10-number-1-june-2024\/","title":{"rendered":"Volume: 10; Number: 1; June 2024"},"content":{"rendered":"<h3 style=\"text-align: center;\"><strong>Volume: 10; Number: 1; June 2024<\/strong><\/h3>\n<p style=\"text-align: justify;\"><a href=\"https:\/\/jahs.eu\/wp-content\/uploads\/2024\/06\/JAHS-vol10n1.pdf\" target=\"_blank\" rel=\"noopener\"><img loading=\"lazy\" decoding=\"async\" class=\"alignnone wp-image-832\" src=\"http:\/\/jahs.eu\/wp-content\/uploads\/2015\/04\/jahs100pdf.png\" alt=\"\" width=\"50\" height=\"50\" \/><\/a><\/p>\n<p>&nbsp;<\/p>\n<p><strong>DAVOR DUI\u0106, ANDREJA BARTOLAC<\/strong><br \/>\n<a href=\"https:\/\/jahs.eu\/volume-10-number-1-june-2024\/temeljne-odrednice-terapijskog-pristupa-ayres-senzoricke-integracije-u-radnoterapijskoj-praksi\/\">Temeljne odrednice terapijskog pristupa Ayres senzori\u010dke integracije\u00ae u radnoterapijskoj praksi<\/a><br \/>\n<a href=\"https:\/\/jahs.eu\/volume-10-number-1-june-2024\/temeljne-odrednice-terapijskog-pristupa-ayres-senzoricke-integracije-u-radnoterapijskoj-praksi\/\">Basic Determinants of the Ayres Sensory Integration\u00ae Therapeutic Approach in Occupational Therapy Practice<\/a><\/p>\n<p><strong>ADIS HRVA\u010cI\u0106, VELMA REBI\u0106, AMER OV\u010cINA<\/strong><br \/>\n<a href=\"https:\/\/jahs.eu\/volume-10-number-1-june-2024\/utjecaj-komorbiditeta-na-ishod-lijecenja-bolesnika-oboljelih-od-bolesti-covid-19\/\">Utjecaj komorbiditeta na ishod lije\u010denja bolesnika oboljelih od bolesti COVID-19<\/a><br \/>\n<a href=\"https:\/\/jahs.eu\/volume-10-number-1-june-2024\/utjecaj-komorbiditeta-na-ishod-lijecenja-bolesnika-oboljelih-od-bolesti-covid-19\/\">The Influence of Comorbidity on the Outcome of the Treatment of Patients Suffering from COVID-19 21<\/a><\/p>\n<p><strong>ZLATKA KOZJAK MIKI\u0106<\/strong><br \/>\n<a href=\"https:\/\/jahs.eu\/volume-10-number-1-june-2024\/istrazivanje-profesionalnih-namjera-i-adaptabilnosti-ucenika-zdravstvenih-skola\/\">Istra\u017eivanje profesionalnih namjera i adaptabilnosti u\u010denika zdravstvenih \u0161kola<\/a><br \/>\n<a href=\"https:\/\/jahs.eu\/volume-10-number-1-june-2024\/istrazivanje-profesionalnih-namjera-i-adaptabilnosti-ucenika-zdravstvenih-skola\/\">Research on Professional Intentions and Adaptability of Medical School Students<\/a><\/p>\n<p><strong>MARINKA \u0160IMUNOVI\u0106 GA\u0160PAR, JANKO BABI\u0106<\/strong><br \/>\n<a href=\"https:\/\/jahs.eu\/volume-10-number-1-june-2024\/povezanost-emocionalne-kompetencije-i-strategija-suocavanja-sa-stresom-kod-sportasa\/\">Povezanost emocionalne kompetencije i strategija suo\u010davanja sa stresom kod sporta\u0161a<\/a><br \/>\n<a href=\"https:\/\/jahs.eu\/volume-10-number-1-june-2024\/povezanost-emocionalne-kompetencije-i-strategija-suocavanja-sa-stresom-kod-sportasa\/\">The Relationship between Emotional Competence and Stress Coping Strategies among Athletes<\/a><\/p>\n<p><strong>MILJENKO FRANI\u0106, TATJANA NJEGOVAN ZVONAREVI\u0106, EDINA PULI\u0106, ANA MOJSOVI\u0106 \u0106UI\u0106, LANA FEHER TURKOVI\u0106, MIRJANA TELEBUH, IVAN JURAK<\/strong><br \/>\n<a href=\"https:\/\/jahs.eu\/volume-10-number-1-june-2024\/procjena-rizika-razvoja-sarkopenije-upitnik-sarc-f\/\">Procjena rizika razvoja sarkopenije \u2013 upitnik SARC F<\/a><br \/>\n<a href=\"https:\/\/jahs.eu\/volume-10-number-1-june-2024\/procjena-rizika-razvoja-sarkopenije-upitnik-sarc-f\/\">Sarcopenia Risk Assessment &#8211; SARC-F Questionnaire<\/a><\/p>\n<p><strong>TATJANA NJEGOVAN ZVONAREVI\u0106, LEONARDA ANTI\u010cI\u0106, ANTEA GRGI\u0106, EDINA PULI\u0106<\/strong><br \/>\n<a href=\"https:\/\/jahs.eu\/volume-10-number-1-june-2024\/priroda-kao-radnoterapijski-medij\/\">Priroda kao radnoterapijski medij<\/a><br \/>\n<a href=\"https:\/\/jahs.eu\/volume-10-number-1-june-2024\/priroda-kao-radnoterapijski-medij\/\">Nature as Occupational Therapy Medium<\/a><\/p>\n<p><strong>ALEKSANDAR RACZ<\/strong><br \/>\n<a href=\"https:\/\/jahs.eu\/volume-10-number-1-june-2024\/haiku-poezija-i-shinrin-yoku-sinergija-prirodne-ljepote-i-duhovnog-iscjeljenja\/\">Haiku-poezija i <em>Shinrin-yoku<\/em>: Sinergija prirodne ljepote i duhovnog iscjeljenja<\/a><br \/>\n<a href=\"https:\/\/jahs.eu\/volume-10-number-1-june-2024\/haiku-poezija-i-shinrin-yoku-sinergija-prirodne-ljepote-i-duhovnog-iscjeljenja\/\">Haiku Poetry and <em>Shinrin-Yoku<\/em>: The Synergy of Natural Beauty and Spiritual Healing<\/a><\/p>\n","protected":false},"excerpt":{"rendered":"<p>Volume: 10; Number: 1; June 2024 &nbsp; DAVOR DUI\u0106, ANDREJA BARTOLAC Temeljne odrednice terapijskog pristupa Ayres senzori\u010dke integracije\u00ae u radnoterapijskoj praksi Basic Determinants of the Ayres Sensory Integration\u00ae Therapeutic Approach in Occupational Therapy Practice ADIS HRVA\u010cI\u0106, VELMA REBI\u0106, AMER OV\u010cINA Utjecaj komorbiditeta na ishod lije\u010denja bolesnika oboljelih od bolesti COVID-19 The Influence of Comorbidity on [&hellip;]<\/p>\n","protected":false},"author":1,"featured_media":0,"parent":0,"menu_order":0,"comment_status":"closed","ping_status":"closed","template":"","meta":{"footnotes":""},"class_list":["post-1738","page","type-page","status-publish","hentry"],"_links":{"self":[{"href":"https:\/\/jahs.eu\/hr\/wp-json\/wp\/v2\/pages\/1738","targetHints":{"allow":["GET"]}}],"collection":[{"href":"https:\/\/jahs.eu\/hr\/wp-json\/wp\/v2\/pages"}],"about":[{"href":"https:\/\/jahs.eu\/hr\/wp-json\/wp\/v2\/types\/page"}],"author":[{"embeddable":true,"href":"https:\/\/jahs.eu\/hr\/wp-json\/wp\/v2\/users\/1"}],"replies":[{"embeddable":true,"href":"https:\/\/jahs.eu\/hr\/wp-json\/wp\/v2\/comments?post=1738"}],"version-history":[{"count":4,"href":"https:\/\/jahs.eu\/hr\/wp-json\/wp\/v2\/pages\/1738\/revisions"}],"predecessor-version":[{"id":1780,"href":"https:\/\/jahs.eu\/hr\/wp-json\/wp\/v2\/pages\/1738\/revisions\/1780"}],"wp:attachment":[{"href":"https:\/\/jahs.eu\/hr\/wp-json\/wp\/v2\/media?parent=1738"}],"curies":[{"name":"wp","href":"https:\/\/api.w.org\/{rel}","templated":true}]}}