{"id":1742,"date":"2024-06-21T10:39:54","date_gmt":"2024-06-21T08:39:54","guid":{"rendered":"https:\/\/jahs.eu\/?page_id=1742"},"modified":"2024-06-21T12:48:44","modified_gmt":"2024-06-21T10:48:44","slug":"temeljne-odrednice-terapijskog-pristupa-ayres-senzoricke-integracije-u-radnoterapijskoj-praksi","status":"publish","type":"page","link":"https:\/\/jahs.eu\/hr\/volume-10-number-1-june-2024\/temeljne-odrednice-terapijskog-pristupa-ayres-senzoricke-integracije-u-radnoterapijskoj-praksi\/","title":{"rendered":"Temeljne odrednice terapijskog pristupa Ayres senzori\u010dke integracije\u00ae u radnoterapijskoj praksi"},"content":{"rendered":"<p style=\"text-align: center;\"><strong>Temeljne odrednice terapijskog pristupa Ayres senzori\u010dke integracije\u00ae u radnoterapijskoj praksi<\/strong><\/p>\n<p><a href=\"https:\/\/jahs.eu\/wp-content\/uploads\/2024\/06\/01.pdf\" target=\"_blank\" rel=\"noopener\"><img loading=\"lazy\" decoding=\"async\" class=\"alignnone wp-image-832\" src=\"http:\/\/jahs.eu\/wp-content\/uploads\/2015\/04\/jahs100pdf.png\" alt=\"\" width=\"50\" height=\"50\" \/><\/a><\/p>\n<p>1 Davor Dui\u0107<br \/>\n2 Andreja Bartolac<\/p>\n<p>1 Centar za rehabilitaciju Silver<br \/>\n2 Zdravstveno veleu\u010dili\u0161te<\/p>\n<p style=\"text-align: justify;\">Sa\u017eetak<\/p>\n<p style=\"text-align: justify;\">Teorija senzori\u010dke integracije utemeljena je na bogatoj povijesti istra\u017eivanja i klini\u010dkog rada u podru\u010dju neuroznanosti i razumijevanja integracije senzori\u010dkih, motori\u010dkih, perceptivnih i kognitivnih funkcija te pona\u0161anja. Ovaj teorijski potkrijepljen i prakti\u010dan terapijski pristup nudi prakti\u010darima radne terapije jasne strategije standardiziranog procesa procjenjivanja senzori\u010dke integracije te specifi\u010dne i originalne intervencijske strategije za remedijaciju temeljnih senzori\u010dkih izazova, koji utje\u010du na pona\u0161anje i funkcionalnu izvedbu pojedinca. Cilj je ovog preglednog rada opisivanje znanstveno utemeljenoga teorijskog okvira i pristupa Ayres senzori\u010dke integracije\u00ae (ASI), obrazaca disfunkcije senzori\u010dke integracije u odnosu na tipi\u010dni razvoj te osnovnih principa procjene i intervencije. Tako\u0111er, ovim radom \u017eeli se jasno razlikovati Ayres senzori\u010dku integraciju, koju je na temelju svojih znanstvenih istra\u017eivanja i klini\u010dkog rada razvila radna terapeutkinja dr. Anna Jean Ayres, od drugih pristupa koji upotrebljavaju sli\u010dne pojmove i strategije, ali ne uklju\u010duju iste teorijske principe niti imaju iste kriterije vjerodostojnosti. Primjena teorijskih principa, istra\u017eivanja i intervencije terapijskog pristupa Ayres senzori\u010dke integracije pra\u0107ena je ASI Mjerom vjerodostojnosti (ASIFM), koja je nu\u017ena za provo\u0111enje terapije prema zadanim principima, smjernicama te dokazima utemeljenima u praksi. Iako je Mjera vjerodostojnosti konstruirana kao instrument za istra\u017eivanje, tako\u0111er je koristan okvir za pra\u0107enje rada klini\u010dara u praksi. Osim \u0161to su ovim radom obuhva\u0107ene najva\u017enije odrednice pristupa ASI, kako bi se pridonijelo razumijevanju prikazanih koncepata, ujedno se \u017eeli dati doprinos konsenzusu u njihovu prijevodu na hrvatski jezik.<\/p>\n<p>&nbsp;<\/p>\n<p style=\"text-align: justify;\">Klju\u010dne rije\u010di: senzori\u010dka integracija, Ayres senzori\u010dke integracije\u00ae (ASI), Dr. Anna Jean Ayres, radna terapija, neuroznanost, ASI procjena, ASI intervencija, Mjera vjerodostojnosti (ASIFM)<\/p>\n<p style=\"text-align: justify;\"><a href=\"https:\/\/doi.org\/10.24141\/1\/10\/1\/1\">https:\/\/doi.org\/10.24141\/1\/10\/1\/1<\/a><\/p>\n","protected":false},"excerpt":{"rendered":"<p>Temeljne odrednice terapijskog pristupa Ayres senzori\u010dke integracije\u00ae u radnoterapijskoj praksi 1 Davor Dui\u0107 2 Andreja Bartolac 1 Centar za rehabilitaciju Silver 2 Zdravstveno veleu\u010dili\u0161te Sa\u017eetak Teorija senzori\u010dke integracije utemeljena je na bogatoj povijesti istra\u017eivanja i klini\u010dkog rada u podru\u010dju neuroznanosti i razumijevanja integracije senzori\u010dkih, motori\u010dkih, perceptivnih i kognitivnih funkcija te pona\u0161anja. Ovaj teorijski potkrijepljen i [&hellip;]<\/p>\n","protected":false},"author":1,"featured_media":0,"parent":1738,"menu_order":0,"comment_status":"closed","ping_status":"closed","template":"","meta":{"footnotes":""},"class_list":["post-1742","page","type-page","status-publish","hentry"],"_links":{"self":[{"href":"https:\/\/jahs.eu\/hr\/wp-json\/wp\/v2\/pages\/1742","targetHints":{"allow":["GET"]}}],"collection":[{"href":"https:\/\/jahs.eu\/hr\/wp-json\/wp\/v2\/pages"}],"about":[{"href":"https:\/\/jahs.eu\/hr\/wp-json\/wp\/v2\/types\/page"}],"author":[{"embeddable":true,"href":"https:\/\/jahs.eu\/hr\/wp-json\/wp\/v2\/users\/1"}],"replies":[{"embeddable":true,"href":"https:\/\/jahs.eu\/hr\/wp-json\/wp\/v2\/comments?post=1742"}],"version-history":[{"count":4,"href":"https:\/\/jahs.eu\/hr\/wp-json\/wp\/v2\/pages\/1742\/revisions"}],"predecessor-version":[{"id":1772,"href":"https:\/\/jahs.eu\/hr\/wp-json\/wp\/v2\/pages\/1742\/revisions\/1772"}],"up":[{"embeddable":true,"href":"https:\/\/jahs.eu\/hr\/wp-json\/wp\/v2\/pages\/1738"}],"wp:attachment":[{"href":"https:\/\/jahs.eu\/hr\/wp-json\/wp\/v2\/media?parent=1742"}],"curies":[{"name":"wp","href":"https:\/\/api.w.org\/{rel}","templated":true}]}}