{"id":1744,"date":"2024-06-21T10:34:19","date_gmt":"2024-06-21T08:34:19","guid":{"rendered":"https:\/\/jahs.eu\/?page_id=1744"},"modified":"2024-06-21T12:49:29","modified_gmt":"2024-06-21T10:49:29","slug":"utjecaj-komorbiditeta-na-ishod-lijecenja-bolesnika-oboljelih-od-bolesti-covid-19","status":"publish","type":"page","link":"https:\/\/jahs.eu\/hr\/volume-10-number-1-june-2024\/utjecaj-komorbiditeta-na-ishod-lijecenja-bolesnika-oboljelih-od-bolesti-covid-19\/","title":{"rendered":"Utjecaj komorbiditeta na ishod lije\u010denja bolesnika oboljelih od bolesti COVID-19"},"content":{"rendered":"<p style=\"text-align: center;\"><strong>Utjecaj komorbiditeta na ishod lije\u010denja bolesnika oboljelih od bolesti COVID-19<\/strong><\/p>\n<p><a href=\"https:\/\/jahs.eu\/wp-content\/uploads\/2024\/06\/02.pdf\" target=\"_blank\" rel=\"noopener\"><img loading=\"lazy\" decoding=\"async\" class=\"alignnone wp-image-832\" src=\"http:\/\/jahs.eu\/wp-content\/uploads\/2015\/04\/jahs100pdf.png\" alt=\"\" width=\"50\" height=\"50\" \/><\/a><\/p>\n<p>1 Adis Hrva\u010di\u0107<br \/>\n2 Velma Rebi\u0107<br \/>\n2 Amer Ov\u010dina<\/p>\n<p>1 Zavod za javno zdravstvo SBK\/KSB, Mehmeda Spahe 1, Travnik, Bosna i Hercegovina<br \/>\n2 Medicinski fakultet, Univerzitet u Sarajevu, \u010cekalu\u0161a 90, Sarajevo, Bosna i Hercegovina<br \/>\n2 Klini\u010dki centar Univerziteta u Sarajevu, Bolni\u010dka 25, Sarajevo, Bosna i Hercegovina<\/p>\n<p>&nbsp;<\/p>\n<p>Sa\u017eetak<\/p>\n<p>Cilj rada bio je ispitati utjecaj komorbiditeta na ishod lije\u010denja bolesnika oboljelih od bolesti COVID-19 hospitaliziranih u JU-u \u201eBolnica Travnik\u201d u Travniku. Provedena je retrospektivna analiza medicinske dokumentacije bolesnika hospitaliziranih zbog bolesti COVID-19 u kojih je infekcija virusom SARS-CoV-2 bila etiolo\u0161ki potvr\u0111ena pozitivnim nalazom RT-PCR testa. U istra\u017eivanje su uklju\u010deni bolesnici hospitalizirani u periodu od 16. rujna 2020. do 15. lipnja 2021. Tijekom promatranog razdoblja zbog bolesti COVID-19 bilo je hospitalizirano ukupno 1874 bolesnika, od \u010dega 1190 (64 %) mu\u0161karaca i 684 (36 %) \u017eena. Osam oboljelih bilo je mla\u0111e od 18 godina (medijan 8; raspon 2 \u2013 17 godina), u ostalim dobnim kategorijama medijan je iznosio 65 (raspon 18 \u2013 95 godina). Ukupno 1179 (62,8 %) bolesnika imalo je jedan ili vi\u0161e komorbiditeta, od kojih su naj\u010de\u0161\u0107i bili kardiovaskularna bolest, uklju\u010duju\u0107i hipertenziju (49,2 %), dijabetes (16,6 %) i KOPB\/astma (3,4 %). Naj\u010de\u0161\u0107i simptomi bolesti bili su: febrilitet (89,7 %), ka\u0161alj (73,7 %), dispneja (45,7 %), proljev (45,3 %) i malaksalost (33,1 %). Blagi oblik bolesti imalo je 313 (16,7 %) bolesnika, srednje te\u0161ki oblik 692 (36,9 %), te\u0161ki oblik 665 (35,5 %), a kriti\u010dni oblik 204 (10,9 %) bolesnika. Potrebu za lije\u010denje kisikom imalo je 804 (42,9 %) bolesnika, a za lije\u010denjem u jedinici intenzivnog lije\u010denja (JIL) 365 (19,5 %) bolesnika. Pacijenti sa sr\u010danim bolestima i KOPB-om razvijaju znatno te\u017ee simptome i relativno vi\u0161u stopu smrtnosti. Infekcija virusom SARS-CoV-2 postaje jako \u0161tetna kada se suo\u010di s osobom s komorbiditetom, stoga lije\u010denje tih bolesnika mora biti prioritet.<\/p>\n<p>Klju\u010dne rije\u010di: COVID-19, kardiovaskularne bolesti, KOPB, komorbiditeti, dijabetes, SARS-CoV-2<\/p>\n<p><a href=\"https:\/\/doi.org\/10.24141\/1\/10\/1\/2\">https:\/\/doi.org\/10.24141\/1\/10\/1\/2<\/a><\/p>\n","protected":false},"excerpt":{"rendered":"<p>Utjecaj komorbiditeta na ishod lije\u010denja bolesnika oboljelih od bolesti COVID-19 1 Adis Hrva\u010di\u0107 2 Velma Rebi\u0107 2 Amer Ov\u010dina 1 Zavod za javno zdravstvo SBK\/KSB, Mehmeda Spahe 1, Travnik, Bosna i Hercegovina 2 Medicinski fakultet, Univerzitet u Sarajevu, \u010cekalu\u0161a 90, Sarajevo, Bosna i Hercegovina 2 Klini\u010dki centar Univerziteta u Sarajevu, Bolni\u010dka 25, Sarajevo, Bosna i [&hellip;]<\/p>\n","protected":false},"author":1,"featured_media":0,"parent":1738,"menu_order":0,"comment_status":"closed","ping_status":"closed","template":"","meta":{"footnotes":""},"class_list":["post-1744","page","type-page","status-publish","hentry"],"_links":{"self":[{"href":"https:\/\/jahs.eu\/hr\/wp-json\/wp\/v2\/pages\/1744","targetHints":{"allow":["GET"]}}],"collection":[{"href":"https:\/\/jahs.eu\/hr\/wp-json\/wp\/v2\/pages"}],"about":[{"href":"https:\/\/jahs.eu\/hr\/wp-json\/wp\/v2\/types\/page"}],"author":[{"embeddable":true,"href":"https:\/\/jahs.eu\/hr\/wp-json\/wp\/v2\/users\/1"}],"replies":[{"embeddable":true,"href":"https:\/\/jahs.eu\/hr\/wp-json\/wp\/v2\/comments?post=1744"}],"version-history":[{"count":4,"href":"https:\/\/jahs.eu\/hr\/wp-json\/wp\/v2\/pages\/1744\/revisions"}],"predecessor-version":[{"id":1774,"href":"https:\/\/jahs.eu\/hr\/wp-json\/wp\/v2\/pages\/1744\/revisions\/1774"}],"up":[{"embeddable":true,"href":"https:\/\/jahs.eu\/hr\/wp-json\/wp\/v2\/pages\/1738"}],"wp:attachment":[{"href":"https:\/\/jahs.eu\/hr\/wp-json\/wp\/v2\/media?parent=1744"}],"curies":[{"name":"wp","href":"https:\/\/api.w.org\/{rel}","templated":true}]}}