{"id":1758,"date":"2024-06-21T12:34:52","date_gmt":"2024-06-21T10:34:52","guid":{"rendered":"https:\/\/jahs.eu\/?page_id=1758"},"modified":"2024-06-21T12:50:13","modified_gmt":"2024-06-21T10:50:13","slug":"istrazivanje-profesionalnih-namjera-i-adaptabilnosti-ucenika-zdravstvenih-skola","status":"publish","type":"page","link":"https:\/\/jahs.eu\/hr\/volume-10-number-1-june-2024\/istrazivanje-profesionalnih-namjera-i-adaptabilnosti-ucenika-zdravstvenih-skola\/","title":{"rendered":"Istra\u017eivanje profesionalnih namjera i adaptabilnosti u\u010denika zdravstvenih \u0161kola"},"content":{"rendered":"<p style=\"text-align: center;\"><strong>Istra\u017eivanje profesionalnih namjera i adaptabilnosti u\u010denika zdravstvenih \u0161kola<\/strong><\/p>\n<p><a href=\"https:\/\/jahs.eu\/wp-content\/uploads\/2024\/06\/03.pdf\" target=\"_blank\" rel=\"noopener\"><img loading=\"lazy\" decoding=\"async\" class=\"alignnone wp-image-832\" src=\"http:\/\/jahs.eu\/wp-content\/uploads\/2015\/04\/jahs100pdf.png\" alt=\"\" width=\"50\" height=\"50\" \/><\/a><\/p>\n<p>&nbsp;<\/p>\n<p>1 Zlatka Kozjak Miki\u0107<br \/>\n1 Zdravstveno u\u010dili\u0161te, Medvedgradska 55, Zagreb<\/p>\n<p style=\"text-align: justify;\">\n<p style=\"text-align: justify;\">Sa\u017eetak<\/p>\n<p style=\"text-align: justify;\">\nCilj je rada ispitati profesionalne namjere i razli\u010dite aspekte profesionalne adaptabilnosti u\u010denika zdravstvenih \u0161kola. Sudjelovalo je 350 u\u010denika, a primijenjene su hrvatske verzije skala CAAS i IPIP-20 te upitnik sastavljen za potrebe ovog istra\u017eivanja. Podaci su analizirani t-testovima, analizom varijance i regresijskom analizom. U\u010denici \u010dija je profesionalna namjera nastaviti \u0161kolovanje na fakultetima srodnim njihovu srednjo\u0161kolskom zanimanju imaju vi\u0161u profesionalnu adaptabilnost (t(324) = 3,88; p &lt; 0,000), zadovoljniji su svojim srednjo\u0161kolskim zanimanjem (t(324) = 7,22; p &lt; 0,000) i lak\u0161e im je donijeti odluku o profesionalnoj budu\u0107nosti (t(324) = 5,55; p &lt; 0,000) te posti\u017eu vi\u0161i rezultat na osobini savjesnost (t(324) = 3,62; p &lt; 0,000) u odnosu na u\u010denike druga\u010dijih profesionalnih namjera. U\u010denici koji nakon srednje \u0161kole odmah namjeravaju iza\u0107i na tr\u017ei\u0161te rada imaju vi\u0161u savjesnost od skupine u\u010denika koji namjeravaju nastaviti \u0161kolovanje izvan zdravstvenog podru\u010dja (F(2\/173) = 5,18; p &lt; 0,000) i vi\u0161u kontrolu nad svojim svoj karijernim putem u odnosu na skupinu u\u010denika koji su jo\u0161 neodlu\u010dni (F(2\/173) = 3,66; p &lt; 0,005). U odnosu na te obje skupine, vi\u0161a im je i emocionalna stabilnost (F(2\/173) = 5,72; p &lt; 0,000), zadovoljniji su odabranim srednjo\u0161kolskim zanimanjem (F(2\/173) = 40,04; p &lt; 0,000) i lak\u0161im percipiraju dono\u0161enje odluke o profesionalnoj budu\u0107nosti (F(2\/173) = 45,02; p &lt; 0,000). 39 % varijance kriterijske varijable profesionalna adaptabilnost (R2 = 0,39; F (7\/342) = 32,07; p &lt; 0,000) mo\u017ee se objasniti prediktorima: osobine li\u010dnosti, zadovoljstvo odabranim srednjo\u0161kolskim zanimanjem i percepcija zahtjevnosti dono\u0161enja odluke o profesionalnoj budu\u0107nosti. Zna\u010dajan samostalni doprinos imaju prediktori savjesnost, intelekt, zadovoljstvo odabranim srednjo\u0161kolskim zanimanjem i percepcija zahtjevnosti dono\u0161enja odluke o profesionalnoj budu\u0107nosti, a najve\u0107i ima savjesnost. Rezultati dopunjuju dosada\u0161nje spoznaje o profesionalnoj adaptabilnosti u\u010denika adolescentne dobi u specifi\u010dnom kontekstu zdravstvenih zanimanja.<\/p>\n<p style=\"text-align: justify;\">Klju\u010dne rije\u010di: profesionalne namjere, profesionalna adaptabilnost, u\u010denici zdravstvenih \u0161kola<\/p>\n<p><a href=\"https:\/\/doi.org\/10.24141\/1\/10\/1\/3\">https:\/\/doi.org\/10.24141\/1\/10\/1\/3<\/a><\/p>\n","protected":false},"excerpt":{"rendered":"<p>Istra\u017eivanje profesionalnih namjera i adaptabilnosti u\u010denika zdravstvenih \u0161kola &nbsp; 1 Zlatka Kozjak Miki\u0107 1 Zdravstveno u\u010dili\u0161te, Medvedgradska 55, Zagreb Sa\u017eetak Cilj je rada ispitati profesionalne namjere i razli\u010dite aspekte profesionalne adaptabilnosti u\u010denika zdravstvenih \u0161kola. Sudjelovalo je 350 u\u010denika, a primijenjene su hrvatske verzije skala CAAS i IPIP-20 te upitnik sastavljen za potrebe ovog istra\u017eivanja. Podaci [&hellip;]<\/p>\n","protected":false},"author":1,"featured_media":0,"parent":1738,"menu_order":0,"comment_status":"closed","ping_status":"closed","template":"","meta":{"footnotes":""},"class_list":["post-1758","page","type-page","status-publish","hentry"],"_links":{"self":[{"href":"https:\/\/jahs.eu\/hr\/wp-json\/wp\/v2\/pages\/1758","targetHints":{"allow":["GET"]}}],"collection":[{"href":"https:\/\/jahs.eu\/hr\/wp-json\/wp\/v2\/pages"}],"about":[{"href":"https:\/\/jahs.eu\/hr\/wp-json\/wp\/v2\/types\/page"}],"author":[{"embeddable":true,"href":"https:\/\/jahs.eu\/hr\/wp-json\/wp\/v2\/users\/1"}],"replies":[{"embeddable":true,"href":"https:\/\/jahs.eu\/hr\/wp-json\/wp\/v2\/comments?post=1758"}],"version-history":[{"count":3,"href":"https:\/\/jahs.eu\/hr\/wp-json\/wp\/v2\/pages\/1758\/revisions"}],"predecessor-version":[{"id":1775,"href":"https:\/\/jahs.eu\/hr\/wp-json\/wp\/v2\/pages\/1758\/revisions\/1775"}],"up":[{"embeddable":true,"href":"https:\/\/jahs.eu\/hr\/wp-json\/wp\/v2\/pages\/1738"}],"wp:attachment":[{"href":"https:\/\/jahs.eu\/hr\/wp-json\/wp\/v2\/media?parent=1758"}],"curies":[{"name":"wp","href":"https:\/\/api.w.org\/{rel}","templated":true}]}}