{"id":1761,"date":"2024-06-21T12:38:54","date_gmt":"2024-06-21T10:38:54","guid":{"rendered":"https:\/\/jahs.eu\/?page_id=1761"},"modified":"2024-06-21T12:50:41","modified_gmt":"2024-06-21T10:50:41","slug":"povezanost-emocionalne-kompetencije-i-strategija-suocavanja-sa-stresom-kod-sportasa","status":"publish","type":"page","link":"https:\/\/jahs.eu\/hr\/volume-10-number-1-june-2024\/povezanost-emocionalne-kompetencije-i-strategija-suocavanja-sa-stresom-kod-sportasa\/","title":{"rendered":"Povezanost emocionalne kompetencije i strategija suo\u010davanja sa stresom kod sporta\u0161a"},"content":{"rendered":"<p style=\"text-align: center;\"><strong>Povezanost emocionalne kompetencije i strategija suo\u010davanja sa stresom kod sporta\u0161a<\/strong><\/p>\n<p><a href=\"https:\/\/jahs.eu\/wp-content\/uploads\/2024\/06\/04.pdf\" target=\"_blank\" rel=\"noopener\"><img loading=\"lazy\" decoding=\"async\" class=\"alignnone wp-image-832\" src=\"http:\/\/jahs.eu\/wp-content\/uploads\/2015\/04\/jahs100pdf.png\" alt=\"\" width=\"50\" height=\"50\" \/><\/a><\/p>\n<p>&nbsp;<\/p>\n<p>1 Marinka \u0160imunovi\u0107 Ga\u0161par<br \/>\n2 Janko Babi\u0107<\/p>\n<p>1 Hrvatski zavod za javno zdravstvo<br \/>\n2 Zdravstveno veleu\u010dili\u0161te, Zagreb<\/p>\n<p>&nbsp;<\/p>\n<p style=\"text-align: justify;\">Sa\u017eetak<\/p>\n<p style=\"text-align: justify;\">\nCilj rada bio je utvrditi postoji li povezanost strategija suo\u010davanja sa stresom i razine emocionalne kompetencije kod profesionalnih i kod amaterskih sporta\u0161a.<br \/>\nIstra\u017eivanje je provedeno na 135 sporta\u0161a profesionalaca i amatera, dobi od 18 do 22 godine. Primijenjeni su mjerni instrumenti UEK-45 (Upitnik emocionalne kompetencije), koji sadr\u017eava podljestvice Uo\u010davanje i razumijevanje emocija, Imenovanje i izra\u017eavanje emocija te Upravljanje emocijama, te CISS (Upitnik strategija suo\u010davanja sa stresom), koji sadr\u017eava podljestvice Suo\u010davanje usmjereno na emocije, Suo\u010davanje usmjereno na problem i Izbjegavanje.<br \/>\nDobivena je prosje\u010dna razina emocionalne kompetencije na cijelom uzorku, pri \u010demu su ispitanici najvi\u0161i rezultat iskazali na dimenziji Imenovanje i izra\u017eavanje emocija. Kad je rije\u010d o strategijama suo\u010davanja sa stresom, ispitanici su iskazali najvi\u0161i rezultat na dimenziji Suo\u010davanje usmjereno na problem. Ukupan rezultat emocionalne kompetencije statisti\u010dki je zna\u010dajno pozitivno povezan s primjenom strategija usmjerenih na problem, dok nema povezanosti izme\u0111u ukupne razine emocionalne kompetencije i ostalih strategija (usmjerenost na emocije i izbjegavanje). Tako\u0111er, svaki pojedini oblik emocionalne kompetencije tako\u0111er je statisti\u010dki zna\u010dajno povezan samo sa strategijama usmjerenima na problem, ali ne i s ostalim strategijama.<br \/>\nSporta\u0161i koji su emocionalno kompetentniji \u010de\u0161\u0107e primjenjuju strategije suo\u010davanja sa stresom usmjerene na problem, ali ne i na emocije. Iako bi taj odnos trebalo dodatno istra\u017eiti, mo\u017ee se pretpostaviti da osobe su koje u stresnim situacijama, u ovom slu\u010daju u sportskom okru\u017eenju, bolje i efikasnije razumiju i kontroliraju vlastite emocije spremnije izravno se suo\u010diti s problemom jer ih vlastito emocionalno stanje toliko ne optere\u0107uje.<\/p>\n<p style=\"text-align: justify;\">Klju\u010dne rije\u010di: emocionalna kompetencija, stres, suo\u010davanje sa stresom<\/p>\n<p><a href=\"https:\/\/doi.org\/10.24141\/1\/10\/1\/4\">https:\/\/doi.org\/10.24141\/1\/10\/1\/4<\/a><\/p>\n","protected":false},"excerpt":{"rendered":"<p>Povezanost emocionalne kompetencije i strategija suo\u010davanja sa stresom kod sporta\u0161a &nbsp; 1 Marinka \u0160imunovi\u0107 Ga\u0161par 2 Janko Babi\u0107 1 Hrvatski zavod za javno zdravstvo 2 Zdravstveno veleu\u010dili\u0161te, Zagreb &nbsp; Sa\u017eetak Cilj rada bio je utvrditi postoji li povezanost strategija suo\u010davanja sa stresom i razine emocionalne kompetencije kod profesionalnih i kod amaterskih sporta\u0161a. Istra\u017eivanje je provedeno [&hellip;]<\/p>\n","protected":false},"author":1,"featured_media":0,"parent":1738,"menu_order":0,"comment_status":"closed","ping_status":"closed","template":"","meta":{"footnotes":""},"class_list":["post-1761","page","type-page","status-publish","hentry"],"_links":{"self":[{"href":"https:\/\/jahs.eu\/hr\/wp-json\/wp\/v2\/pages\/1761","targetHints":{"allow":["GET"]}}],"collection":[{"href":"https:\/\/jahs.eu\/hr\/wp-json\/wp\/v2\/pages"}],"about":[{"href":"https:\/\/jahs.eu\/hr\/wp-json\/wp\/v2\/types\/page"}],"author":[{"embeddable":true,"href":"https:\/\/jahs.eu\/hr\/wp-json\/wp\/v2\/users\/1"}],"replies":[{"embeddable":true,"href":"https:\/\/jahs.eu\/hr\/wp-json\/wp\/v2\/comments?post=1761"}],"version-history":[{"count":2,"href":"https:\/\/jahs.eu\/hr\/wp-json\/wp\/v2\/pages\/1761\/revisions"}],"predecessor-version":[{"id":1776,"href":"https:\/\/jahs.eu\/hr\/wp-json\/wp\/v2\/pages\/1761\/revisions\/1776"}],"up":[{"embeddable":true,"href":"https:\/\/jahs.eu\/hr\/wp-json\/wp\/v2\/pages\/1738"}],"wp:attachment":[{"href":"https:\/\/jahs.eu\/hr\/wp-json\/wp\/v2\/media?parent=1761"}],"curies":[{"name":"wp","href":"https:\/\/api.w.org\/{rel}","templated":true}]}}