{"id":1764,"date":"2024-06-21T12:41:29","date_gmt":"2024-06-21T10:41:29","guid":{"rendered":"https:\/\/jahs.eu\/?page_id=1764"},"modified":"2024-06-21T12:51:13","modified_gmt":"2024-06-21T10:51:13","slug":"procjena-rizika-razvoja-sarkopenije-upitnik-sarc-f","status":"publish","type":"page","link":"https:\/\/jahs.eu\/hr\/volume-10-number-1-june-2024\/procjena-rizika-razvoja-sarkopenije-upitnik-sarc-f\/","title":{"rendered":"Procjena rizika razvoja sarkopenije \u2013 upitnik SARC F"},"content":{"rendered":"<p style=\"text-align: center;\"><strong>Procjena rizika razvoja sarkopenije \u2013 upitnik SARC F<\/strong><\/p>\n<p><a href=\"https:\/\/jahs.eu\/wp-content\/uploads\/2024\/06\/05.pdf\" target=\"_blank\" rel=\"noopener\"><img loading=\"lazy\" decoding=\"async\" class=\"alignnone wp-image-832\" src=\"http:\/\/jahs.eu\/wp-content\/uploads\/2015\/04\/jahs100pdf.png\" alt=\"\" width=\"50\" height=\"50\" \/><\/a><\/p>\n<p>&nbsp;<\/p>\n<p>1,2,3 Miljenko Frani\u0107<br \/>\n1 Tatjana Njegovan Zvonarevi\u0107<br \/>\n1 Edina Puli\u0107<br \/>\n1 Ana Mojsovi\u0107 \u0106ui\u0107<br \/>\n1 Lana Feher Turkovi\u0107<br \/>\n1 Mirjana Telebuh<br \/>\n1 Ivan Jurak<\/p>\n<p>1 Zdravstveno veleu\u010dili\u0161te, Zagreb<br \/>\n2 Klini\u010dka bolnica Dubrava, Zagreb<br \/>\n3 Medicinski fakultet Sveu\u010dili\u0161ta u Zagrebu<\/p>\n<p>&nbsp;<\/p>\n<p style=\"text-align: justify;\">Sa\u017eetak<\/p>\n<p style=\"text-align: justify;\">\nEuropska radna skupina o sarkopeniji u starijih osoba (engl. European Working Group on Sarcopenia in Older People 2, EWGSOP2) predlo\u017eila je slu\u017ebeni instrument za procjenu rizika za razvoj sarkopenije. Upitnik \u201eSnaga, pomo\u0107 pri hodu, ustajanje sa stolca, penjanje uz stube, padovi\u201d (engl. Strength, Assistance in walking, Rising from a chair, Climbing stairs, and Falls \u2013 SARC-F) sve se vi\u0161e upotrebljava u klini\u010dkoj praksi i istra\u017eivanjima sarkopenije, zbog svoje jednostavne i prakti\u010dne primjene. Upitnik sadr\u017eava kratka i razumljiva pitanja koja isklju\u010duju potrebu mjerenja mi\u0161i\u0107ne mase. Sarkopenija je multifaktorska bolest koja je sve ra\u0161irenija me\u0111u starijom populacijom i karakterizirana je progresivnim gubitkom mi\u0161i\u0107ne snage, mase i funkcije, s lo\u0161im ishodima kao \u0161to su funkcionalna ovisnost, padovi, ozljede, institucionalizacija i smrtnost. Prepoznavanje sarkopenije kao odrednice lo\u0161eg i slabijeg zdravlja u osoba starije \u017eivotne dobi naglasilo je va\u017enost brzog dijagnosticiranja sarkopenije, poma\u017eu\u0107i lije\u010dnicima u provedbi strategija prevencije i lije\u010denja bolesti. U radu je opisan upitnik SARC-F, njegova upotreba i mogu\u0107nost procjene rizika za razvoj sarkopenije.<\/p>\n<p style=\"text-align: justify;\">Klju\u010dne rije\u010di: upitnik SARC-F, sarkopenija, procjena rizika<\/p>\n<p><a href=\"http:\/\/Sa\u017eetak Europska radna skupina o sarkopeniji u starijih osoba (engl. European Working Group on Sarcopenia in Older People 2, EWGSOP2) predlo\u017eila je slu\u017ebeni instrument za procjenu rizika za razvoj sarkopenije. Upitnik \u201eSnaga, pomo\u0107 pri hodu, ustajanje sa stolca, penjanje uz stube, padovi\u201d (engl. Strength, Assistance in walking, Rising from a chair, Climbing stairs, and Falls \u2013 SARC-F) sve se vi\u0161e upotrebljava u klini\u010dkoj praksi i istra\u017eivanjima sarkopenije, zbog svoje jednostavne i prakti\u010dne primjene. Upitnik sadr\u017eava kratka i razumljiva pitanja koja isklju\u010duju potrebu mjerenja mi\u0161i\u0107ne mase. Sarkopenija je multifaktorska bolest koja je sve ra\u0161irenija me\u0111u starijom populacijom i karakterizirana je progresivnim gubitkom mi\u0161i\u0107ne snage, mase i funkcije, s lo\u0161im ishodima kao \u0161to su funkcionalna ovisnost, padovi, ozljede, institucionalizacija i smrtnost. Prepoznavanje sarkopenije kao odrednice lo\u0161eg i slabijeg zdravlja u osoba starije \u017eivotne dobi naglasilo je va\u017enost brzog dijagnosticiranja sarkopenije, poma\u017eu\u0107i lije\u010dnicima u provedbi strategija prevencije i lije\u010denja bolesti. U radu je opisan upitnik SARC-F, njegova upotreba i mogu\u0107nost procjene rizika za razvoj sarkopenije. Klju\u010dne rije\u010di: upitnik SARC-F, sarkopenija, procjena rizika Datum primitka: 28.5.2024. Datum prihva\u0107anja: 15.6.2024. https:\/\/doi.org\/10.24141\/1\/10\/1\/5\">https:\/\/doi.org\/10.24141\/1\/10\/1\/5<\/a><\/p>\n","protected":false},"excerpt":{"rendered":"<p>Procjena rizika razvoja sarkopenije \u2013 upitnik SARC F &nbsp; 1,2,3 Miljenko Frani\u0107 1 Tatjana Njegovan Zvonarevi\u0107 1 Edina Puli\u0107 1 Ana Mojsovi\u0107 \u0106ui\u0107 1 Lana Feher Turkovi\u0107 1 Mirjana Telebuh 1 Ivan Jurak 1 Zdravstveno veleu\u010dili\u0161te, Zagreb 2 Klini\u010dka bolnica Dubrava, Zagreb 3 Medicinski fakultet Sveu\u010dili\u0161ta u Zagrebu &nbsp; Sa\u017eetak Europska radna skupina o sarkopeniji [&hellip;]<\/p>\n","protected":false},"author":1,"featured_media":0,"parent":1738,"menu_order":0,"comment_status":"closed","ping_status":"closed","template":"","meta":{"footnotes":""},"class_list":["post-1764","page","type-page","status-publish","hentry"],"_links":{"self":[{"href":"https:\/\/jahs.eu\/hr\/wp-json\/wp\/v2\/pages\/1764","targetHints":{"allow":["GET"]}}],"collection":[{"href":"https:\/\/jahs.eu\/hr\/wp-json\/wp\/v2\/pages"}],"about":[{"href":"https:\/\/jahs.eu\/hr\/wp-json\/wp\/v2\/types\/page"}],"author":[{"embeddable":true,"href":"https:\/\/jahs.eu\/hr\/wp-json\/wp\/v2\/users\/1"}],"replies":[{"embeddable":true,"href":"https:\/\/jahs.eu\/hr\/wp-json\/wp\/v2\/comments?post=1764"}],"version-history":[{"count":2,"href":"https:\/\/jahs.eu\/hr\/wp-json\/wp\/v2\/pages\/1764\/revisions"}],"predecessor-version":[{"id":1777,"href":"https:\/\/jahs.eu\/hr\/wp-json\/wp\/v2\/pages\/1764\/revisions\/1777"}],"up":[{"embeddable":true,"href":"https:\/\/jahs.eu\/hr\/wp-json\/wp\/v2\/pages\/1738"}],"wp:attachment":[{"href":"https:\/\/jahs.eu\/hr\/wp-json\/wp\/v2\/media?parent=1764"}],"curies":[{"name":"wp","href":"https:\/\/api.w.org\/{rel}","templated":true}]}}