{"id":1766,"date":"2024-06-21T12:44:00","date_gmt":"2024-06-21T10:44:00","guid":{"rendered":"https:\/\/jahs.eu\/?page_id=1766"},"modified":"2024-06-21T12:51:43","modified_gmt":"2024-06-21T10:51:43","slug":"priroda-kao-radnoterapijski-medij","status":"publish","type":"page","link":"https:\/\/jahs.eu\/hr\/volume-10-number-1-june-2024\/priroda-kao-radnoterapijski-medij\/","title":{"rendered":"Priroda kao radnoterapijski medij"},"content":{"rendered":"<p style=\"text-align: center;\"><strong>Priroda kao radnoterapijski medij<\/strong><\/p>\n<p><a href=\"https:\/\/jahs.eu\/wp-content\/uploads\/2024\/06\/06.pdf\" target=\"_blank\" rel=\"noopener\"><img loading=\"lazy\" decoding=\"async\" class=\"alignnone wp-image-832\" src=\"http:\/\/jahs.eu\/wp-content\/uploads\/2015\/04\/jahs100pdf.png\" alt=\"\" width=\"50\" height=\"50\" \/><\/a><\/p>\n<p>&nbsp;<\/p>\n<p>1 Tatjana Njegovan Zvonarevi\u0107<br \/>\n2 Leonarda Anti\u010di\u0107<br \/>\n2 Antea Grgi\u0107<br \/>\n1 Edina Puli\u0107<\/p>\n<p>1 Zdravstveno veleu\u010dili\u0161te Zagreb, Studij radne terapije<br \/>\n2 Zdravstveno veleu\u010dili\u0161te Zagreb, studentice 3. godine Studija radne terapije<\/p>\n<p style=\"text-align: justify;\">\n<p style=\"text-align: justify;\">Sa\u017eetak<\/p>\n<p style=\"text-align: justify;\">\nU dana\u0161nje doba kada ljudi provode najve\u0107i dio svakodnevice u zatvorenim prostorima, sve vi\u0161e va\u017enosti dobiva promicanje zdravlja putem prirode kao terapijskog medija. Upotreba prirodnog okru\u017eja u RT intervencijama nudi priliku za uvje\u017ebavanje vje\u0161tina i sudjelovanje u svakodnevnim okupacijama. Okupacijsko sudjelovanje u prirodi ostvaruje se kroz sudjelovanje u igri i aktivnostima slobodnog vremena te objedinjuje prirodu kao terapijsko okru\u017eje i mehanizam u kojem se priroda upotrebljava kao pomo\u0107 u terapijskom procesu. I okru\u017eje i boravak u prirodi osiguravaju niz zdravstvenih dobrobiti koje u kona\u010dnici mogu pozitivno utjecati na ishode RT intervencije, no bez obzira na navedeno, danas se u zdravstvu i u RT-u priroda minimalno upotrebljava kao terapijski medij. RT intervencije naj\u010de\u0161\u0107e se provode u zatvorenim prostorima, poput kabineta ili bolnica, me\u0111utim RT okvir podr\u017eava intervencije koje se provode u prirodnom okru\u017eju. Dosada\u0161nja istra\u017eivanja pokazuju pozitivne u\u010dinke u razvoju motori\u010dkih i senzori\u010dkih vje\u0161tina, kao i razvoj procesnih vje\u0161tina i vje\u0161tina socijalne interakcije.<\/p>\n<p style=\"text-align: justify;\">Klju\u010dne rije\u010di: priroda, radna terapija, okupacije<\/p>\n<p><a href=\"https:\/\/doi.org\/10.24141\/1\/10\/1\/6\">https:\/\/doi.org\/10.24141\/1\/10\/1\/6<\/a><\/p>\n","protected":false},"excerpt":{"rendered":"<p>Priroda kao radnoterapijski medij &nbsp; 1 Tatjana Njegovan Zvonarevi\u0107 2 Leonarda Anti\u010di\u0107 2 Antea Grgi\u0107 1 Edina Puli\u0107 1 Zdravstveno veleu\u010dili\u0161te Zagreb, Studij radne terapije 2 Zdravstveno veleu\u010dili\u0161te Zagreb, studentice 3. godine Studija radne terapije Sa\u017eetak U dana\u0161nje doba kada ljudi provode najve\u0107i dio svakodnevice u zatvorenim prostorima, sve vi\u0161e va\u017enosti dobiva promicanje zdravlja putem [&hellip;]<\/p>\n","protected":false},"author":1,"featured_media":0,"parent":1738,"menu_order":0,"comment_status":"closed","ping_status":"closed","template":"","meta":{"footnotes":""},"class_list":["post-1766","page","type-page","status-publish","hentry"],"_links":{"self":[{"href":"https:\/\/jahs.eu\/hr\/wp-json\/wp\/v2\/pages\/1766","targetHints":{"allow":["GET"]}}],"collection":[{"href":"https:\/\/jahs.eu\/hr\/wp-json\/wp\/v2\/pages"}],"about":[{"href":"https:\/\/jahs.eu\/hr\/wp-json\/wp\/v2\/types\/page"}],"author":[{"embeddable":true,"href":"https:\/\/jahs.eu\/hr\/wp-json\/wp\/v2\/users\/1"}],"replies":[{"embeddable":true,"href":"https:\/\/jahs.eu\/hr\/wp-json\/wp\/v2\/comments?post=1766"}],"version-history":[{"count":2,"href":"https:\/\/jahs.eu\/hr\/wp-json\/wp\/v2\/pages\/1766\/revisions"}],"predecessor-version":[{"id":1778,"href":"https:\/\/jahs.eu\/hr\/wp-json\/wp\/v2\/pages\/1766\/revisions\/1778"}],"up":[{"embeddable":true,"href":"https:\/\/jahs.eu\/hr\/wp-json\/wp\/v2\/pages\/1738"}],"wp:attachment":[{"href":"https:\/\/jahs.eu\/hr\/wp-json\/wp\/v2\/media?parent=1766"}],"curies":[{"name":"wp","href":"https:\/\/api.w.org\/{rel}","templated":true}]}}