{"id":1768,"date":"2024-06-21T12:46:16","date_gmt":"2024-06-21T10:46:16","guid":{"rendered":"https:\/\/jahs.eu\/?page_id=1768"},"modified":"2024-06-21T12:52:05","modified_gmt":"2024-06-21T10:52:05","slug":"haiku-poezija-i-shinrin-yoku-sinergija-prirodne-ljepote-i-duhovnog-iscjeljenja","status":"publish","type":"page","link":"https:\/\/jahs.eu\/hr\/volume-10-number-1-june-2024\/haiku-poezija-i-shinrin-yoku-sinergija-prirodne-ljepote-i-duhovnog-iscjeljenja\/","title":{"rendered":"Haiku-poezija i Shinrin-yoku: Sinergija prirodne ljepote i duhovnog iscjeljenja"},"content":{"rendered":"<p style=\"text-align: center;\"><strong>Haiku-poezija i <em>Shinrin-yoku<\/em>: Sinergija prirodne ljepote i duhovnog iscjeljenja<\/strong><\/p>\n<p><a href=\"https:\/\/jahs.eu\/wp-content\/uploads\/2024\/06\/07.pdf\" target=\"_blank\" rel=\"noopener\"><img loading=\"lazy\" decoding=\"async\" class=\"alignnone wp-image-832\" src=\"http:\/\/jahs.eu\/wp-content\/uploads\/2015\/04\/jahs100pdf.png\" alt=\"\" width=\"50\" height=\"50\" \/><\/a><\/p>\n<p>&nbsp;<\/p>\n<p>1 Aleksandar Racz<br \/>\n1 Zdravstveno veleu\u010dili\u0161te Zagreb<\/p>\n<p>&nbsp;<\/p>\n<p style=\"text-align: justify;\">Sa\u017eetak<\/p>\n<p style=\"text-align: justify;\">\nHaiku-poezija i metoda Shinrin-yoku, poznata kao \u201e\u0161umsko kupanje\u201d, dva su aspekta japanske kulture koja nagla\u0161avaju povezanost \u010dovjeka s prirodom. Haiku-poezija, sa svojom jednostavnom strukturom i dubokim slikama prirode, odra\u017eava estetske i filozofske vrijednosti japanskog dru\u0161tva. S druge strane, metoda Shinrin-yoku predstavlja prakti\u010dnu primjenu ove filozofije, promi\u010du\u0107i fizi\u010dko i mentalno zdravlje kroz svjesno uranjanje u prirodni okoli\u0161. Ovaj rad istra\u017euje sinergiju izme\u0111u haiku-poezije i metode Shinrin-yoku, nagla\u0161avaju\u0107i njihove zajedni\u010dke temeljne principe i dobrobiti za ljudsku psihu. Iz prikupljenih i analiziranih materijala mo\u017ee se zaklju\u010diti da haiku-poezija i metoda Shinrin-yoku dijele isti fokus na svjesnu prisutnost i duboku povezanost s prirodom. Dok haiku upotrebljava rije\u010di za stvaranje mentalnih slika koje evociraju mir i kontemplaciju, metoda Shinrin-yoku upotrebljava stvarno okru\u017eenje za postizanje sli\u010dnih u\u010dinaka. Oba pristupa poma\u017eu u smanjenju stresa, promicanju unutarnjeg mira i pobolj\u0161anju kvalitete \u017eivota.<\/p>\n<p style=\"text-align: justify;\">Klju\u010dne rije\u010di: haiku, Shinrin-yoku, mentalno zdravlje, mindfulness, kvaliteta \u017eivota<\/p>\n<p><a href=\"https:\/\/doi.org\/10.24141\/1\/10\/1\/7\">https:\/\/doi.org\/10.24141\/1\/10\/1\/7<\/a><\/p>\n","protected":false},"excerpt":{"rendered":"<p>Haiku-poezija i Shinrin-yoku: Sinergija prirodne ljepote i duhovnog iscjeljenja &nbsp; 1 Aleksandar Racz 1 Zdravstveno veleu\u010dili\u0161te Zagreb &nbsp; Sa\u017eetak Haiku-poezija i metoda Shinrin-yoku, poznata kao \u201e\u0161umsko kupanje\u201d, dva su aspekta japanske kulture koja nagla\u0161avaju povezanost \u010dovjeka s prirodom. Haiku-poezija, sa svojom jednostavnom strukturom i dubokim slikama prirode, odra\u017eava estetske i filozofske vrijednosti japanskog dru\u0161tva. S [&hellip;]<\/p>\n","protected":false},"author":1,"featured_media":0,"parent":1738,"menu_order":0,"comment_status":"closed","ping_status":"closed","template":"","meta":{"footnotes":""},"class_list":["post-1768","page","type-page","status-publish","hentry"],"_links":{"self":[{"href":"https:\/\/jahs.eu\/hr\/wp-json\/wp\/v2\/pages\/1768","targetHints":{"allow":["GET"]}}],"collection":[{"href":"https:\/\/jahs.eu\/hr\/wp-json\/wp\/v2\/pages"}],"about":[{"href":"https:\/\/jahs.eu\/hr\/wp-json\/wp\/v2\/types\/page"}],"author":[{"embeddable":true,"href":"https:\/\/jahs.eu\/hr\/wp-json\/wp\/v2\/users\/1"}],"replies":[{"embeddable":true,"href":"https:\/\/jahs.eu\/hr\/wp-json\/wp\/v2\/comments?post=1768"}],"version-history":[{"count":2,"href":"https:\/\/jahs.eu\/hr\/wp-json\/wp\/v2\/pages\/1768\/revisions"}],"predecessor-version":[{"id":1779,"href":"https:\/\/jahs.eu\/hr\/wp-json\/wp\/v2\/pages\/1768\/revisions\/1779"}],"up":[{"embeddable":true,"href":"https:\/\/jahs.eu\/hr\/wp-json\/wp\/v2\/pages\/1738"}],"wp:attachment":[{"href":"https:\/\/jahs.eu\/hr\/wp-json\/wp\/v2\/media?parent=1768"}],"curies":[{"name":"wp","href":"https:\/\/api.w.org\/{rel}","templated":true}]}}