{"id":1785,"date":"2024-12-18T13:37:11","date_gmt":"2024-12-18T12:37:11","guid":{"rendered":"https:\/\/jahs.eu\/?page_id=1785"},"modified":"2024-12-18T14:43:27","modified_gmt":"2024-12-18T13:43:27","slug":"volume-10-number-2-december-2024","status":"publish","type":"page","link":"https:\/\/jahs.eu\/hr\/volume-10-number-2-december-2024\/","title":{"rendered":"Volume: 10; Number: 2; December 2024"},"content":{"rendered":"<h3 style=\"text-align: center;\"><strong>Volume: 10; Number: 2; December 2024<\/strong><\/h3>\n<p><a href=\"https:\/\/jahs.eu\/wp-content\/uploads\/2024\/12\/JAHS-vol10-n2.pdf\" target=\"_blank\" rel=\"noopener\"><img loading=\"lazy\" decoding=\"async\" class=\"alignnone wp-image-832\" src=\"http:\/\/jahs.eu\/wp-content\/uploads\/2015\/04\/jahs100pdf.png\" alt=\"\" width=\"50\" height=\"50\" \/><\/a><\/p>\n<p>&nbsp;<\/p>\n<ul>\n<li><strong><b>BEATA TERESA GALINEC, MARA \u017dUPANI\u0106, DINKA PALATINU\u0160<\/b><\/strong><\/li>\n<\/ul>\n<p><a href=\"https:\/\/jahs.eu\/hrvatski-volume-10-number-2-december-2024\/spoznaje-ucenika-medicinske-skole-i-gimnazije-o-palijativnoj-skrbi\/\">Spoznaje u\u010denika medicinske \u0161kole i gimnazije o palijativnoj skrbi<\/a><br \/>\n<a href=\"https:\/\/jahs.eu\/hrvatski-volume-10-number-2-december-2024\/spoznaje-ucenika-medicinske-skole-i-gimnazije-o-palijativnoj-skrbi\/\">Knowledge of Medical School and Gymnasium Students on Palliative Care<\/a><\/p>\n<p>&nbsp;<\/p>\n<ul>\n<li><strong><b>EMA KOVA\u010cI\u0106, OLIVERA PETRAK<\/b><\/strong><\/li>\n<\/ul>\n<p><a href=\"https:\/\/jahs.eu\/volume-10-number-2-december-2024\/stavovi-fizioterapeuta-prema-telerehabilitaciji\/\">Stavovi fizioterapeuta prema telerehabilitaciji<\/a><br \/>\n<a href=\"https:\/\/jahs.eu\/volume-10-number-2-december-2024\/stavovi-fizioterapeuta-prema-telerehabilitaciji\/\">Physiotherapists\u2019 Attitudes towards Telerehabilitation<\/a><\/p>\n<p>&nbsp;<\/p>\n<ul>\n<li><strong><b>VALENTINO LU\u010cI\u0106, BILJANA FILIPOVI\u0106, ANA MARIJA HO\u0160NJAK, MARTINA SMREKAR, DANIJELA KUNDRATA, SANJA LEDINSKI<\/b><\/strong><\/li>\n<\/ul>\n<p><a href=\"https:\/\/jahs.eu\/volume-10-number-2-december-2024\/quality-of-life-after-ostomy-formation-perspectives-of-patients-and-families\/\">Quality of Life After Ostomy Formation: Perspectives of Patients and Families<\/a><br \/>\n<a href=\"https:\/\/jahs.eu\/volume-10-number-2-december-2024\/quality-of-life-after-ostomy-formation-perspectives-of-patients-and-families\/\">Kvaliteta \u017eivota nakon formiranja stome: perspektive pacijenata i obitelji<\/a><\/p>\n<p>&nbsp;<\/p>\n<ul>\n<li><strong><b>MARTA MAD\u017dAR, AMER OV\u010cINA, MAJA PLO\u010cO, SENAD HASANSPAHI\u0106, EMILIJA HRAPOVI\u0106<\/b><\/strong><\/li>\n<\/ul>\n<p><a href=\"https:\/\/jahs.eu\/hr\/volume-10-number-2-december-2024\/corruption-risk-management-in-healthcare-institutions-in-the-area-of-canton-10\/\">Corruption Risk Management in Healthcare Institutions in the Area of Canton 10<\/a><br \/>\n<a href=\"https:\/\/jahs.eu\/hr\/volume-10-number-2-december-2024\/corruption-risk-management-in-healthcare-institutions-in-the-area-of-canton-10\/\">Upravljanje rizikom korupcije u zdravstvenim ustanovama na podru\u010dju kantona 10<\/a><\/p>\n<p>&nbsp;<\/p>\n<ul>\n<li><strong><b>ALEKSANDAR RACZ, DARKO VUKELI\u0106, ANDREA ARMANO, LJERKA ARMANO, DENIS JURAGA, VANJA VASILJEV<\/b><\/strong><\/li>\n<\/ul>\n<p><a href=\"https:\/\/jahs.eu\/hr\/volume-10-number-2-december-2024\/pregled-pozitivnih-ucinaka-izrade-ikebane-kao-moguceg-prosirenja-prakse-shinrin-yoku-na-unaprjedenje-mentalnog-zdravlja-emocionalnog-blagostanja-i-kvalitetu-zivota\/\">Pregled pozitivnih u\u010dinaka izrade ikebane, kao mogu\u0107eg pro\u0161irenja prakse Shinrin-yoku, na unaprje\u0111enje mentalnog zdravlja, emocionalnog blagostanja i kvalitetu \u017eivota<\/a><br \/>\n<a href=\"https:\/\/jahs.eu\/hr\/volume-10-number-2-december-2024\/pregled-pozitivnih-ucinaka-izrade-ikebane-kao-moguceg-prosirenja-prakse-shinrin-yoku-na-unaprjedenje-mentalnog-zdravlja-emocionalnog-blagostanja-i-kvalitetu-zivota\/\">Overview of the Positive Effects of Ikebana Creation as a Possible Extension of Shinrin-Yoku Practice on the Improvement of Mental Health, Emotional Well-Being and Quality of Life<\/a><\/p>\n<p>&nbsp;<\/p>\n<ul>\n<li><strong><b>ALEKSANDAR RACZ, LJERKA ARMANO, ANDREA ARMANO, DARKO VUKELI\u0106, DENIS JURAGA, VANJA VASILJEV<\/b><\/strong><\/li>\n<\/ul>\n<p><a href=\"https:\/\/jahs.eu\/hr\/volume-10-number-2-december-2024\/hrvatski-enhancing-mental-health-and-well-being-through-the-integration-of-mandala-creation-and-shinrin-yoku-a-synergistic-approach\/\">Enhancing Mental Health and Well-Being Through the Integration of Mandala Creation and Shinrin\u2013Yoku: A Synergistic Approach<\/a><br \/>\n<a href=\"https:\/\/jahs.eu\/hr\/volume-10-number-2-december-2024\/hrvatski-enhancing-mental-health-and-well-being-through-the-integration-of-mandala-creation-and-shinrin-yoku-a-synergistic-approach\/\">Unaprje\u0111enje mentalnog zdravlja i dobrobiti kroz integraciju izrade Mandala i metode Shinrin-yoku: sinergijski pristup<\/a><\/p>\n<p>&nbsp;<\/p>\n<ul>\n<li><strong><b>IVANA VRDOLJAK<\/b><\/strong><\/li>\n<\/ul>\n<p><a href=\"https:\/\/jahs.eu\/hr\/volume-10-number-2-december-2024\/hrvatski-utilizing-the-gpt-model-to-teach-physics-for-better-learning-and-understanding-of-scientific-concepts\/\">Utilizing the GPT model to teach physics for better learning and understanding of scientific concepts<\/a><br \/>\n<a href=\"https:\/\/jahs.eu\/hr\/volume-10-number-2-december-2024\/hrvatski-utilizing-the-gpt-model-to-teach-physics-for-better-learning-and-understanding-of-scientific-concepts\/\">Primjena GPT modela za podu\u010davanje fizike za bolje usvajanje i razumijevanje znanstvenih koncepata<\/a><\/p>\n<p>&nbsp;<\/p>\n<ul>\n<li><strong><b>IVANA VRDOLJAK, ANTEA BRADARI\u0106<\/b><\/strong><\/li>\n<\/ul>\n<p><a href=\"https:\/\/jahs.eu\/hr\/volume-10-number-2-december-2024\/medical-physics-in-radiological-practice-imaging-technologies-and-protection-practices\/\">Medical Physics in Radiological Practice: Imaging Technologies and Protection Practices<\/a><br \/>\n<a href=\"https:\/\/jahs.eu\/hr\/volume-10-number-2-december-2024\/medical-physics-in-radiological-practice-imaging-technologies-and-protection-practices\/\">Medicinska fizika u radiolo\u0161koj praksi: tehnologije snimanja i mjere za\u0161tite<\/a><\/p>\n<p>&nbsp;<\/p>\n<ul>\n<li><strong><b>SONJA OSTOJI\u0106, KRISTIJAN RANOGAJEC<\/b><\/strong><\/li>\n<\/ul>\n<p><a href=\"https:\/\/jahs.eu\/hr\/volume-10-number-2-december-2024\/stavovi-medicinskih-tehnicara-i-sestara-prema-razini-educiranosti-o-ocuvanju-zdravlja-misicno-kostanog-sustava-pri-izvodenju-transfera-u-republici-hrvatskoj\/\">Stavovi medicinskih tehni\u010dara i sestara prema razini educiranosti o o\u010duvanju zdravlja mi\u0161i\u0107no-ko\u0161tanog sustava pri izvo\u0111enju transfera u Republici Hrvatskoj<\/a><br \/>\n<a href=\"https:\/\/jahs.eu\/hr\/volume-10-number-2-december-2024\/stavovi-medicinskih-tehnicara-i-sestara-prema-razini-educiranosti-o-ocuvanju-zdravlja-misicno-kostanog-sustava-pri-izvodenju-transfera-u-republici-hrvatskoj\/\">Attitudes of Nurses Towards the Level of Education on Preserving the Health of the Musculoskeletal System when Performing Transfers in the Republic Of Croatia<\/a><\/p>\n<p>&nbsp;<\/p>\n<p>&nbsp;<\/p>\n<p>&nbsp;<\/p>\n","protected":false},"excerpt":{"rendered":"<p>Volume: 10; Number: 2; December 2024 &nbsp; BEATA TERESA GALINEC, MARA \u017dUPANI\u0106, DINKA PALATINU\u0160 Spoznaje u\u010denika medicinske \u0161kole i gimnazije o palijativnoj skrbi Knowledge of Medical School and Gymnasium Students on Palliative Care &nbsp; EMA KOVA\u010cI\u0106, OLIVERA PETRAK Stavovi fizioterapeuta prema telerehabilitaciji Physiotherapists\u2019 Attitudes towards Telerehabilitation &nbsp; VALENTINO LU\u010cI\u0106, BILJANA FILIPOVI\u0106, ANA MARIJA HO\u0160NJAK, MARTINA [&hellip;]<\/p>\n","protected":false},"author":1,"featured_media":0,"parent":0,"menu_order":0,"comment_status":"closed","ping_status":"closed","template":"","meta":{"footnotes":""},"class_list":["post-1785","page","type-page","status-publish","hentry"],"_links":{"self":[{"href":"https:\/\/jahs.eu\/hr\/wp-json\/wp\/v2\/pages\/1785","targetHints":{"allow":["GET"]}}],"collection":[{"href":"https:\/\/jahs.eu\/hr\/wp-json\/wp\/v2\/pages"}],"about":[{"href":"https:\/\/jahs.eu\/hr\/wp-json\/wp\/v2\/types\/page"}],"author":[{"embeddable":true,"href":"https:\/\/jahs.eu\/hr\/wp-json\/wp\/v2\/users\/1"}],"replies":[{"embeddable":true,"href":"https:\/\/jahs.eu\/hr\/wp-json\/wp\/v2\/comments?post=1785"}],"version-history":[{"count":6,"href":"https:\/\/jahs.eu\/hr\/wp-json\/wp\/v2\/pages\/1785\/revisions"}],"predecessor-version":[{"id":1825,"href":"https:\/\/jahs.eu\/hr\/wp-json\/wp\/v2\/pages\/1785\/revisions\/1825"}],"wp:attachment":[{"href":"https:\/\/jahs.eu\/hr\/wp-json\/wp\/v2\/media?parent=1785"}],"curies":[{"name":"wp","href":"https:\/\/api.w.org\/{rel}","templated":true}]}}