{"id":1817,"date":"2024-12-18T14:31:29","date_gmt":"2024-12-18T13:31:29","guid":{"rendered":"https:\/\/jahs.eu\/?page_id=1817"},"modified":"2024-12-18T14:31:29","modified_gmt":"2024-12-18T13:31:29","slug":"stavovi-medicinskih-tehnicara-i-sestara-prema-razini-educiranosti-o-ocuvanju-zdravlja-misicno-kostanog-sustava-pri-izvodenju-transfera-u-republici-hrvatskoj","status":"publish","type":"page","link":"https:\/\/jahs.eu\/hr\/volume-10-number-2-december-2024\/stavovi-medicinskih-tehnicara-i-sestara-prema-razini-educiranosti-o-ocuvanju-zdravlja-misicno-kostanog-sustava-pri-izvodenju-transfera-u-republici-hrvatskoj\/","title":{"rendered":"Stavovi medicinskih tehni\u010dara i sestara prema razini educiranosti o o\u010duvanju zdravlja mi\u0161i\u0107no-ko\u0161tanog sustava pri izvo\u0111enju transfera u Republici Hrvatskoj"},"content":{"rendered":"<p style=\"text-align: center;\">Stavovi medicinskih tehni\u010dara i sestara prema razini educiranosti o o\u010duvanju zdravlja mi\u0161i\u0107no-ko\u0161tanog sustava pri izvo\u0111enju transfera u Republici Hrvatskoj<\/p>\n<p><a href=\"https:\/\/jahs.eu\/wp-content\/uploads\/2024\/12\/09.pdf\" target=\"_blank\" rel=\"noopener\"><img loading=\"lazy\" decoding=\"async\" class=\"alignnone wp-image-832\" src=\"http:\/\/jahs.eu\/wp-content\/uploads\/2015\/04\/jahs100pdf.png\" alt=\"\" width=\"50\" height=\"50\" \/><\/a><\/p>\n<p>&nbsp;<\/p>\n<p style=\"text-align: justify;\">1 Sonja Ostoji\u0107<br \/>\n1 Kristijan Ranogajec<\/p>\n<p style=\"text-align: justify;\">1 Zdravstveno veleu\u010dili\u0161te Zagreb<\/p>\n<p>&nbsp;<\/p>\n<p style=\"text-align: justify;\">Sa\u017eetak<br \/>\nPopulacija medicinskih tehni\u010dara i sestara spada u visokorizi\u010dnu skupinu za nastanak kroni\u010dnih ozljeda povezanih s radnim mjestom sa znatno vi\u0161om stopom pojavnosti kroni\u010dnih tegoba\u00a0 mi\u0161i\u0107no-ko\u0161tanog sustava u usporedbi s ostalim medicinskim osobljem. Faktori rizika obuhva\u0107aju neadekvatno opremljeno radno mjesto, veliki opseg posla po zdravstvenom\u00a0 djelatniku i manjak edukacija povezanih s prevencijom ozljeda. Transferi pacijenata mogu se izdvojiti kao zasebna skupina \u010dimbenika rizika te predstavljaju izazov kako za same pacijente\u00a0 tako i za medicinsko osoblje koje ih provodi, a naj\u010de\u0161\u0107e su to medicinski tehni\u010dari i medicinske sestre. Istra\u017eivanje provedeno na uzorku od 110 ispitanika ukazalo je na visoku\u00a0 zastupljenost boli u razli\u010ditim regijama tijela me\u0111u medicinskim sestrama i tehni\u010darima. Dobiveni rezultati ankete ukazali su kako 72,7 % ispitanika smatra da njihovo trenuta\u010dno znanje o\u00a0 ergonomiji i biomehanici nije dovoljno za o\u010duvanje zdravlja pri provo\u0111enju transfera, dok je 97,3 % pokazalo interes za edukacije uz suradnju s fizioterapeutima.<\/p>\n<p>&nbsp;<\/p>\n<p style=\"text-align: justify;\">Klju\u010dne rije\u010di: kroni\u010dna\u00a0 bol, ergonomija, biomehanika, transferi, zdravstveni djelatnici<\/p>\n<p style=\"text-align: justify;\"><a href=\"https:\/\/doi.org\/10.24141\/1\/10\/2\/9\">https:\/\/doi.org\/10.24141\/1\/10\/2\/9<\/a><\/p>\n","protected":false},"excerpt":{"rendered":"<p>Stavovi medicinskih tehni\u010dara i sestara prema razini educiranosti o o\u010duvanju zdravlja mi\u0161i\u0107no-ko\u0161tanog sustava pri izvo\u0111enju transfera u Republici Hrvatskoj &nbsp; 1 Sonja Ostoji\u0107 1 Kristijan Ranogajec 1 Zdravstveno veleu\u010dili\u0161te Zagreb &nbsp; Sa\u017eetak Populacija medicinskih tehni\u010dara i sestara spada u visokorizi\u010dnu skupinu za nastanak kroni\u010dnih ozljeda povezanih s radnim mjestom sa znatno vi\u0161om stopom pojavnosti kroni\u010dnih [&hellip;]<\/p>\n","protected":false},"author":1,"featured_media":0,"parent":1785,"menu_order":0,"comment_status":"closed","ping_status":"closed","template":"","meta":{"footnotes":""},"class_list":["post-1817","page","type-page","status-publish","hentry"],"_links":{"self":[{"href":"https:\/\/jahs.eu\/hr\/wp-json\/wp\/v2\/pages\/1817","targetHints":{"allow":["GET"]}}],"collection":[{"href":"https:\/\/jahs.eu\/hr\/wp-json\/wp\/v2\/pages"}],"about":[{"href":"https:\/\/jahs.eu\/hr\/wp-json\/wp\/v2\/types\/page"}],"author":[{"embeddable":true,"href":"https:\/\/jahs.eu\/hr\/wp-json\/wp\/v2\/users\/1"}],"replies":[{"embeddable":true,"href":"https:\/\/jahs.eu\/hr\/wp-json\/wp\/v2\/comments?post=1817"}],"version-history":[{"count":1,"href":"https:\/\/jahs.eu\/hr\/wp-json\/wp\/v2\/pages\/1817\/revisions"}],"predecessor-version":[{"id":1818,"href":"https:\/\/jahs.eu\/hr\/wp-json\/wp\/v2\/pages\/1817\/revisions\/1818"}],"up":[{"embeddable":true,"href":"https:\/\/jahs.eu\/hr\/wp-json\/wp\/v2\/pages\/1785"}],"wp:attachment":[{"href":"https:\/\/jahs.eu\/hr\/wp-json\/wp\/v2\/media?parent=1817"}],"curies":[{"name":"wp","href":"https:\/\/api.w.org\/{rel}","templated":true}]}}