{"id":1849,"date":"2025-06-13T09:38:15","date_gmt":"2025-06-13T07:38:15","guid":{"rendered":"https:\/\/jahs.eu\/?page_id=1849"},"modified":"2025-06-13T11:53:25","modified_gmt":"2025-06-13T09:53:25","slug":"managerial-competencies-and-their-impact-on-the-performance-of-healthcare-organizations-in-bosnia-and-herzegovina","status":"publish","type":"page","link":"https:\/\/jahs.eu\/hr\/managerial-competencies-and-their-impact-on-the-performance-of-healthcare-organizations-in-bosnia-and-herzegovina\/","title":{"rendered":"Managerial Competencies and their Impact on the Performance of Healthcare Organizations in Bosnia and Herzegovina"},"content":{"rendered":"<p style=\"text-align: center;\"><strong>Managerial Competencies and their Impact on the Performance of Healthcare Organizations in Bosnia and Herzegovina<\/strong><\/p>\n<p><a href=\"https:\/\/jahs.eu\/wp-content\/uploads\/2025\/06\/02.pdf\" target=\"_blank\" rel=\"noopener\"><img loading=\"lazy\" decoding=\"async\" class=\"alignnone wp-image-832\" src=\"http:\/\/jahs.eu\/wp-content\/uploads\/2015\/04\/jahs100pdf.png\" alt=\"\" width=\"50\" height=\"50\" \/><\/a><\/p>\n<p>Sabina \u0160ehi\u0107 \u2013 Kr\u0161lak<br \/>\n2 Edin Medjedovi\u0107<br \/>\n3 Amra Deliomerovi\u0107 \u2013 Skrobo<br \/>\n4 Nerman Ljevo<br \/>\n5 Selma Be\u0107irovi\u0107<br \/>\n5 Alma Suljevi\u0107<br \/>\n1 Public Institution Center for Advanced Technologies<br \/>\nSarajevo, Faculty of Management and Business<br \/>\nEconomics, University of Travnik<br \/>\n2 Clinic for Gynecology and Obstetrics, Clinical Center,<br \/>\nUniversity of Sarajevo, Faculty of Medicine, University of<br \/>\nSarajevo<br \/>\n3 Public Institution Center for Advanced Technologies<br \/>\nSarajevo<br \/>\n4 Faculty of Management and Business Economics,<br \/>\nUniversity of Travnik<br \/>\n5 Clinic for Gynecology and Obstetrics, Clinical Center,<br \/>\nUniversity of Sarajevo<\/p>\n<p>Abstract<br \/>\nThis paper\u2019s primary aim is to examine the impact of managerial competencies on the performance of healthcare organizations in Bosnia and Herzegovina, with a particular focus on the role of middle management.<\/p>\n<p>Research Methodology: A quantitative research approach was employed, and data were collected through a structured questionnaire designed to measure six key dimensions of managerial competencies: leadership, strategic thinking, communication, decision-making, teamwork, and change management. The construction of the\u00a0 uestionnaire was based on previous relevant research and theoretical models of managerial competencies, with particular attention given to the models developed by Boyatzis (1982)<br \/>\nand later expanded by Whetten and Cameron (2011), as well as findings from research on healthcare management, such as Calhoun et al. (2008) on competencies for healthcare<br \/>\nleaders. The items were adapted to the specific context of healthcare institutions in Bosnia and Herzegovina, and each item was rated on a 5-point Likert scale (1- Strongly Disagree; 2-Disagree; 3 \u2013 Neutral; 4- Agree; 5- Strongly Agree). The questionnaire was distributed to a purposive sample of 120 middle managers working in various healthcare institutions across Bosnia and Herzegovina. Data were collected during three months from January to April 2025. Descriptive statistics were used for data analysis.<\/p>\n<p>Conclusion: The results indicate that communication and teamwork competencies were rated most positively and significantly correlated with organizational outcomes. In contrast, strategic thinking and change\u00a0 anagement received lower ratings. The instrument\u2019s reliability was confirmed through high internal consistency (Cronbach \u03b1 &gt; 0.70).<\/p>\n<p>Keywords: managerial competencies, healthcare organizations, middle management, organizational performance.<\/p>\n<p><a href=\"https:\/\/doi.org\/10.24141\/1\/11\/1\/2\">https:\/\/doi.org\/10.24141\/1\/11\/1\/2<\/a><\/p>\n","protected":false},"excerpt":{"rendered":"<p>Managerial Competencies and their Impact on the Performance of Healthcare Organizations in Bosnia and Herzegovina Sabina \u0160ehi\u0107 \u2013 Kr\u0161lak 2 Edin Medjedovi\u0107 3 Amra Deliomerovi\u0107 \u2013 Skrobo 4 Nerman Ljevo 5 Selma Be\u0107irovi\u0107 5 Alma Suljevi\u0107 1 Public Institution Center for Advanced Technologies Sarajevo, Faculty of Management and Business Economics, University of Travnik 2 Clinic [&hellip;]<\/p>\n","protected":false},"author":1,"featured_media":0,"parent":0,"menu_order":0,"comment_status":"closed","ping_status":"closed","template":"","meta":{"footnotes":""},"class_list":["post-1849","page","type-page","status-publish","hentry"],"_links":{"self":[{"href":"https:\/\/jahs.eu\/hr\/wp-json\/wp\/v2\/pages\/1849","targetHints":{"allow":["GET"]}}],"collection":[{"href":"https:\/\/jahs.eu\/hr\/wp-json\/wp\/v2\/pages"}],"about":[{"href":"https:\/\/jahs.eu\/hr\/wp-json\/wp\/v2\/types\/page"}],"author":[{"embeddable":true,"href":"https:\/\/jahs.eu\/hr\/wp-json\/wp\/v2\/users\/1"}],"replies":[{"embeddable":true,"href":"https:\/\/jahs.eu\/hr\/wp-json\/wp\/v2\/comments?post=1849"}],"version-history":[{"count":3,"href":"https:\/\/jahs.eu\/hr\/wp-json\/wp\/v2\/pages\/1849\/revisions"}],"predecessor-version":[{"id":1868,"href":"https:\/\/jahs.eu\/hr\/wp-json\/wp\/v2\/pages\/1849\/revisions\/1868"}],"wp:attachment":[{"href":"https:\/\/jahs.eu\/hr\/wp-json\/wp\/v2\/media?parent=1849"}],"curies":[{"name":"wp","href":"https:\/\/api.w.org\/{rel}","templated":true}]}}