{"id":1856,"date":"2025-06-13T10:22:44","date_gmt":"2025-06-13T08:22:44","guid":{"rendered":"https:\/\/jahs.eu\/?page_id=1856"},"modified":"2025-06-17T15:10:29","modified_gmt":"2025-06-17T13:10:29","slug":"ayres-sensory-integration-asi-assessment-methods-within-a-comprehensive-occupational-therapy-evaluation-for-children","status":"publish","type":"page","link":"https:\/\/jahs.eu\/hr\/ayres-sensory-integration-asi-assessment-methods-within-a-comprehensive-occupational-therapy-evaluation-for-children\/","title":{"rendered":"Ayres Sensory Integration (ASI) Assessment Methods within a Comprehensive Occupational Therapy Evaluation for Children"},"content":{"rendered":"<p style=\"text-align: center;\"><strong>Ayres Sensory Integration (ASI) Assessment Methods within a Comprehensive Occupational Therapy Evaluation for Children<\/strong><\/p>\n<p><a href=\"https:\/\/jahs.eu\/wp-content\/uploads\/2025\/06\/05.pdf\" target=\"_blank\" rel=\"noopener\"><img loading=\"lazy\" decoding=\"async\" class=\"alignnone wp-image-832\" src=\"http:\/\/jahs.eu\/wp-content\/uploads\/2015\/04\/jahs100pdf.png\" alt=\"\" width=\"50\" height=\"50\" \/><\/a><\/p>\n<p>1 Andreja Bartolac<br \/>\n2 Davor Dui\u0107<br \/>\n1 Zdravstveno veleu\u010dili\u0161te, Zagreb<br \/>\n2 Centar za rehabilitaciju Silver, Zagreb<br \/>\nSa\u017eetak<br \/>\nProcjena senzori\u010dke integracije djece prema terapijskom pristupu Ayres senzori\u010dke integracije (ASI) klju\u010dna je komponenta radnoterapijskog procesa usmjerenog na razumijevanje senzori\u010dke podloge svakodnevnog funkcioniranja djeteta. Ovaj \u010dlanak prikazuje va\u017enost provo\u0111enja sveobuhvatne procjene koja uklju\u010duje kombinaciju razli\u010ditih metoda \u2013 klini\u010dkog promatranja, standardiziranih testova, upitnika i intervjua \u2013 kako bi se dobila cjelovita slika senzori\u010dke integracije i utjecaja na aktivno sudjelovanje u svakodnevnim \u017eivotnim okupacijama. U radu se opisuje strukturirani proces provo\u0111enja ASI procjene u skladu s procesom Odlu\u010divanja temeljeno na prikupljenim podacima (engl. Data-Driven Decision Making \u2013 DDDM), s posebnim naglaskom na kontekstualnu analizu pona\u0161anja, primjenu standardiziranih alata poput SIPT-a (Test senzori\u010dke integracije i praksije) i EASI-ja (Evaluacija Ayres senzori\u010dke integracije) te njihovu primjenjivost u klini\u010dkoj praksi. Analiziraju se prednosti i ograni\u010denja standardiziranih mjerenja u ASI-ju, u cilju argumentiranja va\u017enosti njihove\u00a0 potrebe. Nadalje, isti\u010de se vrijednost roditeljske perspektive kroz upitnike poput Senzori\u010dkog profila i Mjere senzori\u010dke obrade, koji omogu\u0107uju uvid u djetetovu svakodnevnu participaciju izvan terapijskog okru\u017eenja. Zavr\u0161ni dio \u010dlanka posve\u0107en je analizi rezultata procjene, oblikovanju hipoteza i formuliranju terapijskih ciljeva, pri \u010demu se nagla\u0161ava va\u017enost primjene ljestvice GAS (engl.Goal Attainment Scaling) za individualizirano i ciljevima usmjereno planiranje intervencije.<\/p>\n<p>Klju\u010dne rije\u010di: senzori\u010dka integracija, ASI\u00ae, radnoterapijska<br \/>\nprocjena, standardizacija procjenjivanja, ljestvica ciljeva GAS,<br \/>\nOdlu\u010divanje temeljeno na prikupljenim podacima (DDDM)<\/p>\n<p><a href=\"https:\/\/doi.org\/10.24141\/1\/11\/1\/5\">https:\/\/doi.org\/10.24141\/1\/11\/1\/5<\/a><\/p>\n","protected":false},"excerpt":{"rendered":"<p>Ayres Sensory Integration (ASI) Assessment Methods within a Comprehensive Occupational Therapy Evaluation for Children 1 Andreja Bartolac 2 Davor Dui\u0107 1 Zdravstveno veleu\u010dili\u0161te, Zagreb 2 Centar za rehabilitaciju Silver, Zagreb Sa\u017eetak Procjena senzori\u010dke integracije djece prema terapijskom pristupu Ayres senzori\u010dke integracije (ASI) klju\u010dna je komponenta radnoterapijskog procesa usmjerenog na razumijevanje senzori\u010dke podloge svakodnevnog funkcioniranja djeteta. [&hellip;]<\/p>\n","protected":false},"author":1,"featured_media":0,"parent":0,"menu_order":0,"comment_status":"closed","ping_status":"closed","template":"","meta":{"footnotes":""},"class_list":["post-1856","page","type-page","status-publish","hentry"],"_links":{"self":[{"href":"https:\/\/jahs.eu\/hr\/wp-json\/wp\/v2\/pages\/1856","targetHints":{"allow":["GET"]}}],"collection":[{"href":"https:\/\/jahs.eu\/hr\/wp-json\/wp\/v2\/pages"}],"about":[{"href":"https:\/\/jahs.eu\/hr\/wp-json\/wp\/v2\/types\/page"}],"author":[{"embeddable":true,"href":"https:\/\/jahs.eu\/hr\/wp-json\/wp\/v2\/users\/1"}],"replies":[{"embeddable":true,"href":"https:\/\/jahs.eu\/hr\/wp-json\/wp\/v2\/comments?post=1856"}],"version-history":[{"count":5,"href":"https:\/\/jahs.eu\/hr\/wp-json\/wp\/v2\/pages\/1856\/revisions"}],"predecessor-version":[{"id":1884,"href":"https:\/\/jahs.eu\/hr\/wp-json\/wp\/v2\/pages\/1856\/revisions\/1884"}],"wp:attachment":[{"href":"https:\/\/jahs.eu\/hr\/wp-json\/wp\/v2\/media?parent=1856"}],"curies":[{"name":"wp","href":"https:\/\/api.w.org\/{rel}","templated":true}]}}