{"id":1858,"date":"2025-06-13T10:30:51","date_gmt":"2025-06-13T08:30:51","guid":{"rendered":"https:\/\/jahs.eu\/?page_id=1858"},"modified":"2025-06-14T10:08:46","modified_gmt":"2025-06-14T08:08:46","slug":"fafatigue-management-in-persons-with-multiple-sclerosis-occupational-therapy-interventions-for-energy-conservation-in-daily-life-activities","status":"publish","type":"page","link":"https:\/\/jahs.eu\/hr\/fafatigue-management-in-persons-with-multiple-sclerosis-occupational-therapy-interventions-for-energy-conservation-in-daily-life-activities\/","title":{"rendered":"Fatigue Management in Persons with Multiple Sclerosis: Occupational Therapy Interventions for Energy Conservation in Daily Life Activities"},"content":{"rendered":"<p><\/p>\n<p style=\"text-align: center;\"><strong>Fatigue Management in Persons with Multiple Sclerosis: Occupational Therapy Interventions for Energy Conservation in Daily Life Activities<\/strong><\/p>\n<p style=\"text-align: justify;\"><a href=\"https:\/\/jahs.eu\/wp-content\/uploads\/2025\/06\/06.pdf\" target=\"_blank\" rel=\"noopener\"><img loading=\"lazy\" decoding=\"async\" class=\"alignnone wp-image-832\" src=\"http:\/\/jahs.eu\/wp-content\/uploads\/2015\/04\/jahs100pdf.png\" alt=\"\" width=\"50\" height=\"50\" \/><\/a><\/p>\n<p style=\"text-align: justify;\">1 Matea Buni\u0107<br \/>\n2 Ivana Klepo<br \/>\n1 Sveu\u010dili\u0161te J\u00f6nk\u00f6ping, \u0160vedska, Occupational therapy MSc<br \/>\n2 Specijalna bolnica za medicinsku rehabilitaciju Krapinske Toplice<\/p>\n<p>&nbsp;<\/p>\n<p style=\"text-align: justify;\">Sa\u017eetak<br \/>\nUmor je jedan od naj\u010de\u0161\u0107ih simptoma kod osoba oboljelih od multiple skleroze (MS) koji znatno utje\u010de na njihovo provo\u0111enje svakodnevnih aktivnosti, participaciju i kvalitetu \u017eivota. To\u010dan uzrok nastanka umora nije sasvim razja\u0161njen, ali se njegova pojava obja\u0161njava kroz primarne i sekundarne mehanizme bolesti. Oboljele osobe \u010desto ga opisuju kao iscrpljuju\u0107i simptom koji ne prolazi \u010dak ni nakon odmora. U tretmanu umora primjenjuju se farmakolo\u0161ke i nefarmakolo\u0161ke metode lije\u010denja, s tim da se nefarmakolo\u0161ke pokazuju u\u010dinkovitijima.<br \/>\nRadni terapeuti imaju va\u017enu ulogu u modifikaciji na\u010dina provo\u0111enja svakodnevnih aktivnosti kod osoba oboljelih od MS-a, posebno u edukaciji o strategijama upravljanja umorom i o\u010duvanja energije. U ovom preglednom radu cilj je prikazati na\u010din na koji umor utje\u010de na svakodnevni \u017eivot oboljelih od MS-a te prezentirati intervencije koje radni terapeuti primjenjuju u svojoj praksi kako bi pomogli oboljelima preuzeti kontrolu nad svakodnevnim aktivnostima primjenom u\u010dinkovitih strategija za upravljanje umorom. Istra\u017eivanja pokazuju da je u radnoterapijskoj praksi naj\u010de\u0161\u0107e kori\u0161ten strukturirani program Upravljanje umorom Packer i suradnika, koji se ujedno pokazao najuspje\u0161nijim. Dakako, tu su i druge vrste intervencija multidisciplinarnog tima koje su se pokazale uspje\u0161nima u tretiranju umora, kao \u0161to su mindfulness, vje\u017ebe i kognitivno-bihevioralna terapija. U svakodnevnoj praksi name\u0107e se potreba za boljim prepoznavanjem umora i njegova tretiranja primjenom kombiniranih metoda lije\u010denja, s obzirom na individualne potrebe osobe s MS-om. Klju\u010dne rije\u010di: multipla skleroza, umor, aktivnosti dnevnog \u017eivota, upravljanje umorom, o\u010duvanje energije, radna terapija<\/p>\n<p style=\"text-align: justify;\"><a href=\"https:\/\/doi.org\/10.24141\/1\/11\/1\/6\">https:\/\/doi.org\/10.24141\/1\/11\/1\/6<\/a><\/p>\n<p><\/p>","protected":false},"excerpt":{"rendered":"<p>Fatigue Management in Persons with Multiple Sclerosis: Occupational Therapy Interventions for Energy Conservation in Daily Life Activities 1 Matea Buni\u0107 2 Ivana Klepo 1 Sveu\u010dili\u0161te J\u00f6nk\u00f6ping, \u0160vedska, Occupational therapy MSc 2 Specijalna bolnica za medicinsku rehabilitaciju Krapinske Toplice &nbsp; Sa\u017eetak Umor je jedan od naj\u010de\u0161\u0107ih simptoma kod osoba oboljelih od multiple skleroze (MS) koji znatno [&hellip;]<\/p>\n","protected":false},"author":1,"featured_media":0,"parent":0,"menu_order":0,"comment_status":"closed","ping_status":"closed","template":"","meta":{"footnotes":""},"class_list":["post-1858","page","type-page","status-publish","hentry"],"_links":{"self":[{"href":"https:\/\/jahs.eu\/hr\/wp-json\/wp\/v2\/pages\/1858","targetHints":{"allow":["GET"]}}],"collection":[{"href":"https:\/\/jahs.eu\/hr\/wp-json\/wp\/v2\/pages"}],"about":[{"href":"https:\/\/jahs.eu\/hr\/wp-json\/wp\/v2\/types\/page"}],"author":[{"embeddable":true,"href":"https:\/\/jahs.eu\/hr\/wp-json\/wp\/v2\/users\/1"}],"replies":[{"embeddable":true,"href":"https:\/\/jahs.eu\/hr\/wp-json\/wp\/v2\/comments?post=1858"}],"version-history":[{"count":5,"href":"https:\/\/jahs.eu\/hr\/wp-json\/wp\/v2\/pages\/1858\/revisions"}],"predecessor-version":[{"id":1881,"href":"https:\/\/jahs.eu\/hr\/wp-json\/wp\/v2\/pages\/1858\/revisions\/1881"}],"wp:attachment":[{"href":"https:\/\/jahs.eu\/hr\/wp-json\/wp\/v2\/media?parent=1858"}],"curies":[{"name":"wp","href":"https:\/\/api.w.org\/{rel}","templated":true}]}}