{"id":1860,"date":"2025-06-13T10:38:24","date_gmt":"2025-06-13T08:38:24","guid":{"rendered":"https:\/\/jahs.eu\/?page_id=1860"},"modified":"2025-06-13T11:55:42","modified_gmt":"2025-06-13T09:55:42","slug":"developmental-coordination-disorder-from-identification-to-effective-intervention","status":"publish","type":"page","link":"https:\/\/jahs.eu\/hr\/developmental-coordination-disorder-from-identification-to-effective-intervention\/","title":{"rendered":"Developmental Coordination Disorder: From Identification to Effective Intervention"},"content":{"rendered":"<p style=\"text-align: center;\"><strong>Developmental Coordination Disorder: From Identification to Effective Intervention<\/strong><\/p>\n<p><a href=\"https:\/\/jahs.eu\/wp-content\/uploads\/2025\/06\/07.pdf\" target=\"_blank\" rel=\"noopener\"><img loading=\"lazy\" decoding=\"async\" class=\"alignnone wp-image-832\" src=\"http:\/\/jahs.eu\/wp-content\/uploads\/2015\/04\/jahs100pdf.png\" alt=\"\" width=\"50\" height=\"50\" \/><\/a><\/p>\n<p>1 Nika \u010cevizovi\u0107<br \/>\n1 Claire Sangster Joki\u0107<br \/>\n1 Zdravstveno veleu\u010dili\u0161te, Zagreb<\/p>\n<p>Sa\u017eetak<br \/>\nRazvoj motori\u010dkih vje\u0161tina klju\u010dan je za svakodnevno funkcioniranje djeteta. Dok se u ve\u0107ini slu\u010dajeva motori\u010dke vje\u0161tine stje\u010du iskustvom i istra\u017eivanjem okoline, neka djeca suo\u010davaju se s brojnim te\u0161ko\u0107ama u stjecanju vje\u0161tina te izvo\u0111enju osnovnih motori\u010dkih aktivnosti poput pisanja, obla\u010denja i sudjelovanja u igri. Razvojni poreme\u0107aj koordinacije (DCD) je\u00a0 eurorazvojni<br \/>\nporeme\u0107aj karakteriziran znatnim o\u0161te\u0107enjem motori\u010dke kontrole i koordinacije te te\u0161ko\u0107ama u u\u010denju i izvedbi raznih motori\u010dkih vje\u0161tina. Bez odgovaraju\u0107e i pravodobne dijagnoze, evaluacije i intervencije, djeca s DCD-om izlo\u017eena su nizu sekundarnih problema poput smanjenog samopouzdanja, slabijega \u0161kolskog uspjeha, socijalne izolacije i smanjene tjelesne aktivnosti. Ovaj rad predstavlja pregled suvremene stru\u010dne i znanstvene literature o razvojnom poreme\u0107aju koordinacije, osnovnim mehanizmima motori\u010dkih pote\u0161ko\u0107a te trenuta\u010dnim smjernicama za ranu identifikaciju, evaluaciju i intervenciju utemeljenu na dokazima. Pritom isti\u010demo potrebu za sustavnim prepoznavanjem DCD-a, pravodobnom dijagnostikom i intervencijom usmjerenom na pobolj\u0161anje motori\u010dkih vje\u0161tina i poticanje sudjelovanja u svakodnevnim aktivnostima te daljnjim istra\u017eivanjima kako bi se unaprijedila klini\u010dka praksa i<br \/>\nosigurali bolji motori\u010dki ishodi, dobrobit i kvaliteta \u017eivota za djecu s ovim poreme\u0107ajem. Klju\u010dni rije\u010di: razvojni poreme\u0107aj koordinacije, identifikacija, aktivnosti svakodnevnog \u017eivota, intervencija<\/p>\n<p><a href=\"https:\/\/doi.org\/10.24141\/1\/11\/1\/7\">https:\/\/doi.org\/10.24141\/1\/11\/1\/7<\/a><\/p>\n","protected":false},"excerpt":{"rendered":"<p>Developmental Coordination Disorder: From Identification to Effective Intervention 1 Nika \u010cevizovi\u0107 1 Claire Sangster Joki\u0107 1 Zdravstveno veleu\u010dili\u0161te, Zagreb Sa\u017eetak Razvoj motori\u010dkih vje\u0161tina klju\u010dan je za svakodnevno funkcioniranje djeteta. Dok se u ve\u0107ini slu\u010dajeva motori\u010dke vje\u0161tine stje\u010du iskustvom i istra\u017eivanjem okoline, neka djeca suo\u010davaju se s brojnim te\u0161ko\u0107ama u stjecanju vje\u0161tina te izvo\u0111enju osnovnih motori\u010dkih [&hellip;]<\/p>\n","protected":false},"author":1,"featured_media":0,"parent":0,"menu_order":0,"comment_status":"closed","ping_status":"closed","template":"","meta":{"footnotes":""},"class_list":["post-1860","page","type-page","status-publish","hentry"],"_links":{"self":[{"href":"https:\/\/jahs.eu\/hr\/wp-json\/wp\/v2\/pages\/1860","targetHints":{"allow":["GET"]}}],"collection":[{"href":"https:\/\/jahs.eu\/hr\/wp-json\/wp\/v2\/pages"}],"about":[{"href":"https:\/\/jahs.eu\/hr\/wp-json\/wp\/v2\/types\/page"}],"author":[{"embeddable":true,"href":"https:\/\/jahs.eu\/hr\/wp-json\/wp\/v2\/users\/1"}],"replies":[{"embeddable":true,"href":"https:\/\/jahs.eu\/hr\/wp-json\/wp\/v2\/comments?post=1860"}],"version-history":[{"count":2,"href":"https:\/\/jahs.eu\/hr\/wp-json\/wp\/v2\/pages\/1860\/revisions"}],"predecessor-version":[{"id":1872,"href":"https:\/\/jahs.eu\/hr\/wp-json\/wp\/v2\/pages\/1860\/revisions\/1872"}],"wp:attachment":[{"href":"https:\/\/jahs.eu\/hr\/wp-json\/wp\/v2\/media?parent=1860"}],"curies":[{"name":"wp","href":"https:\/\/api.w.org\/{rel}","templated":true}]}}