{"id":1899,"date":"2025-12-11T10:40:58","date_gmt":"2025-12-11T09:40:58","guid":{"rendered":"https:\/\/jahs.eu\/?page_id=1899"},"modified":"2025-12-19T09:18:22","modified_gmt":"2025-12-19T08:18:22","slug":"publication-ethics-and-malpractice-statement-pems","status":"publish","type":"page","link":"https:\/\/jahs.eu\/hr\/publication-ethics-and-malpractice-statement-pems\/","title":{"rendered":"Izjava o etici objavljivanja i postupcima zloupotrebe (PEMS)"},"content":{"rendered":"<p>&nbsp;<\/p>\n<p><strong>\u010casopis za primijenjene zdravstvene znanosti<\/strong><\/p>\n<p>\u010casopis za primijenjene zdravstvene znanosti (JAHS) potpuno je posve\u0107en odr\u017eavanju najvi\u0161ih standarda etike objavljivanja, integriteta i odgovornih uredni\u010dkih praksi. Ova izjava slijedi COPE-ove temeljne prakse, ICMJE-ove preporuke, OASPA-ova na\u010dela i okvir Scopusa za etiku objavljivanja i postupke zloupotrebe. Svi autori, urednici, recenzenti i uredni\u010dko osoblje uklju\u010deni u proces objavljivanja moraju se pridr\u017eavati dolje navedenih na\u010dela.<\/p>\n<ol>\n<li><strong> Odgovornosti autora<\/strong><\/li>\n<\/ol>\n<p><strong>1.1 Kriteriji autorstva<\/strong><\/p>\n<p>Da bi se kvalificirao kao autor, svaki suradnik mora ispunjavati <em>sve<\/em> sljede\u0107e kriterije:<\/p>\n<ol>\n<li>Zna\u010dajan doprinos koncepciji, dizajnu, prikupljanju podataka ili analizi studije.<\/li>\n<li>Izrada ili klju\u010dna revizija teksta radi va\u017enog intelektualnog sadr\u017eaja.<\/li>\n<li>Kona\u010dno odobrenje verzije za objavu.<\/li>\n<li>Suglasnost o odgovornosti za sve aspekte rada.<\/li>\n<\/ol>\n<p>Autori koji ne ispunjavaju ove kriterije trebaju biti navedeni u odjeljku <em>Zahvale<\/em>.<\/p>\n<p><strong>Promjene u autorstvu<\/strong><\/p>\n<ul>\n<li>Svaki zahtjev za dodavanje, uklanjanje ili promjenu redoslijeda autora nakon slanja rada mora biti odobren od strane <strong>svih autora<\/strong> i popra\u0107en jasnim obrazlo\u017eenjem.<\/li>\n<li>Glavni urednik mo\u017ee zatra\u017eiti prate\u0107u dokumentaciju.<\/li>\n<\/ul>\n<p><strong>Autorstvo pisca iz sjene ili gostuju\u0107e autorstvo<\/strong><\/p>\n<p>\u010casopis strogo zabranjuje:<\/p>\n<ul>\n<li>gostuju\u0107e autorstvo (dodavanje pojedinaca bez stvarnog doprinosa),<\/li>\n<li>darovano autorstvo,<\/li>\n<li>pisanje iz sjene pojedinaca koji nisu navedeni kao autori, uklju\u010duju\u0107i agencije tre\u0107e strane.<\/li>\n<\/ul>\n<ol start=\"2\">\n<li><strong> Originalnost, plagijat i integritet istra\u017eivanja<\/strong><\/li>\n<\/ol>\n<p><strong>2.1 Originalni rad<\/strong><\/p>\n<p>Radovi koji su poslani \u010casopisu moraju biti:<\/p>\n<ul>\n<li>originalni i neobjavljeni,<\/li>\n<li>ne smiju se drugdje razmatrati,<\/li>\n<li>ne smiju biti plagirani, samoplagirani i suvi\u0161no objavljivani.<\/li>\n<\/ul>\n<p><strong>2.2 Provjera sli\u010dnosti<\/strong><\/p>\n<p>Svi radovi prolaze kroz detekciju sli\u010dnosti (iThenticate\/Turnitin ili ekvivalentan alat).<br \/>\n\u010casopis mo\u017ee odbaciti rukopise koji prelaze pragove sli\u010dnosti ili pokazuju nepravilne prakse citiranja.<\/p>\n<p><strong>2.3 Zloupotreba<\/strong><\/p>\n<p>Sljede\u0107e predstavlja istra\u017eiva\u010dku zloupotrebu i mo\u017ee rezultirati odbijanjem, opozivom rada ili prijavom ustanovama:<\/p>\n<ul>\n<li>plagijat (doslovno kopiranje, parafraziranje bez citiranja)<\/li>\n<li>izmi\u0161ljanje ili krivotvorenje podataka<\/li>\n<li>manipulacija slikama ili podacima<\/li>\n<li>selektivno izvje\u0161\u0107ivanje o podacima<\/li>\n<li>neobjavljeni sukobi interesa<\/li>\n<li>manipulacija recenzijom<\/li>\n<\/ul>\n<ol start=\"3\">\n<li><strong> Sukob interesa i transparentnost<\/strong><\/li>\n<\/ol>\n<p><strong>3.1 Odgovornosti autora<\/strong><\/p>\n<p>Autori moraju objaviti <strong>sve<\/strong> potencijalne sukobe interesa, uklju\u010duju\u0107i:<\/p>\n<ul>\n<li>financijske veze (financiranje, zapo\u0161ljavanje, potpore, savjetovanje)<\/li>\n<li>ustanovu u kojoj autor(i) radi(e)<\/li>\n<li>osobne ili profesionalne odnose koji bi mogli utjecati na interpretaciju<\/li>\n<li>sukobljene akademske ili ideolo\u0161ke stavove<\/li>\n<\/ul>\n<p>Ako ne postoje sukobi interesa, autori moraju navesti: <em>\u201eAutori izjavljuju da ne postoji sukob interesa.\u201d<\/em><\/p>\n<p><strong>3.2 Odgovornosti recenzenata i urednika<\/strong><\/p>\n<p>Recenzenti i urednici tako\u0111er moraju otkriti potencijalne sukobe i izuzeti se od obrade radova u kojima bi moglo do\u0107i do pristranosti.<\/p>\n<ol start=\"4\">\n<li><strong> Etika istra\u017eivanja i ljudski\/\u017eivotinjski ispitanici<\/strong><\/li>\n<\/ol>\n<p>Autori se moraju pridr\u017eavati me\u0111unarodnih eti\u010dkih standarda, uklju\u010duju\u0107i:<\/p>\n<ul>\n<li><strong>Helsin\u0161ke deklaracije<\/strong> (istra\u017eivanje na ljudima)<\/li>\n<li><strong>CIOMS smjernica<\/strong><\/li>\n<li><strong>ARRIVE smjernica<\/strong> (istra\u017eivanje na \u017eivotinjama)<\/li>\n<\/ul>\n<p>Tekst mora sadr\u017eavati:<\/p>\n<ul>\n<li>broj odobrenja eti\u010dkog odbora i ustanovu<\/li>\n<li>izjave o informiranom pristanku (za ljudske ispitanike)<\/li>\n<li>opis protokola o dobrobiti \u017eivotinja (ako je primjenjivo)<\/li>\n<li>za\u0161titu povjerljivosti podataka<\/li>\n<\/ul>\n<p>Studije koje nemaju eti\u010dko odobrenje bit \u0107e odbijene.<\/p>\n<ol start=\"5\">\n<li><strong> Dijeljenje, dostupnost i mogu\u0107nost reproduciranja podataka<\/strong><\/li>\n<\/ol>\n<p>\u010casopis poti\u010de transparentna istra\u017eivanja koja se mogu reproducirati.<\/p>\n<p><strong>Autori moraju:<\/strong><\/p>\n<ul>\n<li>\u010duvati izvorne podatke najmanje <strong>5 godina<\/strong> nakon objave.<\/li>\n<li>dostaviti skupove podataka na zahtjev kada je to eti\u010dki i zakonski dopu\u0161teno.<\/li>\n<li>uvrstiti <em>Izjavu o dostupnosti podataka<\/em> (npr. Repozitorij otvorenog pristupa, dostupno na zahtjev).<\/li>\n<\/ul>\n<p>Primjeri:<\/p>\n<ul>\n<li>\u201ePodaci su dostupni u Zenodo repozitoriju (DOI:\u2026).\u201d<\/li>\n<li>\u201ePodaci su dostupni od odgovaraju\u0107eg autora na zahtjev.\u201d<\/li>\n<\/ul>\n<p>U slu\u010daju nedostavljanja prate\u0107ih podataka mo\u017ee do\u0107i do odbijanja \u010dlanka ili izjave o zabrinutosti.<\/p>\n<ol start=\"6\">\n<li><strong> Pravila recenziranja<\/strong><\/li>\n<\/ol>\n<p>\u010casopis koristi postupak <strong>dvostruko slijepog recenziranja<\/strong>.<\/p>\n<p><strong>6.1 Odgovornosti recenzenata<\/strong><\/p>\n<p>Recenzenti moraju:<\/p>\n<ul>\n<li>pru\u017eiti objektivne, konstruktivne i pravovremene evaluacije<\/li>\n<li>izbjegavati osobne kritike<\/li>\n<li>po\u0161tovati povjerljivost predanih radova<\/li>\n<li>identificirati potencijalne eti\u010dka pitanja (plagijat, dupliciranje, nepouzdani podaci)<\/li>\n<li>objaviti sve sukobe interesa<\/li>\n<\/ul>\n<p><strong>6.2 Odgovornosti urednika<\/strong><\/p>\n<p>Urednici moraju:<\/p>\n<ul>\n<li>donositi odluke isklju\u010divo na temelju znanstvene vrijednosti<\/li>\n<li>osigurati po\u0161tenu i nepristranu recenziju<\/li>\n<li>rje\u0161avati eti\u010dka pitanja recenzenata ili \u010ditatelja<\/li>\n<li>imati ovlasti odbiti rukopise u bilo kojoj fazi zbog eti\u010dkih prekr\u0161aja<\/li>\n<\/ul>\n<ol start=\"7\">\n<li><strong> Rje\u0161avanje problema zloupotrebe, pritu\u017ebi i \u017ealbi<\/strong><\/li>\n<\/ol>\n<p>\u010casopis slijedi <strong>COPE dijagrame toka<\/strong> radi rje\u0161avanja:<\/p>\n<ul>\n<li>navodnog plagiranja<\/li>\n<li>sumnje na izmi\u0161ljanje podataka<\/li>\n<li>neobjavljenih sukoba interesa<\/li>\n<li>dupliciranog objavljivanja<\/li>\n<li>sukoba oko autorskih prava<\/li>\n<\/ul>\n<p><strong>\u017dalbeni postupak<\/strong><\/p>\n<p>Autori, recenzenti ili \u010ditatelji mogu podnijeti pritu\u017ebe glavnom uredniku.<br \/>\nFormalnim se postupkom jam\u010di:<\/p>\n<ul>\n<li>povjerljiva evaluacija<\/li>\n<li>prikupljanje dokaza<\/li>\n<li>mogu\u0107nost autora da dostave odgovor<\/li>\n<li>odluka uredni\u010dkog odbora<\/li>\n<li>obavje\u0161\u0107ivanje ustanova kad je to primjereno<\/li>\n<\/ul>\n<p><strong>\u017dalbe<\/strong><\/p>\n<p>Autori se mogu \u017ealiti na uredni\u010dke odluke dostavljanjem detaljnog obrazlo\u017eenja.<br \/>\n\u017dalbu \u0107e pregledati neovisni urednik.<\/p>\n<ol start=\"8\">\n<li><strong> Ispravci, opozivi i postupci nakon objavljivanja<\/strong><\/li>\n<\/ol>\n<p>\u010casopis se pridr\u017eava COPE smjernica u pogledu pitanja nakon objavljivanja.<\/p>\n<p><strong>8.1 Ispravci<\/strong><\/p>\n<p>Objavljuju se kada manje pogre\u0161ke ne utje\u010du na cjelokupne zaklju\u010dke.<\/p>\n<p><strong>8.2 Opozivi<\/strong><\/p>\n<p>Objavljuju se u slu\u010daju:<\/p>\n<ul>\n<li>nepouzdanih podataka zbog zloupotrebe ili slu\u010dajne pogre\u0161ke<\/li>\n<li>krivotvorenih rezultata<\/li>\n<li>potvr\u0111enog plagijata ili dupliciranog objavljivanja<\/li>\n<li>nedostaju\u0107eg ili la\u017enog eti\u010dka odobrenja<\/li>\n<\/ul>\n<p><strong>8.3 Izjave o zabrinutosti<\/strong><\/p>\n<p>Izdaju se kada postoji sumnja na zloupotrebu, ali istrage su u tijeku.<\/p>\n<ol start=\"9\">\n<li><strong> Intelektualno vlasni\u0161tvo i autorska prava<\/strong><\/li>\n<\/ol>\n<ul>\n<li>Autori zadr\u017eavaju autorska prava na svoj rad.<\/li>\n<li>\u010casopis preporu\u010duje objavljivanje pod <strong>licencom Creative Commons (CC BY)<\/strong> osim ako nije druga\u010dije navedeno.<\/li>\n<li>Informacije o autorskim pravima i licenciranju nalaze se u svakom \u010dlanku.<\/li>\n<\/ul>\n<p>Autori daju \u010casopisu neisklju\u010divu licencu za objavljivanje i distribuciju rada.<\/p>\n<ol start=\"10\">\n<li><strong> Privatnost, povjerljivost i za\u0161tita podataka<\/strong><\/li>\n<\/ol>\n<ul>\n<li>Recenzenti i urednici ne smiju dijeliti ili koristiti neobjavljene materijale za osobnu korist.<\/li>\n<li>Podaci koji identificiraju pacijenta ne smiju se uklju\u010divati bez izri\u010dite privole.<\/li>\n<li>\u010casopis se pridr\u017eava OUZP-a u vezi s obradom osobnih podataka.<\/li>\n<\/ul>\n<ol start=\"11\">\n<li><strong> Dijalog i znanstvena rasprava nakon objavljivanja<\/strong><\/li>\n<\/ol>\n<p>\u010casopis poti\u010de znanstvenu komunikaciju nakon objavljivanja, uklju\u010duju\u0107i:<\/p>\n<ul>\n<li>pisma uredniku<\/li>\n<li>komentare<\/li>\n<li>odgovore autora<\/li>\n<li>ispravke nakon objavljivanja<\/li>\n<\/ul>\n<p>Raspravu smatramo dijelom znanstvenog procesa i pozdravljamo dobro obrazlo\u017eena stajali\u0161ta.<\/p>\n<p>&nbsp;<\/p>","protected":false},"excerpt":{"rendered":"<p>&nbsp; \u010casopis za primijenjene zdravstvene znanosti \u010casopis za primijenjene zdravstvene znanosti (JAHS) potpuno je posve\u0107en odr\u017eavanju najvi\u0161ih standarda etike objavljivanja, integriteta i odgovornih uredni\u010dkih praksi. Ova izjava slijedi COPE-ove temeljne prakse, ICMJE-ove preporuke, OASPA-ova na\u010dela i okvir Scopusa za etiku objavljivanja i postupke zloupotrebe. Svi autori, urednici, recenzenti i uredni\u010dko osoblje uklju\u010deni u proces objavljivanja [&hellip;]<\/p>\n","protected":false},"author":1,"featured_media":0,"parent":0,"menu_order":0,"comment_status":"closed","ping_status":"closed","template":"","meta":{"footnotes":""},"class_list":["post-1899","page","type-page","status-publish","hentry"],"_links":{"self":[{"href":"https:\/\/jahs.eu\/hr\/wp-json\/wp\/v2\/pages\/1899","targetHints":{"allow":["GET"]}}],"collection":[{"href":"https:\/\/jahs.eu\/hr\/wp-json\/wp\/v2\/pages"}],"about":[{"href":"https:\/\/jahs.eu\/hr\/wp-json\/wp\/v2\/types\/page"}],"author":[{"embeddable":true,"href":"https:\/\/jahs.eu\/hr\/wp-json\/wp\/v2\/users\/1"}],"replies":[{"embeddable":true,"href":"https:\/\/jahs.eu\/hr\/wp-json\/wp\/v2\/comments?post=1899"}],"version-history":[{"count":2,"href":"https:\/\/jahs.eu\/hr\/wp-json\/wp\/v2\/pages\/1899\/revisions"}],"predecessor-version":[{"id":1956,"href":"https:\/\/jahs.eu\/hr\/wp-json\/wp\/v2\/pages\/1899\/revisions\/1956"}],"wp:attachment":[{"href":"https:\/\/jahs.eu\/hr\/wp-json\/wp\/v2\/media?parent=1899"}],"curies":[{"name":"wp","href":"https:\/\/api.w.org\/{rel}","templated":true}]}}