{"id":1917,"date":"2025-12-11T10:49:59","date_gmt":"2025-12-11T09:49:59","guid":{"rendered":"https:\/\/jahs.eu\/?page_id=1917"},"modified":"2025-12-19T09:12:29","modified_gmt":"2025-12-19T08:12:29","slug":"licensing-copyright-policy","status":"publish","type":"page","link":"https:\/\/jahs.eu\/hr\/licensing-copyright-policy\/","title":{"rendered":"Pravila licenciranja i autorskih prava"},"content":{"rendered":"<p>&nbsp;<\/p>\n<p><strong>\u010casopis za primijenjene zdravstvene znanosti <\/strong><\/p>\n<p>\u010casopis za primijenjene zdravstvene znanosti (JAHS) \u010dasopis je otvorenog pristupa posve\u0107en transparentnom, pristupa\u010dnom i eti\u010dkom \u0161irenju znanstvenih spoznaja. Svi \u010dlanci objavljeni u \u010casopisu dostupni su na internetu bez naknade i mogu se koristiti pod uvjetima <strong>licence Creative Commons<\/strong>.<\/p>\n<p>\u010casopis za primijenjene zdravstvene znanosti trenuta\u010dno koristi licencu: <strong>Creative Commons Attribution 4.0 International (CC BY 4.0) <\/strong><a href=\"https:\/\/creativecommons.org\/licenses\/by\/4.0\/\"><strong>https:\/\/creativecommons.org\/licenses\/by\/4.0\/<\/strong><\/a><\/p>\n<p>U skladu s ovom licencom:<\/p>\n<ul>\n<li><strong>Svatko smije<\/strong> \u010ditati, preuzimati, kopirati, distribuirati, ispisivati, ponovno koristiti ili prilago\u0111avati \u010dlanak u bilo koju zakonitu svrhu.<\/li>\n<li>Korisnici moraju <strong>navesti<\/strong> izvorne autore i \u010casopis za primijenjene zdravstvene znanosti.<\/li>\n<li>Korisnici moraju navesti poveznicu na licencu.<\/li>\n<li>Korisnici moraju nazna\u010diti jesu li uvedene izmjene.<\/li>\n<li><strong>Nema ograni\u010denja za komercijalnu ponovnu upotrebu<\/strong> sve dok se zadr\u017eava atribucija.<\/li>\n<\/ul>\n<ol>\n<li><strong> Vlasni\u0161tvo nad autorskim pravima<\/strong><\/li>\n<\/ol>\n<ul>\n<li>Autori zadr\u017eavaju <strong>puna autorska prava<\/strong> na svoje \u010dlanke.<\/li>\n<li>Autori daju \u010casopisu <strong>neisklju\u010divu licencu za objavljivanje<\/strong> rada.<\/li>\n<li>Autori mogu bez naknade ponovno koristiti, distribuirati i ponovno objavljivati svoj rad, pod uvjetom da je \u010casopis naveden kao izvorni izdava\u010d.<\/li>\n<\/ul>\n<p><strong>Nema ograni\u010denja<\/strong> u pogledu ponovne upotrebe od strane autora.<\/p>\n<ol start=\"2\">\n<li><strong> Pravilo samoarhiviranja (Zeleni otvoreni pristup)<\/strong><\/li>\n<\/ol>\n<p>\u010casopis dopu\u0161ta trenuta\u010dno pohranjivanje:<\/p>\n<ul>\n<li><strong>preprintova<\/strong><\/li>\n<li><strong>prihva\u0107enih radova (AAM)<\/strong><\/li>\n<li><strong>objavljenih verzija (verzija zapisa)<\/strong><\/li>\n<\/ul>\n<p>Autori mogu pohraniti \u010dlanke u:<\/p>\n<ul>\n<li>institucionalne repozitorije<\/li>\n<li>nacionalne repozitorije<\/li>\n<li>disciplinarne repozitorije<\/li>\n<li>osobne mre\u017ene stranice<\/li>\n<li>istra\u017eiva\u010dke mre\u017ee (ResearchGate, Academia.edu)<\/li>\n<li>platforme dru\u0161tvenih medija<\/li>\n<\/ul>\n<p>Ne primjenjuje se embargo.<\/p>\n<ol start=\"3\">\n<li><strong> Naknade za obradu \u010dlanka<\/strong><\/li>\n<\/ol>\n<p>\u010casopis <strong>ne<\/strong> napla\u0107uje:<\/p>\n<ul>\n<li>naknade za predaju rada<\/li>\n<li>naknade za obradu \u010dlanka<\/li>\n<li>naknade za broj stranica<\/li>\n<li>naknade za slike u boji<\/li>\n<li>naknade za objavljivanje ili pristup<\/li>\n<\/ul>\n<p>Objavljivanje u \u010casopisu <strong>besplatno <\/strong>je za sve autore, bez obzira na zemlju, pripadnost ili status financiranja.<\/p>\n<ol start=\"4\">\n<li><strong> Materijal tre\u0107e strane<\/strong><\/li>\n<\/ol>\n<p>Autori zadr\u017eavaju odgovornost za:<\/p>\n<ul>\n<li>osiguravanje dozvola za slike, tablice ili slike za\u0161ti\u0107ene autorskim pravima<\/li>\n<li>osiguravanje da je sav ponovno upotrijebljeni materijal u skladu sa zakonom o autorskim pravima<\/li>\n<li>izjavu o sadr\u017eaju pod otvorenom licencom<\/li>\n<\/ul>\n<p>\u010casopis ne\u0107e objavljivati materijale za\u0161ti\u0107ene autorskim pravima bez odgovaraju\u0107ih dozvola.<\/p>\n<ol start=\"5\">\n<li><strong> Informacije o licenciranju u objavljenim \u010dlancima<\/strong><\/li>\n<\/ol>\n<p>Svaki \u010dlanak koji \u010casopis objavi uklju\u010divat \u0107e:<\/p>\n<ol>\n<li>Izjavu o autorskim pravima:<\/li>\n<\/ol>\n<p>\u00a9 Autor(i) 2025. Ovaj \u010dlanak objavljen je pod uvjetima me\u0111unarodne licence Creative Commons Attribution 4.0 (CC BY 4.0).<\/p>\n<ol>\n<li>Oznaku licence ili tekstualnu oznaku<\/li>\n<li>Izravnu poveznicu na licencu CC BY 4.0<\/li>\n<li>DOI i bibliografske metapodatke<\/li>\n<li>Objave o financiranju i sukobu interesa<\/li>\n<\/ol>\n<p>Svi metapodaci strojno su \u010ditljivi za automatsko indeksiranje od strane Scopusa, DOAJ-a, Google Scholara i repozitorija.<\/p>\n<ol start=\"6\">\n<li><strong> Odgovornosti izdava\u010da<\/strong><\/li>\n<\/ol>\n<p>\u010casopis jam\u010di sljede\u0107e:<\/p>\n<ul>\n<li>Trajni online pristup svim objavljenim \u010dlancima<\/li>\n<li>Dugoro\u010dno arhiviranje putem mre\u017ea za o\u010duvanje Hr\u010dak i LOCKSS\/PKP<\/li>\n<li>Transparentnost i integritet metapodataka<\/li>\n<li>Jasnu i dosljednu primjenu CC BY licenciranja<\/li>\n<li>Po\u0161tovanje mandata ulaga\u010da (Horizon Europe, NIH, Wellcome Trust itd.)<\/li>\n<\/ul>\n<ol start=\"7\">\n<li><strong> Izmjene pravila licenciranja<\/strong><\/li>\n<\/ol>\n<p>Sve budu\u0107e izmjene ovih pravila:<\/p>\n<ul>\n<li>bit \u0107e jasno objavljene<\/li>\n<li>primjenjivat \u0107e se samo na budu\u0107e \u010dlanke<\/li>\n<li>Ne\u0107e utjecati na prava prethodno objavljenih autora<\/li>\n<\/ul>\n<p>&nbsp;<\/p>","protected":false},"excerpt":{"rendered":"<p>&nbsp; \u010casopis za primijenjene zdravstvene znanosti \u010casopis za primijenjene zdravstvene znanosti (JAHS) \u010dasopis je otvorenog pristupa posve\u0107en transparentnom, pristupa\u010dnom i eti\u010dkom \u0161irenju znanstvenih spoznaja. Svi \u010dlanci objavljeni u \u010casopisu dostupni su na internetu bez naknade i mogu se koristiti pod uvjetima licence Creative Commons. \u010casopis za primijenjene zdravstvene znanosti trenuta\u010dno koristi licencu: Creative Commons Attribution [&hellip;]<\/p>\n","protected":false},"author":1,"featured_media":0,"parent":0,"menu_order":0,"comment_status":"closed","ping_status":"closed","template":"","meta":{"footnotes":""},"class_list":["post-1917","page","type-page","status-publish","hentry"],"_links":{"self":[{"href":"https:\/\/jahs.eu\/hr\/wp-json\/wp\/v2\/pages\/1917","targetHints":{"allow":["GET"]}}],"collection":[{"href":"https:\/\/jahs.eu\/hr\/wp-json\/wp\/v2\/pages"}],"about":[{"href":"https:\/\/jahs.eu\/hr\/wp-json\/wp\/v2\/types\/page"}],"author":[{"embeddable":true,"href":"https:\/\/jahs.eu\/hr\/wp-json\/wp\/v2\/users\/1"}],"replies":[{"embeddable":true,"href":"https:\/\/jahs.eu\/hr\/wp-json\/wp\/v2\/comments?post=1917"}],"version-history":[{"count":2,"href":"https:\/\/jahs.eu\/hr\/wp-json\/wp\/v2\/pages\/1917\/revisions"}],"predecessor-version":[{"id":1953,"href":"https:\/\/jahs.eu\/hr\/wp-json\/wp\/v2\/pages\/1917\/revisions\/1953"}],"wp:attachment":[{"href":"https:\/\/jahs.eu\/hr\/wp-json\/wp\/v2\/media?parent=1917"}],"curies":[{"name":"wp","href":"https:\/\/api.w.org\/{rel}","templated":true}]}}