{"id":1961,"date":"2026-01-19T10:45:16","date_gmt":"2026-01-19T09:45:16","guid":{"rendered":"https:\/\/jahs.eu\/?page_id=1961"},"modified":"2026-01-20T10:40:20","modified_gmt":"2026-01-20T09:40:20","slug":"funkcionalna-procjena-dinamicke-posture-putem-videoanalize-studija-pouzdanosti-izmedu-tri-ispitivaca","status":"publish","type":"page","link":"https:\/\/jahs.eu\/hr\/funkcionalna-procjena-dinamicke-posture-putem-videoanalize-studija-pouzdanosti-izmedu-tri-ispitivaca\/","title":{"rendered":"(English) Funkcionalna procjena dinami\u010dke posture putem videoanalize: studija pouzdanosti izme\u0111u tri ispitiva\u010da"},"content":{"rendered":"<p style=\"text-align: justify;\">Funkcionalna procjena dinami\u010dke posture putem videoanalize: studija pouzdanosti izme\u0111u tri ispitiva\u010da<\/p>\n<p><a href=\"https:\/\/jahs.eu\/wp-content\/uploads\/2026\/01\/01-1.pdf\" target=\"_blank\" rel=\"noopener\"><img loading=\"lazy\" decoding=\"async\" class=\"alignnone wp-image-832\" src=\"https:\/\/jahs.eu\/wp-content\/uploads\/2015\/04\/jahs100pdf.png\" alt=\"\" width=\"50\" height=\"50\" \/><\/a><br \/>\n1 Duje Pedi\u0107<br \/>\n1 Filip Bol\u010devi\u0107<br \/>\n1 Nika \u017dupa<br \/>\n1 Ivan Jurak<br \/>\n1 Dalibor Kiseljak<\/p>\n<p>1 Zdravstveno veleu\u010dili\u0161te Zagreb<\/p>\n<p style=\"text-align: justify;\">Sa\u017eetak<br \/>\nFunkcionalna procjena kretanja (FMS) razvijena je kako bi pomogla u detektiranju pojedinaca s pove\u0107anim rizikom od ozljeda i\/ili disfunkcionalnih performansi uslijed ograni\u010davanja obrazaca kretanja. FMS obuhva\u0107a sedam testova od kojih se svaki ocjenjuje na skali od 0 do 3 boda, s kompozitnim maksimumom 21. Optimalna dinami\u010dka postura i segmentalna mobilnost bitne su komponente svih sedam testova.<br \/>\nCilj istra\u017eivanja bio je ispitati postoje li zna\u010dajne razlike u procjeni FMS izme\u0111u iskusnog ispitiva\u010da i dvoje ispitiva\u010da po\u010detnika.<br \/>\nU istra\u017eivanju je sudjelovalo 65 ispitanika (34 studentice i 31 student), dobnog raspona od 19 do 32 godine s prosjekom 22 godine. Ocjenjivanje je provedeno opservacijskom analizom videa FMS izvedbi snimljenih s pomo\u0107u dvije kamere koje su bile postavljene frontalno i lateralno. Za procjenu pouzdanosti me\u0111u ispitiva\u010dima kori\u0161tene su ICC (engl. Intraclass Correlation Coefficient) analize.<br \/>\nMedijan ocjena kod dvoje ispitiva\u010da po\u010detnika u obje skupine prema spolu iznosi 16. Kod iskusnijeg ispitiva\u010da medijan ocjena u mu\u0161karaca je 16, a u \u017eena 15. F-test za ICC pokazao je\u00a0 \u00a0 \u00a0 F-vrijednost od 9,55 s df1 63,0 i df2 50,6 te p-vrijednost manju od 0,001, \u0161to ukazuje na statisti\u010dki zna\u010dajan sporazum me\u0111u ocjenjiva\u010dima. 95-postotni interval pouzdanosti (95 % CI) za ICC iznosio je od 0,793 do 0,927, a interval pouzdanosti za slaganje bio je od 0,589 do 0,792.<br \/>\nNavedene vrijednosti ukazuju na visoku razinu dosljednosti i slaganja me\u0111u ocjenjiva\u010dima, \u0161to je u skladu s dosada\u0161njim istra\u017eivanjima koja iskazuju umjerenu do visoku razinu dosljednosti i slaganja me\u0111u ispitiva\u010dima te je tako potvr\u0111ena pouzdanost procjene FMS, neovisno o razini iskustva ispitiva\u010da.<\/p>\n<p style=\"text-align: justify;\">Klju\u010dne rije\u010di: biomehanika, stabilnost, mobilnost, FMS, prevencija<\/p>\n<p><a href=\"https:\/\/doi.org\/10.24141\/1\/11\/2\/1\">https:\/\/doi.org\/10.24141\/1\/11\/2\/1<\/a><\/p>\n","protected":false},"excerpt":{"rendered":"<p>Funkcionalna procjena dinami\u010dke posture putem videoanalize: studija pouzdanosti izme\u0111u tri ispitiva\u010da 1 Duje Pedi\u0107 1 Filip Bol\u010devi\u0107 1 Nika \u017dupa 1 Ivan Jurak 1 Dalibor Kiseljak 1 Zdravstveno veleu\u010dili\u0161te Zagreb Sa\u017eetak Funkcionalna procjena kretanja (FMS) razvijena je kako bi pomogla u detektiranju pojedinaca s pove\u0107anim rizikom od ozljeda i\/ili disfunkcionalnih performansi uslijed ograni\u010davanja obrazaca kretanja. [&hellip;]<\/p>\n","protected":false},"author":1,"featured_media":0,"parent":0,"menu_order":0,"comment_status":"closed","ping_status":"closed","template":"","meta":{"footnotes":""},"class_list":["post-1961","page","type-page","status-publish","hentry"],"_links":{"self":[{"href":"https:\/\/jahs.eu\/hr\/wp-json\/wp\/v2\/pages\/1961","targetHints":{"allow":["GET"]}}],"collection":[{"href":"https:\/\/jahs.eu\/hr\/wp-json\/wp\/v2\/pages"}],"about":[{"href":"https:\/\/jahs.eu\/hr\/wp-json\/wp\/v2\/types\/page"}],"author":[{"embeddable":true,"href":"https:\/\/jahs.eu\/hr\/wp-json\/wp\/v2\/users\/1"}],"replies":[{"embeddable":true,"href":"https:\/\/jahs.eu\/hr\/wp-json\/wp\/v2\/comments?post=1961"}],"version-history":[{"count":6,"href":"https:\/\/jahs.eu\/hr\/wp-json\/wp\/v2\/pages\/1961\/revisions"}],"predecessor-version":[{"id":2036,"href":"https:\/\/jahs.eu\/hr\/wp-json\/wp\/v2\/pages\/1961\/revisions\/2036"}],"wp:attachment":[{"href":"https:\/\/jahs.eu\/hr\/wp-json\/wp\/v2\/media?parent=1961"}],"curies":[{"name":"wp","href":"https:\/\/api.w.org\/{rel}","templated":true}]}}