{"id":1972,"date":"2026-01-19T10:52:25","date_gmt":"2026-01-19T09:52:25","guid":{"rendered":"https:\/\/jahs.eu\/?page_id=1972"},"modified":"2026-01-20T10:43:19","modified_gmt":"2026-01-20T09:43:19","slug":"plucna-rehabilitacija-u-prevenciji-egzacerbacija-i-hospitalizacija-kod-kronicne-opstruktivne-plucne-bolesti","status":"publish","type":"page","link":"https:\/\/jahs.eu\/hr\/plucna-rehabilitacija-u-prevenciji-egzacerbacija-i-hospitalizacija-kod-kronicne-opstruktivne-plucne-bolesti\/","title":{"rendered":"(English) Plu\u0107na rehabilitacija u prevenciji egzacerbacija i hospitalizacija kod kroni\u010dne opstruktivne plu\u0107ne bolesti"},"content":{"rendered":"<p>Plu\u0107na rehabilitacija u prevenciji egzacerbacija i hospitalizacija kod kroni\u010dne opstruktivne plu\u0107ne bolesti<\/p>\n<p><a href=\"https:\/\/jahs.eu\/wp-content\/uploads\/2026\/01\/06.pdf\" target=\"_blank\" rel=\"noopener\"><img loading=\"lazy\" decoding=\"async\" class=\"alignnone wp-image-832\" src=\"https:\/\/jahs.eu\/wp-content\/uploads\/2015\/04\/jahs100pdf.png\" alt=\"\" width=\"50\" height=\"50\" \/><\/a><br \/>\n1 Hrvoje Krstanovi\u0107<br \/>\n1 Nikolina Perak<br \/>\n1 Martina \u0106ubi\u0107<br \/>\n1 Ru\u017eica Zelenika<\/p>\n<p>1 Klini\u010dki bolni\u010dki centar Zagreb<\/p>\n<p style=\"text-align: justify;\">Sa\u017eetak<br \/>\nKroni\u010dna opstruktivna plu\u0107na bolest (KOPB) predstavlja velik javnozdravstveni problem s visokom stopom pobola i smrtnosti te velikim ekonomskim optere\u0107enjem zdravstvenog sustava. Akutna pogor\u0161anja KOPBa (AEKOPB) naj\u010de\u0161\u0107i su uzrok hospitalizacija, a pridonose smanjenju funkcionalnog kapaciteta, pove\u0107anoj smrtnosti i lo\u0161ijoj kvaliteti \u017eivota bolesnika. Prevencija AEKOPB-a i smanjenje hospitalizacija klju\u010dno je za o\u010duvanje zdravstvenog statusa i optimizaciju resursa. Plu\u0107na rehabilitacija (PR) dokazano je u\u010dinkovita nefarmakolo\u0161ka intervencija koja uklju\u010duje individualizirane programe vje\u017ebanja, respiratornu fizioterapiju, edukaciju i psihosocijalnu podr\u0161ku u okviru multidisciplinarnog tima. Dokazi iz sustavnih pregleda,\u00a0 etaanaliza i kohortnih studija pokazuju da rana primjena PR-a nakon otpusta iz bolnice smanjuje rizik od ponovnih hospitalizacija, pobolj\u0161ava funkcionalni kapacitet i kvalitetu \u017eivota, dok u\u010dinak na smrtnost pokazuje trend smanjenja, iako s heterogenim rezultatima. Dugotrajno sudjelovanje u programima PR-a u stabilnoj fazi bolesti dodatno smanjuje u\u010destalost hospitalizacija i pobolj\u0161ava ukupno zdravstveno stanje bolesnika. Ponovljeni programi PR-a tako\u0111er dovode do pobolj\u0161anja kvalitete \u017eivota i funkcionalnih sposobnosti, uz smanjenje rizika od ponovnih AEKOPB-a i hospitalizacija. Unato\u010d sna\u017enim dokazima, heterogenost studija i razli\u010dite organizacije programa zahtijevaju daljnja istra\u017eivanja radi definiranja optimalnog protokola, intenziteta i trajanja rehabilitacije, posebno u kontekstu ranog uklju\u010divanja bolesnika nakon AEKOPB-a. Budu\u0107e smjernice trebale bi razmotriti provedbu PR-a tijekom hospitalizacije i osigurati sustavnu edukaciju bolesnika kako bi programi bili dostupni \u0161iroj populaciji. PR se potvr\u0111uje kao sigurna i u\u010dinkovita intervencija koja znatno pobolj\u0161ava<br \/>\ntijek bolesti i kvalitetu \u017eivota bolesnika s KOPB-om.<\/p>\n<p>Klju\u010dne rije\u010di: akutna egzacerbacija, kroni\u010dna opstruktivna<br \/>\nplu\u0107na bolest, plu\u0107na rehabilitacija<\/p>\n<p><a href=\"https:\/\/doi.org\/10.24141\/1\/11\/2\/6\">https:\/\/doi.org\/10.24141\/1\/11\/2\/6<\/a><\/p>\n","protected":false},"excerpt":{"rendered":"<p>Plu\u0107na rehabilitacija u prevenciji egzacerbacija i hospitalizacija kod kroni\u010dne opstruktivne plu\u0107ne bolesti 1 Hrvoje Krstanovi\u0107 1 Nikolina Perak 1 Martina \u0106ubi\u0107 1 Ru\u017eica Zelenika 1 Klini\u010dki bolni\u010dki centar Zagreb Sa\u017eetak Kroni\u010dna opstruktivna plu\u0107na bolest (KOPB) predstavlja velik javnozdravstveni problem s visokom stopom pobola i smrtnosti te velikim ekonomskim optere\u0107enjem zdravstvenog sustava. Akutna pogor\u0161anja KOPBa (AEKOPB) [&hellip;]<\/p>\n","protected":false},"author":1,"featured_media":0,"parent":0,"menu_order":0,"comment_status":"closed","ping_status":"closed","template":"","meta":{"footnotes":""},"class_list":["post-1972","page","type-page","status-publish","hentry"],"_links":{"self":[{"href":"https:\/\/jahs.eu\/hr\/wp-json\/wp\/v2\/pages\/1972","targetHints":{"allow":["GET"]}}],"collection":[{"href":"https:\/\/jahs.eu\/hr\/wp-json\/wp\/v2\/pages"}],"about":[{"href":"https:\/\/jahs.eu\/hr\/wp-json\/wp\/v2\/types\/page"}],"author":[{"embeddable":true,"href":"https:\/\/jahs.eu\/hr\/wp-json\/wp\/v2\/users\/1"}],"replies":[{"embeddable":true,"href":"https:\/\/jahs.eu\/hr\/wp-json\/wp\/v2\/comments?post=1972"}],"version-history":[{"count":5,"href":"https:\/\/jahs.eu\/hr\/wp-json\/wp\/v2\/pages\/1972\/revisions"}],"predecessor-version":[{"id":2041,"href":"https:\/\/jahs.eu\/hr\/wp-json\/wp\/v2\/pages\/1972\/revisions\/2041"}],"wp:attachment":[{"href":"https:\/\/jahs.eu\/hr\/wp-json\/wp\/v2\/media?parent=1972"}],"curies":[{"name":"wp","href":"https:\/\/api.w.org\/{rel}","templated":true}]}}