{"id":1976,"date":"2026-01-19T10:54:52","date_gmt":"2026-01-19T09:54:52","guid":{"rendered":"https:\/\/jahs.eu\/?page_id=1976"},"modified":"2026-01-20T10:44:12","modified_gmt":"2026-01-20T09:44:12","slug":"kvaliteta-zivota-starijih-i-bolesnih-osoba-u-domovima-za-starije-i-nemocne-osobe-u-republici-hrvatskoj","status":"publish","type":"page","link":"https:\/\/jahs.eu\/hr\/kvaliteta-zivota-starijih-i-bolesnih-osoba-u-domovima-za-starije-i-nemocne-osobe-u-republici-hrvatskoj\/","title":{"rendered":"(English) Kvaliteta \u017eivota starijih i bolesnih osoba u domovima za starije i nemo\u0107ne osobe u Republici Hrvatskoj"},"content":{"rendered":"<p>Kvaliteta \u017eivota starijih i bolesnih osoba u domovima za starije i nemo\u0107ne osobe u Republici Hrvatskoj<\/p>\n<p><a href=\"https:\/\/jahs.eu\/wp-content\/uploads\/2026\/01\/08.pdf\" target=\"_blank\" rel=\"noopener\"><img loading=\"lazy\" decoding=\"async\" class=\"alignnone wp-image-832\" src=\"https:\/\/jahs.eu\/wp-content\/uploads\/2015\/04\/jahs100pdf.png\" alt=\"\" width=\"50\" height=\"50\" \/><\/a><br \/>\n1 Slavica Jankovi\u0107<br \/>\n1 Tara Stipanovi\u0107<br \/>\n1 Katarina Kova\u010devi\u0107<\/p>\n<p>1 Veleu\u010dili\u0161te \u201eLavoslav Ru\u017ei\u010dka\u201d u Vukovaru<\/p>\n<p style=\"text-align: justify;\">Sa\u017eetak<br \/>\nKvaliteta \u017eivota starijih i bolesnih osoba smje\u0161tenih u domovima za starije i nemo\u0107ne predstavlja jedno od klju\u010dnih pitanja socijalne skrbi i javnog zdravstva u Republici Hrvatskoj. Ovaj rad istra\u017euje povezanost kvalitete smje\u0161taja, dostupnih sadr\u017eaja i organiziranih aktivnosti s op\u0107im zadovoljstvom i dobrobiti korisnika domova. Analiza obuhva\u0107a fizi\u010dke uvjete smje\u0161taja (veli\u010dina i opremljenost soba, pristupa\u010dnost, sigurnosni standardi), socijalne i rekreativne sadr\u017eaje (dru\u0161tvene prostorije, knji\u017enice, vrtovi, terapeutske radionice) te organizirane aktivnosti<br \/>\n(kulturne manifestacije, sportsko-rekreacijski programi, radionice za o\u010duvanje kognitivnih funkcija).Poseban naglasak stavljen je na ulogu individualiziranog pristupa u planiranju aktivnosti, va\u017enost me\u0111uljudskih odnosa i socijalne podr\u0161ke te suradnju s lokalnom zajednicom.<\/p>\n<p>Klju\u010dne rije\u010di: kvaliteta \u017eivota, starije osobe, domovi za starije<br \/>\ni nemo\u0107ne, smje\u0161taj, socijalna uklju\u010denost<\/p>\n<p><a href=\"https:\/\/doi.org\/10.24141\/1\/11\/2\/8\">https:\/\/doi.org\/10.24141\/1\/11\/2\/8<\/a><\/p>\n","protected":false},"excerpt":{"rendered":"<p>Kvaliteta \u017eivota starijih i bolesnih osoba u domovima za starije i nemo\u0107ne osobe u Republici Hrvatskoj 1 Slavica Jankovi\u0107 1 Tara Stipanovi\u0107 1 Katarina Kova\u010devi\u0107 1 Veleu\u010dili\u0161te \u201eLavoslav Ru\u017ei\u010dka\u201d u Vukovaru Sa\u017eetak Kvaliteta \u017eivota starijih i bolesnih osoba smje\u0161tenih u domovima za starije i nemo\u0107ne predstavlja jedno od klju\u010dnih pitanja socijalne skrbi i javnog zdravstva [&hellip;]<\/p>\n","protected":false},"author":1,"featured_media":0,"parent":0,"menu_order":0,"comment_status":"closed","ping_status":"closed","template":"","meta":{"footnotes":""},"class_list":["post-1976","page","type-page","status-publish","hentry"],"_links":{"self":[{"href":"https:\/\/jahs.eu\/hr\/wp-json\/wp\/v2\/pages\/1976","targetHints":{"allow":["GET"]}}],"collection":[{"href":"https:\/\/jahs.eu\/hr\/wp-json\/wp\/v2\/pages"}],"about":[{"href":"https:\/\/jahs.eu\/hr\/wp-json\/wp\/v2\/types\/page"}],"author":[{"embeddable":true,"href":"https:\/\/jahs.eu\/hr\/wp-json\/wp\/v2\/users\/1"}],"replies":[{"embeddable":true,"href":"https:\/\/jahs.eu\/hr\/wp-json\/wp\/v2\/comments?post=1976"}],"version-history":[{"count":5,"href":"https:\/\/jahs.eu\/hr\/wp-json\/wp\/v2\/pages\/1976\/revisions"}],"predecessor-version":[{"id":2043,"href":"https:\/\/jahs.eu\/hr\/wp-json\/wp\/v2\/pages\/1976\/revisions\/2043"}],"wp:attachment":[{"href":"https:\/\/jahs.eu\/hr\/wp-json\/wp\/v2\/media?parent=1976"}],"curies":[{"name":"wp","href":"https:\/\/api.w.org\/{rel}","templated":true}]}}