{"id":2050,"date":"2026-03-06T11:31:28","date_gmt":"2026-03-06T10:31:28","guid":{"rendered":"https:\/\/jahs.eu\/?page_id=2050"},"modified":"2026-03-06T12:06:16","modified_gmt":"2026-03-06T11:06:16","slug":"volume-12-number-supplement","status":"publish","type":"page","link":"https:\/\/jahs.eu\/hr\/volume-12-number-supplement\/","title":{"rendered":"Volume: 12; Number: Supplement 1; February 2026"},"content":{"rendered":"<h3><strong>Volume: 12; Number: Supplement 1; February 2026<br \/>\n<\/strong><\/h3>\n<p><a href=\"https:\/\/jahs.eu\/wp-content\/uploads\/2026\/03\/JAHS-suplementi-1.pdf\" target=\"_blank\" rel=\"noopener\"><img loading=\"lazy\" decoding=\"async\" class=\"alignnone wp-image-832\" src=\"https:\/\/jahs.eu\/wp-content\/uploads\/2015\/04\/jahs100pdf.png\" alt=\"\" width=\"50\" height=\"50\" \/><\/a><\/p>\n<ul>\n<li style=\"text-align: justify;\"><a href=\"https:\/\/jahs.eu\/wp-content\/uploads\/2026\/03\/JAHS-suplementi-1.pdf\"><strong>USPOREDBA BRZINE SEDIMENTACIJE ERITROCITA AUTOMATIZIRANOM <\/strong><strong>METODOM NA URE\u0110AJIMA CUBE 30 TOUCH I REFERENTNOM <\/strong><strong>WESTERGRENOVOM METODOM<br \/>\n<\/strong><\/a>Ivan\u010dica Bali\u0107<\/li>\n<li style=\"text-align: justify;\"><strong><a href=\"https:\/\/jahs.eu\/wp-content\/uploads\/2026\/03\/JAHS-suplementi-1.pdf\">MINDFULNESS I SUOSJE\u0106ANJE U OBRAZOVANJU RADNIH TERAPEUTA:EVALUACIJA TE\u010cAJA MBLC-YA ZA STUDENTE<\/a><\/strong><br \/>\nAndreja Bartolac<\/li>\n<li style=\"text-align: justify;\"><strong><a href=\"https:\/\/jahs.eu\/wp-content\/uploads\/2026\/03\/JAHS-suplementi-1.pdf\">DRU\u0160TVENE MRE\u017dE KAO IZVOR INFORMACIJA I PODR\u0160KE RODITELJIMA DJECE S NEURORAZVOJNIM TE\u0160KO\u0106AMA<\/a><\/strong><br \/>\nAndreja Bartolac, Lena Dun\u0111erovi\u0107<\/li>\n<li style=\"text-align: justify;\"><strong><a href=\"https:\/\/jahs.eu\/wp-content\/uploads\/2026\/03\/JAHS-suplementi-1.pdf\">DIGITALNE TEHNOLOGIJE U PREVENCIJI BOLESTI KOD STARIJIH OSOBA: IZAZOVI I MOGU\u0106NOSTI<\/a><\/strong><br \/>\nPatricia Bezek<\/li>\n<li style=\"text-align: justify;\"><strong><a href=\"https:\/\/jahs.eu\/wp-content\/uploads\/2026\/03\/JAHS-suplementi-1.pdf\">DIGITALNA POSTURALNA ANALIZA STUDENATA FIZIOTERAPIJE: PREVALENCIJA I SPOLNE RAZLIKE<\/a><\/strong><br \/>\nGabrijela Bistrovi\u0107, Ivana Crnkovi\u0107, Mario Bezjak, Emil Novosad, Nina Bili\u0107, Lukrecija Jaku\u0161<\/li>\n<li style=\"text-align: justify;\"><strong><a href=\"https:\/\/jahs.eu\/wp-content\/uploads\/2026\/03\/JAHS-suplementi-1.pdf\">ULOGA FIZIOTERAPEUTA U PREVENCIJI DISTORZIJE GLE\u017dNJA<\/a><\/strong><br \/>\nGabrijela Bistrovi\u0107, Marinela Jadanec \u0110urin<\/li>\n<li style=\"text-align: justify;\"><strong><a href=\"https:\/\/jahs.eu\/wp-content\/uploads\/2026\/03\/JAHS-suplementi-1.pdf\">ZA\u0160TO JE PSIHOLO\u0160KA OTPORNOST VA\u017dNA ZA MENTALNO ZDRAVLJE?<\/a><\/strong><br \/>\nEdita Bori\u0107, Dorothea Bedekovi\u0107<\/li>\n<li style=\"text-align: justify;\"><strong><a href=\"https:\/\/jahs.eu\/wp-content\/uploads\/2026\/03\/JAHS-suplementi-1.pdf\">SIMULACIJA KAO METODA POU\u010cAVANJA U SESTRINSTVU U PRIMARNOJ ZDRAVSTVENOJ ZA\u0160TITI<\/a><\/strong><br \/>\nIrena BorovnjaK<\/li>\n<li style=\"text-align: justify;\"><strong><a href=\"https:\/\/jahs.eu\/wp-content\/uploads\/2026\/03\/JAHS-suplementi-1.pdf\">ISTRA\u017dIVANJE U\u010cINKOVITOSTI PRIMJENE P\u010cELINJEG OTROVA<\/a><\/strong><br \/>\nJasna Bo\u0161nir, Dario Lai\u0107, Maja Bude\u010d, Lidija Baru\u0161i\u0107<\/li>\n<li style=\"text-align: justify;\"><strong><a href=\"https:\/\/jahs.eu\/wp-content\/uploads\/2026\/03\/JAHS-suplementi-1.pdf\">UROGENITALNA DISFUNKCIJA KOD NEUROLO\u0160KIH BOLESNIKA I MOGU\u0106NOSTI FIZIOTERAPIJE<\/a><\/strong><br \/>\nMarina Brizi\u0107, Marinela Jadanec \u0110urin, Mirjana Telebuh, Gordana Grozdek-\u010cov\u010di\u0107<\/li>\n<li style=\"text-align: justify;\"><strong><a href=\"https:\/\/jahs.eu\/wp-content\/uploads\/2026\/03\/JAHS-suplementi-1.pdf\">UTJECAJ UMJERENOG HODANJA NA ANKSIOZNOST I FUNKCIONALNE SPOSOBNOSTI OSOBE S MENTALNOM BOLE\u0160\u0106U<\/a><\/strong><br \/>\nTea Brle\u010di\u0107<\/li>\n<li style=\"text-align: justify;\"><strong><a href=\"https:\/\/jahs.eu\/wp-content\/uploads\/2026\/03\/JAHS-suplementi-1.pdf\">INTEGRATION OF PREVENTATIVE PHYSIOTHERAPY IN THE WORKPLACE<\/a><\/strong><br \/>\nIvana Crnkovi\u0107, Lena Zatkovi\u0107, Tomislav Vlahovi\u0107<\/li>\n<li style=\"text-align: justify;\"><strong><a href=\"https:\/\/jahs.eu\/wp-content\/uploads\/2026\/03\/JAHS-suplementi-1.pdf\">LOAD MANAGEMENT I SINDROM PRENAPREZANJA KOD MLADIH SPORTA\u0160A<\/a><\/strong><br \/>\nMargareta Culjak<\/li>\n<li style=\"text-align: justify;\"><strong><a href=\"https:\/\/jahs.eu\/wp-content\/uploads\/2026\/03\/JAHS-suplementi-1.pdf\">VA\u017dNOST PREVENTIVNIH PREGLEDA U SVRHU PREVENCIJE I RANOG OTKRIVANJA BOLESTI<\/a><\/strong><br \/>\nTanja \u0106osi\u0107 Marina Muni\u0161evi\u0107<\/li>\n<li style=\"text-align: justify;\"><strong><a href=\"https:\/\/jahs.eu\/wp-content\/uploads\/2026\/03\/JAHS-suplementi-1.pdf\">FUNKCIONALNA HRANA U PREVENCIJI BOLESTI<\/a><\/strong><br \/>\nSandra Domjani\u0107 Drozdek<\/li>\n<li style=\"text-align: justify;\"><strong><a href=\"https:\/\/jahs.eu\/wp-content\/uploads\/2026\/03\/JAHS-suplementi-1.pdf\">REHABILITACIJA BOLESNIKA S UPALNIM REUMATSKIM BOLESTIMA I ULOGA MULTIDISCIPLINARNOG TIMA<\/a><\/strong><br \/>\nPatrick Ebeling, Carla \u0106ori\u0107, Martin Offenb\u00e4cher, Florian Lettner, Aleksandra Gvozdenovi\u0107-Opa\u010di\u0107, Renata \u010cop<\/li>\n<li style=\"text-align: justify;\"><strong><a href=\"https:\/\/jahs.eu\/wp-content\/uploads\/2026\/03\/JAHS-suplementi-1.pdf\">OD ZNANJA DO ZDRAVLJA: ULOGA PROFESIONALNOG RAZVOJA U AKUTNOJ POSLIJEOPERACIJSKOJ SKRBI \u2013 NARATIVNI PREGLED<\/a><\/strong><br \/>\nDijana Filipovi\u0107, Aleksandra Kraljevi\u0107<\/li>\n<li style=\"text-align: justify;\"><strong><a href=\"https:\/\/jahs.eu\/wp-content\/uploads\/2026\/03\/JAHS-suplementi-1.pdf\">POLINEUROPATIJA \u2013 FIZIOTERAPIJOM DO POBOLJ\u0160ANJE FUNKCIJE I KVALITETE \u017dIVOTA\u017d<\/a><\/strong><br \/>\nGordana Grozdek \u010cov\u010di\u0107, Judita Paro, Mihaela Grubi\u0161i\u0107<\/li>\n<li style=\"text-align: justify;\"><strong><a href=\"https:\/\/jahs.eu\/wp-content\/uploads\/2026\/03\/JAHS-suplementi-1.pdf\">ULOGA NOSIVIH SENZORA U FIZIOTERAPIJI I PREVENCIJI KOD DJECE S NEUROLO\u0160KIM POREME\u0106AJIMA<\/a><\/strong><br \/>\nMihaela Grubi\u0161i\u0107<\/li>\n<li style=\"text-align: justify;\"><strong><a href=\"https:\/\/jahs.eu\/wp-content\/uploads\/2026\/03\/JAHS-suplementi-1.pdf\">VA\u017dNOST FIZIOTERAPIJE KAO DIJELA INTERDISCIPLINARNOG SUSTAVA ZA LIJE\u010cENJE OSOBA SA ZVUKOVIMA TEMPOROMANDIBULARNOG ZGLOBA<\/a><\/strong><br \/>\nLejla Had\u017ei\u0107, Amra Ma\u010dak Had\u017eiomerovi\u0107<\/li>\n<li style=\"text-align: justify;\"><strong><a href=\"https:\/\/jahs.eu\/wp-content\/uploads\/2026\/03\/JAHS-suplementi-1.pdf\">NACIONALNI PROGRAM RANOG OTKRIVANJA KARCINOMA DOJKE I OSTALIH SIJELA U KLINICI ZA TUMORE<\/a><\/strong><br \/>\nIvanka Herman<\/li>\n<li style=\"text-align: justify;\"><strong><a href=\"https:\/\/jahs.eu\/wp-content\/uploads\/2026\/03\/JAHS-suplementi-1.pdf\">KVALITATIVNA ANALIZA PERCEPCIJE FIZIOTERAPEUTA O ADEKVATNOJ RAZINI TJELESNE SPREMNOSTI<\/a><\/strong><br \/>\nMarina Horvat Ti\u0161lar, Snje\u017eana Schuster, Lukrecija Jaku\u0161<\/li>\n<li style=\"text-align: justify;\"><strong><a href=\"https:\/\/jahs.eu\/wp-content\/uploads\/2026\/03\/JAHS-suplementi-1.pdf\">DIGITALNA PREVENCIJA KARDIOVASKULARNIH DOGA\u0110AJA \u2013 ULOGA MOBILNIH APLIKACIJA I AI-JA U RANOM OTKRIVANJU KORONARNE BOLESTI<\/a><\/strong><br \/>\nBranka Horvatinec, Dra\u017een Horvatinec<\/li>\n<li style=\"text-align: justify;\"><strong><a href=\"https:\/\/jahs.eu\/wp-content\/uploads\/2026\/03\/JAHS-suplementi-1.pdf\">DIGITALNA PISMENOST ZDRAVSTVENIH RADNIKA \u2013 KLJU\u010c ZA USPJE\u0160NU PREVENCIJU I ISHODE LIJE\u010cENJA<\/a><\/strong><br \/>\nDra\u017een Horvatinec, Damir Cipri\u0107<\/li>\n<li style=\"text-align: justify;\"><strong><a href=\"https:\/\/jahs.eu\/wp-content\/uploads\/2026\/03\/JAHS-suplementi-1.pdf\">PERSONALIZED PHYSIOTHERAPY INTERVENTIONS IN MUSCULAR DYSTROPHIES: THE ROLE OF TECHNOLOGY, FAMILY, AND GLOBAL POSTURAL REEDUCATION (GPR)<\/a><\/strong><br \/>\nEva Illie, Ligia Rusu, Oana Bianca Budeanca- Babolea<\/li>\n<li style=\"text-align: justify;\"><strong><a href=\"https:\/\/jahs.eu\/wp-content\/uploads\/2026\/03\/JAHS-suplementi-1.pdf\">INTEGRACIJA MODELA KLINI\u010cKOG RASU\u0110IVANJA U EDUKACIJU ZDRAVSTVENIH DJELATNIKA ZA PREVENCIJU KRI\u017dOBOLJE<\/a><\/strong><br \/>\nLukrecija Jaku\u0161, Andrea Majhen, Marina Horvat Ti\u0161lar<\/li>\n<li style=\"text-align: justify;\"><strong><a href=\"https:\/\/jahs.eu\/wp-content\/uploads\/2026\/03\/JAHS-suplementi-1.pdf\">KVALITETA \u017dIVOTA STARIJIH I BOLESNIH OSOBA U DOMOVIMA ZA STARIJE I NEMO\u0106NE OSOBE U REPUBLICI HRVATSKOJ<\/a><\/strong><br \/>\nSlavica Jankovi\u0107, Tara Stipanovi\u0107, Katarina Kova\u010devi\u0107<\/li>\n<li style=\"text-align: justify;\"><strong><a href=\"https:\/\/jahs.eu\/wp-content\/uploads\/2026\/03\/JAHS-suplementi-1.pdf\">ISKUSTVO OKUPACIJSKE PARTICIPACIJE KOD DJECE S CEREBRALNOM PARALIZOM IZ PERSPEKTIVE RODITELJA: ULOGA RADNE TERAPIJE U OMOGU\u0106AVANJU SUDJELOVANJA U SVAKODNEVNOM \u017dIVOTU<\/a><\/strong><br \/>\nNina Jurkovi\u0107,Claire Alexandra Sangster Joki\u0107, Jelena Erjavec<\/li>\n<li style=\"text-align: justify;\"><strong><a href=\"https:\/\/jahs.eu\/wp-content\/uploads\/2026\/03\/JAHS-suplementi-1.pdf\">REHABILITACIJSKA PARADIGMA AKRONIMA PEACE&amp;LOVE<\/a><\/strong><br \/>\nDalibor Kiseljak<\/li>\n<li style=\"text-align: justify;\"><strong><a href=\"https:\/\/jahs.eu\/wp-content\/uploads\/2026\/03\/JAHS-suplementi-1.pdf\">RELIGIOZNOST I DUHOVNOST OSOBA STARIJE \u017dIVOTNE DOBI U DOMU ZASTARIJE I NEMO\u0106NE<\/a><\/strong><br \/>\nMarta Kopri\u0107, Mirna Kostovi\u0107 Srzenti\u0107<\/li>\n<li style=\"text-align: justify;\"><strong><a href=\"https:\/\/jahs.eu\/wp-content\/uploads\/2026\/03\/JAHS-suplementi-1.pdf\">ANALIZA KONCENTRACIJE I \u010cISTO\u0106E DNA-A IZ BRISA BUKALNE SLUZNICE NASPRAM SUHE KAPILARNE KRVI<\/a><\/strong><br \/>\nJana Krkalo, Domagoj Caban, Ivna Kocijan, \u00a0Ana Mojsovi\u0107 \u0106ui\u0107<\/li>\n<li style=\"text-align: justify;\"><strong><a href=\"https:\/\/jahs.eu\/wp-content\/uploads\/2026\/03\/JAHS-suplementi-1.pdf\">PLU\u0106NA REHABILITACIJA U PREVENCIJI EGZACERBACIJA I HOSPITALIZACIJA KOD KRONI\u010cNE OPSTRUKTIVNE PLU\u0106NE BOLESTI<\/a><\/strong><br \/>\nHrvoje Krstanovi\u0107, Nikolina Perak, Martina \u0106ubi\u0107, Ru\u017eica Zelenika<\/li>\n<li style=\"text-align: justify;\"><strong><a href=\"https:\/\/jahs.eu\/wp-content\/uploads\/2026\/03\/JAHS-suplementi-1.pdf\">RADNOTERAPIJSKA INTERVENCIJA KOD ODRASLIH OSOBA S ADHD-OM<\/a><\/strong><br \/>\nDanijela Kutija Leskov\u0161ek, Tihana Beinrauch<\/li>\n<li style=\"text-align: justify;\"><strong><a href=\"https:\/\/jahs.eu\/wp-content\/uploads\/2026\/03\/JAHS-suplementi-1.pdf\">PSIHOLO\u0160KI ASPEKTI DEBLJINE: MULTIDISCIPLINARNI PRISTUP LIJE\u010cENJU<\/a><\/strong><br \/>\nDijana Lucijani\u0107, Mirjana Kardum Pei\u0107, Lana Mu\u017eini\u0107 Marini\u0107<\/li>\n<li style=\"text-align: justify;\"><strong><a href=\"https:\/\/jahs.eu\/wp-content\/uploads\/2026\/03\/JAHS-suplementi-1.pdf\">PERCEPCIJA I POSTURA \u2013 TERAPIJSKI PRISTUP KOD OSOBA NAKON MO\u017dDANOG UDARA<\/a><\/strong><br \/>\nMario Mandi\u0107,Mateja Kova\u010di\u0107ek<\/li>\n<li style=\"text-align: justify;\"><strong><a href=\"https:\/\/jahs.eu\/wp-content\/uploads\/2026\/03\/JAHS-suplementi-1.pdf\">TJELESNA AKTIVNOST I KVALITETA \u017dIVOTA OBOLJELIH OD EPILEPSIJE<\/a><\/strong><br \/>\nAndreja Me\u0161njak, Iris Zavoreo, Gordana Grozdek \u010cov\u010di\u0107<\/li>\n<li style=\"text-align: justify;\"><strong><a href=\"https:\/\/jahs.eu\/wp-content\/uploads\/2026\/03\/JAHS-suplementi-1.pdf\">STRUKTURIRANI TRENING UZ NADZOR I MP3D KOD BOLESNIKA OBOLJELIH OD PSIHOTI\u010cNIH POREME\u0106AJA IZ SPEKTRA SHIZOFRENIJE<\/a><\/strong><br \/>\nAna Mili\u0161i\u0107, Mirela \u0106eli\u0107 Ru\u017ei\u0107, Vladimir Gro\u0161i\u0107, Igor Filip\u010di\u0107<\/li>\n<li style=\"text-align: justify;\"><strong><a href=\"https:\/\/jahs.eu\/wp-content\/uploads\/2026\/03\/JAHS-suplementi-1.pdf\">POSTURALNA ANALIZA GLAVE I VRATA KOD MLADIH ODRASLIH:DOPRINOS DIGITALNIH ALATA<\/a><\/strong><br \/>\nEmil Novosad, Mario Bezjak, Nina Bili\u0107, Gabrijela Bistrovi\u0107, Ivan Jurak, Lukrecija Jaku\u0161<\/li>\n<li style=\"text-align: justify;\"><strong><a href=\"https:\/\/jahs.eu\/wp-content\/uploads\/2026\/03\/JAHS-suplementi-1.pdf\">VA\u017dNOST PRAVILNE HIDRACIJE KAO \u010cIMBENIKA PREVENCIJE U O\u010cUVANJU ZDRAVLJA I REHABILITACIJI<\/a><\/strong><br \/>\nKarlo Paveli\u0107, Ivna Kocijan<\/li>\n<li style=\"text-align: justify;\"><strong><a href=\"https:\/\/jahs.eu\/wp-content\/uploads\/2026\/03\/JAHS-suplementi-1.pdf\">FUNKCIONALNA PROCJENA DINAMI\u010cKE POSTURE PUTEM VIDEOANALIZE: STUDIJA POUZDANOSTI IZME\u0110U TRI ISPITIVA\u010cA<\/a><\/strong><br \/>\nDuje Pedi\u0107,Filip Bol\u010devi\u0107, Nika \u017dupa, Ivan Jurak, Dalibor Kiseljak<\/li>\n<li style=\"text-align: justify;\"><strong><a href=\"https:\/\/jahs.eu\/wp-content\/uploads\/2026\/03\/JAHS-suplementi-1.pdf\">POZICIONIRANJE KAO PREVENCIJA KOMPLIKACIJA I STIMULACIJA OPORAVKA NEUROLO\u0160KOG PACIJENTA<\/a><\/strong><br \/>\nStela Pervan, Zdravko Ma\u010dek<\/li>\n<li style=\"text-align: justify;\"><strong><a href=\"https:\/\/jahs.eu\/wp-content\/uploads\/2026\/03\/JAHS-suplementi-1.pdf\">POVEZANOST SEDENTARNOSTI NA RADNOM MJESTU I KVALITETE \u017dIVOTA<\/a><\/strong><br \/>\nOlivera Petrak, Filip Marko Petre\u0161evi\u0107<\/li>\n<li style=\"text-align: justify;\"><strong><a href=\"https:\/\/jahs.eu\/wp-content\/uploads\/2026\/03\/JAHS-suplementi-1.pdf\">VA\u017dNOST ANTROPOMORFNOG FANTOMA DOJKE U MAMOGRAFIJI1<\/a><\/strong><br \/>\nAmna Pezo<\/li>\n<li style=\"text-align: justify;\"><strong><a href=\"https:\/\/jahs.eu\/wp-content\/uploads\/2026\/03\/JAHS-suplementi-1.pdf\">FUNCTIONAL REHABILITATION FOR CANCER PATIENTS THROUGH PHYSICAL THERAPY<\/a><\/strong><br \/>\nDenisa Piele, Rusu Ligia, Oana Bianca Budeanca- Babolea<\/li>\n<li style=\"text-align: justify;\"><strong><a href=\"https:\/\/jahs.eu\/wp-content\/uploads\/2026\/03\/JAHS-suplementi-1.pdf\">USPORI, MISLI NA SEBE I OBAVI TAJ PREGLED<\/a><\/strong><br \/>\nSilvana Pi\u0161kor, Ljiljana Uroi\u0107<\/li>\n<li style=\"text-align: justify;\"><strong><a href=\"https:\/\/jahs.eu\/wp-content\/uploads\/2026\/03\/JAHS-suplementi-1.pdf\">FIZIOTERAPIJSKI PROCES KOD PECTUSA EXCAVATUMA: PRIKAZ SLU\u010cAJA<\/a><\/strong><br \/>\nJelena Posavec, Olivera Petrak, Dalibor Kiseljak<\/li>\n<li style=\"text-align: justify;\"><strong><a href=\"https:\/\/jahs.eu\/wp-content\/uploads\/2026\/03\/JAHS-suplementi-1.pdf\">UNUTARGRUPNI KONFLIKTI I ZADOVOLJSTVO POSLOM KOD FIZIOTERAPEUTA<\/a><\/strong><br \/>\nZrinka Pukljak, Kristina Sve\u0107njak<\/li>\n<li style=\"text-align: justify;\"><strong><a href=\"https:\/\/jahs.eu\/wp-content\/uploads\/2026\/03\/JAHS-suplementi-1.pdf\">L-2-HIDROKSIGLUTARNA ACIDURIJA<\/a><\/strong><br \/>\nAna Ramljak,Ana \u0160kari\u010di\u0107,Iva Biland\u017eija Ku\u0161, Ksenija Fumi\u0107<\/li>\n<li style=\"text-align: justify;\"><strong><a href=\"https:\/\/jahs.eu\/wp-content\/uploads\/2026\/03\/JAHS-suplementi-1.pdf\">KAD CRIJEVA \u0160APU\u0106U MOZGU: ULOGA SCFA-A U ALZHEIMEROVOJ BOLESTI<\/a><\/strong><br \/>\nMatea Rebrina, Mirjana Stupni\u0161ek<\/li>\n<li style=\"text-align: justify;\"><strong><a href=\"https:\/\/jahs.eu\/wp-content\/uploads\/2026\/03\/JAHS-suplementi-1.pdf\">KRETANJEM DO ZDRAVLJA: VA\u017dNOST TJELESNE AKTIVNOSTI U VRTI\u0106KOJ DOBI<\/a><\/strong><br \/>\nBrankica Rimac, Vesna Herceg-\u010cavrak<\/li>\n<li style=\"text-align: justify;\"><strong><a href=\"https:\/\/jahs.eu\/wp-content\/uploads\/2026\/03\/JAHS-suplementi-1.pdf\">PERCEPCIJA SIGURNOSTI VODE IZ SLAVINE U USPOREDBI S FLA\u0160IRANOM VODOM: STAVOVI I PONA\u0160ANJE POTRO\u0160A\u010cA<\/a><\/strong><br \/>\nMelita Rukavina, Mihael To\u0161i\u0107<\/li>\n<li style=\"text-align: justify;\"><strong><a href=\"https:\/\/jahs.eu\/wp-content\/uploads\/2026\/03\/JAHS-suplementi-1.pdf\">UNAPRJE\u0110ENJE PRIMARNE ZDRAVSTVENE ZA\u0160TITE U EUROPI:ISTRA\u017dIVANJE, SURADNJA I INOVACIJE KROZ EUROPSKI FORUM ZA PRIMARNU ZDRAVSTVENU ZA\u0160TITU (EFPC)<\/a><br \/>\n<\/strong> Snje\u017eana Schuster, Diederik Aarendonk, Maria van den Muisenbergh, Lukrecija Jaku\u0161,Marina Horvat Ti\u0161lar<\/li>\n<li style=\"text-align: justify;\"><strong><a href=\"https:\/\/jahs.eu\/wp-content\/uploads\/2026\/03\/JAHS-suplementi-1.pdf\">KAD SPAVANJE POSTANE OKUPACIJA: KLJU\u010c KVALITETE \u017dIVOTA I UKLJU\u010cENOSTI U \u017dIVOTNE ULOGE<\/a><\/strong><br \/>\nMarina \u0160oli\u0107, Andreja Bartolac<\/li>\n<li style=\"text-align: justify;\"><strong><a href=\"https:\/\/jahs.eu\/wp-content\/uploads\/2026\/03\/JAHS-suplementi-1.pdf\">UTJECAJ UNILATERALNOGA EKSCENTRI\u010cNOG OPTERE\u0106ENJA NA POVR\u0160INSKU TEMPERATURU KOLJENA \u2013 PILOT-ISTRA\u017dIVANJE<\/a><\/strong><br \/>\nVjeran \u0160vai\u0107, Ivan Jurak, Miljenko Frani\u0107<\/li>\n<li style=\"text-align: justify;\"><strong><a href=\"https:\/\/jahs.eu\/wp-content\/uploads\/2026\/03\/JAHS-suplementi-1.pdf\">STAVOVI ZDRAVSTVENIH DJELATNIKA PREMA MIGRANTSKIM SKUPINAMA<\/a><\/strong><br \/>\nIva Tak\u0161i\u0107, Iva Kula\u0161<\/li>\n<li style=\"text-align: justify;\"><strong><a href=\"https:\/\/jahs.eu\/wp-content\/uploads\/2026\/03\/JAHS-suplementi-1.pdf\">NACIONALNI PROGRAM ZA RANO OTKRIVANJE RAKA PLU\u0106A \u2013 KBC ZAGREB<\/a><\/strong><br \/>\n\u0110ur\u0111a Vincelj Szabo<\/li>\n<li style=\"text-align: justify;\"><strong><a href=\"https:\/\/jahs.eu\/wp-content\/uploads\/2026\/03\/JAHS-suplementi-1.pdf\">DOSEZI UMJETNE INTELIGENCIJE U RADIOLO\u0160KOJ TEHNOLOGIJI<\/a><\/strong><br \/>\nKlaudija Vi\u0161kovi\u0107<\/li>\n<li><strong><a href=\"https:\/\/jahs.eu\/wp-content\/uploads\/2026\/03\/JAHS-suplementi-1.pdf\">SINERGIJA UPRAVLJANJA SIGURNO\u0160\u0106U HRANE I KULTURE SIGURNOSTI HRANE KAO OSNOVA STRATEGIJE OTPORNOSTI I PREVENCIJE ZDRAVLJA U INSTITUCIONALNOJ PREHRANI<\/a><\/strong><br \/>\nAlen \u017dupan<\/li>\n<\/ul>\n","protected":false},"excerpt":{"rendered":"<p>Volume: 12; Number: Supplement 1; February 2026 USPOREDBA BRZINE SEDIMENTACIJE ERITROCITA AUTOMATIZIRANOM METODOM NA URE\u0110AJIMA CUBE 30 TOUCH I REFERENTNOM WESTERGRENOVOM METODOM Ivan\u010dica Bali\u0107 MINDFULNESS I SUOSJE\u0106ANJE U OBRAZOVANJU RADNIH TERAPEUTA:EVALUACIJA TE\u010cAJA MBLC-YA ZA STUDENTE Andreja Bartolac DRU\u0160TVENE MRE\u017dE KAO IZVOR INFORMACIJA I PODR\u0160KE RODITELJIMA DJECE S NEURORAZVOJNIM TE\u0160KO\u0106AMA Andreja Bartolac, Lena Dun\u0111erovi\u0107 DIGITALNE TEHNOLOGIJE [&hellip;]<\/p>\n","protected":false},"author":1,"featured_media":0,"parent":0,"menu_order":0,"comment_status":"closed","ping_status":"closed","template":"","meta":{"footnotes":""},"class_list":["post-2050","page","type-page","status-publish","hentry"],"_links":{"self":[{"href":"https:\/\/jahs.eu\/hr\/wp-json\/wp\/v2\/pages\/2050","targetHints":{"allow":["GET"]}}],"collection":[{"href":"https:\/\/jahs.eu\/hr\/wp-json\/wp\/v2\/pages"}],"about":[{"href":"https:\/\/jahs.eu\/hr\/wp-json\/wp\/v2\/types\/page"}],"author":[{"embeddable":true,"href":"https:\/\/jahs.eu\/hr\/wp-json\/wp\/v2\/users\/1"}],"replies":[{"embeddable":true,"href":"https:\/\/jahs.eu\/hr\/wp-json\/wp\/v2\/comments?post=2050"}],"version-history":[{"count":5,"href":"https:\/\/jahs.eu\/hr\/wp-json\/wp\/v2\/pages\/2050\/revisions"}],"predecessor-version":[{"id":2062,"href":"https:\/\/jahs.eu\/hr\/wp-json\/wp\/v2\/pages\/2050\/revisions\/2062"}],"wp:attachment":[{"href":"https:\/\/jahs.eu\/hr\/wp-json\/wp\/v2\/media?parent=2050"}],"curies":[{"name":"wp","href":"https:\/\/api.w.org\/{rel}","templated":true}]}}